{"id":11021,"date":"2016-11-24T18:08:55","date_gmt":"2016-11-24T16:08:55","guid":{"rendered":"https:\/\/kikopark.com\/parcelles\/"},"modified":"2024-09-30T15:13:08","modified_gmt":"2024-09-30T13:13:08","slug":"parcelles","status":"publish","type":"page","link":"https:\/\/kikopark.com\/ca\/parcelles\/","title":{"rendered":"Parcel\u00b7les"},"content":{"rendered":"<p>[vc_row content_placement=&#8221;middle&#8221; transparent=&#8221;transparent&#8221; transparent_overlay=&#8221;transparent_film&#8221;][vc_column css_animation=&#8221;none&#8221; transparent=&#8221;transparent&#8221;][vc_column_text el_class=&#8221;reserva_ahora&#8221;]<a href=\"https:\/\/booking.kikopark.com\/search?lang=ca\"><span class=\"reserva_ahora_text\">Reserva ara<\/span><\/a>[\/vc_column_text][\/vc_column][\/vc_row][vc_row equal_height=&#8221;yes&#8221; el_class=&#8221;aventura_icon_container_par&#8221;][vc_column width=&#8221;1\/2&#8243; el_class=&#8221;aventura_img_izq&#8221;][vc_single_image image=&#8221;47034&#8243; img_size=&#8221;full&#8221;][\/vc_column][vc_column width=&#8221;1\/2&#8243;][vc_column_text]<\/p>\n<div class=\"kampexperience_aventura_der\">\n<h3 class=\"aventura_title\">Gran Confort<\/h3>\n<p class=\"aventura_text\">Les nostres parcel\u00b7les, ideals per als amants del c\u00e0mping. Una experi\u00e8ncia premium en un c\u00e0mping \u00e9s possible i fer-lo al costat de la mar Mediterr\u00e0nia \u00e9s un somni fet realitat.<\/p>\n<p><a class=\"btn btn btn-inv aventura_btn\" href=\"https:\/\/kikopark.com\/ca\/room\/gran-confort\/\" target=\"_self\" rel=\"noopener\"><span class=\"aventura_btn_text\">Descobrir<\/span><\/a><\/p>\n<\/div>\n<p>[\/vc_column_text][\/vc_column][\/vc_row][vc_row equal_height=&#8221;yes&#8221; el_class=&#8221;aventura_icon_container_impar aventura_icon_ultimo_container&#8221;][vc_column width=&#8221;1\/2&#8243;][vc_column_text]<\/p>\n<div class=\"kampexperience_aventura_izq\">\n<h3 class=\"aventura_title\">Camper area<\/h3>\n<p class=\"aventura_text\">Mobilitat, flexibilitat i tranquil\u00b7litat. Parcel\u00b7les de grava de grand\u00e0ria mitjana, amb presa d&#8217;electricitat i delimites per tanques que et proporcionen mobilitat les 24h. Un servei complet per a una escapada al parad\u00eds.<\/p>\n<p><a class=\"btn btn btn-inv aventura_btn\" href=\"https:\/\/kikopark.com\/ca\/room\/camper-area\/\" target=\"_self\" rel=\"noopener\"><span class=\"aventura_btn_text\">Descobrir<\/span><\/a><\/p>\n<\/div>\n<p>[\/vc_column_text][\/vc_column][vc_column width=&#8221;1\/2&#8243; el_class=&#8221;aventura_img_der&#8221;][vc_single_image image=&#8221;47038&#8243; img_size=&#8221;full&#8221;][\/vc_column][\/vc_row]<\/p>\n","protected":false},"excerpt":{"rendered":"<p>[vc_row content_placement=&#8221;middle&#8221; transparent=&#8221;transparent&#8221; transparent_overlay=&#8221;transparent_film&#8221;][vc_column css_animation=&#8221;none&#8221; transparent=&#8221;transparent&#8221;][vc_column_text el_class=&#8221;reserva_ahora&#8221;]Reserva ara[\/vc_column_text][\/vc_column][\/vc_row][vc_row equal_height=&#8221;yes&#8221; el_class=&#8221;aventura_icon_container_par&#8221;][vc_column width=&#8221;1\/2&#8243; el_class=&#8221;aventura_img_izq&#8221;][vc_single_image image=&#8221;47034&#8243; img_size=&#8221;full&#8221;][\/vc_column][vc_column width=&#8221;1\/2&#8243;][vc_column_text] Gran Confort Les nostres parcel\u00b7les, ideals per als amants del c\u00e0mping. Una experi\u00e8ncia premium en un c\u00e0mping \u00e9s possible i fer-lo al costat de la mar Mediterr\u00e0nia \u00e9s un somni fet realitat. Descobrir [\/vc_column_text][\/vc_column][\/vc_row][vc_row equal_height=&#8221;yes&#8221; el_class=&#8221;aventura_icon_container_impar aventura_icon_ultimo_container&#8221;][vc_column width=&#8221;1\/2&#8243;][vc_column_text] Camper area [&hellip;]<\/p>\n","protected":false},"author":3,"featured_media":47062,"parent":0,"menu_order":0,"comment_status":"closed","ping_status":"closed","template":"","meta":{"footnotes":""},"yoast_head":"<!-- This site is optimized with the Yoast SEO plugin v22.1 - https:\/\/yoast.com\/wordpress\/plugins\/seo\/ -->\n<title>C\u00e0mping KIKOPARK les teues vacances en el #mediKIKOrraneo.<\/title>\n<meta name=\"description\" content=\"Les parcel\u00b7les Gran Confort de KIKOPARK, estan a la riba del mediKIKOrraneo, el nostre trosset de mar mediterr\u00e0nia i s\u00f3n les preferides pels clients.\" \/>\n<meta name=\"robots\" content=\"index, follow, max-snippet:-1, max-image-preview:large, max-video-preview:-1\" \/>\n<link rel=\"canonical\" href=\"https:\/\/kikopark.com\/ca\/parcelles\/\" \/>\n<meta property=\"og:locale\" content=\"ca_ES\" \/>\n<meta property=\"og:type\" content=\"article\" \/>\n<meta property=\"og:title\" content=\"C\u00e0mping KIKOPARK les teues vacances en el #mediKIKOrraneo.\" \/>\n<meta property=\"og:description\" content=\"Les parcel\u00b7les Gran Confort de KIKOPARK, estan a la riba del mediKIKOrraneo, el nostre trosset de mar mediterr\u00e0nia i s\u00f3n les preferides pels clients.\" \/>\n<meta property=\"og:url\" content=\"https:\/\/kikopark.com\/ca\/parcelles\/\" \/>\n<meta property=\"og:site_name\" content=\"KIKOPARK\" \/>\n<meta property=\"article:modified_time\" content=\"2024-09-30T13:13:08+00:00\" \/>\n<meta property=\"og:image\" content=\"https:\/\/kikopark.com\/wp-content\/uploads\/2024\/09\/CABECERA.jpg\" \/>\n\t<meta property=\"og:image:width\" content=\"2560\" \/>\n\t<meta property=\"og:image:height\" content=\"724\" \/>\n\t<meta property=\"og:image:type\" content=\"image\/jpeg\" \/>\n<meta name=\"twitter:card\" content=\"summary_large_image\" \/>\n<meta name=\"twitter:label1\" content=\"Temps estimat de lectura\" \/>\n\t<meta name=\"twitter:data1\" content=\"1 minut\" \/>\n<script type=\"application\/ld+json\" class=\"yoast-schema-graph\">{\"@context\":\"https:\/\/schema.org\",\"@graph\":[{\"@type\":\"WebPage\",\"@id\":\"https:\/\/kikopark.com\/ca\/parcelles\/\",\"url\":\"https:\/\/kikopark.com\/ca\/parcelles\/\",\"name\":\"C\u00e0mping KIKOPARK les teues vacances en el #mediKIKOrraneo.\",\"isPartOf\":{\"@id\":\"https:\/\/kikopark.com\/ca\/#website\"},\"datePublished\":\"2016-11-24T16:08:55+00:00\",\"dateModified\":\"2024-09-30T13:13:08+00:00\",\"description\":\"Les parcel\u00b7les Gran Confort de KIKOPARK, estan a la riba del mediKIKOrraneo, el nostre trosset de mar mediterr\u00e0nia i s\u00f3n les preferides pels clients.\",\"breadcrumb\":{\"@id\":\"https:\/\/kikopark.com\/ca\/parcelles\/#breadcrumb\"},\"inLanguage\":\"ca\",\"potentialAction\":[{\"@type\":\"ReadAction\",\"target\":[\"https:\/\/kikopark.com\/ca\/parcelles\/\"]}]},{\"@type\":\"BreadcrumbList\",\"@id\":\"https:\/\/kikopark.com\/ca\/parcelles\/#breadcrumb\",\"itemListElement\":[{\"@type\":\"ListItem\",\"position\":1,\"name\":\"Portada\",\"item\":\"https:\/\/kikopark.com\/ca\/\"},{\"@type\":\"ListItem\",\"position\":2,\"name\":\"Parcel\u00b7les\"}]},{\"@type\":\"WebSite\",\"@id\":\"https:\/\/kikopark.com\/ca\/#website\",\"url\":\"https:\/\/kikopark.com\/ca\/\",\"name\":\"KIKOPARK\",\"description\":\"[:es]Website del complejo tur\u00edstico KIKOPARK en la playa de Oliva (Valencia)[:en]Website of the KIKOPARK tourist complex on the beach of Oliva (Valencia)[:de]Website des KIKOPARK Touristenkomplexes am Strand von Oliva (Valencia)[:ca]Website del complexe tur\u00edstic KIKOPARK a la platja d&#039;Oliva (Val\u00e8ncia)[:fr]Site du complexe touristique KIKOPARK sur la plage d&#039;Oliva (Valence)[:]\",\"potentialAction\":[{\"@type\":\"SearchAction\",\"target\":{\"@type\":\"EntryPoint\",\"urlTemplate\":\"https:\/\/kikopark.com\/ca\/?s={search_term_string}\"},\"query-input\":\"required name=search_term_string\"}],\"inLanguage\":\"ca\"}]}<\/script>\n<!-- \/ Yoast SEO plugin. -->","yoast_head_json":{"title":"C\u00e0mping KIKOPARK les teues vacances en el #mediKIKOrraneo.","description":"Les parcel\u00b7les Gran Confort de KIKOPARK, estan a la riba del mediKIKOrraneo, el nostre trosset de mar mediterr\u00e0nia i s\u00f3n les preferides pels clients.","robots":{"index":"index","follow":"follow","max-snippet":"max-snippet:-1","max-image-preview":"max-image-preview:large","max-video-preview":"max-video-preview:-1"},"canonical":"https:\/\/kikopark.com\/ca\/parcelles\/","og_locale":"ca_ES","og_type":"article","og_title":"C\u00e0mping KIKOPARK les teues vacances en el #mediKIKOrraneo.","og_description":"Les parcel\u00b7les Gran Confort de KIKOPARK, estan a la riba del mediKIKOrraneo, el nostre trosset de mar mediterr\u00e0nia i s\u00f3n les preferides pels clients.","og_url":"https:\/\/kikopark.com\/ca\/parcelles\/","og_site_name":"KIKOPARK","article_modified_time":"2024-09-30T13:13:08+00:00","og_image":[{"width":2560,"height":724,"url":"https:\/\/kikopark.com\/wp-content\/uploads\/2024\/09\/CABECERA.jpg","type":"image\/jpeg"}],"twitter_card":"summary_large_image","twitter_misc":{"Temps estimat de lectura":"1 minut"},"schema":{"@context":"https:\/\/schema.org","@graph":[{"@type":"WebPage","@id":"https:\/\/kikopark.com\/ca\/parcelles\/","url":"https:\/\/kikopark.com\/ca\/parcelles\/","name":"C\u00e0mping KIKOPARK les teues vacances en el #mediKIKOrraneo.","isPartOf":{"@id":"https:\/\/kikopark.com\/ca\/#website"},"datePublished":"2016-11-24T16:08:55+00:00","dateModified":"2024-09-30T13:13:08+00:00","description":"Les parcel\u00b7les Gran Confort de KIKOPARK, estan a la riba del mediKIKOrraneo, el nostre trosset de mar mediterr\u00e0nia i s\u00f3n les preferides pels clients.","breadcrumb":{"@id":"https:\/\/kikopark.com\/ca\/parcelles\/#breadcrumb"},"inLanguage":"ca","potentialAction":[{"@type":"ReadAction","target":["https:\/\/kikopark.com\/ca\/parcelles\/"]}]},{"@type":"BreadcrumbList","@id":"https:\/\/kikopark.com\/ca\/parcelles\/#breadcrumb","itemListElement":[{"@type":"ListItem","position":1,"name":"Portada","item":"https:\/\/kikopark.com\/ca\/"},{"@type":"ListItem","position":2,"name":"Parcel\u00b7les"}]},{"@type":"WebSite","@id":"https:\/\/kikopark.com\/ca\/#website","url":"https:\/\/kikopark.com\/ca\/","name":"KIKOPARK","description":"[:es]Website del complejo tur\u00edstico KIKOPARK en la playa de Oliva (Valencia)[:en]Website of the KIKOPARK tourist complex on the beach of Oliva (Valencia)[:de]Website des KIKOPARK Touristenkomplexes am Strand von Oliva (Valencia)[:ca]Website del complexe tur\u00edstic KIKOPARK a la platja d&#039;Oliva (Val\u00e8ncia)[:fr]Site du complexe touristique KIKOPARK sur la plage d&#039;Oliva (Valence)[:]","potentialAction":[{"@type":"SearchAction","target":{"@type":"EntryPoint","urlTemplate":"https:\/\/kikopark.com\/ca\/?s={search_term_string}"},"query-input":"required name=search_term_string"}],"inLanguage":"ca"}]}},"_links":{"self":[{"href":"https:\/\/kikopark.com\/ca\/wp-json\/wp\/v2\/pages\/11021"}],"collection":[{"href":"https:\/\/kikopark.com\/ca\/wp-json\/wp\/v2\/pages"}],"about":[{"href":"https:\/\/kikopark.com\/ca\/wp-json\/wp\/v2\/types\/page"}],"author":[{"embeddable":true,"href":"https:\/\/kikopark.com\/ca\/wp-json\/wp\/v2\/users\/3"}],"replies":[{"embeddable":true,"href":"https:\/\/kikopark.com\/ca\/wp-json\/wp\/v2\/comments?post=11021"}],"version-history":[{"count":21,"href":"https:\/\/kikopark.com\/ca\/wp-json\/wp\/v2\/pages\/11021\/revisions"}],"predecessor-version":[{"id":47824,"href":"https:\/\/kikopark.com\/ca\/wp-json\/wp\/v2\/pages\/11021\/revisions\/47824"}],"wp:featuredmedia":[{"embeddable":true,"href":"https:\/\/kikopark.com\/ca\/wp-json\/wp\/v2\/media\/47062"}],"wp:attachment":[{"href":"https:\/\/kikopark.com\/ca\/wp-json\/wp\/v2\/media?parent=11021"}],"curies":[{"name":"wp","href":"https:\/\/api.w.org\/{rel}","templated":true}]}}