{"id":23587,"date":"2023-02-13T14:08:01","date_gmt":"2023-02-13T12:08:01","guid":{"rendered":"https:\/\/kikopark.com\/entorn\/"},"modified":"2024-09-30T17:27:10","modified_gmt":"2024-09-30T15:27:10","slug":"entorn","status":"publish","type":"page","link":"https:\/\/kikopark.com\/ca\/entorn\/","title":{"rendered":"Entorn"},"content":{"rendered":"<p>[vc_row el_class=&#8221;room_info&#8221;][vc_column width=&#8221;1\/2&#8243;][vc_column_text]<\/p>\n<h2 class=\"kampexperience_title\">Una ubicaci\u00f3 \u00fanica<\/h2>\n<p class=\"kampexperience_text\">Brisa, calma i vistes a la mar Mediterr\u00e0nia es combinen per a oferir-te l&#8217;escenari perfecte on desconnectar i gaudir de temps de qualitat al costat dels teus. Imagina relaxar-te en una hamaca, sentint la suau arena daurada sota els teus peus, mentre sents el so relaxant de les ones i la brisa marina.<\/p>\n<p class=\"kampexperience_text\">La costa d&#8217;Oliva, amb els seus 9 quil\u00f2metres d&#8217;extensi\u00f3, et convida a explorar les seues magn\u00edfiques platges d&#8217;arena fina i daurada, caracteritzades per la seua aigua clara i poc profunda. Les extenses dunes que protegeixen la platja afigen un toc de bellesa natural i creen un ambient immersiu. Enamora&#8217;t de cada rac\u00f3 del nostre entorn, i gaudeix d&#8217;una experi\u00e8ncia \u00fanica.<\/p>\n<p>[\/vc_column_text][\/vc_column][vc_column width=&#8221;1\/2&#8243; el_class=&#8221;kampexperience_img&#8221;][vc_single_image image=&#8221;47304&#8243; img_size=&#8221;full&#8221;][\/vc_column][\/vc_row][vc_row equal_height=&#8221;yes&#8221; el_class=&#8221;aventura_icon_container_par&#8221;][vc_column width=&#8221;1\/2&#8243; el_class=&#8221;kampexperience_img&#8221;][vc_single_image image=&#8221;47308&#8243; img_size=&#8221;full&#8221;][\/vc_column][vc_column width=&#8221;1\/2&#8243;][vc_column_text]<\/p>\n<div class=\"kampexperience_aventura_der\">\n<h2 class=\"aventura_title\">Poble d&#8217;Oliva<\/h2>\n<p class=\"aventura_text\">Oliva \u00e9s una localitat mediterr\u00e0nia que ofereix una rica combinaci\u00f3 de tradicions i modernitat a trav\u00e9s del seu patrimoni, festivitats, mercats i gastronomia.<\/p>\n<p class=\"aventura_text\">Un dels principals atractius d&#8217;Oliva \u00e9s el seu barri antic. La poblaci\u00f3 est\u00e0 assentada en la falda d&#8217;una muntanya, dominada per les imponents ru\u00efnes d&#8217;una fortalesa medieval d&#8217;origen musulm\u00e0, que ofereix unes vistes panor\u00e0miques i una ullada al ric llegat hist\u00f2ric de la regi\u00f3.<\/p>\n<p class=\"aventura_text\">A m\u00e9s, Oliva destaca per les seues festivitats, que formen una part essencial del teixit social i cultural de la ciutat, acolorides desfilades, festivals gastron\u00f2mics i esdeveniments culturals.<\/p>\n<p class=\"aventura_text\">En conjunt, la mescla de patrimoni hist\u00f2ric, festivitats animades i una rica oferta gastron\u00f2mica fa d&#8217;Oliva un dest\u00ed \u00fanic i fascinant, ideal per als qui busquen una experi\u00e8ncia aut\u00e8ntica en la costa mediterr\u00e0nia.<\/p>\n<\/div>\n<p>[\/vc_column_text][\/vc_column][\/vc_row][vc_row equal_height=&#8221;yes&#8221; el_class=&#8221;entorno_icon_container&#8221;][vc_column width=&#8221;1\/2&#8243;][vc_column_text]<\/p>\n<div class=\"kampexperience_aventura_izq\">\n<h2 class=\"aventura_title\">Paratges naturals<\/h2>\n<p class=\"aventura_text\">El s\u00edmbol de la ciutat i de la comarca \u00e9s el Parc Natural de La Marjal Pego-Oliva, un aiguamoll excepcional que alberga un ecosistema \u00fanic. A nom\u00e9s 5 km de Kikopark, aquest parc ofereix una excursi\u00f3 perfecta. La seua diversitat biol\u00f2gica i paisatg\u00edstica ho converteixen en un dest\u00ed ideal per als amants de la naturalesa i els observadors d&#8217;aus.<\/p>\n<p class=\"aventura_text\">Un altre lloc imprescindible \u00e9s La Font Salada, un brollador subterrani d&#8217;aig\u00fces termals situat prop del Parc Natural de La Marjal Pego-Oliva. Amb una temperatura constant d&#8217;al voltant de 23 \u00b0C durant tot l&#8217;any, les seues aig\u00fces s\u00f3n conegudes per les seues propietats beneficioses per a problemes dermatol\u00f2gics i per al benestar general.<\/p>\n<p class=\"aventura_text\">A m\u00e9s, la regi\u00f3 ofereix una varietat de rutes de senderisme que et permetran explorar els bells paisatges dels voltants. No et perdes l&#8217;oportunitat de con\u00e9ixer la vall de Gallinera, Ebo o Alcal\u00e0, aix\u00ed com el majestu\u00f3s Montg\u00f3. Aquestes rutes et regalaran vistes impressionants i una profunda connexi\u00f3 amb l&#8217;entorn de la zona.<\/p>\n<\/div>\n<p>[\/vc_column_text][\/vc_column][vc_column width=&#8221;1\/2&#8243; el_class=&#8221;kampexperience_img&#8221;][vc_single_image image=&#8221;47312&#8243; img_size=&#8221;full&#8221;][\/vc_column][\/vc_row]<\/p>\n","protected":false},"excerpt":{"rendered":"<p>[vc_row el_class=&#8221;room_info&#8221;][vc_column width=&#8221;1\/2&#8243;][vc_column_text] Una ubicaci\u00f3 \u00fanica Brisa, calma i vistes a la mar Mediterr\u00e0nia es combinen per a oferir-te l&#8217;escenari perfecte on desconnectar i gaudir de temps de qualitat al costat dels teus. Imagina relaxar-te en una hamaca, sentint la suau arena daurada sota els teus peus, mentre sents el so relaxant de les ones [&hellip;]<\/p>\n","protected":false},"author":8,"featured_media":47316,"parent":0,"menu_order":0,"comment_status":"closed","ping_status":"closed","template":"","meta":{"footnotes":""},"yoast_head":"<!-- This site is optimized with the Yoast SEO plugin v22.1 - https:\/\/yoast.com\/wordpress\/plugins\/seo\/ -->\n<title>Hist\u00f2ria, gastronomia, riqueza geogr\u00e0fica i tranquilitat. KIKOPARK.<\/title>\n<meta name=\"description\" content=\"Vine a con\u00e9ixer-nos i gaudeix de la nostra hist\u00f2ria, gastronomia, de la seua tranquil\u00b7litat i de la zona geografia que ens embolica. KIKOPARK.\" \/>\n<meta name=\"robots\" content=\"index, follow, max-snippet:-1, max-image-preview:large, max-video-preview:-1\" \/>\n<link rel=\"canonical\" href=\"https:\/\/kikopark.com\/ca\/entorn\/\" \/>\n<meta property=\"og:locale\" content=\"ca_ES\" \/>\n<meta property=\"og:type\" content=\"article\" \/>\n<meta property=\"og:title\" content=\"Hist\u00f2ria, gastronomia, riqueza geogr\u00e0fica i tranquilitat. KIKOPARK.\" \/>\n<meta property=\"og:description\" content=\"Vine a con\u00e9ixer-nos i gaudeix de la nostra hist\u00f2ria, gastronomia, de la seua tranquil\u00b7litat i de la zona geografia que ens embolica. KIKOPARK.\" \/>\n<meta property=\"og:url\" content=\"https:\/\/kikopark.com\/ca\/entorn\/\" \/>\n<meta property=\"og:site_name\" content=\"KIKOPARK\" \/>\n<meta property=\"article:modified_time\" content=\"2024-09-30T15:27:10+00:00\" \/>\n<meta property=\"og:image\" content=\"https:\/\/kikopark.com\/wp-content\/uploads\/2024\/09\/CABECERA-4.jpg\" \/>\n\t<meta property=\"og:image:width\" content=\"2560\" \/>\n\t<meta property=\"og:image:height\" content=\"932\" \/>\n\t<meta property=\"og:image:type\" content=\"image\/jpeg\" \/>\n<meta name=\"twitter:card\" content=\"summary_large_image\" \/>\n<meta name=\"twitter:label1\" content=\"Temps estimat de lectura\" \/>\n\t<meta name=\"twitter:data1\" content=\"3 minuts\" \/>\n<script type=\"application\/ld+json\" class=\"yoast-schema-graph\">{\"@context\":\"https:\/\/schema.org\",\"@graph\":[{\"@type\":\"WebPage\",\"@id\":\"https:\/\/kikopark.com\/ca\/entorn\/\",\"url\":\"https:\/\/kikopark.com\/ca\/entorn\/\",\"name\":\"Hist\u00f2ria, gastronomia, riqueza geogr\u00e0fica i tranquilitat. KIKOPARK.\",\"isPartOf\":{\"@id\":\"https:\/\/kikopark.com\/ca\/#website\"},\"datePublished\":\"2023-02-13T12:08:01+00:00\",\"dateModified\":\"2024-09-30T15:27:10+00:00\",\"description\":\"Vine a con\u00e9ixer-nos i gaudeix de la nostra hist\u00f2ria, gastronomia, de la seua tranquil\u00b7litat i de la zona geografia que ens embolica. KIKOPARK.\",\"breadcrumb\":{\"@id\":\"https:\/\/kikopark.com\/ca\/entorn\/#breadcrumb\"},\"inLanguage\":\"ca\",\"potentialAction\":[{\"@type\":\"ReadAction\",\"target\":[\"https:\/\/kikopark.com\/ca\/entorn\/\"]}]},{\"@type\":\"BreadcrumbList\",\"@id\":\"https:\/\/kikopark.com\/ca\/entorn\/#breadcrumb\",\"itemListElement\":[{\"@type\":\"ListItem\",\"position\":1,\"name\":\"Portada\",\"item\":\"https:\/\/kikopark.com\/ca\/\"},{\"@type\":\"ListItem\",\"position\":2,\"name\":\"Entorn\"}]},{\"@type\":\"WebSite\",\"@id\":\"https:\/\/kikopark.com\/ca\/#website\",\"url\":\"https:\/\/kikopark.com\/ca\/\",\"name\":\"KIKOPARK\",\"description\":\"[:es]Website del complejo tur\u00edstico KIKOPARK en la playa de Oliva (Valencia)[:en]Website of the KIKOPARK tourist complex on the beach of Oliva (Valencia)[:de]Website des KIKOPARK Touristenkomplexes am Strand von Oliva (Valencia)[:ca]Website del complexe tur\u00edstic KIKOPARK a la platja d&#039;Oliva (Val\u00e8ncia)[:fr]Site du complexe touristique KIKOPARK sur la plage d&#039;Oliva (Valence)[:]\",\"potentialAction\":[{\"@type\":\"SearchAction\",\"target\":{\"@type\":\"EntryPoint\",\"urlTemplate\":\"https:\/\/kikopark.com\/ca\/?s={search_term_string}\"},\"query-input\":\"required name=search_term_string\"}],\"inLanguage\":\"ca\"}]}<\/script>\n<!-- \/ Yoast SEO plugin. -->","yoast_head_json":{"title":"Hist\u00f2ria, gastronomia, riqueza geogr\u00e0fica i tranquilitat. KIKOPARK.","description":"Vine a con\u00e9ixer-nos i gaudeix de la nostra hist\u00f2ria, gastronomia, de la seua tranquil\u00b7litat i de la zona geografia que ens embolica. KIKOPARK.","robots":{"index":"index","follow":"follow","max-snippet":"max-snippet:-1","max-image-preview":"max-image-preview:large","max-video-preview":"max-video-preview:-1"},"canonical":"https:\/\/kikopark.com\/ca\/entorn\/","og_locale":"ca_ES","og_type":"article","og_title":"Hist\u00f2ria, gastronomia, riqueza geogr\u00e0fica i tranquilitat. KIKOPARK.","og_description":"Vine a con\u00e9ixer-nos i gaudeix de la nostra hist\u00f2ria, gastronomia, de la seua tranquil\u00b7litat i de la zona geografia que ens embolica. KIKOPARK.","og_url":"https:\/\/kikopark.com\/ca\/entorn\/","og_site_name":"KIKOPARK","article_modified_time":"2024-09-30T15:27:10+00:00","og_image":[{"width":2560,"height":932,"url":"https:\/\/kikopark.com\/wp-content\/uploads\/2024\/09\/CABECERA-4.jpg","type":"image\/jpeg"}],"twitter_card":"summary_large_image","twitter_misc":{"Temps estimat de lectura":"3 minuts"},"schema":{"@context":"https:\/\/schema.org","@graph":[{"@type":"WebPage","@id":"https:\/\/kikopark.com\/ca\/entorn\/","url":"https:\/\/kikopark.com\/ca\/entorn\/","name":"Hist\u00f2ria, gastronomia, riqueza geogr\u00e0fica i tranquilitat. KIKOPARK.","isPartOf":{"@id":"https:\/\/kikopark.com\/ca\/#website"},"datePublished":"2023-02-13T12:08:01+00:00","dateModified":"2024-09-30T15:27:10+00:00","description":"Vine a con\u00e9ixer-nos i gaudeix de la nostra hist\u00f2ria, gastronomia, de la seua tranquil\u00b7litat i de la zona geografia que ens embolica. KIKOPARK.","breadcrumb":{"@id":"https:\/\/kikopark.com\/ca\/entorn\/#breadcrumb"},"inLanguage":"ca","potentialAction":[{"@type":"ReadAction","target":["https:\/\/kikopark.com\/ca\/entorn\/"]}]},{"@type":"BreadcrumbList","@id":"https:\/\/kikopark.com\/ca\/entorn\/#breadcrumb","itemListElement":[{"@type":"ListItem","position":1,"name":"Portada","item":"https:\/\/kikopark.com\/ca\/"},{"@type":"ListItem","position":2,"name":"Entorn"}]},{"@type":"WebSite","@id":"https:\/\/kikopark.com\/ca\/#website","url":"https:\/\/kikopark.com\/ca\/","name":"KIKOPARK","description":"[:es]Website del complejo tur\u00edstico KIKOPARK en la playa de Oliva (Valencia)[:en]Website of the KIKOPARK tourist complex on the beach of Oliva (Valencia)[:de]Website des KIKOPARK Touristenkomplexes am Strand von Oliva (Valencia)[:ca]Website del complexe tur\u00edstic KIKOPARK a la platja d&#039;Oliva (Val\u00e8ncia)[:fr]Site du complexe touristique KIKOPARK sur la plage d&#039;Oliva (Valence)[:]","potentialAction":[{"@type":"SearchAction","target":{"@type":"EntryPoint","urlTemplate":"https:\/\/kikopark.com\/ca\/?s={search_term_string}"},"query-input":"required name=search_term_string"}],"inLanguage":"ca"}]}},"_links":{"self":[{"href":"https:\/\/kikopark.com\/ca\/wp-json\/wp\/v2\/pages\/23587"}],"collection":[{"href":"https:\/\/kikopark.com\/ca\/wp-json\/wp\/v2\/pages"}],"about":[{"href":"https:\/\/kikopark.com\/ca\/wp-json\/wp\/v2\/types\/page"}],"author":[{"embeddable":true,"href":"https:\/\/kikopark.com\/ca\/wp-json\/wp\/v2\/users\/8"}],"replies":[{"embeddable":true,"href":"https:\/\/kikopark.com\/ca\/wp-json\/wp\/v2\/comments?post=23587"}],"version-history":[{"count":6,"href":"https:\/\/kikopark.com\/ca\/wp-json\/wp\/v2\/pages\/23587\/revisions"}],"predecessor-version":[{"id":48118,"href":"https:\/\/kikopark.com\/ca\/wp-json\/wp\/v2\/pages\/23587\/revisions\/48118"}],"wp:featuredmedia":[{"embeddable":true,"href":"https:\/\/kikopark.com\/ca\/wp-json\/wp\/v2\/media\/47316"}],"wp:attachment":[{"href":"https:\/\/kikopark.com\/ca\/wp-json\/wp\/v2\/media?parent=23587"}],"curies":[{"name":"wp","href":"https:\/\/api.w.org\/{rel}","templated":true}]}}