{"id":39980,"date":"2024-04-30T17:39:58","date_gmt":"2024-04-30T15:39:58","guid":{"rendered":"https:\/\/kikopark.com\/?page_id=39980"},"modified":"2024-10-09T10:37:25","modified_gmt":"2024-10-09T08:37:25","slug":"estades","status":"publish","type":"page","link":"https:\/\/kikopark.com\/ca\/estades\/","title":{"rendered":"Estades"},"content":{"rendered":"<p>[vc_row content_placement=&#8221;middle&#8221; transparent=&#8221;transparent&#8221; transparent_overlay=&#8221;transparent_film&#8221;][vc_column css_animation=&#8221;none&#8221; transparent=&#8221;transparent&#8221;][vc_column_text el_class=&#8221;reserva_ahora&#8221;]<a href=\"https:\/\/booking.kikopark.com\/search?lang=ca\"><span class=\"reserva_ahora_text\">Reserva ara<\/span><\/a>[\/vc_column_text][\/vc_column][\/vc_row][vc_row][vc_column][vc_column_text el_class=&#8221;rooms_titles_premium_plus&#8221;]<\/p>\n<h2>Apartaments<\/h2>\n<p>[\/vc_column_text][\/vc_column][\/vc_row][vc_row equal_height=&#8221;yes&#8221;][vc_column width=&#8221;1\/2&#8243;][vc_column_text]<\/p>\n<div class=\"kampexperience_aventura_izq\">\n<h3 class=\"aventura_title\">Apartaments Premium<\/h3>\n<p class=\"aventura_text\">El m\u00e9s ampli i complet dels nostres apartaments. Situat en una localitzaci\u00f3 privilegiada enfront de la mar. Disposa d&#8217;una terrassa moblada, sal\u00f3 menjador amb cuina americana, 2 dormitoris, bany i sof\u00e0 llit.<\/p>\n<p><a class=\"btn btn btn-inv aventura_btn\" href=\"https:\/\/kikopark.com\/ca\/room\/apartaments-premium\/\" target=\"_self\" rel=\"noopener\"><span class=\"aventura_btn_text\">Descobrir<\/span><\/a><\/p>\n<\/div>\n<p>[\/vc_column_text][\/vc_column][vc_column width=&#8221;1\/2&#8243; el_class=&#8221;aventura_img_der&#8221;][vc_single_image image=&#8221;47050&#8243; img_size=&#8221;full&#8221;][\/vc_column][\/vc_row][vc_row equal_height=&#8221;yes&#8221;][vc_column width=&#8221;1\/2&#8243; el_class=&#8221;aventura_img_der&#8221;][vc_single_image image=&#8221;47046&#8243; img_size=&#8221;full&#8221;][\/vc_column][vc_column width=&#8221;1\/2&#8243;][vc_column_text]<\/p>\n<div class=\"kampexperience_aventura_izq\">\n<h3 class=\"aventura_title\">Apartaments Superiors<\/h3>\n<p class=\"aventura_text\">Lluminosos apartaments amb ampli balc\u00f3 o terrassa, sal\u00f3 menjador amb cuina americana, bany complet i c\u00f2mode sof\u00e0 llit. Amb capacitat fins a 4 persones i 1 o 2 habitacions.<\/p>\n<p><a class=\"btn btn btn-inv aventura_btn\" href=\"https:\/\/kikopark.com\/ca\/room\/apartaments-superiors\/\" target=\"_self\" rel=\"noopener\"><span class=\"aventura_btn_text\">Descobrir<\/span><\/a><\/p>\n<\/div>\n<p>[\/vc_column_text][\/vc_column][\/vc_row][vc_row equal_height=&#8221;yes&#8221;][vc_column width=&#8221;1\/2&#8243;][vc_column_text]<\/p>\n<div class=\"kampexperience_aventura_izq\">\n<h3 class=\"aventura_title\">Apartaments Est\u00e0ndard<\/h3>\n<p class=\"aventura_text\">La combinaci\u00f3 perfecta entre confort i funcionalitat. En el seu interior, trobar\u00e0s un acollidor sal\u00f3 menjador amb cuina, televisi\u00f3, bany i sof\u00e0 llit. A m\u00e9s, compta amb terrassa moblada.<\/p>\n<p><a class=\"btn btn btn-inv aventura_btn\" href=\"https:\/\/kikopark.com\/ca\/room\/apartaments-estandard\/\" target=\"_self\" rel=\"noopener\"><span class=\"aventura_btn_text\">Descobrir<\/span><\/a><\/p>\n<\/div>\n<p>[\/vc_column_text][\/vc_column][vc_column width=&#8221;1\/2&#8243; el_class=&#8221;aventura_img_izq&#8221;][vc_single_image image=&#8221;47042&#8243; img_size=&#8221;full&#8221;][\/vc_column][\/vc_row][vc_row][vc_column][vc_column_text el_class=&#8221;rooms_titles_premium_plus title_parcelas&#8221;]Parcel\u00b7les[\/vc_column_text][\/vc_column][\/vc_row][vc_row equal_height=&#8221;yes&#8221;][vc_column width=&#8221;1\/2&#8243; el_class=&#8221;aventura_img_der&#8221;][vc_single_image image=&#8221;47034&#8243; img_size=&#8221;full&#8221;][\/vc_column][vc_column width=&#8221;1\/2&#8243;][vc_column_text]<\/p>\n<div class=\"kampexperience_aventura_izq\">\n<h3 class=\"aventura_title\">Gran Confort<\/h3>\n<p class=\"aventura_text\">Les nostres parcel\u00b7les, ideals per als amants del c\u00e0mping. Viu una experi\u00e8ncia premium al costat de la mar Mediterr\u00e0nia. Connecta amb la naturalesa i gaudeix del bon temps.<\/p>\n<p><a class=\"btn btn btn-inv aventura_btn\" href=\"https:\/\/kikopark.com\/ca\/room\/gran-confort\/\" target=\"_self\" rel=\"noopener\"><span class=\"aventura_btn_text\">Descobrir<\/span><\/a><\/p>\n<\/div>\n<p>[\/vc_column_text][\/vc_column][\/vc_row][vc_row equal_height=&#8221;yes&#8221;][vc_column width=&#8221;1\/2&#8243;][vc_column_text]<\/p>\n<div class=\"kampexperience_aventura_izq\">\n<h3 class=\"aventura_title\">Camper Area<\/h3>\n<p class=\"aventura_text\">Mobilitat, flexibilitat i tranquil\u00b7litat. Parcel\u00b7les de grava de grand\u00e0ria mitjana, amb presa d&#8217;electricitat i delimitades per tanques que et proporcionen mobilitat les 24h. Un servei complet per a una escapada al parad\u00eds.<\/p>\n<p><a class=\"btn btn btn-inv aventura_btn\" href=\"https:\/\/kikopark.com\/ca\/room\/camper-area\/\" target=\"_self\" rel=\"noopener\"><span class=\"aventura_btn_text\">Descobrir<\/span><\/a><\/p>\n<\/div>\n<p>[\/vc_column_text][\/vc_column][vc_column width=&#8221;1\/2&#8243; el_class=&#8221;aventura_img_izq&#8221;][vc_single_image image=&#8221;47038&#8243; img_size=&#8221;full&#8221;][\/vc_column][\/vc_row][vc_row][vc_column][vc_column_text el_class=&#8221;rooms_titles_premium_plus title_parcelas&#8221;]Glamping[\/vc_column_text][\/vc_column][\/vc_row][vc_row equal_height=&#8221;yes&#8221;][vc_column width=&#8221;1\/2&#8243;][vc_single_image image=&#8221;41747&#8243; img_size=&#8221;full&#8221;][\/vc_column][vc_column width=&#8221;1\/2&#8243;][vc_column_text]<\/p>\n<div class=\"kampexperience_aventura_izq\">\n<h3 class=\"aventura_title\">Bali Dream<\/h3>\n<p class=\"aventura_text\">Qualitat, confort i benestar. Les nostres botigues BALI estan pensades per a viure l&#8217;experi\u00e8ncia en el mediterrani i desconnectar a l&#8217;aire lliure a la seua terrassa. Un somni fet realitat!  <\/p>\n<p><a class=\"btn btn btn-inv aventura_btn\" href=\"https:\/\/kikopark.com\/ca\/room\/bali-dream\/\" target=\"_self\" rel=\"noopener\"><span class=\"aventura_btn_text\">Descobrir<\/span><\/a><\/p>\n<\/div>\n<p>[\/vc_column_text][\/vc_column][\/vc_row][vc_row equal_height=&#8221;yes&#8221;][vc_column width=&#8221;1\/2&#8243;][vc_column_text]<\/p>\n<div class=\"kampexperience_aventura_izq\">\n<h3 class=\"aventura_title\">Anza Suite<\/h3>\n<p class=\"aventura_text\">ANZA \u00e9s un oasi exclusiu dissenyat per a fer-te sentir \u00fanic. Un espai molt ampli, de fusta, totalment equipat i amb bany privat. Molt m\u00e9s que anar de c\u00e0mping!  <\/p>\n<p><a class=\"btn btn btn-inv aventura_btn\" href=\"https:\/\/kikopark.com\/ca\/room\/anza-suite\/\" target=\"_self\" rel=\"noopener\"><span class=\"aventura_btn_text\">Descobrir<\/span><\/a><\/p>\n<\/div>\n<p>[\/vc_column_text][\/vc_column][vc_column width=&#8221;1\/2&#8243;][vc_single_image image=&#8221;41751&#8243; img_size=&#8221;full&#8221;][\/vc_column][\/vc_row][vc_row equal_height=&#8221;yes&#8221;][vc_column width=&#8221;1\/2&#8243;][vc_single_image image=&#8221;40013&#8243; img_size=&#8221;full&#8221;][\/vc_column][vc_column width=&#8221;1\/2&#8243;][vc_column_text]<\/p>\n<div class=\"kampexperience_aventura_izq\">\n<h3 class=\"aventura_title\">Buka Beach<\/h3>\n<p class=\"aventura_text\">Comoditat, funcionalitat i senzillesa. Les nostres botigues BUKA i BUKA XL es caracteritzen pel seu estil natural integrat en l&#8217;entorn Mediterrani, cuidant cada detall. <\/p>\n<p><a class=\"btn btn btn-inv aventura_btn\" href=\"https:\/\/kikopark.com\/ca\/room\/buka-beach\/\" target=\"_self\" rel=\"noopener\"><span class=\"aventura_btn_text\">Descobrir<\/span><\/a><\/p>\n<\/div>\n<p>[\/vc_column_text][\/vc_column][\/vc_row]<\/p>\n","protected":false},"excerpt":{"rendered":"<p>[vc_row content_placement=&#8221;middle&#8221; transparent=&#8221;transparent&#8221; transparent_overlay=&#8221;transparent_film&#8221;][vc_column css_animation=&#8221;none&#8221; transparent=&#8221;transparent&#8221;][vc_column_text el_class=&#8221;reserva_ahora&#8221;]Reserva ara[\/vc_column_text][\/vc_column][\/vc_row][vc_row][vc_column][vc_column_text el_class=&#8221;rooms_titles_premium_plus&#8221;] Apartaments [\/vc_column_text][\/vc_column][\/vc_row][vc_row equal_height=&#8221;yes&#8221;][vc_column width=&#8221;1\/2&#8243;][vc_column_text] Apartaments Premium El m\u00e9s ampli i complet dels nostres apartaments. Situat en una localitzaci\u00f3 privilegiada enfront de la mar. Disposa d&#8217;una terrassa moblada, sal\u00f3 menjador amb cuina americana, 2 dormitoris, bany i sof\u00e0 llit. Descobrir [\/vc_column_text][\/vc_column][vc_column width=&#8221;1\/2&#8243; el_class=&#8221;aventura_img_der&#8221;][vc_single_image image=&#8221;47050&#8243; img_size=&#8221;full&#8221;][\/vc_column][\/vc_row][vc_row equal_height=&#8221;yes&#8221;][vc_column width=&#8221;1\/2&#8243; [&hellip;]<\/p>\n","protected":false},"author":8,"featured_media":47054,"parent":0,"menu_order":0,"comment_status":"closed","ping_status":"closed","template":"","meta":{"footnotes":""},"yoast_head":"<!-- This site is optimized with the Yoast SEO plugin v22.1 - https:\/\/yoast.com\/wordpress\/plugins\/seo\/ -->\n<title>Com ho vols viure? Disfruta de unes vacances junt al mar.<\/title>\n<meta name=\"description\" content=\"Benvingut a KIKOPARK Com ho vols viure? En parcel\u00b7la, apartaments o potser vols una experi\u00e8ncia diferent? Disfruta de unes vacances junt al mar.\" \/>\n<meta name=\"robots\" content=\"index, follow, max-snippet:-1, max-image-preview:large, max-video-preview:-1\" \/>\n<link rel=\"canonical\" href=\"https:\/\/kikopark.com\/ca\/estades\/\" \/>\n<meta property=\"og:locale\" content=\"ca_ES\" \/>\n<meta property=\"og:type\" content=\"article\" \/>\n<meta property=\"og:title\" content=\"Com ho vols viure? Disfruta de unes vacances junt al mar.\" \/>\n<meta property=\"og:description\" content=\"Benvingut a KIKOPARK Com ho vols viure? En parcel\u00b7la, apartaments o potser vols una experi\u00e8ncia diferent? Disfruta de unes vacances junt al mar.\" \/>\n<meta property=\"og:url\" content=\"https:\/\/kikopark.com\/ca\/estades\/\" \/>\n<meta property=\"og:site_name\" content=\"KIKOPARK\" \/>\n<meta property=\"article:modified_time\" content=\"2024-10-09T08:37:25+00:00\" \/>\n<meta property=\"og:image\" content=\"https:\/\/kikopark.com\/wp-content\/uploads\/2024\/09\/ESTANCIAS.jpg\" \/>\n\t<meta property=\"og:image:width\" content=\"2560\" \/>\n\t<meta property=\"og:image:height\" content=\"932\" \/>\n\t<meta property=\"og:image:type\" content=\"image\/jpeg\" \/>\n<meta name=\"twitter:card\" content=\"summary_large_image\" \/>\n<meta name=\"twitter:label1\" content=\"Temps estimat de lectura\" \/>\n\t<meta name=\"twitter:data1\" content=\"2 minuts\" \/>\n<script type=\"application\/ld+json\" class=\"yoast-schema-graph\">{\"@context\":\"https:\/\/schema.org\",\"@graph\":[{\"@type\":\"WebPage\",\"@id\":\"https:\/\/kikopark.com\/ca\/estades\/\",\"url\":\"https:\/\/kikopark.com\/ca\/estades\/\",\"name\":\"Com ho vols viure? Disfruta de unes vacances junt al mar.\",\"isPartOf\":{\"@id\":\"https:\/\/kikopark.com\/ca\/#website\"},\"datePublished\":\"2024-04-30T15:39:58+00:00\",\"dateModified\":\"2024-10-09T08:37:25+00:00\",\"description\":\"Benvingut a KIKOPARK Com ho vols viure? En parcel\u00b7la, apartaments o potser vols una experi\u00e8ncia diferent? Disfruta de unes vacances junt al mar.\",\"breadcrumb\":{\"@id\":\"https:\/\/kikopark.com\/ca\/estades\/#breadcrumb\"},\"inLanguage\":\"ca\",\"potentialAction\":[{\"@type\":\"ReadAction\",\"target\":[\"https:\/\/kikopark.com\/ca\/estades\/\"]}]},{\"@type\":\"BreadcrumbList\",\"@id\":\"https:\/\/kikopark.com\/ca\/estades\/#breadcrumb\",\"itemListElement\":[{\"@type\":\"ListItem\",\"position\":1,\"name\":\"Portada\",\"item\":\"https:\/\/kikopark.com\/ca\/\"},{\"@type\":\"ListItem\",\"position\":2,\"name\":\"Estades\"}]},{\"@type\":\"WebSite\",\"@id\":\"https:\/\/kikopark.com\/ca\/#website\",\"url\":\"https:\/\/kikopark.com\/ca\/\",\"name\":\"KIKOPARK\",\"description\":\"[:es]Website del complejo tur\u00edstico KIKOPARK en la playa de Oliva (Valencia)[:en]Website of the KIKOPARK tourist complex on the beach of Oliva (Valencia)[:de]Website des KIKOPARK Touristenkomplexes am Strand von Oliva (Valencia)[:ca]Website del complexe tur\u00edstic KIKOPARK a la platja d&#039;Oliva (Val\u00e8ncia)[:fr]Site du complexe touristique KIKOPARK sur la plage d&#039;Oliva (Valence)[:]\",\"potentialAction\":[{\"@type\":\"SearchAction\",\"target\":{\"@type\":\"EntryPoint\",\"urlTemplate\":\"https:\/\/kikopark.com\/ca\/?s={search_term_string}\"},\"query-input\":\"required name=search_term_string\"}],\"inLanguage\":\"ca\"}]}<\/script>\n<!-- \/ Yoast SEO plugin. -->","yoast_head_json":{"title":"Com ho vols viure? Disfruta de unes vacances junt al mar.","description":"Benvingut a KIKOPARK Com ho vols viure? En parcel\u00b7la, apartaments o potser vols una experi\u00e8ncia diferent? Disfruta de unes vacances junt al mar.","robots":{"index":"index","follow":"follow","max-snippet":"max-snippet:-1","max-image-preview":"max-image-preview:large","max-video-preview":"max-video-preview:-1"},"canonical":"https:\/\/kikopark.com\/ca\/estades\/","og_locale":"ca_ES","og_type":"article","og_title":"Com ho vols viure? Disfruta de unes vacances junt al mar.","og_description":"Benvingut a KIKOPARK Com ho vols viure? En parcel\u00b7la, apartaments o potser vols una experi\u00e8ncia diferent? Disfruta de unes vacances junt al mar.","og_url":"https:\/\/kikopark.com\/ca\/estades\/","og_site_name":"KIKOPARK","article_modified_time":"2024-10-09T08:37:25+00:00","og_image":[{"width":2560,"height":932,"url":"https:\/\/kikopark.com\/wp-content\/uploads\/2024\/09\/ESTANCIAS.jpg","type":"image\/jpeg"}],"twitter_card":"summary_large_image","twitter_misc":{"Temps estimat de lectura":"2 minuts"},"schema":{"@context":"https:\/\/schema.org","@graph":[{"@type":"WebPage","@id":"https:\/\/kikopark.com\/ca\/estades\/","url":"https:\/\/kikopark.com\/ca\/estades\/","name":"Com ho vols viure? Disfruta de unes vacances junt al mar.","isPartOf":{"@id":"https:\/\/kikopark.com\/ca\/#website"},"datePublished":"2024-04-30T15:39:58+00:00","dateModified":"2024-10-09T08:37:25+00:00","description":"Benvingut a KIKOPARK Com ho vols viure? En parcel\u00b7la, apartaments o potser vols una experi\u00e8ncia diferent? Disfruta de unes vacances junt al mar.","breadcrumb":{"@id":"https:\/\/kikopark.com\/ca\/estades\/#breadcrumb"},"inLanguage":"ca","potentialAction":[{"@type":"ReadAction","target":["https:\/\/kikopark.com\/ca\/estades\/"]}]},{"@type":"BreadcrumbList","@id":"https:\/\/kikopark.com\/ca\/estades\/#breadcrumb","itemListElement":[{"@type":"ListItem","position":1,"name":"Portada","item":"https:\/\/kikopark.com\/ca\/"},{"@type":"ListItem","position":2,"name":"Estades"}]},{"@type":"WebSite","@id":"https:\/\/kikopark.com\/ca\/#website","url":"https:\/\/kikopark.com\/ca\/","name":"KIKOPARK","description":"[:es]Website del complejo tur\u00edstico KIKOPARK en la playa de Oliva (Valencia)[:en]Website of the KIKOPARK tourist complex on the beach of Oliva (Valencia)[:de]Website des KIKOPARK Touristenkomplexes am Strand von Oliva (Valencia)[:ca]Website del complexe tur\u00edstic KIKOPARK a la platja d&#039;Oliva (Val\u00e8ncia)[:fr]Site du complexe touristique KIKOPARK sur la plage d&#039;Oliva (Valence)[:]","potentialAction":[{"@type":"SearchAction","target":{"@type":"EntryPoint","urlTemplate":"https:\/\/kikopark.com\/ca\/?s={search_term_string}"},"query-input":"required name=search_term_string"}],"inLanguage":"ca"}]}},"_links":{"self":[{"href":"https:\/\/kikopark.com\/ca\/wp-json\/wp\/v2\/pages\/39980"}],"collection":[{"href":"https:\/\/kikopark.com\/ca\/wp-json\/wp\/v2\/pages"}],"about":[{"href":"https:\/\/kikopark.com\/ca\/wp-json\/wp\/v2\/types\/page"}],"author":[{"embeddable":true,"href":"https:\/\/kikopark.com\/ca\/wp-json\/wp\/v2\/users\/8"}],"replies":[{"embeddable":true,"href":"https:\/\/kikopark.com\/ca\/wp-json\/wp\/v2\/comments?post=39980"}],"version-history":[{"count":26,"href":"https:\/\/kikopark.com\/ca\/wp-json\/wp\/v2\/pages\/39980\/revisions"}],"predecessor-version":[{"id":48633,"href":"https:\/\/kikopark.com\/ca\/wp-json\/wp\/v2\/pages\/39980\/revisions\/48633"}],"wp:featuredmedia":[{"embeddable":true,"href":"https:\/\/kikopark.com\/ca\/wp-json\/wp\/v2\/media\/47054"}],"wp:attachment":[{"href":"https:\/\/kikopark.com\/ca\/wp-json\/wp\/v2\/media?parent=39980"}],"curies":[{"name":"wp","href":"https:\/\/api.w.org\/{rel}","templated":true}]}}