{"id":4073,"date":"2016-11-23T14:33:15","date_gmt":"2016-11-23T12:33:15","guid":{"rendered":"https:\/\/kikopark.com\/kikopark\/"},"modified":"2026-01-29T12:41:17","modified_gmt":"2026-01-29T10:41:17","slug":"kikopark","status":"publish","type":"page","link":"https:\/\/kikopark.com\/ca\/","title":{"rendered":"Kikopark"},"content":{"rendered":"<p>[vc_row content_placement=&#8221;middle&#8221; transparent=&#8221;transparent&#8221; transparent_overlay=&#8221;transparent_film&#8221;][vc_column css_animation=&#8221;none&#8221; transparent=&#8221;transparent&#8221;][vc_column_text el_class=&#8221;reserva_ahora&#8221;]<a href=\"https:\/\/booking.kikopark.com\/search?lang=ca\"><span class=\"reserva_ahora_text\">Reservar ara<\/span><\/a>[\/vc_column_text][\/vc_column][\/vc_row][vc_row css_animation=&#8221;none&#8221; transparent=&#8221;transparent&#8221; row_padding_top=&#8221;padding_top_none&#8221; row_padding_bottom=&#8221;padding_bottom_none&#8221; el_class=&#8221;hovers_box&#8221;][vc_column width=&#8221;1\/5&#8243;]<!-- ========================== HOVER BOX ==========================-->\n\n<div style=\"background-image: url('https:\/\/kikopark.com\/wp-content\/uploads\/2024\/09\/ALOJAMIENTOS.jpg')\" class=\"hoverbox wpb_content_element black_section neutralize_links stretchy_wrapper ratio_2-3  \">\n<div class=\"hoverbox_tran black_section transparent_film\"><\/div>\n\t<a href=\"https:\/\/kikopark.com\/ca\/estades\/\">\n\t\t<div class=\"hoverbox_icon\">\n\t\t\t<img decoding=\"async\" src=\"https:\/\/kikopark.com\/wp-content\/uploads\/2023\/11\/logo-kikopark.svg\" alt=\"\">\n\t\t<\/div>\n\t\t<div class=\"hoverbox_title\">\n\t\t\t<h2>Els nostres allotjaments<\/h2>\n\t\t<\/div>\n\t\t<div class=\"hoverbox_paragraph\">\n\t\t\t<p>Allotjaments \u00fanics dissenyats per a sentir-se com a casa i gaudir d&#8217;una escapada sense preocupacions.<\/p>\n\t\t<\/div>\n\t<\/a>\t\n<\/div>\n\n<!-- END======================= HOVER BOX ==========================-->[\/vc_column][vc_column width=&#8221;1\/5&#8243;]<!-- ========================== HOVER BOX ==========================-->\n\n<div style=\"background-image: url('https:\/\/kikopark.com\/wp-content\/uploads\/2024\/09\/ENTORNO.jpg')\" class=\"hoverbox wpb_content_element black_section neutralize_links stretchy_wrapper ratio_2-3  \">\n<div class=\"hoverbox_tran black_section transparent_film\"><\/div>\n\t<a href=\"https:\/\/kikopark.com\/ca\/entorn\/\">\n\t\t<div class=\"hoverbox_icon\">\n\t\t\t<img decoding=\"async\" src=\"https:\/\/kikopark.com\/wp-content\/uploads\/2023\/11\/logo-kikopark.svg\" alt=\"\">\n\t\t<\/div>\n\t\t<div class=\"hoverbox_title\">\n\t\t\t<h2>Un entorn \u00fanic<\/h2>\n\t\t<\/div>\n\t\t<div class=\"hoverbox_paragraph\">\n\t\t\t<p>Brisa, calma i vistes a la mar. Un lloc perfecte on gaudir d&#8217;un entorn natural en primera l\u00ednia de platja.<\/p>\n\t\t<\/div>\n\t<\/a>\t\n<\/div>\n\n<!-- END======================= HOVER BOX ==========================-->[\/vc_column][vc_column width=&#8221;1\/5&#8243;]<!-- ========================== HOVER BOX ==========================-->\n\n<div style=\"background-image: url('https:\/\/kikopark.com\/wp-content\/uploads\/2024\/09\/GYM.jpg')\" class=\"hoverbox wpb_content_element black_section neutralize_links stretchy_wrapper ratio_2-3  \">\n<div class=\"hoverbox_tran black_section transparent_film\"><\/div>\n\t<a href=\"https:\/\/kikopark.com\/ca\/installacions\/\">\n\t\t<div class=\"hoverbox_icon\">\n\t\t\t<img decoding=\"async\" src=\"https:\/\/kikopark.com\/wp-content\/uploads\/2023\/11\/logo-kikopark.svg\" alt=\"\">\n\t\t<\/div>\n\t\t<div class=\"hoverbox_title\">\n\t\t\t<h2>Gym &amp; Health center<\/h2>\n\t\t<\/div>\n\t\t<div class=\"hoverbox_paragraph\">\n\t\t\t<p>Apostem per tindre un ritme de vida tranquil i actiu. Coneix les nostres instal\u00b7lacions i activitats enfocades en el teu benestar.<\/p>\n\t\t<\/div>\n\t<\/a>\t\n<\/div>\n\n<!-- END======================= HOVER BOX ==========================-->[\/vc_column][vc_column width=&#8221;1\/5&#8243;]<!-- ========================== HOVER BOX ==========================-->\n\n<div style=\"background-image: url('https:\/\/kikopark.com\/wp-content\/uploads\/2024\/09\/ACTIVIDADES.jpg')\" class=\"hoverbox wpb_content_element black_section neutralize_links stretchy_wrapper ratio_2-3  \">\n<div class=\"hoverbox_tran black_section transparent_film\"><\/div>\n\t<a href=\"https:\/\/kikopark.com\/ca\/experiencies\/\">\n\t\t<div class=\"hoverbox_icon\">\n\t\t\t<img decoding=\"async\" src=\"https:\/\/kikopark.com\/wp-content\/uploads\/2023\/11\/logo-kikopark.svg\" alt=\"\">\n\t\t<\/div>\n\t\t<div class=\"hoverbox_title\">\n\t\t\t<h2>Activitats i experi\u00e8ncies<\/h2>\n\t\t<\/div>\n\t\t<div class=\"hoverbox_paragraph\">\n\t\t\t<p>Disposem d&#8217;una variada programaci\u00f3 d&#8217;activitats, aqu\u00e0tiques i terrestres disponibles per a totes les edats.<\/p>\n\t\t<\/div>\n\t<\/a>\t\n<\/div>\n\n<!-- END======================= HOVER BOX ==========================-->[\/vc_column][vc_column width=&#8221;1\/5&#8243;]<!-- ========================== HOVER BOX ==========================-->\n\n<div style=\"background-image: url('https:\/\/kikopark.com\/wp-content\/uploads\/2024\/09\/SABOR.jpg')\" class=\"hoverbox wpb_content_element black_section neutralize_links stretchy_wrapper ratio_2-3  \">\n<div class=\"hoverbox_tran black_section transparent_film\"><\/div>\n\t<a href=\"https:\/\/kikopark.com\/ca\/gastronomia\/\">\n\t\t<div class=\"hoverbox_icon\">\n\t\t\t<img decoding=\"async\" src=\"https:\/\/kikopark.com\/wp-content\/uploads\/2023\/11\/logo-kikopark.svg\" alt=\"\">\n\t\t<\/div>\n\t\t<div class=\"hoverbox_title\">\n\t\t\t<h2>Sabor Mediterrani<\/h2>\n\t\t<\/div>\n\t\t<div class=\"hoverbox_paragraph\">\n\t\t\t<p>La nostra gastronomia, on el producte i el sabor delaten la nostra cuina mediterr\u00e0nia. Tenim la recepta perfecta.<\/p>\n\t\t<\/div>\n\t<\/a>\t\n<\/div>\n\n<!-- END======================= HOVER BOX ==========================-->[\/vc_column][\/vc_row][vc_row][vc_column][vc_column_text el_class=&#8221;instalaciones_title_home instalaciones_title&#8221;]<\/p>\n<p style=\"text-align: center;\">Instal\u00b7lacions Kikopark<\/p>\n<p>[\/vc_column_text][\/vc_column][\/vc_row][vc_row align=&#8221;text-center&#8221;][vc_column align=&#8221;text-center&#8221; el_class=&#8221;video_home&#8221;][vc_video link=&#8221;https:\/\/www.youtube.com\/watch?v=J9AWwTdckgQ&amp;ab_channel=Kikoparkplaya&#8221; align=&#8221;center&#8221;][\/vc_column][\/vc_row][vc_row color_set=&#8221;dark_section&#8221; transparent=&#8221;transparent&#8221; row_padding_top=&#8221;padding_top_none&#8221; el_class=&#8221;slider_home&#8221;][vc_column]<div class=\"ple_anypostloop_shortcode wpb_content_element  \"><div id=\"slider_5858ebadc2b64\" class=\"rooms_slider_classic_wrapper \">\n        <div class=\"rooms_list_item  apartaments optional secondary_section  \" >\n        <div class=\"flex\">\n                <div class=\"col-sm-6 col-sm-push-6 rooms_list_item_photo\" style=\"background-image: url('https:\/\/kikopark.com\/wp-content\/uploads\/2019\/04\/JR63342-1-1024x683.jpg')\"><\/div>\n                <div class=\"col-sm-6 col-sm-pull-6\">\n                <div class=\"rooms_list_item_content\">\n                        <h3 class=\"textify_links\"><a href=\"https:\/\/kikopark.com\/ca\/room\/apartaments-premium\/\" title=\"Apartaments Premium\" target=\"_parent\" class=\"\">Apartaments Premium<\/a><\/h3>\n                        \n                        <div class=\"room_listed_amenities\">\n                        <\/div>\n                        <p class=\"excerpt\">Allotjaments \u00fanics dissenyats per a sentir-se com a casa. Disposen de totes les comoditats necess\u00e0ries per a una experi\u00e8ncia excepcional. Tria entre apartaments d'1 i 2 habitacions, tots ells estan equipats amb cuina completa i amb terrassa o balc\u00f3.<\/p>\n\n\n                        <a href=\"https:\/\/kikopark.com\/ca\/room\/apartaments-premium\/\" title=\"Apartaments Premium\" target=\"_parent\" class=\"btn btn-link \">Descobrir<\/a>\n                <\/div>\n                <\/div>\n        <\/div>\n        <\/div>\n        <div class=\"rooms_list_item  parceles optional secondary_section  \" >\n        <div class=\"flex\">\n                <div class=\"col-sm-6 col-sm-push-6 rooms_list_item_photo\" style=\"background-image: url('https:\/\/kikopark.com\/wp-content\/uploads\/2018\/09\/JR63342-1024x683.jpg')\"><\/div>\n                <div class=\"col-sm-6 col-sm-pull-6\">\n                <div class=\"rooms_list_item_content\">\n                        <h3 class=\"textify_links\"><a href=\"https:\/\/kikopark.com\/ca\/room\/gran-confort\/\" title=\"Gran Confort\" target=\"_parent\" class=\"\">Gran Confort<\/a><\/h3>\n                        \n                        <div class=\"room_listed_amenities\">\n                        <\/div>\n                        <p class=\"excerpt\">Viure una experi\u00e8ncia premium en un c\u00e0mping \u00e9s possible i fer-lo al costat de la mar Mediterr\u00e0nia \u00e9s un somni fet realitat. Descobreix les nostres \u00e0mplies parcel\u00b7les situades en un entorn id\u00edl\u00b7lic i totalment equipades per a campistes amb caravana, autocaravana o tenda de campanya.<\/p>\n\n\n                        <a href=\"https:\/\/kikopark.com\/ca\/room\/gran-confort\/\" title=\"Gran Confort\" target=\"_parent\" class=\"btn btn-link \">Descobrir<\/a>\n                <\/div>\n                <\/div>\n        <\/div>\n        <\/div>\n        <div class=\"rooms_list_item  kampexperience-ca optional secondary_section  \" >\n        <div class=\"flex\">\n                <div class=\"col-sm-6 col-sm-push-6 rooms_list_item_photo\" style=\"background-image: url('https:\/\/kikopark.com\/wp-content\/uploads\/2024\/04\/BANNER-ZONA-GENERICO-1024x373.jpg')\"><\/div>\n                <div class=\"col-sm-6 col-sm-pull-6\">\n                <div class=\"rooms_list_item_content\">\n                        <h3 class=\"textify_links\"><a href=\"https:\/\/kikopark.com\/ca\/room\/glamping-kikopark\/\" title=\"Glamping Kikopark\" target=\"_parent\" class=\"\">Glamping Kikopark<\/a><\/h3>\n                        \n                        <div class=\"room_listed_amenities\">\n                        <\/div>\n                        <p class=\"excerpt\">Un oasi de somni, descobreix una nova manera de viure el Mediterrani. Un allotjament molt especial, integrat en la naturalesa. Disposem de tres tipus de tendes Buka, Anza i Bali cadascuna d'elles s'adapta a les teues necessitats i et transportar\u00e0 a un parad\u00eds id\u00edl\u00b7lic.<\/p>\n\n\n                        <a href=\"https:\/\/kikopark.com\/ca\/room\/glamping-kikopark\/\" title=\"Glamping Kikopark\" target=\"_parent\" class=\"btn btn-link \">Descobrir<\/a>\n                <\/div>\n                <\/div>\n        <\/div>\n        <\/div>\n<\/div><\/div>[\/vc_column][\/vc_row][vc_row row_padding_top=&#8221;padding_top_1-4&#8243; row_padding_bottom=&#8221;padding_bottom_1-4&#8243; css=&#8221;.vc_custom_1537178689510{background-color: #ffffff !important;}&#8221;][vc_column width=&#8221;5\/6&#8243; boxed=&#8221;boxed&#8221; offset=&#8221;vc_col-sm-offset-1&#8243;]<div class=\"heading_group_sc wpb_content_element subtitle_bottom    text-center\">\n\n\n    <h2 class=\"title_sellos\">Kikopark<\/h2>\n\n\n        <span class=\"subtitle\">Els segells que ens avalen<\/span>\n\n<\/div>[vc_media_grid element_width=&#8221;3&#8243; gap=&#8221;10&#8243; initial_loading_animation=&#8221;none&#8221; grid_id=&#8221;vc_gid:1769683269372-6c76120c-1eb1-5&#8243; include=&#8221;4601,4605,4597,4657,4625,4621,4645,4617,4609,4589,4637,4641,4593,4653,4629,4613,4633,50267,51903&#8243; css=&#8221;.vc_custom_1766061149774{background-color: #ffffff !important;}&#8221;][\/vc_column][\/vc_row][vc_row equal_height=&#8221;yes&#8221; content_placement=&#8221;bottom&#8221; color_set=&#8221;light_section&#8221; align=&#8221;text-left&#8221; el_class=&#8221;app_banner&#8221; css=&#8221;.vc_custom_1726825125049{background-color: #f2f2f1 !important;}&#8221;][vc_column width=&#8221;1\/2&#8243;][vc_column_text el_class=&#8221;h3&#8243;]Desc\u00e0rrega l&#8217;app de Kikopark en iOS i Android per a aconseguir una experi\u00e8ncia completa.<\/p>\n<p><a class=\"btn btn-primary btn-inv\" href=\"https:\/\/apps.apple.com\/es\/app\/kikopark\/id6502638577\" target=\"_self\" rel=\"noopener\">Desc\u00e0rrega per a iOS<\/a><\/p>\n<p><a class=\"btn btn-primary btn-inv\" href=\"https:\/\/play.google.com\/store\/apps\/details?id=com.uplaan.campingkikopark&amp;hl=ca&amp;pli=1\" target=\"_self\" rel=\"noopener\">Desc\u00e0rrega per a Android<\/a>[\/vc_column_text][\/vc_column][vc_column width=&#8221;1\/2&#8243;][vc_single_image image=&#8221;47021&#8243; img_size=&#8221;full&#8221; alignment=&#8221;center&#8221; css=&#8221;.vc_custom_1727187834342{margin-top: 0px !important;margin-bottom: 0px !important;}&#8221;][\/vc_column][\/vc_row][vc_row row_padding_top=&#8221;padding_top_1-4&#8243; row_padding_bottom=&#8221;padding_bottom_1-4&#8243; css=&#8221;.vc_custom_1537178689510{background-color: #ffffff !important;}&#8221;][vc_column width=&#8221;5\/6&#8243; boxed=&#8221;boxed&#8221; offset=&#8221;vc_col-sm-offset-1&#8243;][vc_single_image image=&#8221;51542&#8243; img_size=&#8221;full&#8221; alignment=&#8221;center&#8221; onclick=&#8221;custom_link&#8221; img_link_target=&#8221;_blank&#8221; title=&#8221;Financiado por la Uni\u00f3n Europea \u2013 Next Generation&#8221; link=&#8221;https:\/\/kikopark.com\/wp-content\/uploads\/2026\/01\/JUSTIFICACION-TIP2-4-1-1.pdf&#8221;][\/vc_column][\/vc_row][vc_column][\/vc_column]<\/p>\n","protected":false},"excerpt":{"rendered":"<p>[vc_row content_placement=&#8221;middle&#8221; transparent=&#8221;transparent&#8221; transparent_overlay=&#8221;transparent_film&#8221;][vc_column css_animation=&#8221;none&#8221; transparent=&#8221;transparent&#8221;][vc_column_text el_class=&#8221;reserva_ahora&#8221;]Reservar ara[\/vc_column_text][\/vc_column][\/vc_row][vc_row css_animation=&#8221;none&#8221; transparent=&#8221;transparent&#8221; row_padding_top=&#8221;padding_top_none&#8221; row_padding_bottom=&#8221;padding_bottom_none&#8221; el_class=&#8221;hovers_box&#8221;][vc_column width=&#8221;1\/5&#8243;][\/vc_column][vc_column width=&#8221;1\/5&#8243;][\/vc_column][vc_column width=&#8221;1\/5&#8243;][\/vc_column][vc_column width=&#8221;1\/5&#8243;][\/vc_column][vc_column width=&#8221;1\/5&#8243;][\/vc_column][\/vc_row][vc_row][vc_column][vc_column_text el_class=&#8221;instalaciones_title_home instalaciones_title&#8221;] Instal\u00b7lacions Kikopark [\/vc_column_text][\/vc_column][\/vc_row][vc_row align=&#8221;text-center&#8221;][vc_column align=&#8221;text-center&#8221; el_class=&#8221;video_home&#8221;][vc_video link=&#8221;https:\/\/www.youtube.com\/watch?v=J9AWwTdckgQ&amp;ab_channel=Kikoparkplaya&#8221; align=&#8221;center&#8221;][\/vc_column][\/vc_row][vc_row color_set=&#8221;dark_section&#8221; transparent=&#8221;transparent&#8221; row_padding_top=&#8221;padding_top_none&#8221; el_class=&#8221;slider_home&#8221;][vc_column][\/vc_column][\/vc_row][vc_row row_padding_top=&#8221;padding_top_1-4&#8243; row_padding_bottom=&#8221;padding_bottom_1-4&#8243; css=&#8221;.vc_custom_1537178689510{background-color: #ffffff !important;}&#8221;][vc_column width=&#8221;5\/6&#8243; boxed=&#8221;boxed&#8221; offset=&#8221;vc_col-sm-offset-1&#8243;][vc_media_grid element_width=&#8221;3&#8243; gap=&#8221;10&#8243; initial_loading_animation=&#8221;none&#8221; grid_id=&#8221;vc_gid:1769683269372-6c76120c-1eb1-5&#8243; include=&#8221;4601,4605,4597,4657,4625,4621,4645,4617,4609,4589,4637,4641,4593,4653,4629,4613,4633,50267,51903&#8243; css=&#8221;.vc_custom_1766061149774{background-color: #ffffff !important;}&#8221;][\/vc_column][\/vc_row][vc_row equal_height=&#8221;yes&#8221; content_placement=&#8221;bottom&#8221; color_set=&#8221;light_section&#8221; align=&#8221;text-left&#8221; el_class=&#8221;app_banner&#8221; css=&#8221;.vc_custom_1726825125049{background-color: #f2f2f1 [&hellip;]<\/p>\n","protected":false},"author":3,"featured_media":4332,"parent":0,"menu_order":0,"comment_status":"closed","ping_status":"closed","template":"","meta":{"footnotes":""},"yoast_head":"<!-- This site is optimized with the Yoast SEO plugin v22.1 - https:\/\/yoast.com\/wordpress\/plugins\/seo\/ -->\n<title>C\u00e0mping KIKOPARK situat a primera l\u00ednia de la platja d&#039;Oliva.<\/title>\n<meta name=\"description\" content=\"C\u00e0mping KIKOPARK est\u00e0 situat a la platja d&#039;Oliva (Val\u00e8ncia), al costat d&#039;un ecosistema dunar i en primera l\u00ednia d&#039;una bella platja d&#039;arena blanca premiada amb la Bandera Blava Europea. Un lloc idoni per a gaudir i relaxar-se en plena naturalesa.\" \/>\n<meta name=\"robots\" content=\"index, follow, max-snippet:-1, max-image-preview:large, max-video-preview:-1\" \/>\n<link rel=\"canonical\" href=\"https:\/\/kikopark.com\/ca\/\" \/>\n<meta property=\"og:locale\" content=\"ca_ES\" \/>\n<meta property=\"og:type\" content=\"article\" \/>\n<meta property=\"og:title\" content=\"C\u00e0mping KIKOPARK situat a primera l\u00ednia de la platja d&#039;Oliva.\" \/>\n<meta property=\"og:description\" content=\"C\u00e0mping KIKOPARK est\u00e0 situat a la platja d&#039;Oliva (Val\u00e8ncia), al costat d&#039;un ecosistema dunar i en primera l\u00ednia d&#039;una bella platja d&#039;arena blanca premiada amb la Bandera Blava Europea. Un lloc idoni per a gaudir i relaxar-se en plena naturalesa.\" \/>\n<meta property=\"og:url\" content=\"https:\/\/kikopark.com\/ca\/\" \/>\n<meta property=\"og:site_name\" content=\"KIKOPARK\" \/>\n<meta property=\"article:modified_time\" content=\"2026-01-29T10:41:17+00:00\" \/>\n<meta property=\"og:image\" content=\"https:\/\/kikopark.com\/wp-content\/uploads\/2018\/08\/coche-1.jpg\" \/>\n\t<meta property=\"og:image:width\" content=\"1600\" \/>\n\t<meta property=\"og:image:height\" content=\"1200\" \/>\n\t<meta property=\"og:image:type\" content=\"image\/jpeg\" \/>\n<meta name=\"twitter:card\" content=\"summary_large_image\" \/>\n<meta name=\"twitter:label1\" content=\"Temps estimat de lectura\" \/>\n\t<meta name=\"twitter:data1\" content=\"6 minuts\" \/>\n<script type=\"application\/ld+json\" class=\"yoast-schema-graph\">{\"@context\":\"https:\/\/schema.org\",\"@graph\":[{\"@type\":\"WebPage\",\"@id\":\"https:\/\/kikopark.com\/ca\/\",\"url\":\"https:\/\/kikopark.com\/ca\/\",\"name\":\"C\u00e0mping KIKOPARK situat a primera l\u00ednia de la platja d'Oliva.\",\"isPartOf\":{\"@id\":\"https:\/\/kikopark.com\/ca\/#website\"},\"datePublished\":\"2016-11-23T12:33:15+00:00\",\"dateModified\":\"2026-01-29T10:41:17+00:00\",\"description\":\"C\u00e0mping KIKOPARK est\u00e0 situat a la platja d'Oliva (Val\u00e8ncia), al costat d'un ecosistema dunar i en primera l\u00ednia d'una bella platja d'arena blanca premiada amb la Bandera Blava Europea. Un lloc idoni per a gaudir i relaxar-se en plena naturalesa.\",\"breadcrumb\":{\"@id\":\"https:\/\/kikopark.com\/ca\/#breadcrumb\"},\"inLanguage\":\"ca\",\"potentialAction\":[{\"@type\":\"ReadAction\",\"target\":[\"https:\/\/kikopark.com\/ca\/\"]}]},{\"@type\":\"BreadcrumbList\",\"@id\":\"https:\/\/kikopark.com\/ca\/#breadcrumb\",\"itemListElement\":[{\"@type\":\"ListItem\",\"position\":1,\"name\":\"Portada\",\"item\":\"https:\/\/kikopark.com\/ca\/\"},{\"@type\":\"ListItem\",\"position\":2,\"name\":\"Kikopark\"}]},{\"@type\":\"WebSite\",\"@id\":\"https:\/\/kikopark.com\/ca\/#website\",\"url\":\"https:\/\/kikopark.com\/ca\/\",\"name\":\"KIKOPARK\",\"description\":\"[:es]Website del complejo tur\u00edstico KIKOPARK en la playa de Oliva (Valencia)[:en]Website of the KIKOPARK tourist complex on the beach of Oliva (Valencia)[:de]Website des KIKOPARK Touristenkomplexes am Strand von Oliva (Valencia)[:ca]Website del complexe tur\u00edstic KIKOPARK a la platja d&#039;Oliva (Val\u00e8ncia)[:fr]Site du complexe touristique KIKOPARK sur la plage d&#039;Oliva (Valence)[:]\",\"potentialAction\":[{\"@type\":\"SearchAction\",\"target\":{\"@type\":\"EntryPoint\",\"urlTemplate\":\"https:\/\/kikopark.com\/ca\/?s={search_term_string}\"},\"query-input\":\"required name=search_term_string\"}],\"inLanguage\":\"ca\"}]}<\/script>\n<!-- \/ Yoast SEO plugin. -->","yoast_head_json":{"title":"C\u00e0mping KIKOPARK situat a primera l\u00ednia de la platja d'Oliva.","description":"C\u00e0mping KIKOPARK est\u00e0 situat a la platja d'Oliva (Val\u00e8ncia), al costat d'un ecosistema dunar i en primera l\u00ednia d'una bella platja d'arena blanca premiada amb la Bandera Blava Europea. Un lloc idoni per a gaudir i relaxar-se en plena naturalesa.","robots":{"index":"index","follow":"follow","max-snippet":"max-snippet:-1","max-image-preview":"max-image-preview:large","max-video-preview":"max-video-preview:-1"},"canonical":"https:\/\/kikopark.com\/ca\/","og_locale":"ca_ES","og_type":"article","og_title":"C\u00e0mping KIKOPARK situat a primera l\u00ednia de la platja d'Oliva.","og_description":"C\u00e0mping KIKOPARK est\u00e0 situat a la platja d'Oliva (Val\u00e8ncia), al costat d'un ecosistema dunar i en primera l\u00ednia d'una bella platja d'arena blanca premiada amb la Bandera Blava Europea. Un lloc idoni per a gaudir i relaxar-se en plena naturalesa.","og_url":"https:\/\/kikopark.com\/ca\/","og_site_name":"KIKOPARK","article_modified_time":"2026-01-29T10:41:17+00:00","og_image":[{"width":1600,"height":1200,"url":"https:\/\/kikopark.com\/wp-content\/uploads\/2018\/08\/coche-1.jpg","type":"image\/jpeg"}],"twitter_card":"summary_large_image","twitter_misc":{"Temps estimat de lectura":"6 minuts"},"schema":{"@context":"https:\/\/schema.org","@graph":[{"@type":"WebPage","@id":"https:\/\/kikopark.com\/ca\/","url":"https:\/\/kikopark.com\/ca\/","name":"C\u00e0mping KIKOPARK situat a primera l\u00ednia de la platja d'Oliva.","isPartOf":{"@id":"https:\/\/kikopark.com\/ca\/#website"},"datePublished":"2016-11-23T12:33:15+00:00","dateModified":"2026-01-29T10:41:17+00:00","description":"C\u00e0mping KIKOPARK est\u00e0 situat a la platja d'Oliva (Val\u00e8ncia), al costat d'un ecosistema dunar i en primera l\u00ednia d'una bella platja d'arena blanca premiada amb la Bandera Blava Europea. Un lloc idoni per a gaudir i relaxar-se en plena naturalesa.","breadcrumb":{"@id":"https:\/\/kikopark.com\/ca\/#breadcrumb"},"inLanguage":"ca","potentialAction":[{"@type":"ReadAction","target":["https:\/\/kikopark.com\/ca\/"]}]},{"@type":"BreadcrumbList","@id":"https:\/\/kikopark.com\/ca\/#breadcrumb","itemListElement":[{"@type":"ListItem","position":1,"name":"Portada","item":"https:\/\/kikopark.com\/ca\/"},{"@type":"ListItem","position":2,"name":"Kikopark"}]},{"@type":"WebSite","@id":"https:\/\/kikopark.com\/ca\/#website","url":"https:\/\/kikopark.com\/ca\/","name":"KIKOPARK","description":"[:es]Website del complejo tur\u00edstico KIKOPARK en la playa de Oliva (Valencia)[:en]Website of the KIKOPARK tourist complex on the beach of Oliva (Valencia)[:de]Website des KIKOPARK Touristenkomplexes am Strand von Oliva (Valencia)[:ca]Website del complexe tur\u00edstic KIKOPARK a la platja d&#039;Oliva (Val\u00e8ncia)[:fr]Site du complexe touristique KIKOPARK sur la plage d&#039;Oliva (Valence)[:]","potentialAction":[{"@type":"SearchAction","target":{"@type":"EntryPoint","urlTemplate":"https:\/\/kikopark.com\/ca\/?s={search_term_string}"},"query-input":"required name=search_term_string"}],"inLanguage":"ca"}]}},"_links":{"self":[{"href":"https:\/\/kikopark.com\/ca\/wp-json\/wp\/v2\/pages\/4073"}],"collection":[{"href":"https:\/\/kikopark.com\/ca\/wp-json\/wp\/v2\/pages"}],"about":[{"href":"https:\/\/kikopark.com\/ca\/wp-json\/wp\/v2\/types\/page"}],"author":[{"embeddable":true,"href":"https:\/\/kikopark.com\/ca\/wp-json\/wp\/v2\/users\/3"}],"replies":[{"embeddable":true,"href":"https:\/\/kikopark.com\/ca\/wp-json\/wp\/v2\/comments?post=4073"}],"version-history":[{"count":34,"href":"https:\/\/kikopark.com\/ca\/wp-json\/wp\/v2\/pages\/4073\/revisions"}],"predecessor-version":[{"id":52019,"href":"https:\/\/kikopark.com\/ca\/wp-json\/wp\/v2\/pages\/4073\/revisions\/52019"}],"wp:featuredmedia":[{"embeddable":true,"href":"https:\/\/kikopark.com\/ca\/wp-json\/wp\/v2\/media\/4332"}],"wp:attachment":[{"href":"https:\/\/kikopark.com\/ca\/wp-json\/wp\/v2\/media?parent=4073"}],"curies":[{"name":"wp","href":"https:\/\/api.w.org\/{rel}","templated":true}]}}