{"id":4089,"date":"2016-11-24T18:10:10","date_gmt":"2016-11-24T16:10:10","guid":{"rendered":"https:\/\/kikopark.com\/gastronomia\/"},"modified":"2024-09-30T17:59:28","modified_gmt":"2024-09-30T15:59:28","slug":"gastronomia","status":"publish","type":"page","link":"https:\/\/kikopark.com\/ca\/gastronomia\/","title":{"rendered":"Gastronomia"},"content":{"rendered":"<p>[vc_row][vc_column][vc_column_text el_class=&#8221;rooms_titles_premium_plus&#8221;]3 llocs perfectes per a con\u00e9ixer la nostra gastronomia[\/vc_column_text][\/vc_column][\/vc_row][vc_row el_class=&#8221;room_info&#8221;][vc_column width=&#8221;1\/2&#8243;][vc_column_text]<\/p>\n<h2 class=\"aventura_title\">Kikoport<\/h2>\n<p class=\"kampexperience_text\">Kiko Port \u00e9s el punt en com\u00fa on el producte i el sabor delaten la cuina m\u00e9s Mediterr\u00e0nia. Un espai en el qual el sol i la brisa s\u00f3n els acompanyants. Un ambient perfecte per a relaxar-se, conversar i admirar les magn\u00edfiques vistes. Un lloc per a viure la aut\u00e8ntica experi\u00e8ncia.<\/p>\n<p class=\"kampexperience_text\">En el nostre restaurant creem propostes gastron\u00f2miques des del saber fer tradicional, aportant un enfocament internacional i oferint una cuina de mercat amb productes de proximitat.<\/p>\n<p><a class=\"btn btn-inv aventura_btn\" href=\"http:\/\/kikoport.com\/carta\/\" target=\"_blank\" rel=\"noopener\">VORE CARTA<\/a>[\/vc_column_text][\/vc_column][vc_column width=&#8221;1\/2&#8243; el_class=&#8221;kampexperience_carrusel&#8221;][vc_images_carousel images=&#8221;47434,47438,47386,47442,47446,47450&#8243; img_size=&#8221;full&#8221; onclick=&#8221;link_no&#8221; wrap=&#8221;yes&#8221;][\/vc_column][\/vc_row][vc_row el_class=&#8221;room_info_slider&#8221;][vc_column width=&#8221;1\/2&#8243; el_class=&#8221;kampexperience_carrusel&#8221;][vc_images_carousel images=&#8221;47414,47418,47422,47426,47430&#8243; img_size=&#8221;full&#8221; onclick=&#8221;link_no&#8221; wrap=&#8221;yes&#8221;][\/vc_column][vc_column width=&#8221;1\/2&#8243; el_class=&#8221;kampexperience_texto_derecha&#8221;][vc_column_text el_class=&#8221;kampexperience_text_slider&#8221;]<\/p>\n<h2 class=\"aventura_title\">Pizzer\u00eda La Frascuela<\/h2>\n<p class=\"kampexperience_text\">Descobreix La Frascuela una encantadora pizzeria cafeteria on gaudir del sabor Mediterr\u00e0ni. Oferim una deliciosa varietat d&#8217;opcions, pizzes, pasta, arrossos, desdejunis, sucs naturals, pastissos casolans, caf\u00e9s, gelats, pollastres rostits, i molt m\u00e9s!<\/p>\n<p class=\"kampexperience_text\">Tens l&#8217;opci\u00f3 de gaudir de les nostres propostes en el local o portar-te-les on preferisques, tota la nostra carta est\u00e0 disponible en servei de Take Away. Veuen a provar l&#8217;aut\u00e8ntica ess\u00e8ncia de la cuina mediterr\u00e0nia!<\/p>\n<p>[\/vc_column_text][\/vc_column][\/vc_row][vc_row el_class=&#8221;aventura_icon_container_impar aventura_icon_primer_container&#8221;][vc_column width=&#8221;1\/2&#8243;][vc_column_text]<\/p>\n<div class=\"kampexperience_aventura_izq\">\n<h2 class=\"aventura_title\">Xiringuito<\/h2>\n<p class=\"kampexperience_text\">Mojitos, cerveses fresquetes, paelles a la platja, c\u00f2ctels, bona m\u00fasica i hamaques\u2026 Qu\u00e8 m\u00e9s es pot demanar a la vora del Mediterrani?<\/p>\n<p class=\"kampexperience_text\">El nostre quiosquet \u00e9s el lloc ideal per a refrescar-te en els dies d&#8217;estiu amb amics, parella o fam\u00edlia. El teu punt de trobada perfecta, just en l&#8217;arena de la riba de la mar.<\/p>\n<\/div>\n<p>[\/vc_column_text][\/vc_column][vc_column width=&#8221;1\/2&#8243; el_class=&#8221;kampexperience_carrusel&#8221;][vc_images_carousel images=&#8221;47394,47398,47402,47406,47410&#8243; img_size=&#8221;full&#8221; onclick=&#8221;link_no&#8221; wrap=&#8221;yes&#8221;][\/vc_column][\/vc_row]<\/p>\n","protected":false},"excerpt":{"rendered":"<p>[vc_row][vc_column][vc_column_text el_class=&#8221;rooms_titles_premium_plus&#8221;]3 llocs perfectes per a con\u00e9ixer la nostra gastronomia[\/vc_column_text][\/vc_column][\/vc_row][vc_row el_class=&#8221;room_info&#8221;][vc_column width=&#8221;1\/2&#8243;][vc_column_text] Kikoport Kiko Port \u00e9s el punt en com\u00fa on el producte i el sabor delaten la cuina m\u00e9s Mediterr\u00e0nia. Un espai en el qual el sol i la brisa s\u00f3n els acompanyants. Un ambient perfecte per a relaxar-se, conversar i admirar les magn\u00edfiques [&hellip;]<\/p>\n","protected":false},"author":3,"featured_media":47390,"parent":0,"menu_order":0,"comment_status":"closed","ping_status":"closed","template":"","meta":{"footnotes":""},"yoast_head":"<!-- This site is optimized with the Yoast SEO plugin v22.1 - https:\/\/yoast.com\/wordpress\/plugins\/seo\/ -->\n<title>Un lloc perfecte per a difrutar d&#039;un menjar excel\u00b7lent.<\/title>\n<meta name=\"description\" content=\"Benvingut a KIKOPARK, un lloc perfecte per a difrutar d&#039;un menjar excel\u00b7lent. Submergeix-te en l\u2019aut\u00e8ntic sabor mediKIKOrraneo.\" \/>\n<meta name=\"robots\" content=\"index, follow, max-snippet:-1, max-image-preview:large, max-video-preview:-1\" \/>\n<link rel=\"canonical\" href=\"https:\/\/kikopark.com\/ca\/gastronomia\/\" \/>\n<meta property=\"og:locale\" content=\"ca_ES\" \/>\n<meta property=\"og:type\" content=\"article\" \/>\n<meta property=\"og:title\" content=\"Un lloc perfecte per a difrutar d&#039;un menjar excel\u00b7lent.\" \/>\n<meta property=\"og:description\" content=\"Benvingut a KIKOPARK, un lloc perfecte per a difrutar d&#039;un menjar excel\u00b7lent. Submergeix-te en l\u2019aut\u00e8ntic sabor mediKIKOrraneo.\" \/>\n<meta property=\"og:url\" content=\"https:\/\/kikopark.com\/ca\/gastronomia\/\" \/>\n<meta property=\"og:site_name\" content=\"KIKOPARK\" \/>\n<meta property=\"article:modified_time\" content=\"2024-09-30T15:59:28+00:00\" \/>\n<meta property=\"og:image\" content=\"https:\/\/kikopark.com\/wp-content\/uploads\/2024\/09\/CABECERA-6.jpg\" \/>\n\t<meta property=\"og:image:width\" content=\"2560\" \/>\n\t<meta property=\"og:image:height\" content=\"932\" \/>\n\t<meta property=\"og:image:type\" content=\"image\/jpeg\" \/>\n<meta name=\"twitter:card\" content=\"summary_large_image\" \/>\n<meta name=\"twitter:label1\" content=\"Temps estimat de lectura\" \/>\n\t<meta name=\"twitter:data1\" content=\"3 minuts\" \/>\n<script type=\"application\/ld+json\" class=\"yoast-schema-graph\">{\"@context\":\"https:\/\/schema.org\",\"@graph\":[{\"@type\":\"WebPage\",\"@id\":\"https:\/\/kikopark.com\/ca\/gastronomia\/\",\"url\":\"https:\/\/kikopark.com\/ca\/gastronomia\/\",\"name\":\"Un lloc perfecte per a difrutar d'un menjar excel\u00b7lent.\",\"isPartOf\":{\"@id\":\"https:\/\/kikopark.com\/ca\/#website\"},\"datePublished\":\"2016-11-24T16:10:10+00:00\",\"dateModified\":\"2024-09-30T15:59:28+00:00\",\"description\":\"Benvingut a KIKOPARK, un lloc perfecte per a difrutar d'un menjar excel\u00b7lent. Submergeix-te en l\u2019aut\u00e8ntic sabor mediKIKOrraneo.\",\"breadcrumb\":{\"@id\":\"https:\/\/kikopark.com\/ca\/gastronomia\/#breadcrumb\"},\"inLanguage\":\"ca\",\"potentialAction\":[{\"@type\":\"ReadAction\",\"target\":[\"https:\/\/kikopark.com\/ca\/gastronomia\/\"]}]},{\"@type\":\"BreadcrumbList\",\"@id\":\"https:\/\/kikopark.com\/ca\/gastronomia\/#breadcrumb\",\"itemListElement\":[{\"@type\":\"ListItem\",\"position\":1,\"name\":\"Portada\",\"item\":\"https:\/\/kikopark.com\/ca\/\"},{\"@type\":\"ListItem\",\"position\":2,\"name\":\"Gastronomia\"}]},{\"@type\":\"WebSite\",\"@id\":\"https:\/\/kikopark.com\/ca\/#website\",\"url\":\"https:\/\/kikopark.com\/ca\/\",\"name\":\"KIKOPARK\",\"description\":\"[:es]Website del complejo tur\u00edstico KIKOPARK en la playa de Oliva (Valencia)[:en]Website of the KIKOPARK tourist complex on the beach of Oliva (Valencia)[:de]Website des KIKOPARK Touristenkomplexes am Strand von Oliva (Valencia)[:ca]Website del complexe tur\u00edstic KIKOPARK a la platja d&#039;Oliva (Val\u00e8ncia)[:fr]Site du complexe touristique KIKOPARK sur la plage d&#039;Oliva (Valence)[:]\",\"potentialAction\":[{\"@type\":\"SearchAction\",\"target\":{\"@type\":\"EntryPoint\",\"urlTemplate\":\"https:\/\/kikopark.com\/ca\/?s={search_term_string}\"},\"query-input\":\"required name=search_term_string\"}],\"inLanguage\":\"ca\"}]}<\/script>\n<!-- \/ Yoast SEO plugin. -->","yoast_head_json":{"title":"Un lloc perfecte per a difrutar d'un menjar excel\u00b7lent.","description":"Benvingut a KIKOPARK, un lloc perfecte per a difrutar d'un menjar excel\u00b7lent. Submergeix-te en l\u2019aut\u00e8ntic sabor mediKIKOrraneo.","robots":{"index":"index","follow":"follow","max-snippet":"max-snippet:-1","max-image-preview":"max-image-preview:large","max-video-preview":"max-video-preview:-1"},"canonical":"https:\/\/kikopark.com\/ca\/gastronomia\/","og_locale":"ca_ES","og_type":"article","og_title":"Un lloc perfecte per a difrutar d'un menjar excel\u00b7lent.","og_description":"Benvingut a KIKOPARK, un lloc perfecte per a difrutar d'un menjar excel\u00b7lent. Submergeix-te en l\u2019aut\u00e8ntic sabor mediKIKOrraneo.","og_url":"https:\/\/kikopark.com\/ca\/gastronomia\/","og_site_name":"KIKOPARK","article_modified_time":"2024-09-30T15:59:28+00:00","og_image":[{"width":2560,"height":932,"url":"https:\/\/kikopark.com\/wp-content\/uploads\/2024\/09\/CABECERA-6.jpg","type":"image\/jpeg"}],"twitter_card":"summary_large_image","twitter_misc":{"Temps estimat de lectura":"3 minuts"},"schema":{"@context":"https:\/\/schema.org","@graph":[{"@type":"WebPage","@id":"https:\/\/kikopark.com\/ca\/gastronomia\/","url":"https:\/\/kikopark.com\/ca\/gastronomia\/","name":"Un lloc perfecte per a difrutar d'un menjar excel\u00b7lent.","isPartOf":{"@id":"https:\/\/kikopark.com\/ca\/#website"},"datePublished":"2016-11-24T16:10:10+00:00","dateModified":"2024-09-30T15:59:28+00:00","description":"Benvingut a KIKOPARK, un lloc perfecte per a difrutar d'un menjar excel\u00b7lent. Submergeix-te en l\u2019aut\u00e8ntic sabor mediKIKOrraneo.","breadcrumb":{"@id":"https:\/\/kikopark.com\/ca\/gastronomia\/#breadcrumb"},"inLanguage":"ca","potentialAction":[{"@type":"ReadAction","target":["https:\/\/kikopark.com\/ca\/gastronomia\/"]}]},{"@type":"BreadcrumbList","@id":"https:\/\/kikopark.com\/ca\/gastronomia\/#breadcrumb","itemListElement":[{"@type":"ListItem","position":1,"name":"Portada","item":"https:\/\/kikopark.com\/ca\/"},{"@type":"ListItem","position":2,"name":"Gastronomia"}]},{"@type":"WebSite","@id":"https:\/\/kikopark.com\/ca\/#website","url":"https:\/\/kikopark.com\/ca\/","name":"KIKOPARK","description":"[:es]Website del complejo tur\u00edstico KIKOPARK en la playa de Oliva (Valencia)[:en]Website of the KIKOPARK tourist complex on the beach of Oliva (Valencia)[:de]Website des KIKOPARK Touristenkomplexes am Strand von Oliva (Valencia)[:ca]Website del complexe tur\u00edstic KIKOPARK a la platja d&#039;Oliva (Val\u00e8ncia)[:fr]Site du complexe touristique KIKOPARK sur la plage d&#039;Oliva (Valence)[:]","potentialAction":[{"@type":"SearchAction","target":{"@type":"EntryPoint","urlTemplate":"https:\/\/kikopark.com\/ca\/?s={search_term_string}"},"query-input":"required name=search_term_string"}],"inLanguage":"ca"}]}},"_links":{"self":[{"href":"https:\/\/kikopark.com\/ca\/wp-json\/wp\/v2\/pages\/4089"}],"collection":[{"href":"https:\/\/kikopark.com\/ca\/wp-json\/wp\/v2\/pages"}],"about":[{"href":"https:\/\/kikopark.com\/ca\/wp-json\/wp\/v2\/types\/page"}],"author":[{"embeddable":true,"href":"https:\/\/kikopark.com\/ca\/wp-json\/wp\/v2\/users\/3"}],"replies":[{"embeddable":true,"href":"https:\/\/kikopark.com\/ca\/wp-json\/wp\/v2\/comments?post=4089"}],"version-history":[{"count":9,"href":"https:\/\/kikopark.com\/ca\/wp-json\/wp\/v2\/pages\/4089\/revisions"}],"predecessor-version":[{"id":48242,"href":"https:\/\/kikopark.com\/ca\/wp-json\/wp\/v2\/pages\/4089\/revisions\/48242"}],"wp:featuredmedia":[{"embeddable":true,"href":"https:\/\/kikopark.com\/ca\/wp-json\/wp\/v2\/media\/47390"}],"wp:attachment":[{"href":"https:\/\/kikopark.com\/ca\/wp-json\/wp\/v2\/media?parent=4089"}],"curies":[{"name":"wp","href":"https:\/\/api.w.org\/{rel}","templated":true}]}}