{"id":4093,"date":"2016-11-24T18:10:50","date_gmt":"2016-11-24T16:10:50","guid":{"rendered":"https:\/\/kikopark.com\/contacte\/"},"modified":"2024-10-01T10:09:26","modified_gmt":"2024-10-01T08:09:26","slug":"contacte","status":"publish","type":"page","link":"https:\/\/kikopark.com\/ca\/contacte\/","title":{"rendered":"Contacte"},"content":{"rendered":"<p>[vc_row][vc_column][vc_column_text el_class=&#8221;rooms_titles_premium_plus&#8221;]<\/p>\n<h2>Kikopark Platja<\/h2>\n<p>[\/vc_column_text][\/vc_column][\/vc_row][vc_row el_class=&#8221;room_info&#8221;][vc_column width=&#8221;1\/2&#8243;][vc_column_text]<\/p>\n<h2 class=\"aventura_title\">Com arribar<\/h2>\n<p class=\"kampexperience_text\">KIKOPARK est\u00e0 situat a la platja d&#8217;Oliva, a nom\u00e9s una hora de la ciutat de Val\u00e8ncia.<\/p>\n<p class=\"kampexperience_text\">Per a arribar a les nostres instal\u00b7lacions, nom\u00e9s necessites prendre l&#8217;autopista AP-7 del Mediterrani i eixir per l&#8217;eixida 61 en direcci\u00f3 a Oliva. Una vegada en aquesta localitat, segueix els nostres senyals que et guiaran fins a la platja d&#8217;Oliva. Ens trobar\u00e0s al costat del port esportiu.<\/p>\n<p class=\"kampexperience_text\">Si utilitzes un navegador GPS, pots introduir les nostres coordenades:<br \/>\nLon: 0\u00ba 05\u2032 51\u201d \u2013 W<br \/>\nLat: 38\u00ba 55&#8242; 58&#8243; &#8211; N<\/p>\n<p><a class=\"btn btn-inv aventura_btn\" href=\"https:\/\/www.google.com\/maps\/dir\/''\/camping+kiko\/data=!4m5!4m4!1m0!1m2!1m1!1s0xd61e6e9297e26c9:0x4d1343993a828e79?sa=X&amp;ved=2ahUKEwiwwejA8ILdAhXyyYUKHe9bA04Q9RcwC3oECAkQEw\" target=\"_blank\" rel=\"noopener\">Com arribar<\/a>[\/vc_column_text][\/vc_column][vc_column width=&#8221;1\/2&#8243; el_class=&#8221;kampexperience_img&#8221;][vc_single_image image=&#8221;47460&#8243; img_size=&#8221;full&#8221;][\/vc_column][\/vc_row][vc_row el_class=&#8221;iconos_contacto&#8221;][vc_column width=&#8221;1\/2&#8243;][vc_icon icon_fontawesome=&#8221;fas fa-phone-alt&#8221; color=&#8221;custom&#8221; size=&#8221;lg&#8221; align=&#8221;center&#8221; custom_color=&#8221;#2e435b&#8221;][vc_column_text]<\/p>\n<p class=\"aventura_title\" style=\"text-align: center;\">Tel\u00e8fon<\/p>\n<p style=\"text-align: center;\">962 85 09 05<\/p>\n<p style=\"text-align: center;\"><a href=\"https:\/\/kikopark.com\/ca\/gastronomia\/\">Restaurant Kiko Port<\/a> 96 285 61 52<br \/>\n<a href=\"https:\/\/kikopark.com\/ca\/gastronomia\/\">Pizzeria La Frascuela<\/a> 96 110 80 50<\/p>\n<p>[\/vc_column_text][\/vc_column][vc_column width=&#8221;1\/2&#8243;][vc_icon icon_fontawesome=&#8221;fas fa-envelope&#8221; color=&#8221;custom&#8221; size=&#8221;lg&#8221; align=&#8221;center&#8221; custom_color=&#8221;#2e435b&#8221;][vc_column_text]<\/p>\n<p class=\"aventura_title\" style=\"text-align: center;\">E-mail<\/p>\n<p style=\"text-align: center;\">info@kikopark.com<\/p>\n<p>[\/vc_column_text][\/vc_column][\/vc_row][vc_row full_width=&#8221;stretch_row&#8221; color_set=&#8221;white_section&#8221; align=&#8221;text-center&#8221; el_class=&#8221;large_form contact_form_container&#8221; css=&#8221;.vc_custom_1639042594062{background-color: #ffffff !important;}&#8221;][vc_column width=&#8221;2\/3&#8243; offset=&#8221;vc_col-sm-offset-2&#8243;]<div class=\"heading_group_sc wpb_content_element subtitle_bottom    text-center\">\n\n\n    <h2>Contacta amb nosaltres<\/h2>\n\n\n        <span class=\"subtitle\"><\/span>\n\n<\/div>[vc_column_text el_class=&#8221;contact_text&#8221;]<\/p>\n<p style=\"text-align: center;\">Per a qualsevol dubte estem a la teua disposici\u00f3 les 24 hores dels 365 dies de l\u2019any.<\/p>\n<p>[\/vc_column_text]\n<div class=\"wpcf7 no-js\" id=\"wpcf7-f8510-o1\" lang=\"ca\" dir=\"ltr\">\n<div class=\"screen-reader-response\"><p role=\"status\" aria-live=\"polite\" aria-atomic=\"true\"><\/p> <ul><\/ul><\/div>\n<form action=\"\/ca\/wp-json\/wp\/v2\/pages\/4093#wpcf7-f8510-o1\" method=\"post\" class=\"wpcf7-form init\" aria-label=\"Formulari de contacte\" novalidate=\"novalidate\" data-status=\"init\">\n<div style=\"display: none;\">\n<input type=\"hidden\" name=\"_wpcf7\" value=\"8510\" \/>\n<input type=\"hidden\" name=\"_wpcf7_version\" value=\"5.8.7\" \/>\n<input type=\"hidden\" name=\"_wpcf7_locale\" value=\"ca\" \/>\n<input type=\"hidden\" name=\"_wpcf7_unit_tag\" value=\"wpcf7-f8510-o1\" \/>\n<input type=\"hidden\" name=\"_wpcf7_container_post\" value=\"0\" \/>\n<input type=\"hidden\" name=\"_wpcf7_posted_data_hash\" value=\"\" \/>\n<input type=\"hidden\" name=\"_wpcf7_recaptcha_response\" value=\"\" \/>\n<\/div>\n<p><label class=\"label_contacto\"> El teu nom*<br \/>\n<span class=\"wpcf7-form-control-wrap\" data-name=\"your-name\"><input size=\"40\" class=\"wpcf7-form-control wpcf7-text wpcf7-validates-as-required\" aria-required=\"true\" aria-invalid=\"false\" value=\"\" type=\"text\" name=\"your-name\" \/><\/span> <\/label>\n<\/p>\n<p><label class=\"label_contacto\"> El teu correu electr\u00f2nic*<br \/>\n<span class=\"wpcf7-form-control-wrap\" data-name=\"your-email\"><input size=\"40\" class=\"wpcf7-form-control wpcf7-email wpcf7-validates-as-required wpcf7-text wpcf7-validates-as-email\" aria-required=\"true\" aria-invalid=\"false\" value=\"\" type=\"email\" name=\"your-email\" \/><\/span> <\/label>\n<\/p>\n<p><label class=\"label_contacto\"> Assumpte<br \/>\n<span class=\"wpcf7-form-control-wrap\" data-name=\"your-subject\"><input size=\"40\" class=\"wpcf7-form-control wpcf7-text\" aria-invalid=\"false\" value=\"\" type=\"text\" name=\"your-subject\" \/><\/span> <\/label>\n<\/p>\n<p><label class=\"label_contacto\"> El teu missatge<br \/>\n<span class=\"wpcf7-form-control-wrap\" data-name=\"your-message\"><textarea cols=\"40\" rows=\"10\" class=\"wpcf7-form-control wpcf7-textarea\" aria-invalid=\"false\" name=\"your-message\"><\/textarea><\/span> <\/label>\n<\/p>\n<p><input class=\"wpcf7-form-control wpcf7-submit has-spinner btn-inv\" type=\"submit\" value=\"Enviar\" \/>\n<\/p><p style=\"display: none !important;\" class=\"akismet-fields-container\" data-prefix=\"_wpcf7_ak_\"><label>&#916;<textarea name=\"_wpcf7_ak_hp_textarea\" cols=\"45\" rows=\"8\" maxlength=\"100\"><\/textarea><\/label><input type=\"hidden\" id=\"ak_js_1\" name=\"_wpcf7_ak_js\" value=\"45\"\/><script>document.getElementById( \"ak_js_1\" ).setAttribute( \"value\", ( new Date() ).getTime() );<\/script><\/p><div class=\"wpcf7-response-output\" aria-hidden=\"true\"><\/div>\n<\/form>\n<\/div>\n[\/vc_column][\/vc_row]<\/p>\n","protected":false},"excerpt":{"rendered":"<p>[vc_row][vc_column][vc_column_text el_class=&#8221;rooms_titles_premium_plus&#8221;] Kikopark Platja [\/vc_column_text][\/vc_column][\/vc_row][vc_row el_class=&#8221;room_info&#8221;][vc_column width=&#8221;1\/2&#8243;][vc_column_text] Com arribar KIKOPARK est\u00e0 situat a la platja d&#8217;Oliva, a nom\u00e9s una hora de la ciutat de Val\u00e8ncia. Per a arribar a les nostres instal\u00b7lacions, nom\u00e9s necessites prendre l&#8217;autopista AP-7 del Mediterrani i eixir per l&#8217;eixida 61 en direcci\u00f3 a Oliva. Una vegada en aquesta localitat, segueix els [&hellip;]<\/p>\n","protected":false},"author":5,"featured_media":47464,"parent":0,"menu_order":0,"comment_status":"closed","ping_status":"closed","template":"","meta":{"footnotes":""},"yoast_head":"<!-- This site is optimized with the Yoast SEO plugin v22.1 - https:\/\/yoast.com\/wordpress\/plugins\/seo\/ -->\n<title>Est\u00e0s en KIKOPARK, el teu trosset de #mediKIKOrrani.<\/title>\n<meta name=\"description\" content=\"Benvingut a KIKOPARK, el teu trosset de #mediKIKOrrani. Subscriu-te al nostre newsletter perqu\u00e8 et puguem manar les nostres ofertes i promocions.\" \/>\n<meta name=\"robots\" content=\"index, follow, max-snippet:-1, max-image-preview:large, max-video-preview:-1\" \/>\n<link rel=\"canonical\" href=\"https:\/\/kikopark.com\/ca\/contacte\/\" \/>\n<meta property=\"og:locale\" content=\"ca_ES\" \/>\n<meta property=\"og:type\" content=\"article\" \/>\n<meta property=\"og:title\" content=\"Est\u00e0s en KIKOPARK, el teu trosset de #mediKIKOrrani.\" \/>\n<meta property=\"og:description\" content=\"Benvingut a KIKOPARK, el teu trosset de #mediKIKOrrani. Subscriu-te al nostre newsletter perqu\u00e8 et puguem manar les nostres ofertes i promocions.\" \/>\n<meta property=\"og:url\" content=\"https:\/\/kikopark.com\/ca\/contacte\/\" \/>\n<meta property=\"og:site_name\" content=\"KIKOPARK\" \/>\n<meta property=\"article:modified_time\" content=\"2024-10-01T08:09:26+00:00\" \/>\n<meta property=\"og:image\" content=\"https:\/\/kikopark.com\/wp-content\/uploads\/2024\/09\/CONTACTO.jpg\" \/>\n\t<meta property=\"og:image:width\" content=\"2560\" \/>\n\t<meta property=\"og:image:height\" content=\"932\" \/>\n\t<meta property=\"og:image:type\" content=\"image\/jpeg\" \/>\n<meta name=\"twitter:card\" content=\"summary_large_image\" \/>\n<meta name=\"twitter:label1\" content=\"Temps estimat de lectura\" \/>\n\t<meta name=\"twitter:data1\" content=\"2 minuts\" \/>\n<script type=\"application\/ld+json\" class=\"yoast-schema-graph\">{\"@context\":\"https:\/\/schema.org\",\"@graph\":[{\"@type\":\"WebPage\",\"@id\":\"https:\/\/kikopark.com\/ca\/contacte\/\",\"url\":\"https:\/\/kikopark.com\/ca\/contacte\/\",\"name\":\"Est\u00e0s en KIKOPARK, el teu trosset de #mediKIKOrrani.\",\"isPartOf\":{\"@id\":\"https:\/\/kikopark.com\/ca\/#website\"},\"datePublished\":\"2016-11-24T16:10:50+00:00\",\"dateModified\":\"2024-10-01T08:09:26+00:00\",\"description\":\"Benvingut a KIKOPARK, el teu trosset de #mediKIKOrrani. Subscriu-te al nostre newsletter perqu\u00e8 et puguem manar les nostres ofertes i promocions.\",\"breadcrumb\":{\"@id\":\"https:\/\/kikopark.com\/ca\/contacte\/#breadcrumb\"},\"inLanguage\":\"ca\",\"potentialAction\":[{\"@type\":\"ReadAction\",\"target\":[\"https:\/\/kikopark.com\/ca\/contacte\/\"]}]},{\"@type\":\"BreadcrumbList\",\"@id\":\"https:\/\/kikopark.com\/ca\/contacte\/#breadcrumb\",\"itemListElement\":[{\"@type\":\"ListItem\",\"position\":1,\"name\":\"Portada\",\"item\":\"https:\/\/kikopark.com\/ca\/\"},{\"@type\":\"ListItem\",\"position\":2,\"name\":\"Contacte\"}]},{\"@type\":\"WebSite\",\"@id\":\"https:\/\/kikopark.com\/ca\/#website\",\"url\":\"https:\/\/kikopark.com\/ca\/\",\"name\":\"KIKOPARK\",\"description\":\"[:es]Website del complejo tur\u00edstico KIKOPARK en la playa de Oliva (Valencia)[:en]Website of the KIKOPARK tourist complex on the beach of Oliva (Valencia)[:de]Website des KIKOPARK Touristenkomplexes am Strand von Oliva (Valencia)[:ca]Website del complexe tur\u00edstic KIKOPARK a la platja d&#039;Oliva (Val\u00e8ncia)[:fr]Site du complexe touristique KIKOPARK sur la plage d&#039;Oliva (Valence)[:]\",\"potentialAction\":[{\"@type\":\"SearchAction\",\"target\":{\"@type\":\"EntryPoint\",\"urlTemplate\":\"https:\/\/kikopark.com\/ca\/?s={search_term_string}\"},\"query-input\":\"required name=search_term_string\"}],\"inLanguage\":\"ca\"}]}<\/script>\n<!-- \/ Yoast SEO plugin. -->","yoast_head_json":{"title":"Est\u00e0s en KIKOPARK, el teu trosset de #mediKIKOrrani.","description":"Benvingut a KIKOPARK, el teu trosset de #mediKIKOrrani. Subscriu-te al nostre newsletter perqu\u00e8 et puguem manar les nostres ofertes i promocions.","robots":{"index":"index","follow":"follow","max-snippet":"max-snippet:-1","max-image-preview":"max-image-preview:large","max-video-preview":"max-video-preview:-1"},"canonical":"https:\/\/kikopark.com\/ca\/contacte\/","og_locale":"ca_ES","og_type":"article","og_title":"Est\u00e0s en KIKOPARK, el teu trosset de #mediKIKOrrani.","og_description":"Benvingut a KIKOPARK, el teu trosset de #mediKIKOrrani. Subscriu-te al nostre newsletter perqu\u00e8 et puguem manar les nostres ofertes i promocions.","og_url":"https:\/\/kikopark.com\/ca\/contacte\/","og_site_name":"KIKOPARK","article_modified_time":"2024-10-01T08:09:26+00:00","og_image":[{"width":2560,"height":932,"url":"https:\/\/kikopark.com\/wp-content\/uploads\/2024\/09\/CONTACTO.jpg","type":"image\/jpeg"}],"twitter_card":"summary_large_image","twitter_misc":{"Temps estimat de lectura":"2 minuts"},"schema":{"@context":"https:\/\/schema.org","@graph":[{"@type":"WebPage","@id":"https:\/\/kikopark.com\/ca\/contacte\/","url":"https:\/\/kikopark.com\/ca\/contacte\/","name":"Est\u00e0s en KIKOPARK, el teu trosset de #mediKIKOrrani.","isPartOf":{"@id":"https:\/\/kikopark.com\/ca\/#website"},"datePublished":"2016-11-24T16:10:50+00:00","dateModified":"2024-10-01T08:09:26+00:00","description":"Benvingut a KIKOPARK, el teu trosset de #mediKIKOrrani. Subscriu-te al nostre newsletter perqu\u00e8 et puguem manar les nostres ofertes i promocions.","breadcrumb":{"@id":"https:\/\/kikopark.com\/ca\/contacte\/#breadcrumb"},"inLanguage":"ca","potentialAction":[{"@type":"ReadAction","target":["https:\/\/kikopark.com\/ca\/contacte\/"]}]},{"@type":"BreadcrumbList","@id":"https:\/\/kikopark.com\/ca\/contacte\/#breadcrumb","itemListElement":[{"@type":"ListItem","position":1,"name":"Portada","item":"https:\/\/kikopark.com\/ca\/"},{"@type":"ListItem","position":2,"name":"Contacte"}]},{"@type":"WebSite","@id":"https:\/\/kikopark.com\/ca\/#website","url":"https:\/\/kikopark.com\/ca\/","name":"KIKOPARK","description":"[:es]Website del complejo tur\u00edstico KIKOPARK en la playa de Oliva (Valencia)[:en]Website of the KIKOPARK tourist complex on the beach of Oliva (Valencia)[:de]Website des KIKOPARK Touristenkomplexes am Strand von Oliva (Valencia)[:ca]Website del complexe tur\u00edstic KIKOPARK a la platja d&#039;Oliva (Val\u00e8ncia)[:fr]Site du complexe touristique KIKOPARK sur la plage d&#039;Oliva (Valence)[:]","potentialAction":[{"@type":"SearchAction","target":{"@type":"EntryPoint","urlTemplate":"https:\/\/kikopark.com\/ca\/?s={search_term_string}"},"query-input":"required name=search_term_string"}],"inLanguage":"ca"}]}},"_links":{"self":[{"href":"https:\/\/kikopark.com\/ca\/wp-json\/wp\/v2\/pages\/4093"}],"collection":[{"href":"https:\/\/kikopark.com\/ca\/wp-json\/wp\/v2\/pages"}],"about":[{"href":"https:\/\/kikopark.com\/ca\/wp-json\/wp\/v2\/types\/page"}],"author":[{"embeddable":true,"href":"https:\/\/kikopark.com\/ca\/wp-json\/wp\/v2\/users\/5"}],"replies":[{"embeddable":true,"href":"https:\/\/kikopark.com\/ca\/wp-json\/wp\/v2\/comments?post=4093"}],"version-history":[{"count":12,"href":"https:\/\/kikopark.com\/ca\/wp-json\/wp\/v2\/pages\/4093\/revisions"}],"predecessor-version":[{"id":48251,"href":"https:\/\/kikopark.com\/ca\/wp-json\/wp\/v2\/pages\/4093\/revisions\/48251"}],"wp:featuredmedia":[{"embeddable":true,"href":"https:\/\/kikopark.com\/ca\/wp-json\/wp\/v2\/media\/47464"}],"wp:attachment":[{"href":"https:\/\/kikopark.com\/ca\/wp-json\/wp\/v2\/media?parent=4093"}],"curies":[{"name":"wp","href":"https:\/\/api.w.org\/{rel}","templated":true}]}}