{"id":4097,"date":"2016-11-24T18:11:40","date_gmt":"2016-11-24T16:11:40","guid":{"rendered":"https:\/\/kikopark.com\/instal%c2%b7lacions\/"},"modified":"2025-02-03T17:58:47","modified_gmt":"2025-02-03T15:58:47","slug":"installacions","status":"publish","type":"page","link":"https:\/\/kikopark.com\/ca\/installacions\/","title":{"rendered":"Instal\u00b7lacions"},"content":{"rendered":"<p>[vc_row][vc_column][vc_column_text el_class=&#8221;rooms_titles_premium_plus&#8221;]Instal\u00b7lacions Kikopark[\/vc_column_text][\/vc_column][\/vc_row][vc_row][vc_column el_class=&#8221;video_home&#8221;][vc_video link=&#8221;https:\/\/www.youtube.com\/watch?v=hdVb1Q2jHWM&amp;ab_channel=Kikoparkplaya&#8221;][\/vc_column][\/vc_row][vc_row el_class=&#8221;room_info_slider&#8221;][vc_column width=&#8221;1\/2&#8243; el_class=&#8221;instalaciones_carrusel&#8221;][vc_images_carousel images=&#8221;47351,47347,47343,47339,47335,47331,47327,47323&#8243; img_size=&#8221;full&#8221; onclick=&#8221;link_no&#8221; wrap=&#8221;yes&#8221;][\/vc_column][vc_column width=&#8221;1\/2&#8243; el_class=&#8221;kampexperience_texto_derecha&#8221;][vc_column_text el_class=&#8221;kampexperience_text_slider&#8221;]Les instal\u00b7lacions de Kikopark estan pensades per satisfer les necessitats dels nostres clients i aix\u00ed posar a la vostra disposici\u00f3 totes les comoditats durant la vostra estada. El nostre establiment compta amb la millor gastronomia mediterr\u00e0nia, piscines en un ambient tranquil i de relax, un gimn\u00e0s totalment quipat per no perdre la teva rutina, hamaques per gaudir de la platja al costat del nostre quiosquet, recepci\u00f3 24 hores, pavellons sanitaris, supermercat, rentadores, assecadores, motos o cotxes i molt m\u00e9s\u2026[\/vc_column_text][\/vc_column][\/vc_row][vc_row][vc_column][vc_column_text]<\/p>\n<div class=\"kampexperience_extra_iconos_container\">\n<div class=\"kampexperience_extra_icono\">\n<p><img decoding=\"async\" class=\"icono_extra\" src=\"\/wp-content\/uploads\/2021\/12\/icono_piscina.svg\" alt=\"piscina\"><\/p>\n<p class=\"icono_title\">Piscina<\/p>\n<\/div>\n<div class=\"kampexperience_extra_icono\">\n<p><img decoding=\"async\" class=\"icono_extra\" src=\"\/wp-content\/uploads\/2021\/12\/icono_sanitarios.svg\" alt=\"sanitarios\"><\/p>\n<p class=\"icono_title\">Sanitaris<\/p>\n<\/div>\n<div class=\"kampexperience_extra_icono\">\n<p><img decoding=\"async\" class=\"icono_extra\" src=\"\/wp-content\/uploads\/2021\/12\/icono_take_away.svg\" alt=\"take away\"><\/p>\n<p class=\"icono_title\">Take away<\/p>\n<\/div>\n<div class=\"kampexperience_extra_icono\">\n<p><img decoding=\"async\" class=\"icono_extra\" src=\"\/wp-content\/uploads\/2021\/12\/icono_hamacas.svg\" alt=\"hamacas\"><\/p>\n<p class=\"icono_title\">Hamaques<\/p>\n<\/div>\n<div class=\"kampexperience_extra_icono\">\n<p><img decoding=\"async\" class=\"icono_extra\" src=\"\/wp-content\/uploads\/2021\/12\/icono_supermercado.svg\" alt=\"supermercado\"><\/p>\n<p class=\"icono_title\">Supermercat<\/p>\n<\/div>\n<div class=\"kampexperience_extra_icono\">\n<p><img decoding=\"async\" class=\"icono_extra\" src=\"\/wp-content\/uploads\/2021\/12\/icono_estetica-3.svg\" alt=\"centro estetica\"><\/p>\n<p class=\"icono_title\">Centre d\u2019est\u00e8tica<\/p>\n<\/div>\n<div class=\"kampexperience_extra_icono\">\n<p><img decoding=\"async\" class=\"icono_extra\" src=\"\/wp-content\/uploads\/2021\/12\/icono_lavanderia.svg\" alt=\"lavanderia\"><\/p>\n<p class=\"icono_title\">Rentadores<\/p>\n<\/div>\n<div class=\"kampexperience_extra_icono\">\n<p><img decoding=\"async\" class=\"icono_extra\" src=\"\/wp-content\/uploads\/2021\/12\/icono_peluqueria.svg\" alt=\"peluqueria\"><\/p>\n<p class=\"icono_title\">Perruqueria<\/p>\n<\/div>\n<div class=\"kampexperience_extra_icono\">\n<p><img decoding=\"async\" class=\"icono_extra\" src=\"\/wp-content\/uploads\/2021\/12\/icono_miniclub-3.svg\" alt=\"mini club\"><\/p>\n<p class=\"icono_title\">Mini club<\/p>\n<\/div>\n<div class=\"kampexperience_extra_icono\">\n<p><img decoding=\"async\" class=\"icono_extra\" src=\"\/wp-content\/uploads\/2021\/12\/icono_gastronomia.svg\" alt=\"gastronomia\"><\/p>\n<p class=\"icono_title\">3 espais<br \/>\ngastron\u00f2mics<\/p>\n<\/div>\n<div class=\"kampexperience_extra_icono\">\n<p><img decoding=\"async\" class=\"icono_extra\" src=\"\/wp-content\/uploads\/2021\/12\/icono_24h.svg\" alt=\"24h\"><\/p>\n<p class=\"icono_title\">Recepcio 24h<\/p>\n<\/div>\n<div class=\"kampexperience_extra_icono\">\n<p><img decoding=\"async\" class=\"icono_extra\" src=\"\/wp-content\/uploads\/2025\/02\/icono_gimnasio.svg\" alt=\"gimnasio\"><\/p>\n<p class=\"icono_title\">Gimn\u00e0s<\/p>\n<\/div>\n<\/div>\n<p>[\/vc_column_text][\/vc_column][\/vc_row]<\/p>\n","protected":false},"excerpt":{"rendered":"<p>[vc_row][vc_column][vc_column_text el_class=&#8221;rooms_titles_premium_plus&#8221;]Instal\u00b7lacions Kikopark[\/vc_column_text][\/vc_column][\/vc_row][vc_row][vc_column el_class=&#8221;video_home&#8221;][vc_video link=&#8221;https:\/\/www.youtube.com\/watch?v=hdVb1Q2jHWM&amp;ab_channel=Kikoparkplaya&#8221;][\/vc_column][\/vc_row][vc_row el_class=&#8221;room_info_slider&#8221;][vc_column width=&#8221;1\/2&#8243; el_class=&#8221;instalaciones_carrusel&#8221;][vc_images_carousel images=&#8221;47351,47347,47343,47339,47335,47331,47327,47323&#8243; img_size=&#8221;full&#8221; onclick=&#8221;link_no&#8221; wrap=&#8221;yes&#8221;][\/vc_column][vc_column width=&#8221;1\/2&#8243; el_class=&#8221;kampexperience_texto_derecha&#8221;][vc_column_text el_class=&#8221;kampexperience_text_slider&#8221;]Les instal\u00b7lacions de Kikopark estan pensades per satisfer les necessitats dels nostres clients i aix\u00ed posar a la vostra disposici\u00f3 totes les comoditats durant la vostra estada. El nostre establiment compta amb la millor gastronomia mediterr\u00e0nia, piscines en un ambient tranquil [&hellip;]<\/p>\n","protected":false},"author":3,"featured_media":47355,"parent":0,"menu_order":0,"comment_status":"closed","ping_status":"closed","template":"","meta":{"footnotes":""},"yoast_head":"<!-- This site is optimized with the Yoast SEO plugin v22.1 - https:\/\/yoast.com\/wordpress\/plugins\/seo\/ -->\n<title>Benvingut a KIKOPARK, totes les comoditats per a tu.<\/title>\n<meta name=\"description\" content=\"Benvingut a KIKOPARK, un lloc en el #mediKIKOrraneo. Ponemos a su disposici\u00f3n todas las comodidades y confort durante su estancia.\" \/>\n<meta name=\"robots\" content=\"index, follow, max-snippet:-1, max-image-preview:large, max-video-preview:-1\" \/>\n<link rel=\"canonical\" href=\"https:\/\/kikopark.com\/ca\/installacions\/\" \/>\n<meta property=\"og:locale\" content=\"ca_ES\" \/>\n<meta property=\"og:type\" content=\"article\" \/>\n<meta property=\"og:title\" content=\"Benvingut a KIKOPARK, totes les comoditats per a tu.\" \/>\n<meta property=\"og:description\" content=\"Benvingut a KIKOPARK, un lloc en el #mediKIKOrraneo. Ponemos a su disposici\u00f3n todas las comodidades y confort durante su estancia.\" \/>\n<meta property=\"og:url\" content=\"https:\/\/kikopark.com\/ca\/installacions\/\" \/>\n<meta property=\"og:site_name\" content=\"KIKOPARK\" \/>\n<meta property=\"article:modified_time\" content=\"2025-02-03T15:58:47+00:00\" \/>\n<meta property=\"og:image\" content=\"https:\/\/kikopark.com\/wp-content\/uploads\/2024\/09\/CABECERA-5.jpg\" \/>\n\t<meta property=\"og:image:width\" content=\"2560\" \/>\n\t<meta property=\"og:image:height\" content=\"932\" \/>\n\t<meta property=\"og:image:type\" content=\"image\/jpeg\" \/>\n<meta name=\"twitter:card\" content=\"summary_large_image\" \/>\n<meta name=\"twitter:label1\" content=\"Temps estimat de lectura\" \/>\n\t<meta name=\"twitter:data1\" content=\"3 minuts\" \/>\n<script type=\"application\/ld+json\" class=\"yoast-schema-graph\">{\"@context\":\"https:\/\/schema.org\",\"@graph\":[{\"@type\":\"WebPage\",\"@id\":\"https:\/\/kikopark.com\/ca\/installacions\/\",\"url\":\"https:\/\/kikopark.com\/ca\/installacions\/\",\"name\":\"Benvingut a KIKOPARK, totes les comoditats per a tu.\",\"isPartOf\":{\"@id\":\"https:\/\/kikopark.com\/ca\/#website\"},\"datePublished\":\"2016-11-24T16:11:40+00:00\",\"dateModified\":\"2025-02-03T15:58:47+00:00\",\"description\":\"Benvingut a KIKOPARK, un lloc en el #mediKIKOrraneo. Ponemos a su disposici\u00f3n todas las comodidades y confort durante su estancia.\",\"breadcrumb\":{\"@id\":\"https:\/\/kikopark.com\/ca\/installacions\/#breadcrumb\"},\"inLanguage\":\"ca\",\"potentialAction\":[{\"@type\":\"ReadAction\",\"target\":[\"https:\/\/kikopark.com\/ca\/installacions\/\"]}]},{\"@type\":\"BreadcrumbList\",\"@id\":\"https:\/\/kikopark.com\/ca\/installacions\/#breadcrumb\",\"itemListElement\":[{\"@type\":\"ListItem\",\"position\":1,\"name\":\"Portada\",\"item\":\"https:\/\/kikopark.com\/ca\/\"},{\"@type\":\"ListItem\",\"position\":2,\"name\":\"Instal\u00b7lacions\"}]},{\"@type\":\"WebSite\",\"@id\":\"https:\/\/kikopark.com\/ca\/#website\",\"url\":\"https:\/\/kikopark.com\/ca\/\",\"name\":\"KIKOPARK\",\"description\":\"[:es]Website del complejo tur\u00edstico KIKOPARK en la playa de Oliva (Valencia)[:en]Website of the KIKOPARK tourist complex on the beach of Oliva (Valencia)[:de]Website des KIKOPARK Touristenkomplexes am Strand von Oliva (Valencia)[:ca]Website del complexe tur\u00edstic KIKOPARK a la platja d&#039;Oliva (Val\u00e8ncia)[:fr]Site du complexe touristique KIKOPARK sur la plage d&#039;Oliva (Valence)[:]\",\"potentialAction\":[{\"@type\":\"SearchAction\",\"target\":{\"@type\":\"EntryPoint\",\"urlTemplate\":\"https:\/\/kikopark.com\/ca\/?s={search_term_string}\"},\"query-input\":\"required name=search_term_string\"}],\"inLanguage\":\"ca\"}]}<\/script>\n<!-- \/ Yoast SEO plugin. -->","yoast_head_json":{"title":"Benvingut a KIKOPARK, totes les comoditats per a tu.","description":"Benvingut a KIKOPARK, un lloc en el #mediKIKOrraneo. Ponemos a su disposici\u00f3n todas las comodidades y confort durante su estancia.","robots":{"index":"index","follow":"follow","max-snippet":"max-snippet:-1","max-image-preview":"max-image-preview:large","max-video-preview":"max-video-preview:-1"},"canonical":"https:\/\/kikopark.com\/ca\/installacions\/","og_locale":"ca_ES","og_type":"article","og_title":"Benvingut a KIKOPARK, totes les comoditats per a tu.","og_description":"Benvingut a KIKOPARK, un lloc en el #mediKIKOrraneo. Ponemos a su disposici\u00f3n todas las comodidades y confort durante su estancia.","og_url":"https:\/\/kikopark.com\/ca\/installacions\/","og_site_name":"KIKOPARK","article_modified_time":"2025-02-03T15:58:47+00:00","og_image":[{"width":2560,"height":932,"url":"https:\/\/kikopark.com\/wp-content\/uploads\/2024\/09\/CABECERA-5.jpg","type":"image\/jpeg"}],"twitter_card":"summary_large_image","twitter_misc":{"Temps estimat de lectura":"3 minuts"},"schema":{"@context":"https:\/\/schema.org","@graph":[{"@type":"WebPage","@id":"https:\/\/kikopark.com\/ca\/installacions\/","url":"https:\/\/kikopark.com\/ca\/installacions\/","name":"Benvingut a KIKOPARK, totes les comoditats per a tu.","isPartOf":{"@id":"https:\/\/kikopark.com\/ca\/#website"},"datePublished":"2016-11-24T16:11:40+00:00","dateModified":"2025-02-03T15:58:47+00:00","description":"Benvingut a KIKOPARK, un lloc en el #mediKIKOrraneo. Ponemos a su disposici\u00f3n todas las comodidades y confort durante su estancia.","breadcrumb":{"@id":"https:\/\/kikopark.com\/ca\/installacions\/#breadcrumb"},"inLanguage":"ca","potentialAction":[{"@type":"ReadAction","target":["https:\/\/kikopark.com\/ca\/installacions\/"]}]},{"@type":"BreadcrumbList","@id":"https:\/\/kikopark.com\/ca\/installacions\/#breadcrumb","itemListElement":[{"@type":"ListItem","position":1,"name":"Portada","item":"https:\/\/kikopark.com\/ca\/"},{"@type":"ListItem","position":2,"name":"Instal\u00b7lacions"}]},{"@type":"WebSite","@id":"https:\/\/kikopark.com\/ca\/#website","url":"https:\/\/kikopark.com\/ca\/","name":"KIKOPARK","description":"[:es]Website del complejo tur\u00edstico KIKOPARK en la playa de Oliva (Valencia)[:en]Website of the KIKOPARK tourist complex on the beach of Oliva (Valencia)[:de]Website des KIKOPARK Touristenkomplexes am Strand von Oliva (Valencia)[:ca]Website del complexe tur\u00edstic KIKOPARK a la platja d&#039;Oliva (Val\u00e8ncia)[:fr]Site du complexe touristique KIKOPARK sur la plage d&#039;Oliva (Valence)[:]","potentialAction":[{"@type":"SearchAction","target":{"@type":"EntryPoint","urlTemplate":"https:\/\/kikopark.com\/ca\/?s={search_term_string}"},"query-input":"required name=search_term_string"}],"inLanguage":"ca"}]}},"_links":{"self":[{"href":"https:\/\/kikopark.com\/ca\/wp-json\/wp\/v2\/pages\/4097"}],"collection":[{"href":"https:\/\/kikopark.com\/ca\/wp-json\/wp\/v2\/pages"}],"about":[{"href":"https:\/\/kikopark.com\/ca\/wp-json\/wp\/v2\/types\/page"}],"author":[{"embeddable":true,"href":"https:\/\/kikopark.com\/ca\/wp-json\/wp\/v2\/users\/3"}],"replies":[{"embeddable":true,"href":"https:\/\/kikopark.com\/ca\/wp-json\/wp\/v2\/comments?post=4097"}],"version-history":[{"count":7,"href":"https:\/\/kikopark.com\/ca\/wp-json\/wp\/v2\/pages\/4097\/revisions"}],"predecessor-version":[{"id":50401,"href":"https:\/\/kikopark.com\/ca\/wp-json\/wp\/v2\/pages\/4097\/revisions\/50401"}],"wp:featuredmedia":[{"embeddable":true,"href":"https:\/\/kikopark.com\/ca\/wp-json\/wp\/v2\/media\/47355"}],"wp:attachment":[{"href":"https:\/\/kikopark.com\/ca\/wp-json\/wp\/v2\/media?parent=4097"}],"curies":[{"name":"wp","href":"https:\/\/api.w.org\/{rel}","templated":true}]}}