{"id":4109,"date":"2017-02-13T12:45:31","date_gmt":"2017-02-13T10:45:31","guid":{"rendered":"https:\/\/kikopark.com\/apartaments\/"},"modified":"2024-09-30T15:45:31","modified_gmt":"2024-09-30T13:45:31","slug":"apartaments","status":"publish","type":"page","link":"https:\/\/kikopark.com\/ca\/apartaments\/","title":{"rendered":"Apartaments"},"content":{"rendered":"<p>[vc_row content_placement=&#8221;middle&#8221; transparent=&#8221;transparent&#8221; transparent_overlay=&#8221;transparent_film&#8221;][vc_column css_animation=&#8221;none&#8221; transparent=&#8221;transparent&#8221;][vc_column_text el_class=&#8221;reserva_ahora&#8221;]<a href=\"https:\/\/booking.kikopark.com\/search?lang=ca\"><span class=\"reserva_ahora_text\">Reserva ara<\/span><\/a>[\/vc_column_text][\/vc_column][\/vc_row][vc_row equal_height=&#8221;yes&#8221; el_class=&#8221;aventura_icon_container_par&#8221;][vc_column width=&#8221;1\/2&#8243; el_class=&#8221;aventura_img_izq&#8221;][vc_single_image image=&#8221;47050&#8243; img_size=&#8221;full&#8221;][\/vc_column][vc_column width=&#8221;1\/2&#8243;][vc_column_text]<\/p>\n<div class=\"kampexperience_aventura_der\">\n<h3 class=\"aventura_title\">Apartaments Premium<\/h3>\n<p class=\"aventura_text\">El m\u00e9s ampli i complet dels nostres apartaments. Situat en una localitzaci\u00f3 privilegiada enfront de la mar. Disposa d&#8217;una terrassa moblada, sal\u00f3 menjador amb cuina americana, 2 dormitoris, bany i sof\u00e0 llit.<\/p>\n<p><a class=\"btn btn btn-inv aventura_btn\" href=\"https:\/\/kikopark.com\/ca\/room\/apartaments-premium\/\" target=\"_self\" rel=\"noopener\"><span class=\"aventura_btn_text\">Descobrir<\/span><\/a><\/p>\n<\/div>\n<p>[\/vc_column_text][\/vc_column][\/vc_row][vc_row equal_height=&#8221;yes&#8221; el_class=&#8221;aventura_icon_container_par&#8221;][vc_column width=&#8221;1\/2&#8243;][vc_column_text]<\/p>\n<div class=\"kampexperience_aventura_der\">\n<h3 class=\"aventura_title\">Apartaments Superiors<\/h3>\n<p class=\"aventura_text\">Lluminosos apartaments amb ampli balc\u00f3 o terrassa, sal\u00f3 menjador amb cuina americana, bany complet i c\u00f2mode sof\u00e0 llit. Amb capacitat fins a 4 persones i 1 o 2 habitacions.<\/p>\n<p><a class=\"btn btn btn-inv aventura_btn\" href=\"https:\/\/kikopark.com\/ca\/room\/apartaments-superiors\/\" target=\"_self\" rel=\"noopener\"><span class=\"aventura_btn_text\">Descobrir<\/span><\/a><\/p>\n<\/div>\n<p>[\/vc_column_text][\/vc_column][vc_column width=&#8221;1\/2&#8243; el_class=&#8221;aventura_img_izq&#8221;][vc_single_image image=&#8221;47046&#8243; img_size=&#8221;full&#8221;][\/vc_column][\/vc_row][vc_row equal_height=&#8221;yes&#8221; el_class=&#8221;aventura_icon_container_impar&#8221;][vc_column width=&#8221;1\/2&#8243; el_class=&#8221;aventura_img_der&#8221;][vc_single_image image=&#8221;47042&#8243; img_size=&#8221;full&#8221;][\/vc_column][vc_column width=&#8221;1\/2&#8243;][vc_column_text]<\/p>\n<div class=\"kampexperience_aventura_der\">\n<h3 class=\"aventura_title\">Apartaments Est\u00e0ndard<\/h3>\n<p class=\"aventura_text\">La combinaci\u00f3 perfecta entre confort i funcionalitat. En el seu interior, trobar\u00e0s un acollidor sal\u00f3 menjador amb cuina, bany i sof\u00e0 llit.<\/p>\n<p><a class=\"btn btn btn-inv aventura_btn\" href=\"https:\/\/kikopark.com\/ca\/room\/apartaments-estandard\/\" target=\"_self\" rel=\"noopener\"><span class=\"aventura_btn_text\">Descobrir<\/span><\/a><\/p>\n<\/div>\n<p>[\/vc_column_text][\/vc_column][\/vc_row]<\/p>\n","protected":false},"excerpt":{"rendered":"<p>[vc_row content_placement=&#8221;middle&#8221; transparent=&#8221;transparent&#8221; transparent_overlay=&#8221;transparent_film&#8221;][vc_column css_animation=&#8221;none&#8221; transparent=&#8221;transparent&#8221;][vc_column_text el_class=&#8221;reserva_ahora&#8221;]Reserva ara[\/vc_column_text][\/vc_column][\/vc_row][vc_row equal_height=&#8221;yes&#8221; el_class=&#8221;aventura_icon_container_par&#8221;][vc_column width=&#8221;1\/2&#8243; el_class=&#8221;aventura_img_izq&#8221;][vc_single_image image=&#8221;47050&#8243; img_size=&#8221;full&#8221;][\/vc_column][vc_column width=&#8221;1\/2&#8243;][vc_column_text] Apartaments Premium El m\u00e9s ampli i complet dels nostres apartaments. Situat en una localitzaci\u00f3 privilegiada enfront de la mar. Disposa d&#8217;una terrassa moblada, sal\u00f3 menjador amb cuina americana, 2 dormitoris, bany i sof\u00e0 llit. Descobrir [\/vc_column_text][\/vc_column][\/vc_row][vc_row equal_height=&#8221;yes&#8221; el_class=&#8221;aventura_icon_container_par&#8221;][vc_column width=&#8221;1\/2&#8243;][vc_column_text] Apartaments [&hellip;]<\/p>\n","protected":false},"author":3,"featured_media":47124,"parent":0,"menu_order":0,"comment_status":"closed","ping_status":"closed","template":"","meta":{"footnotes":""},"yoast_head":"<!-- This site is optimized with the Yoast SEO plugin v22.1 - https:\/\/yoast.com\/wordpress\/plugins\/seo\/ -->\n<title>Apartaments KIKOPARK. Vine i disfruta del #mediKIKOrrani.<\/title>\n<meta name=\"description\" content=\"Benvingut a KIKOPARK, un lloc en el #mediKIKOrraneo. Vine i disfruta d&#039;un lloc paradis\u00edac i allotja&#039;t als nostres apartaments al costat de la mar.\" \/>\n<meta name=\"robots\" content=\"index, follow, max-snippet:-1, max-image-preview:large, max-video-preview:-1\" \/>\n<link rel=\"canonical\" href=\"https:\/\/kikopark.com\/ca\/apartaments\/\" \/>\n<meta property=\"og:locale\" content=\"ca_ES\" \/>\n<meta property=\"og:type\" content=\"article\" \/>\n<meta property=\"og:title\" content=\"Apartaments KIKOPARK. Vine i disfruta del #mediKIKOrrani.\" \/>\n<meta property=\"og:description\" content=\"Benvingut a KIKOPARK, un lloc en el #mediKIKOrraneo. Vine i disfruta d&#039;un lloc paradis\u00edac i allotja&#039;t als nostres apartaments al costat de la mar.\" \/>\n<meta property=\"og:url\" content=\"https:\/\/kikopark.com\/ca\/apartaments\/\" \/>\n<meta property=\"og:site_name\" content=\"KIKOPARK\" \/>\n<meta property=\"article:modified_time\" content=\"2024-09-30T13:45:31+00:00\" \/>\n<meta property=\"og:image\" content=\"https:\/\/kikopark.com\/wp-content\/uploads\/2024\/09\/CABECERA-1.jpg\" \/>\n\t<meta property=\"og:image:width\" content=\"2560\" \/>\n\t<meta property=\"og:image:height\" content=\"932\" \/>\n\t<meta property=\"og:image:type\" content=\"image\/jpeg\" \/>\n<meta name=\"twitter:card\" content=\"summary_large_image\" \/>\n<meta name=\"twitter:label1\" content=\"Temps estimat de lectura\" \/>\n\t<meta name=\"twitter:data1\" content=\"1 minut\" \/>\n<script type=\"application\/ld+json\" class=\"yoast-schema-graph\">{\"@context\":\"https:\/\/schema.org\",\"@graph\":[{\"@type\":\"WebPage\",\"@id\":\"https:\/\/kikopark.com\/ca\/apartaments\/\",\"url\":\"https:\/\/kikopark.com\/ca\/apartaments\/\",\"name\":\"Apartaments KIKOPARK. Vine i disfruta del #mediKIKOrrani.\",\"isPartOf\":{\"@id\":\"https:\/\/kikopark.com\/ca\/#website\"},\"datePublished\":\"2017-02-13T10:45:31+00:00\",\"dateModified\":\"2024-09-30T13:45:31+00:00\",\"description\":\"Benvingut a KIKOPARK, un lloc en el #mediKIKOrraneo. Vine i disfruta d'un lloc paradis\u00edac i allotja't als nostres apartaments al costat de la mar.\",\"breadcrumb\":{\"@id\":\"https:\/\/kikopark.com\/ca\/apartaments\/#breadcrumb\"},\"inLanguage\":\"ca\",\"potentialAction\":[{\"@type\":\"ReadAction\",\"target\":[\"https:\/\/kikopark.com\/ca\/apartaments\/\"]}]},{\"@type\":\"BreadcrumbList\",\"@id\":\"https:\/\/kikopark.com\/ca\/apartaments\/#breadcrumb\",\"itemListElement\":[{\"@type\":\"ListItem\",\"position\":1,\"name\":\"Portada\",\"item\":\"https:\/\/kikopark.com\/ca\/\"},{\"@type\":\"ListItem\",\"position\":2,\"name\":\"Apartaments\"}]},{\"@type\":\"WebSite\",\"@id\":\"https:\/\/kikopark.com\/ca\/#website\",\"url\":\"https:\/\/kikopark.com\/ca\/\",\"name\":\"KIKOPARK\",\"description\":\"[:es]Website del complejo tur\u00edstico KIKOPARK en la playa de Oliva (Valencia)[:en]Website of the KIKOPARK tourist complex on the beach of Oliva (Valencia)[:de]Website des KIKOPARK Touristenkomplexes am Strand von Oliva (Valencia)[:ca]Website del complexe tur\u00edstic KIKOPARK a la platja d&#039;Oliva (Val\u00e8ncia)[:fr]Site du complexe touristique KIKOPARK sur la plage d&#039;Oliva (Valence)[:]\",\"potentialAction\":[{\"@type\":\"SearchAction\",\"target\":{\"@type\":\"EntryPoint\",\"urlTemplate\":\"https:\/\/kikopark.com\/ca\/?s={search_term_string}\"},\"query-input\":\"required name=search_term_string\"}],\"inLanguage\":\"ca\"}]}<\/script>\n<!-- \/ Yoast SEO plugin. -->","yoast_head_json":{"title":"Apartaments KIKOPARK. Vine i disfruta del #mediKIKOrrani.","description":"Benvingut a KIKOPARK, un lloc en el #mediKIKOrraneo. Vine i disfruta d'un lloc paradis\u00edac i allotja't als nostres apartaments al costat de la mar.","robots":{"index":"index","follow":"follow","max-snippet":"max-snippet:-1","max-image-preview":"max-image-preview:large","max-video-preview":"max-video-preview:-1"},"canonical":"https:\/\/kikopark.com\/ca\/apartaments\/","og_locale":"ca_ES","og_type":"article","og_title":"Apartaments KIKOPARK. Vine i disfruta del #mediKIKOrrani.","og_description":"Benvingut a KIKOPARK, un lloc en el #mediKIKOrraneo. Vine i disfruta d'un lloc paradis\u00edac i allotja't als nostres apartaments al costat de la mar.","og_url":"https:\/\/kikopark.com\/ca\/apartaments\/","og_site_name":"KIKOPARK","article_modified_time":"2024-09-30T13:45:31+00:00","og_image":[{"width":2560,"height":932,"url":"https:\/\/kikopark.com\/wp-content\/uploads\/2024\/09\/CABECERA-1.jpg","type":"image\/jpeg"}],"twitter_card":"summary_large_image","twitter_misc":{"Temps estimat de lectura":"1 minut"},"schema":{"@context":"https:\/\/schema.org","@graph":[{"@type":"WebPage","@id":"https:\/\/kikopark.com\/ca\/apartaments\/","url":"https:\/\/kikopark.com\/ca\/apartaments\/","name":"Apartaments KIKOPARK. Vine i disfruta del #mediKIKOrrani.","isPartOf":{"@id":"https:\/\/kikopark.com\/ca\/#website"},"datePublished":"2017-02-13T10:45:31+00:00","dateModified":"2024-09-30T13:45:31+00:00","description":"Benvingut a KIKOPARK, un lloc en el #mediKIKOrraneo. Vine i disfruta d'un lloc paradis\u00edac i allotja't als nostres apartaments al costat de la mar.","breadcrumb":{"@id":"https:\/\/kikopark.com\/ca\/apartaments\/#breadcrumb"},"inLanguage":"ca","potentialAction":[{"@type":"ReadAction","target":["https:\/\/kikopark.com\/ca\/apartaments\/"]}]},{"@type":"BreadcrumbList","@id":"https:\/\/kikopark.com\/ca\/apartaments\/#breadcrumb","itemListElement":[{"@type":"ListItem","position":1,"name":"Portada","item":"https:\/\/kikopark.com\/ca\/"},{"@type":"ListItem","position":2,"name":"Apartaments"}]},{"@type":"WebSite","@id":"https:\/\/kikopark.com\/ca\/#website","url":"https:\/\/kikopark.com\/ca\/","name":"KIKOPARK","description":"[:es]Website del complejo tur\u00edstico KIKOPARK en la playa de Oliva (Valencia)[:en]Website of the KIKOPARK tourist complex on the beach of Oliva (Valencia)[:de]Website des KIKOPARK Touristenkomplexes am Strand von Oliva (Valencia)[:ca]Website del complexe tur\u00edstic KIKOPARK a la platja d&#039;Oliva (Val\u00e8ncia)[:fr]Site du complexe touristique KIKOPARK sur la plage d&#039;Oliva (Valence)[:]","potentialAction":[{"@type":"SearchAction","target":{"@type":"EntryPoint","urlTemplate":"https:\/\/kikopark.com\/ca\/?s={search_term_string}"},"query-input":"required name=search_term_string"}],"inLanguage":"ca"}]}},"_links":{"self":[{"href":"https:\/\/kikopark.com\/ca\/wp-json\/wp\/v2\/pages\/4109"}],"collection":[{"href":"https:\/\/kikopark.com\/ca\/wp-json\/wp\/v2\/pages"}],"about":[{"href":"https:\/\/kikopark.com\/ca\/wp-json\/wp\/v2\/types\/page"}],"author":[{"embeddable":true,"href":"https:\/\/kikopark.com\/ca\/wp-json\/wp\/v2\/users\/3"}],"replies":[{"embeddable":true,"href":"https:\/\/kikopark.com\/ca\/wp-json\/wp\/v2\/comments?post=4109"}],"version-history":[{"count":24,"href":"https:\/\/kikopark.com\/ca\/wp-json\/wp\/v2\/pages\/4109\/revisions"}],"predecessor-version":[{"id":47867,"href":"https:\/\/kikopark.com\/ca\/wp-json\/wp\/v2\/pages\/4109\/revisions\/47867"}],"wp:featuredmedia":[{"embeddable":true,"href":"https:\/\/kikopark.com\/ca\/wp-json\/wp\/v2\/media\/47124"}],"wp:attachment":[{"href":"https:\/\/kikopark.com\/ca\/wp-json\/wp\/v2\/media?parent=4109"}],"curies":[{"name":"wp","href":"https:\/\/api.w.org\/{rel}","templated":true}]}}