{"id":4113,"date":"2018-07-18T08:57:05","date_gmt":"2018-07-18T06:57:05","guid":{"rendered":"https:\/\/kikopark.com\/privacy-policy\/"},"modified":"2025-02-03T14:08:28","modified_gmt":"2025-02-03T12:08:28","slug":"politica-de-privacitat","status":"publish","type":"page","link":"https:\/\/kikopark.com\/ca\/politica-de-privacitat\/","title":{"rendered":"Pol\u00edtica de privacitat"},"content":{"rendered":"<p>[vc_row el_class=&#8221;privacidad_container&#8221;][vc_column][vc_column_text]En www.kikopark.com (titularidad de KIKO TUR, S.L.), nos preocupamos por la privacidad y la transparencia.<\/p>\n<p>En virtud de lo dispuesto en el Reglamento (UE) 2016\/679 del Parlamento Europeo y del Consejo, de 27 de abril de 2016, relativo a la protecci\u00f3n de las personas f\u00edsicas en lo que respecta al tratamiento de datos personales y a la libre circulaci\u00f3n de estos datos (en adelante, el \u201cRGPD\u201d), y a la Ley Org\u00e1nica 3\/2018, de 5 de diciembre, de Protecci\u00f3n de Datos Personales y Garant\u00eda de Derechos Digitales (LOPDGDD), le indicamos en detalle los tratamientos de datos personales que realizamos, as\u00ed como toda la informaci\u00f3n relativa a los mismos.<\/p>\n<h2>\u00bfQui\u00e9n es el responsable del tratamiento de sus datos?<\/h2>\n<p>KIKO TUR,S .L. (en adelante, Kikopark Playa) B96625322<br \/>\nC\/ ASSAGADOR DE CARRO, N\u00ba2 &#8211; 46780 &#8211; OLIVA &#8211; VALENCIA<\/p>\n<p>rgpd@kikopark.com<\/p>\n<h2>\u00bfCu\u00e1les son sus derechos cuando nos facilita sus datos?<\/h2>\n<p>Cualquier persona tiene derecho a obtener confirmaci\u00f3n sobre si en Kikopark Playa estamos tratando, o no, datos personales que les conciernan.<\/p>\n<p>Las personas interesadas tienen derecho a acceder a sus datos personales, as\u00ed como a solicitar la rectificaci\u00f3n de los datos inexactos o, en su caso, solicitar su supresi\u00f3n cuando, entre otros motivos, los datos ya no sean necesarios para los fines que fueron recogidos. Igualmente tiene derecho a la portabilidad de sus datos.<\/p>\n<p>En determinadas circunstancias, los interesados podr\u00e1n solicitar la limitaci\u00f3n del tratamiento de sus datos, en cuyo caso \u00fanicamente los conservaremos para el ejercicio o la defensa de reclamaciones.<\/p>\n<p>En determinadas circunstancias y por motivos relacionados con su situaci\u00f3n particular, los interesados podr\u00e1n oponerse al tratamiento de sus datos. En este caso, Kikopark Playa dejar\u00e1 de tratar los datos, salvo por motivos leg\u00edtimos imperiosos, o el ejercicio o la defensa de posibles reclamaciones.<br \/>\nPodr\u00e1 ejercitar materialmente sus derechos dirigi\u00e9ndose a rgpd@kikopark.com .<\/p>\n<p>Cuando se realice el env\u00edo de comunicaciones comerciales utilizando como base jur\u00eddica el inter\u00e9s leg\u00edtimo del responsable, el interesado podr\u00e1 oponerse al tratamiento de sus datos con ese fin.<\/p>\n<p>Si ha otorgado su consentimiento para alguna finalidad concreta, tiene derecho a retirar el consentimiento otorgado en cualquier momento, sin que ello afecte a la licitud del tratamiento basado en el consentimiento previo a su retirada.<br \/>\nEn caso de que sienta vulnerados sus derechos en lo concerniente a la protecci\u00f3n de sus datos personales, especialmente cuando no haya obtenido satisfacci\u00f3n en el ejercicio de sus derechos, puede presentar una reclamaci\u00f3n ante la Autoridad de Control en materia de Protecci\u00f3n de Datos competente a trav\u00e9s de su sitio web: www.aepd.es.<\/p>\n<p>&nbsp;<\/p>\n<hr>\n<h2>Tratamiento de los datos de candidatos a un puesto de trabajo<\/h2>\n<h3>\u00bfCon qu\u00e9 finalidad tratamos sus datos personales?<\/h3>\n<p>En Kikopark Playa tratamos la informaci\u00f3n que nos facilitan las personas interesadas en trabajar con nosotros, con el fin de gestionar los Curriculums Vitae recibidos y realizar los procesos de selecci\u00f3n de personal, entrevistas y dem\u00e1s tr\u00e1mites necesarios para la b\u00fasqueda del mejor candidato posible a un puesto de trabajo determinado. En el caso de que no facilite sus datos personales, no podremos cumplir con las finalidades descritas. No se van a tomar decisiones automatizadas en base a los datos proporcionados.<\/p>\n<h3>\u00bfPor cu\u00e1nto tiempo conservaremos sus datos?<\/h3>\n<p>Dos a\u00f1os desde la \u00faltima interacci\u00f3n.<\/p>\n<h3>\u00bfCu\u00e1l es la legitimaci\u00f3n para el tratamiento de sus datos?<\/h3>\n<p>La base legal para el tratamiento de sus datos es la ejecuci\u00f3n de un contrato o medidas precontractuales: Gesti\u00f3n de los Curriculums Vitae entregados por el candidato para realizar los procesos de selecci\u00f3n de personal para la b\u00fasqueda del mejor candidato posible a un puesto de trabajo determinado. (RGPD art. 6.1.b).<\/p>\n<h3>\u00bfA qu\u00e9 destinatarios se comunicar\u00e1n sus datos?<\/h3>\n<p>No se ceder\u00e1n datos a terceros, salvo obligaci\u00f3n legal.<\/p>\n<h3>Transferencias de datos a terceros pa\u00edses<\/h3>\n<p>No est\u00e1n previstas transferencias de datos a terceros pa\u00edses.<\/p>\n<h3>\u00bfC\u00f3mo hemos obtenido sus datos?<\/h3>\n<p>Los datos personales que tratamos en Kikopark Playa proceden del propio interesado.<\/p>\n<p>Las categor\u00edas de datos que se tratan son: Datos identificativos; Direcciones postales y electr\u00f3nicas.<\/p>\n<p>&nbsp;<\/p>\n<hr>\n<h2>Tratamiento de los datos de clientes<\/h2>\n<h3>\u00bfCon qu\u00e9 finalidad tratamos sus datos personales?<\/h3>\n<p>En Kikopark Playa tratamos la informaci\u00f3n que nos facilitan nuestros clientes con el fin de realizar la gesti\u00f3n administrativa, contable y fiscal de los servicios solicitados, as\u00ed como enviar comunicaciones promocionales sobre nuestros productos y servicios. En el caso de que no facilite sus datos personales, no podremos cumplir con las finalidades descritas. No se van a tomar decisiones automatizadas en base a los datos proporcionados.<\/p>\n<h3>\u00bfPor cu\u00e1nto tiempo conservaremos sus datos?<\/h3>\n<p>Los datos se conservar\u00e1n mientras el interesado no solicite su supresi\u00f3n, y en su caso, durante los a\u00f1os necesarios para cumplir con las obligaciones legales.<\/p>\n<h3>\u00bfCu\u00e1l es la legitimaci\u00f3n para el tratamiento de sus datos?<\/h3>\n<p>La base legal para el tratamiento de sus datos es la ejecuci\u00f3n de un contrato o medidas precontractuales: Gesti\u00f3n fiscal, contable y administrativa de clientes. (RGPD art. 6.1.b); as\u00ed como el inter\u00e9s leg\u00edtimo del Responsable: Env\u00edo de comunicaciones promocionales incluso por v\u00eda electr\u00f3nica. (RGPD Considerando 47, LSSICE art. 21.2).<\/p>\n<h3>\u00bfA qu\u00e9 destinatarios se comunicar\u00e1n sus datos?<\/h3>\n<p>Los datos se comunicar\u00e1n a la Administraci\u00f3n Tributaria, con la finalidad de cumplir con las obligaciones legales (requisito legal); as\u00ed como a entidades financieras, con la finalidad de girar los recibos correspondientes (requisito contractual).<\/p>\n<h3>Transferencias de datos a terceros pa\u00edses<\/h3>\n<p>No est\u00e1n previstas transferencias de datos a terceros pa\u00edses.<\/p>\n<h3>\u00bfC\u00f3mo hemos obtenido sus datos?<\/h3>\n<p>Los datos personales que tratamos en Kikopark Playa proceden del propio interesado. Las categor\u00edas de datos que se tratan son: Datos identificativos; Direcciones postales y electr\u00f3nicas; Informaci\u00f3n comercial; Datos econ\u00f3micos.<\/p>\n<p>&nbsp;<\/p>\n<hr>\n<h2>Tratamiento de los datos de potenciales clientes y contactos<\/h2>\n<h3>\u00bfCon qu\u00e9 finalidad tratamos sus datos personales?<\/h3>\n<p>En Kikopark Playa. tratamos la informaci\u00f3n que nos facilitan las personas interesadas con el fin de realizar la gesti\u00f3n de potenciales clientes que se han interesado sobre nuestros productos y\/o servicios, as\u00ed como otros contactos comerciales y realizar, en su caso, el env\u00edo de comunicaciones promocionales, inclusive por v\u00eda electr\u00f3nica. En el caso de que no facilite sus datos personales, no podremos cumplir con las finalidades descritas. No se van a tomar decisiones automatizadas en base a los datos proporcionados.<\/p>\n<h3>\u00bfPor cu\u00e1nto tiempo conservaremos sus datos?<\/h3>\n<p>Los datos se conservar\u00e1n mientras el interesado no solicite su supresi\u00f3n.<\/p>\n<h3>\u00bfCu\u00e1l es la legitimaci\u00f3n para el tratamiento de sus datos?<\/h3>\n<p>La base legal para el tratamiento de sus datos es la ejecuci\u00f3n de un contrato o medidas precontractuales: Gesti\u00f3n de potenciales clientes que se han interesado sobre nuestros productos y\/o servicios. (RGPD, art. 6.1.b); as\u00ed como el consentimiento del interesado: Enviar comunicaciones promocionales, inclusive por v\u00eda electr\u00f3nica. (RGPD, art. 6.1.a, LSSICE art.21); y tambi\u00e9n el inter\u00e9s leg\u00edtimo del Responsable: Gesti\u00f3n de los datos de contacto profesionales (LOPDGDD art.19, RGPD art. 6.1.f).<\/p>\n<h3>\u00bfA qu\u00e9 destinatarios se comunicar\u00e1n sus datos?<\/h3>\n<p>No se ceder\u00e1n datos a terceros, salvo obligaci\u00f3n legal.<\/p>\n<h3>Transferencias de datos a terceros pa\u00edses<\/h3>\n<p>No est\u00e1n previstas transferencias de datos a terceros pa\u00edses.<\/p>\n<h3>\u00bfC\u00f3mo hemos obtenido sus datos?<\/h3>\n<p>Los datos personales que tratamos en Kikopark Playa proceden del propio interesado.<\/p>\n<p>Las categor\u00edas de datos que se tratan son: Datos identificativos; Direcciones postales y electr\u00f3nicas.<\/p>\n<p>&nbsp;<\/p>\n<hr>\n<h2>Tratamiento de los datos de proveedores<\/h2>\n<h3>\u00bfCon qu\u00e9 finalidad tratamos sus datos personales?<\/h3>\n<p>En Kikopark Playa tratamos la informaci\u00f3n que nos facilitan nuestros proveedores con el fin de realizar la gesti\u00f3n fiscal, contable y administrativa de proveedores as\u00ed como los datos de contacto profesionales. En el caso de que no facilite sus datos personales, no podremos cumplir con las finalidades descritas. No se van a tomar decisiones automatizadas en base a los datos proporcionados.<\/p>\n<h3>\u00bfPor cu\u00e1nto tiempo conservaremos sus datos?<\/h3>\n<p>Los datos se conservar\u00e1n mientras el interesado no solicite su supresi\u00f3n, y en su caso, durante los a\u00f1os necesarios para cumplir con las obligaciones legales.<\/p>\n<h3>\u00bfCu\u00e1l es la legitimaci\u00f3n para el tratamiento de sus datos?<\/h3>\n<p>La base legal para el tratamiento de sus datos es la ejecuci\u00f3n de un contrato o medidas precontractuales: Realizar la gesti\u00f3n administrativa, contable y fiscal de los servicios contratados. (RGPD art. 6.1.b); as\u00ed como el inter\u00e9s leg\u00edtimo del Responsable: Gesti\u00f3n de los datos de contacto profesionales. (LOPDGDD art.19, RGPD art. 6.1.f).<\/p>\n<h3>\u00bfA qu\u00e9 destinatarios se comunicar\u00e1n sus datos?<\/h3>\n<p>Los datos se comunicar\u00e1n a la Administraci\u00f3n Tributaria, con la finalidad de cumplir con las obligaciones legales (requisito legal); as\u00ed como a entidades financieras, con la finalidad de realizar los pagos correspondientes (requisito contractual).<\/p>\n<h3>Transferencias de datos a terceros pa\u00edses<\/h3>\n<p>No est\u00e1n previstas transferencias de datos a terceros pa\u00edses.<\/p>\n<h3>\u00bfC\u00f3mo hemos obtenido sus datos?<\/h3>\n<p>Los datos personales que tratamos en Kikopark Playa proceden del propio interesado.<\/p>\n<p>&nbsp;<\/p>\n<hr>\n<h2>Tratamiento de los datos de suscriptores a la newsletter<\/h2>\n<h3>\u00bfCon qu\u00e9 finalidad tratamos sus datos personales?<\/h3>\n<p>En Kikopark Playa tratamos la informaci\u00f3n que nos facilitan nuestros suscriptores con el fin de realizar el env\u00edo de nuestra newsletter y otras comunicaciones promocionales de inter\u00e9s para los suscriptores a la misma. En el caso de que no facilite sus datos personales, no podremos cumplir con las finalidades descritas. No se van a tomar decisiones automatizadas en base a los datos proporcionados.<\/p>\n<h3>\u00bfPor cu\u00e1nto tiempo conservaremos sus datos?<\/h3>\n<p>Los datos se conservar\u00e1n mientras el interesado no solicite su supresi\u00f3n.<\/p>\n<h3>\u00bfCu\u00e1l es la legitimaci\u00f3n para el tratamiento de sus datos?<\/h3>\n<p>La base legal para el tratamiento de sus datos es el consentimiento del interesado: realizar el env\u00edo de nuestra newsletter y otras comunicaciones promocionales de inter\u00e9s para los suscriptores a la misma (RGPD, art. 6.1.a, y LSSICE art.21)<\/p>\n<h3>\u00bfA qu\u00e9 destinatarios se comunicar\u00e1n sus datos?<\/h3>\n<p>No se ceder\u00e1n datos a terceros, salvo obligaci\u00f3n legal.<\/p>\n<h3>Transferencias de datos a terceros pa\u00edses<\/h3>\n<p>No est\u00e1n previstas transferencias de datos a terceros pa\u00edses.<\/p>\n<h3>\u00bfC\u00f3mo hemos obtenido sus datos?<\/h3>\n<p>Los datos personales que tratamos en Kikopark Playa proceden del propio interesado. Las categor\u00edas de datos que se tratan son: Direcciones postales y electr\u00f3nicas.<\/p>\n<p>&nbsp;<\/p>\n<hr>\n<h2>Tratamiento de los datos de videovigilancia (seguridad)<\/h2>\n<h3>\u00bfCon qu\u00e9 finalidad tratamos sus datos personales?<\/h3>\n<p>En Kikopark Playa tratamos las im\u00e1genes captadas por nuestros sistemas de videovigilancia con el fin de garantizar la seguridad de las personas, bienes e instalaciones usando los sistemas de videovigilancia. En el caso de que no facilite sus datos personales, no podremos cumplir con las finalidades descritas. No se van a tomar decisiones automatizadas en base a los datos proporcionados.<\/p>\n<h3>\u00bfPor cu\u00e1nto tiempo conservaremos sus datos?<\/h3>\n<p>Los datos se conservar\u00e1n un m\u00e1ximo de 30 d\u00edas, salvo comunicaci\u00f3n a Fuerzas y Cuerpos de Seguridad, y\/o Juzgados y Tribunales.<\/p>\n<h3>\u00bfCu\u00e1l es la legitimaci\u00f3n para el tratamiento de sus datos?<\/h3>\n<p>La base legal para el tratamiento de sus datos es la misi\u00f3n en Inter\u00e9s p\u00fablico, es decir el tratamiento necesario para el cumplimiento de una misi\u00f3n realizada en inter\u00e9s p\u00fablico o en el ejercicio de poderes p\u00fablicos conferidos al responsable del tratamiento (RGPD art. 6.1.e), seg\u00fan consta en la &#8220;Gu\u00eda sobre el uso de videoc\u00e1maras para seguridad y otras finalidades&#8221;, publicada por la Agencia Espa\u00f1ola de Protecci\u00f3n de Datos.<\/p>\n<h3>\u00bfA qu\u00e9 destinatarios se comunicar\u00e1n sus datos?<\/h3>\n<p>Los datos se comunicar\u00e1n en su caso, las fuerzas y cuerpos de seguridad del Estado, as\u00ed como Juzgados y Tribunales, con la finalidad de aportar las im\u00e1genes si se ha cometido un delito (requisito legal).<\/p>\n<h3>Transferencias de datos a terceros pa\u00edses<\/h3>\n<p>No est\u00e1n previstas transferencias de datos a terceros pa\u00edses.<\/p>\n<h3>\u00bfC\u00f3mo hemos obtenido sus datos?<\/h3>\n<p>Los datos personales que tratamos en Kikopark Playa proceden del propio interesado.<\/p>\n<p>Las categor\u00edas de datos que se tratan son: Datos identificativos.<\/p>\n<p>&nbsp;<\/p>\n<hr>\n<h2>Tratamiento de los datos de los hu\u00e9spedes<\/h2>\n<h3>\u00bfCon qu\u00e9 finalidad tratamos sus datos personales?<\/h3>\n<p>En Kikopark Playa tratamos la informaci\u00f3n que nos facilitan nuestros hu\u00e9spedes con el fin de realizar la gesti\u00f3n y el registro de los hu\u00e9spedes. En el caso de que no facilite sus datos personales, no podremos cumplir con las finalidades descritas.<\/p>\n<h3>\u00bfPor cu\u00e1nto tiempo conservaremos sus datos?<\/h3>\n<p>El plazo establecido para la conservaci\u00f3n de los datos de registro de los hu\u00e9spedes es de tres a\u00f1os, contados a partir de la finalizaci\u00f3n del servicio o prestaci\u00f3n contratada.<\/p>\n<h3>\u00bfCu\u00e1l es la legitimaci\u00f3n para el tratamiento de sus datos?<\/h3>\n<p>La base legal para el tratamiento de sus datos es el cumplimiento de una obligaci\u00f3n legal: Real Decreto 933\/2021, de 26 de octubre, por el que se establecen las obligaciones de registro documental e informaci\u00f3n de las personas f\u00edsicas o jur\u00eddicas que ejercen actividades de hospedaje y alquiler de veh\u00edculos a motor; as\u00ed como la ejecuci\u00f3n de un contrato o medidas precontractuales: Gesti\u00f3n del hospedaje por parte del responsable del tratamiento<\/p>\n<h3>\u00bfA qu\u00e9 destinatarios se comunicar\u00e1n sus datos?<\/h3>\n<p>Los datos se comunicar\u00e1n a las Fuerzas y Cuerpos de Seguridad del Estado, con la finalidad de dar cumplimiento a una obligaci\u00f3n legal<\/p>\n<h3>Transferencias de datos a terceros pa\u00edses<\/h3>\n<p>No est\u00e1n previstas transferencias de datos a terceros pa\u00edses.<\/p>\n<h3>\u00bfC\u00f3mo hemos obtenido sus datos?<\/h3>\n<p>Los datos personales que tratamos en Kikopark Playa proceden del propio interesado. Las categor\u00edas de datos que se tratan son: Datos identificativos; Direcciones postales y electr\u00f3nicas; Datos econ\u00f3micos.<\/p>\n<p>&nbsp;<\/p>\n<hr>\n<h2>Formularios<\/h2>\n<p><a href=\"https:\/\/kikopark.com\/wp-content\/uploads\/2025\/02\/FORMULARIO-DE-DESISTIMIENTO-KIKO-PARK.docx\">Desestimiento<\/a><\/p>\n<p><a href=\"https:\/\/kikopark.com\/wp-content\/uploads\/2025\/02\/FORMULARIO-DE-RECLAMACIONES-KIKO-PARK.docx\" target=\"_blank\" rel=\"noopener\">Reclamaciones<\/a>[\/vc_column_text][\/vc_column][\/vc_row]<\/p>\n","protected":false},"excerpt":{"rendered":"<p>[vc_row el_class=&#8221;privacidad_container&#8221;][vc_column][vc_column_text]En www.kikopark.com (titularidad de KIKO TUR, S.L.), nos preocupamos por la privacidad y la transparencia. En virtud de lo dispuesto en el Reglamento (UE) 2016\/679 del Parlamento Europeo y del Consejo, de 27 de abril de 2016, relativo a la protecci\u00f3n de las personas f\u00edsicas en lo que respecta al tratamiento de datos personales [&hellip;]<\/p>\n","protected":false},"author":5,"featured_media":4458,"parent":0,"menu_order":0,"comment_status":"closed","ping_status":"closed","template":"","meta":{"footnotes":""},"yoast_head":"<!-- This site is optimized with the Yoast SEO plugin v22.1 - https:\/\/yoast.com\/wordpress\/plugins\/seo\/ -->\n<title>Aspectos legales y condiciones del site KIKOPARK.<\/title>\n<meta name=\"description\" content=\"Benvingut a KIKOPARK el teu lloc en el #mediKIKOrrani. Aqui podr\u00e1s consultar los aspectos legales y condiciones del site KIKOPARK.\" \/>\n<meta name=\"robots\" content=\"noindex, nofollow\" \/>\n<meta property=\"og:locale\" content=\"ca_ES\" \/>\n<meta property=\"og:type\" content=\"article\" \/>\n<meta property=\"og:title\" content=\"Pol\u00edtica de privacitat\" \/>\n<meta property=\"og:description\" content=\"Benvingut a KIKOPARK el teu lloc en el #mediKIKOrrani. Aqui podr\u00e1s consultar los aspectos legales y condiciones del site KIKOPARK.\" \/>\n<meta property=\"og:url\" content=\"https:\/\/kikopark.com\/ca\/politica-de-privacitat\/\" \/>\n<meta property=\"og:site_name\" content=\"KIKOPARK\" \/>\n<meta property=\"article:modified_time\" content=\"2025-02-03T12:08:28+00:00\" \/>\n<meta property=\"og:image\" content=\"https:\/\/kikopark.com\/wp-content\/uploads\/2021\/11\/Apartamentosx2_transparencia_negra.jpg\" \/>\n\t<meta property=\"og:image:width\" content=\"2560\" \/>\n\t<meta property=\"og:image:height\" content=\"1402\" \/>\n\t<meta property=\"og:image:type\" content=\"image\/jpeg\" \/>\n<meta name=\"twitter:card\" content=\"summary_large_image\" \/>\n<meta name=\"twitter:label1\" content=\"Temps estimat de lectura\" \/>\n\t<meta name=\"twitter:data1\" content=\"12 minuts\" \/>\n<script type=\"application\/ld+json\" class=\"yoast-schema-graph\">{\"@context\":\"https:\/\/schema.org\",\"@graph\":[{\"@type\":\"WebPage\",\"@id\":\"https:\/\/kikopark.com\/ca\/politica-de-privacitat\/\",\"url\":\"https:\/\/kikopark.com\/ca\/politica-de-privacitat\/\",\"name\":\"Aspectos legales y condiciones del site KIKOPARK.\",\"isPartOf\":{\"@id\":\"https:\/\/kikopark.com\/ca\/#website\"},\"datePublished\":\"2018-07-18T06:57:05+00:00\",\"dateModified\":\"2025-02-03T12:08:28+00:00\",\"description\":\"Benvingut a KIKOPARK el teu lloc en el #mediKIKOrrani. Aqui podr\u00e1s consultar los aspectos legales y condiciones del site KIKOPARK.\",\"breadcrumb\":{\"@id\":\"https:\/\/kikopark.com\/ca\/politica-de-privacitat\/#breadcrumb\"},\"inLanguage\":\"ca\",\"potentialAction\":[{\"@type\":\"ReadAction\",\"target\":[\"https:\/\/kikopark.com\/ca\/politica-de-privacitat\/\"]}]},{\"@type\":\"BreadcrumbList\",\"@id\":\"https:\/\/kikopark.com\/ca\/politica-de-privacitat\/#breadcrumb\",\"itemListElement\":[{\"@type\":\"ListItem\",\"position\":1,\"name\":\"Portada\",\"item\":\"https:\/\/kikopark.com\/ca\/\"},{\"@type\":\"ListItem\",\"position\":2,\"name\":\"Pol\u00edtica de privacitat\"}]},{\"@type\":\"WebSite\",\"@id\":\"https:\/\/kikopark.com\/ca\/#website\",\"url\":\"https:\/\/kikopark.com\/ca\/\",\"name\":\"KIKOPARK\",\"description\":\"[:es]Website del complejo tur\u00edstico KIKOPARK en la playa de Oliva (Valencia)[:en]Website of the KIKOPARK tourist complex on the beach of Oliva (Valencia)[:de]Website des KIKOPARK Touristenkomplexes am Strand von Oliva (Valencia)[:ca]Website del complexe tur\u00edstic KIKOPARK a la platja d&#039;Oliva (Val\u00e8ncia)[:fr]Site du complexe touristique KIKOPARK sur la plage d&#039;Oliva (Valence)[:]\",\"potentialAction\":[{\"@type\":\"SearchAction\",\"target\":{\"@type\":\"EntryPoint\",\"urlTemplate\":\"https:\/\/kikopark.com\/ca\/?s={search_term_string}\"},\"query-input\":\"required name=search_term_string\"}],\"inLanguage\":\"ca\"}]}<\/script>\n<!-- \/ Yoast SEO plugin. -->","yoast_head_json":{"title":"Aspectos legales y condiciones del site KIKOPARK.","description":"Benvingut a KIKOPARK el teu lloc en el #mediKIKOrrani. Aqui podr\u00e1s consultar los aspectos legales y condiciones del site KIKOPARK.","robots":{"index":"noindex","follow":"nofollow"},"og_locale":"ca_ES","og_type":"article","og_title":"Pol\u00edtica de privacitat","og_description":"Benvingut a KIKOPARK el teu lloc en el #mediKIKOrrani. Aqui podr\u00e1s consultar los aspectos legales y condiciones del site KIKOPARK.","og_url":"https:\/\/kikopark.com\/ca\/politica-de-privacitat\/","og_site_name":"KIKOPARK","article_modified_time":"2025-02-03T12:08:28+00:00","og_image":[{"width":2560,"height":1402,"url":"https:\/\/kikopark.com\/wp-content\/uploads\/2021\/11\/Apartamentosx2_transparencia_negra.jpg","type":"image\/jpeg"}],"twitter_card":"summary_large_image","twitter_misc":{"Temps estimat de lectura":"12 minuts"},"schema":{"@context":"https:\/\/schema.org","@graph":[{"@type":"WebPage","@id":"https:\/\/kikopark.com\/ca\/politica-de-privacitat\/","url":"https:\/\/kikopark.com\/ca\/politica-de-privacitat\/","name":"Aspectos legales y condiciones del site KIKOPARK.","isPartOf":{"@id":"https:\/\/kikopark.com\/ca\/#website"},"datePublished":"2018-07-18T06:57:05+00:00","dateModified":"2025-02-03T12:08:28+00:00","description":"Benvingut a KIKOPARK el teu lloc en el #mediKIKOrrani. Aqui podr\u00e1s consultar los aspectos legales y condiciones del site KIKOPARK.","breadcrumb":{"@id":"https:\/\/kikopark.com\/ca\/politica-de-privacitat\/#breadcrumb"},"inLanguage":"ca","potentialAction":[{"@type":"ReadAction","target":["https:\/\/kikopark.com\/ca\/politica-de-privacitat\/"]}]},{"@type":"BreadcrumbList","@id":"https:\/\/kikopark.com\/ca\/politica-de-privacitat\/#breadcrumb","itemListElement":[{"@type":"ListItem","position":1,"name":"Portada","item":"https:\/\/kikopark.com\/ca\/"},{"@type":"ListItem","position":2,"name":"Pol\u00edtica de privacitat"}]},{"@type":"WebSite","@id":"https:\/\/kikopark.com\/ca\/#website","url":"https:\/\/kikopark.com\/ca\/","name":"KIKOPARK","description":"[:es]Website del complejo tur\u00edstico KIKOPARK en la playa de Oliva (Valencia)[:en]Website of the KIKOPARK tourist complex on the beach of Oliva (Valencia)[:de]Website des KIKOPARK Touristenkomplexes am Strand von Oliva (Valencia)[:ca]Website del complexe tur\u00edstic KIKOPARK a la platja d&#039;Oliva (Val\u00e8ncia)[:fr]Site du complexe touristique KIKOPARK sur la plage d&#039;Oliva (Valence)[:]","potentialAction":[{"@type":"SearchAction","target":{"@type":"EntryPoint","urlTemplate":"https:\/\/kikopark.com\/ca\/?s={search_term_string}"},"query-input":"required name=search_term_string"}],"inLanguage":"ca"}]}},"_links":{"self":[{"href":"https:\/\/kikopark.com\/ca\/wp-json\/wp\/v2\/pages\/4113"}],"collection":[{"href":"https:\/\/kikopark.com\/ca\/wp-json\/wp\/v2\/pages"}],"about":[{"href":"https:\/\/kikopark.com\/ca\/wp-json\/wp\/v2\/types\/page"}],"author":[{"embeddable":true,"href":"https:\/\/kikopark.com\/ca\/wp-json\/wp\/v2\/users\/5"}],"replies":[{"embeddable":true,"href":"https:\/\/kikopark.com\/ca\/wp-json\/wp\/v2\/comments?post=4113"}],"version-history":[{"count":22,"href":"https:\/\/kikopark.com\/ca\/wp-json\/wp\/v2\/pages\/4113\/revisions"}],"predecessor-version":[{"id":50331,"href":"https:\/\/kikopark.com\/ca\/wp-json\/wp\/v2\/pages\/4113\/revisions\/50331"}],"wp:featuredmedia":[{"embeddable":true,"href":"https:\/\/kikopark.com\/ca\/wp-json\/wp\/v2\/media\/4458"}],"wp:attachment":[{"href":"https:\/\/kikopark.com\/ca\/wp-json\/wp\/v2\/media?parent=4113"}],"curies":[{"name":"wp","href":"https:\/\/api.w.org\/{rel}","templated":true}]}}