{"id":4125,"date":"2018-09-27T13:29:13","date_gmt":"2018-09-27T11:29:13","guid":{"rendered":"https:\/\/kikopark.com\/planol\/"},"modified":"2026-03-11T15:38:29","modified_gmt":"2026-03-11T13:38:29","slug":"planol","status":"publish","type":"page","link":"https:\/\/kikopark.com\/ca\/planol\/","title":{"rendered":"Pl\u00e0nol"},"content":{"rendered":"<p>[vc_row content_placement=&#8221;middle&#8221; transparent=&#8221;transparent&#8221; transparent_overlay=&#8221;transparent_film&#8221;][vc_column css_animation=&#8221;none&#8221; transparent=&#8221;transparent&#8221;][vc_column_text el_class=&#8221;reserva_ahora&#8221;]<a href=\"https:\/\/booking.kikopark.com\/search?lang=ca\"><span class=\"reserva_ahora_text\">Reserva ara<\/span><\/a>[\/vc_column_text][\/vc_column][\/vc_row][vc_row][vc_column][vc_column_text el_class=&#8221;plano_title&#8221;]Kikopark Playa[\/vc_column_text][\/vc_column][\/vc_row][vc_row css=&#8221;.vc_custom_1538650160444{background-color: #ffffff !important;}&#8221;][vc_column][vc_single_image image=&#8221;51371&#8243; img_size=&#8221;full&#8221; onclick=&#8221;custom_link&#8221; img_link_target=&#8221;_blank&#8221; css_animation=&#8221;none&#8221; link=&#8221;https:\/\/kikopark.com\/wp-content\/uploads\/2025\/09\/MAPA-KIKOPARK-PLAYA_2025.jpg&#8221;][vc_column_text]Prem en la imatge per a descarregar-te el pl\u00e0nol.[\/vc_column_text][\/vc_column][\/vc_row]<\/p>\n","protected":false},"excerpt":{"rendered":"<p>[vc_row content_placement=&#8221;middle&#8221; transparent=&#8221;transparent&#8221; transparent_overlay=&#8221;transparent_film&#8221;][vc_column css_animation=&#8221;none&#8221; transparent=&#8221;transparent&#8221;][vc_column_text el_class=&#8221;reserva_ahora&#8221;]Reserva ara[\/vc_column_text][\/vc_column][\/vc_row][vc_row][vc_column][vc_column_text el_class=&#8221;plano_title&#8221;]Kikopark Playa[\/vc_column_text][\/vc_column][\/vc_row][vc_row css=&#8221;.vc_custom_1538650160444{background-color: #ffffff !important;}&#8221;][vc_column][vc_single_image image=&#8221;51371&#8243; img_size=&#8221;full&#8221; onclick=&#8221;custom_link&#8221; img_link_target=&#8221;_blank&#8221; css_animation=&#8221;none&#8221; link=&#8221;https:\/\/kikopark.com\/wp-content\/uploads\/2025\/09\/MAPA-KIKOPARK-PLAYA_2025.jpg&#8221;][vc_column_text]Prem en la imatge per a descarregar-te el pl\u00e0nol.[\/vc_column_text][\/vc_column][\/vc_row]<\/p>\n","protected":false},"author":5,"featured_media":47298,"parent":0,"menu_order":0,"comment_status":"closed","ping_status":"closed","template":"","meta":{"footnotes":""},"yoast_head":"<!-- This site is optimized with the Yoast SEO plugin v22.1 - https:\/\/yoast.com\/wordpress\/plugins\/seo\/ -->\n<title>Pl\u00e0nol de KIKOPARK en el #mediKIKOrraneo.<\/title>\n<meta name=\"description\" content=\"Benvingut a KIKOPARK, el teu lloc en el #mediKIKOrraneo. Ac\u00ed tens el pl\u00e0nol del nostre complex tur\u00edstic per a que et situes.\" \/>\n<meta name=\"robots\" content=\"index, follow, max-snippet:-1, max-image-preview:large, max-video-preview:-1\" \/>\n<link rel=\"canonical\" href=\"https:\/\/kikopark.com\/ca\/planol\/\" \/>\n<meta property=\"og:locale\" content=\"ca_ES\" \/>\n<meta property=\"og:type\" content=\"article\" \/>\n<meta property=\"og:title\" content=\"Pl\u00e0nol de KIKOPARK en el #mediKIKOrraneo.\" \/>\n<meta property=\"og:description\" content=\"Benvingut a KIKOPARK, el teu lloc en el #mediKIKOrraneo. Ac\u00ed tens el pl\u00e0nol del nostre complex tur\u00edstic per a que et situes.\" \/>\n<meta property=\"og:url\" content=\"https:\/\/kikopark.com\/ca\/planol\/\" \/>\n<meta property=\"og:site_name\" content=\"KIKOPARK\" \/>\n<meta property=\"article:modified_time\" content=\"2026-03-11T13:38:29+00:00\" \/>\n<meta property=\"og:image\" content=\"https:\/\/kikopark.com\/wp-content\/uploads\/2024\/09\/PLANO.jpg\" \/>\n\t<meta property=\"og:image:width\" content=\"2560\" \/>\n\t<meta property=\"og:image:height\" content=\"932\" \/>\n\t<meta property=\"og:image:type\" content=\"image\/jpeg\" \/>\n<meta name=\"twitter:card\" content=\"summary_large_image\" \/>\n<meta name=\"twitter:label1\" content=\"Temps estimat de lectura\" \/>\n\t<meta name=\"twitter:data1\" content=\"1 minut\" \/>\n<script type=\"application\/ld+json\" class=\"yoast-schema-graph\">{\"@context\":\"https:\/\/schema.org\",\"@graph\":[{\"@type\":\"WebPage\",\"@id\":\"https:\/\/kikopark.com\/ca\/planol\/\",\"url\":\"https:\/\/kikopark.com\/ca\/planol\/\",\"name\":\"Pl\u00e0nol de KIKOPARK en el #mediKIKOrraneo.\",\"isPartOf\":{\"@id\":\"https:\/\/kikopark.com\/ca\/#website\"},\"datePublished\":\"2018-09-27T11:29:13+00:00\",\"dateModified\":\"2026-03-11T13:38:29+00:00\",\"description\":\"Benvingut a KIKOPARK, el teu lloc en el #mediKIKOrraneo. Ac\u00ed tens el pl\u00e0nol del nostre complex tur\u00edstic per a que et situes.\",\"breadcrumb\":{\"@id\":\"https:\/\/kikopark.com\/ca\/planol\/#breadcrumb\"},\"inLanguage\":\"ca\",\"potentialAction\":[{\"@type\":\"ReadAction\",\"target\":[\"https:\/\/kikopark.com\/ca\/planol\/\"]}]},{\"@type\":\"BreadcrumbList\",\"@id\":\"https:\/\/kikopark.com\/ca\/planol\/#breadcrumb\",\"itemListElement\":[{\"@type\":\"ListItem\",\"position\":1,\"name\":\"Portada\",\"item\":\"https:\/\/kikopark.com\/ca\/\"},{\"@type\":\"ListItem\",\"position\":2,\"name\":\"Pl\u00e0nol\"}]},{\"@type\":\"WebSite\",\"@id\":\"https:\/\/kikopark.com\/ca\/#website\",\"url\":\"https:\/\/kikopark.com\/ca\/\",\"name\":\"KIKOPARK\",\"description\":\"[:es]Website del complejo tur\u00edstico KIKOPARK en la playa de Oliva (Valencia)[:en]Website of the KIKOPARK tourist complex on the beach of Oliva (Valencia)[:de]Website des KIKOPARK Touristenkomplexes am Strand von Oliva (Valencia)[:ca]Website del complexe tur\u00edstic KIKOPARK a la platja d&#039;Oliva (Val\u00e8ncia)[:fr]Site du complexe touristique KIKOPARK sur la plage d&#039;Oliva (Valence)[:]\",\"potentialAction\":[{\"@type\":\"SearchAction\",\"target\":{\"@type\":\"EntryPoint\",\"urlTemplate\":\"https:\/\/kikopark.com\/ca\/?s={search_term_string}\"},\"query-input\":\"required name=search_term_string\"}],\"inLanguage\":\"ca\"}]}<\/script>\n<!-- \/ Yoast SEO plugin. -->","yoast_head_json":{"title":"Pl\u00e0nol de KIKOPARK en el #mediKIKOrraneo.","description":"Benvingut a KIKOPARK, el teu lloc en el #mediKIKOrraneo. Ac\u00ed tens el pl\u00e0nol del nostre complex tur\u00edstic per a que et situes.","robots":{"index":"index","follow":"follow","max-snippet":"max-snippet:-1","max-image-preview":"max-image-preview:large","max-video-preview":"max-video-preview:-1"},"canonical":"https:\/\/kikopark.com\/ca\/planol\/","og_locale":"ca_ES","og_type":"article","og_title":"Pl\u00e0nol de KIKOPARK en el #mediKIKOrraneo.","og_description":"Benvingut a KIKOPARK, el teu lloc en el #mediKIKOrraneo. Ac\u00ed tens el pl\u00e0nol del nostre complex tur\u00edstic per a que et situes.","og_url":"https:\/\/kikopark.com\/ca\/planol\/","og_site_name":"KIKOPARK","article_modified_time":"2026-03-11T13:38:29+00:00","og_image":[{"width":2560,"height":932,"url":"https:\/\/kikopark.com\/wp-content\/uploads\/2024\/09\/PLANO.jpg","type":"image\/jpeg"}],"twitter_card":"summary_large_image","twitter_misc":{"Temps estimat de lectura":"1 minut"},"schema":{"@context":"https:\/\/schema.org","@graph":[{"@type":"WebPage","@id":"https:\/\/kikopark.com\/ca\/planol\/","url":"https:\/\/kikopark.com\/ca\/planol\/","name":"Pl\u00e0nol de KIKOPARK en el #mediKIKOrraneo.","isPartOf":{"@id":"https:\/\/kikopark.com\/ca\/#website"},"datePublished":"2018-09-27T11:29:13+00:00","dateModified":"2026-03-11T13:38:29+00:00","description":"Benvingut a KIKOPARK, el teu lloc en el #mediKIKOrraneo. Ac\u00ed tens el pl\u00e0nol del nostre complex tur\u00edstic per a que et situes.","breadcrumb":{"@id":"https:\/\/kikopark.com\/ca\/planol\/#breadcrumb"},"inLanguage":"ca","potentialAction":[{"@type":"ReadAction","target":["https:\/\/kikopark.com\/ca\/planol\/"]}]},{"@type":"BreadcrumbList","@id":"https:\/\/kikopark.com\/ca\/planol\/#breadcrumb","itemListElement":[{"@type":"ListItem","position":1,"name":"Portada","item":"https:\/\/kikopark.com\/ca\/"},{"@type":"ListItem","position":2,"name":"Pl\u00e0nol"}]},{"@type":"WebSite","@id":"https:\/\/kikopark.com\/ca\/#website","url":"https:\/\/kikopark.com\/ca\/","name":"KIKOPARK","description":"[:es]Website del complejo tur\u00edstico KIKOPARK en la playa de Oliva (Valencia)[:en]Website of the KIKOPARK tourist complex on the beach of Oliva (Valencia)[:de]Website des KIKOPARK Touristenkomplexes am Strand von Oliva (Valencia)[:ca]Website del complexe tur\u00edstic KIKOPARK a la platja d&#039;Oliva (Val\u00e8ncia)[:fr]Site du complexe touristique KIKOPARK sur la plage d&#039;Oliva (Valence)[:]","potentialAction":[{"@type":"SearchAction","target":{"@type":"EntryPoint","urlTemplate":"https:\/\/kikopark.com\/ca\/?s={search_term_string}"},"query-input":"required name=search_term_string"}],"inLanguage":"ca"}]}},"_links":{"self":[{"href":"https:\/\/kikopark.com\/ca\/wp-json\/wp\/v2\/pages\/4125"}],"collection":[{"href":"https:\/\/kikopark.com\/ca\/wp-json\/wp\/v2\/pages"}],"about":[{"href":"https:\/\/kikopark.com\/ca\/wp-json\/wp\/v2\/types\/page"}],"author":[{"embeddable":true,"href":"https:\/\/kikopark.com\/ca\/wp-json\/wp\/v2\/users\/5"}],"replies":[{"embeddable":true,"href":"https:\/\/kikopark.com\/ca\/wp-json\/wp\/v2\/comments?post=4125"}],"version-history":[{"count":30,"href":"https:\/\/kikopark.com\/ca\/wp-json\/wp\/v2\/pages\/4125\/revisions"}],"predecessor-version":[{"id":52083,"href":"https:\/\/kikopark.com\/ca\/wp-json\/wp\/v2\/pages\/4125\/revisions\/52083"}],"wp:featuredmedia":[{"embeddable":true,"href":"https:\/\/kikopark.com\/ca\/wp-json\/wp\/v2\/media\/47298"}],"wp:attachment":[{"href":"https:\/\/kikopark.com\/ca\/wp-json\/wp\/v2\/media?parent=4125"}],"curies":[{"name":"wp","href":"https:\/\/api.w.org\/{rel}","templated":true}]}}