{"id":47245,"date":"2024-09-25T15:32:22","date_gmt":"2024-09-25T13:32:22","guid":{"rendered":"https:\/\/kikopark.com\/?page_id=47245"},"modified":"2024-09-30T17:11:56","modified_gmt":"2024-09-30T15:11:56","slug":"grups","status":"publish","type":"page","link":"https:\/\/kikopark.com\/ca\/grups\/","title":{"rendered":"Grups"},"content":{"rendered":"<p>[vc_row][vc_column][vc_column_text el_class=&#8221;rooms_titles_premium_plus&#8221;]Experi\u00e8ncies \u00faniques en grup per a gaudir compartint moments[\/vc_column_text][\/vc_column][\/vc_row][vc_row el_class=&#8221;room_info&#8221;][vc_column width=&#8221;1\/2&#8243;][vc_column_text]<\/p>\n<h2 class=\"aventura_title\">Activitats en grup<\/h2>\n<p class=\"kampexperience_text\">Un allotjament situat en ple cor del mediterrani, Kikopark disposa de tot el necessari per a una escapada en grup, una reuni\u00f3 de treball, concentraci\u00f3 esportiva, quedada d&#8217;una associaci\u00f3, excursions escolars o qualsevol tipus d&#8217;esdeveniment professional.<\/p>\n<p class=\"kampexperience_text\">Podeu triar la vostra estada en apartaments, glamping o en parcel\u00b7les.<\/p>\n<p class=\"kampexperience_text\">Organitzem l&#8217;esdeveniment al complet, des de desdejunis, menjars i sopars fins a showcooking, c\u00f2ctels i servei d&#8217;\u00e0pats. A m\u00e9s, ens encanta poder desenvolupar activitats esportives, aqu\u00e0tiques, excursions, festes tem\u00e0tiques, m\u00fasica en directe, reunions de treball, tematitzaci\u00f3 d&#8217;esdeveniments&#8230; Tot el necessari perqu\u00e8 la vostra estada siga d&#8217;all\u00f2 m\u00e9s completa!<\/p>\n<p>[\/vc_column_text][\/vc_column][vc_column width=&#8221;1\/2&#8243; el_class=&#8221;kampexperience_img&#8221;][vc_single_image image=&#8221;47277&#8243; img_size=&#8221;full&#8221;][\/vc_column][\/vc_row][vc_row el_class=&#8221;room_info_slider&#8221;][vc_column width=&#8221;1\/2&#8243; el_class=&#8221;kampexperience_carrusel&#8221;][vc_images_carousel images=&#8221;47268,47264,47260,47256&#8243; img_size=&#8221;full&#8221; onclick=&#8221;link_no&#8221; wrap=&#8221;yes&#8221;][\/vc_column][vc_column width=&#8221;1\/2&#8243; el_class=&#8221;kampexperience_texto_derecha&#8221;][vc_column_text el_class=&#8221;kampexperience_text_slider&#8221;]<\/p>\n<p class=\"kampexperience_text\">Organitza una escapada i descobreix tots els beneficis que pot aportar. Refor\u00e7a la cooperaci\u00f3, desenvolupa els lideratges, augmenta el sentiment de pertinen\u00e7a de l&#8217;equip sense deixar de gaudir d&#8217;una experi\u00e8ncia inigualable. <\/p>\n<p class=\"kampexperience_text\">Incrementa la productivitat en un entorn \u00fanic.<\/p>\n<p class=\"kampexperience_text\">Que comence l\u2019experi\u00e8ncia!<\/p>\n<p>[\/vc_column_text][\/vc_column][\/vc_row][vc_row full_width=&#8221;stretch_row_content&#8221; color_set=&#8221;black_section&#8221; transparent=&#8221;transparent&#8221; transparent_overlay=&#8221;transparent_film&#8221; el_class=&#8221;banner_kikopark&#8221; css=&#8221;.vc_custom_1727365450340{background: #303030 url(https:\/\/kikopark.com\/wp-content\/uploads\/2018\/08\/BANNER-2.jpg?id=47234) !important;}&#8221;][vc_column][vc_column_text el_class=&#8221;h1&#8243;]<\/p>\n<p style=\"text-align: center;\">Vine i descobreix<br \/>\nel nostre Glamping<\/p>\n<p style=\"text-align: center;\"><a class=\"btn-primary btn-inv\" href=\"https:\/\/kikopark.com\/ca\/room\/glamping-kikopark\/\" target=\"_self\" rel=\"noopener\">Reservar<\/a><\/p>\n<p>[\/vc_column_text][\/vc_column][\/vc_row][vc_row][vc_column][vc_column_text el_class=&#8221;rooms_titles&#8221;]Connecta amb la naturalesa en Kikopark Rural i viu la teua aventura[\/vc_column_text][\/vc_column][\/vc_row][vc_row equal_height=&#8221;yes&#8221; el_class=&#8221;confort_icon_ultimo_container&#8221;][vc_column width=&#8221;1\/2&#8243;][vc_column_text]<\/p>\n<div class=\"kampexperience_aventura_izq\">\n<p class=\"aventura_title\">Kikopark Rural<\/p>\n<p class=\"aventura_text\">Situat al costat de l&#8217;Embassament de Contreras, a l&#8217;entorn del Parc Natural de les Hoces del Cabriel. Un espai id\u00edl\u00b7lic de pura naturalesa, immers en el cor d&#8217;una comarca que \u00e9s terra de vi i de cava. <\/p>\n<p><a class=\"btn btn btn-inv aventura_btn\" href=\"https:\/\/kikoparkrural.com\/\" target=\"_self\" rel=\"noopener\"><span class=\"aventura_btn_text\">Descobrir<\/span><\/a><\/p>\n<\/div>\n<p>[\/vc_column_text][\/vc_column][vc_column width=&#8221;1\/2&#8243; el_class=&#8221;aventura_img_der&#8221;][vc_single_image image=&#8221;47095&#8243; img_size=&#8221;full&#8221;][\/vc_column][\/vc_row]<\/p>\n","protected":false},"excerpt":{"rendered":"<p>[vc_row][vc_column][vc_column_text el_class=&#8221;rooms_titles_premium_plus&#8221;]Experi\u00e8ncies \u00faniques en grup per a gaudir compartint moments[\/vc_column_text][\/vc_column][\/vc_row][vc_row el_class=&#8221;room_info&#8221;][vc_column width=&#8221;1\/2&#8243;][vc_column_text] Activitats en grup Un allotjament situat en ple cor del mediterrani, Kikopark disposa de tot el necessari per a una escapada en grup, una reuni\u00f3 de treball, concentraci\u00f3 esportiva, quedada d&#8217;una associaci\u00f3, excursions escolars o qualsevol tipus d&#8217;esdeveniment professional. Podeu triar la vostra [&hellip;]<\/p>\n","protected":false},"author":8,"featured_media":47272,"parent":0,"menu_order":0,"comment_status":"closed","ping_status":"closed","template":"","meta":{"footnotes":""},"yoast_head":"<!-- This site is optimized with the Yoast SEO plugin v22.1 - https:\/\/yoast.com\/wordpress\/plugins\/seo\/ -->\n<title>ALLOTJAMENT KIKOPARK - ESPECIAL GRUPS.<\/title>\n<meta name=\"description\" content=\"Sou un grup i est\u00e1is buscant allotjament al costat de la mar per a celebrar un esdeveniment, reuni\u00f3 d&#039;empresa, etc. no busques m\u00e9s, aquest \u00e9s el lloc idoni.\" \/>\n<meta name=\"robots\" content=\"index, follow, max-snippet:-1, max-image-preview:large, max-video-preview:-1\" \/>\n<link rel=\"canonical\" href=\"https:\/\/kikopark.com\/ca\/grups\/\" \/>\n<meta property=\"og:locale\" content=\"ca_ES\" \/>\n<meta property=\"og:type\" content=\"article\" \/>\n<meta property=\"og:title\" content=\"ALLOTJAMENT KIKOPARK - ESPECIAL GRUPS.\" \/>\n<meta property=\"og:description\" content=\"Sou un grup i est\u00e1is buscant allotjament al costat de la mar per a celebrar un esdeveniment, reuni\u00f3 d&#039;empresa, etc. no busques m\u00e9s, aquest \u00e9s el lloc idoni.\" \/>\n<meta property=\"og:url\" content=\"https:\/\/kikopark.com\/ca\/grups\/\" \/>\n<meta property=\"og:site_name\" content=\"KIKOPARK\" \/>\n<meta property=\"article:modified_time\" content=\"2024-09-30T15:11:56+00:00\" \/>\n<meta property=\"og:image\" content=\"https:\/\/kikopark.com\/wp-content\/uploads\/2024\/09\/CABECERA-2.jpg\" \/>\n\t<meta property=\"og:image:width\" content=\"2560\" \/>\n\t<meta property=\"og:image:height\" content=\"932\" \/>\n\t<meta property=\"og:image:type\" content=\"image\/jpeg\" \/>\n<meta name=\"twitter:card\" content=\"summary_large_image\" \/>\n<meta name=\"twitter:label1\" content=\"Temps estimat de lectura\" \/>\n\t<meta name=\"twitter:data1\" content=\"2 minuts\" \/>\n<script type=\"application\/ld+json\" class=\"yoast-schema-graph\">{\"@context\":\"https:\/\/schema.org\",\"@graph\":[{\"@type\":\"WebPage\",\"@id\":\"https:\/\/kikopark.com\/ca\/grups\/\",\"url\":\"https:\/\/kikopark.com\/ca\/grups\/\",\"name\":\"ALLOTJAMENT KIKOPARK - ESPECIAL GRUPS.\",\"isPartOf\":{\"@id\":\"https:\/\/kikopark.com\/ca\/#website\"},\"datePublished\":\"2024-09-25T13:32:22+00:00\",\"dateModified\":\"2024-09-30T15:11:56+00:00\",\"description\":\"Sou un grup i est\u00e1is buscant allotjament al costat de la mar per a celebrar un esdeveniment, reuni\u00f3 d'empresa, etc. no busques m\u00e9s, aquest \u00e9s el lloc idoni.\",\"breadcrumb\":{\"@id\":\"https:\/\/kikopark.com\/ca\/grups\/#breadcrumb\"},\"inLanguage\":\"ca\",\"potentialAction\":[{\"@type\":\"ReadAction\",\"target\":[\"https:\/\/kikopark.com\/ca\/grups\/\"]}]},{\"@type\":\"BreadcrumbList\",\"@id\":\"https:\/\/kikopark.com\/ca\/grups\/#breadcrumb\",\"itemListElement\":[{\"@type\":\"ListItem\",\"position\":1,\"name\":\"Portada\",\"item\":\"https:\/\/kikopark.com\/ca\/\"},{\"@type\":\"ListItem\",\"position\":2,\"name\":\"Grups\"}]},{\"@type\":\"WebSite\",\"@id\":\"https:\/\/kikopark.com\/ca\/#website\",\"url\":\"https:\/\/kikopark.com\/ca\/\",\"name\":\"KIKOPARK\",\"description\":\"[:es]Website del complejo tur\u00edstico KIKOPARK en la playa de Oliva (Valencia)[:en]Website of the KIKOPARK tourist complex on the beach of Oliva (Valencia)[:de]Website des KIKOPARK Touristenkomplexes am Strand von Oliva (Valencia)[:ca]Website del complexe tur\u00edstic KIKOPARK a la platja d&#039;Oliva (Val\u00e8ncia)[:fr]Site du complexe touristique KIKOPARK sur la plage d&#039;Oliva (Valence)[:]\",\"potentialAction\":[{\"@type\":\"SearchAction\",\"target\":{\"@type\":\"EntryPoint\",\"urlTemplate\":\"https:\/\/kikopark.com\/ca\/?s={search_term_string}\"},\"query-input\":\"required name=search_term_string\"}],\"inLanguage\":\"ca\"}]}<\/script>\n<!-- \/ Yoast SEO plugin. -->","yoast_head_json":{"title":"ALLOTJAMENT KIKOPARK - ESPECIAL GRUPS.","description":"Sou un grup i est\u00e1is buscant allotjament al costat de la mar per a celebrar un esdeveniment, reuni\u00f3 d'empresa, etc. no busques m\u00e9s, aquest \u00e9s el lloc idoni.","robots":{"index":"index","follow":"follow","max-snippet":"max-snippet:-1","max-image-preview":"max-image-preview:large","max-video-preview":"max-video-preview:-1"},"canonical":"https:\/\/kikopark.com\/ca\/grups\/","og_locale":"ca_ES","og_type":"article","og_title":"ALLOTJAMENT KIKOPARK - ESPECIAL GRUPS.","og_description":"Sou un grup i est\u00e1is buscant allotjament al costat de la mar per a celebrar un esdeveniment, reuni\u00f3 d'empresa, etc. no busques m\u00e9s, aquest \u00e9s el lloc idoni.","og_url":"https:\/\/kikopark.com\/ca\/grups\/","og_site_name":"KIKOPARK","article_modified_time":"2024-09-30T15:11:56+00:00","og_image":[{"width":2560,"height":932,"url":"https:\/\/kikopark.com\/wp-content\/uploads\/2024\/09\/CABECERA-2.jpg","type":"image\/jpeg"}],"twitter_card":"summary_large_image","twitter_misc":{"Temps estimat de lectura":"2 minuts"},"schema":{"@context":"https:\/\/schema.org","@graph":[{"@type":"WebPage","@id":"https:\/\/kikopark.com\/ca\/grups\/","url":"https:\/\/kikopark.com\/ca\/grups\/","name":"ALLOTJAMENT KIKOPARK - ESPECIAL GRUPS.","isPartOf":{"@id":"https:\/\/kikopark.com\/ca\/#website"},"datePublished":"2024-09-25T13:32:22+00:00","dateModified":"2024-09-30T15:11:56+00:00","description":"Sou un grup i est\u00e1is buscant allotjament al costat de la mar per a celebrar un esdeveniment, reuni\u00f3 d'empresa, etc. no busques m\u00e9s, aquest \u00e9s el lloc idoni.","breadcrumb":{"@id":"https:\/\/kikopark.com\/ca\/grups\/#breadcrumb"},"inLanguage":"ca","potentialAction":[{"@type":"ReadAction","target":["https:\/\/kikopark.com\/ca\/grups\/"]}]},{"@type":"BreadcrumbList","@id":"https:\/\/kikopark.com\/ca\/grups\/#breadcrumb","itemListElement":[{"@type":"ListItem","position":1,"name":"Portada","item":"https:\/\/kikopark.com\/ca\/"},{"@type":"ListItem","position":2,"name":"Grups"}]},{"@type":"WebSite","@id":"https:\/\/kikopark.com\/ca\/#website","url":"https:\/\/kikopark.com\/ca\/","name":"KIKOPARK","description":"[:es]Website del complejo tur\u00edstico KIKOPARK en la playa de Oliva (Valencia)[:en]Website of the KIKOPARK tourist complex on the beach of Oliva (Valencia)[:de]Website des KIKOPARK Touristenkomplexes am Strand von Oliva (Valencia)[:ca]Website del complexe tur\u00edstic KIKOPARK a la platja d&#039;Oliva (Val\u00e8ncia)[:fr]Site du complexe touristique KIKOPARK sur la plage d&#039;Oliva (Valence)[:]","potentialAction":[{"@type":"SearchAction","target":{"@type":"EntryPoint","urlTemplate":"https:\/\/kikopark.com\/ca\/?s={search_term_string}"},"query-input":"required name=search_term_string"}],"inLanguage":"ca"}]}},"_links":{"self":[{"href":"https:\/\/kikopark.com\/ca\/wp-json\/wp\/v2\/pages\/47245"}],"collection":[{"href":"https:\/\/kikopark.com\/ca\/wp-json\/wp\/v2\/pages"}],"about":[{"href":"https:\/\/kikopark.com\/ca\/wp-json\/wp\/v2\/types\/page"}],"author":[{"embeddable":true,"href":"https:\/\/kikopark.com\/ca\/wp-json\/wp\/v2\/users\/8"}],"replies":[{"embeddable":true,"href":"https:\/\/kikopark.com\/ca\/wp-json\/wp\/v2\/comments?post=47245"}],"version-history":[{"count":37,"href":"https:\/\/kikopark.com\/ca\/wp-json\/wp\/v2\/pages\/47245\/revisions"}],"predecessor-version":[{"id":48081,"href":"https:\/\/kikopark.com\/ca\/wp-json\/wp\/v2\/pages\/47245\/revisions\/48081"}],"wp:featuredmedia":[{"embeddable":true,"href":"https:\/\/kikopark.com\/ca\/wp-json\/wp\/v2\/media\/47272"}],"wp:attachment":[{"href":"https:\/\/kikopark.com\/ca\/wp-json\/wp\/v2\/media?parent=47245"}],"curies":[{"name":"wp","href":"https:\/\/api.w.org\/{rel}","templated":true}]}}