{"id":48216,"date":"2016-11-24T18:09:31","date_gmt":"2016-11-24T16:09:31","guid":{"rendered":"https:\/\/kikopark.com\/experiencies\/"},"modified":"2026-03-31T09:19:58","modified_gmt":"2026-03-31T07:19:58","slug":"experiencies","status":"publish","type":"page","link":"https:\/\/kikopark.com\/ca\/experiencies\/","title":{"rendered":"Experi\u00e8ncies"},"content":{"rendered":"<p>[vc_row][vc_column][vc_column_text el_class=&#8221;rooms_titles&#8221;]Una infinitat d&#8217;activitats Kikopark[\/vc_column_text][\/vc_column][\/vc_row][vc_row el_class=&#8221;room_info_slider&#8221;][vc_column width=&#8221;1\/2&#8243; el_class=&#8221;actividades_carrusel&#8221;][vc_single_image image=&#8221;49873&#8243; img_size=&#8221;full&#8221;][\/vc_column][vc_column width=&#8221;1\/2&#8243; el_class=&#8221;kampexperience_texto_derecha&#8221;][vc_column_text el_class=&#8221;kampexperience_text_slider&#8221;]<\/p>\n<div class=\"kampexperience_aventura_izq\">\n<h2 class=\"aventura_title\">Activitats setmanals<\/h2>\n<p class=\"kampexperience_text\">Comptem amb una programaci\u00f3 d&#8217;activitats pensades per a totes les edats. Els m\u00e9s petits poden gaudir de la diversi\u00f3 al Mini Club amb tallers, activitats, nits de cinema i esports. Per als adults preparem activitats setmanals pensades per a passar les millors vacances amb animaci\u00f3, m\u00fasica, gastronomia i esport.<\/p>\n<p><a class=\"btn btn btn-inv aventura_btn\" href=\"https:\/\/kikopark.com\/wp-content\/uploads\/2026\/03\/Actividades-Kikopark-Semana-30-03-al-05-04.pdf\" target=\"_blank\" rel=\"noopener\"><span class=\"aventura_btn_text\">Descarregar<\/span><\/a><\/p>\n<\/div>\n<p>[\/vc_column_text][\/vc_column][\/vc_row][vc_row el_class=&#8221;room_info_slider&#8221;][vc_column width=&#8221;1\/2&#8243; el_class=&#8221;kampexperience_texto_derecha&#8221;][vc_column_text]<\/p>\n<div class=\"kampexperience_aventura_izq\">\n<h2 class=\"aventura_title\">Visites guiades<\/h2>\n<p class=\"kampexperience_text\">Organitzem excursions als principals llocs d&#8217;inter\u00e9s tur\u00edstic. Posem a la disposici\u00f3 dels nostres clients activitats fora del nostre establiment per a con\u00e9ixer la regi\u00f3 i aix\u00ed complementar l&#8217;estada.<\/p>\n<p class=\"kampexperience_text\">A m\u00e9s, oferim visites guiades que permeten descobrir els racons m\u00e9s encantadors de la Comunitat Valenciana. Per als amants de l&#8217;aventura i la naturalesa, comptem amb rutes amb bicicleta pels voltants, on es pot gaudir del paisatge mediterrani, visitar camps d&#8217;oliveres i tarongers, i descobrir llocs \u00fanics que faran de la teua estada una experi\u00e8ncia inoblidable.<\/p>\n<\/div>\n<p>[\/vc_column_text][\/vc_column][vc_column width=&#8221;1\/2&#8243; el_class=&#8221;kampexperience_img&#8221;][vc_single_image image=&#8221;47365&#8243; img_size=&#8221;full&#8221;][\/vc_column][\/vc_row][vc_row full_width=&#8221;stretch_row_content&#8221; color_set=&#8221;black_section&#8221; transparent=&#8221;transparent&#8221; transparent_overlay=&#8221;transparent_film&#8221; el_class=&#8221;banner_kikopark&#8221; css=&#8221;.vc_custom_1727334706719{background: #303030 url(https:\/\/kikopark.com\/wp-content\/uploads\/2018\/09\/BANNER-scaled.jpg?id=47087) !important;}&#8221;][vc_column][vc_column_text el_class=&#8221;h1&#8243;]<\/p>\n<p style=\"text-align: center\">Viu el Mediterrani<br \/>\nen Kikopark Playa<\/p>\n<p style=\"text-align: center\"><a class=\"btn-primary btn-inv\" href=\"https:\/\/booking.kikopark.com\/search?lang=ca\" target=\"_self\" rel=\"noopener\">Reservar<\/a><\/p>\n<p>[\/vc_column_text][\/vc_column][\/vc_row][vc_row el_class=&#8221;room_info_slider&#8221;][vc_column width=&#8221;1\/2&#8243; el_class=&#8221;actividades_carrusel&#8221;][vc_single_image image=&#8221;47370&#8243; img_size=&#8221;full&#8221;][\/vc_column][vc_column width=&#8221;1\/2&#8243; el_class=&#8221;kampexperience_texto_derecha&#8221;][vc_column_text el_class=&#8221;kampexperience_text_slider&#8221;]<\/p>\n<div class=\"kampexperience_aventura_izq\">\n<h2 class=\"aventura_title\">Activitats a la platja<\/h2>\n<p class=\"kampexperience_text\">El nostre entorn permet que les activitats aqu\u00e0tiques formen part del nostre dia a dia. Per aix\u00f2, les activitats a la platja com Paddle Sup i Canoa estan entre les nostres favorites. Tamb\u00e9 organitzem activitats en dins de les nostres instal\u00b7lacions com a Ioga i aquafitness, pensades per a tota mena de p\u00fablic.<\/p>\n<\/div>\n<p>[\/vc_column_text][\/vc_column][\/vc_row][vc_row el_class=&#8221;room_info_slider&#8221;][vc_column width=&#8221;1\/2&#8243; el_class=&#8221;kampexperience_texto_derecha&#8221;][vc_column_text]<\/p>\n<div class=\"kampexperience_aventura_izq\">\n<h2 class=\"aventura_title\">Passeig a cavall<\/h2>\n<p class=\"kampexperience_text\">No hi ha millor manera de gaudir el nostre entorn que amb un passeig a cavall a la vora del Mediterrani. Gaudeix d&#8217;una experi\u00e8ncia a l&#8217;aire lliure, connecta amb la naturalesa i sent la brisa del Mediterrani. Una activitat ideal per a tots, ja siga que busques aventura o simplement vulgues desconnectar i viure una sensaci\u00f3 \u00fanica.<\/p>\n<\/div>\n<p>[\/vc_column_text][\/vc_column][vc_column width=&#8221;1\/2&#8243; el_class=&#8221;aventura_img_der&#8221;][vc_single_image image=&#8221;47375&#8243; img_size=&#8221;full&#8221;][\/vc_column][\/vc_row][vc_row el_class=&#8221;room_info_slider&#8221;][vc_column width=&#8221;1\/2&#8243; el_class=&#8221;aventura_img_izq&#8221;][vc_single_image image=&#8221;47379&#8243; img_size=&#8221;full&#8221;][\/vc_column][vc_column width=&#8221;1\/2&#8243; el_class=&#8221;kampexperience_texto_derecha&#8221;][vc_column_text]<\/p>\n<div class=\"kampexperience_aventura_izq\">\n<h2 class=\"aventura_title\">Oci gastron\u00f2mic<\/h2>\n<p class=\"kampexperience_text\">Gaudeix de m\u00fasica en directe al costat del Mediterrani. Cada cap de setmana, et convidem a viure #vesprada i nits inoblidables amb actuacions en viu i sessions de DJ. Ens encarreguem de crear l&#8217;ambient perfecte per a gaudir i crear records especials. T\u2019esperem!<\/p>\n<\/div>\n<p>[\/vc_column_text][\/vc_column][\/vc_row][vc_row el_class=&#8221;room_info_slider&#8221;][vc_column width=&#8221;1\/2&#8243; el_class=&#8221;kampexperience_texto_derecha&#8221;][vc_column_text]<\/p>\n<div class=\"kampexperience_aventura_izq\">\n<h2 class=\"aventura_title\">Lloguer de bicicletes<\/h2>\n<p class=\"kampexperience_text\">No hi ha millor manera de descobrir el nostre entorn que sobre dues rodes. Lloga una bicicleta i recorre els senders, la platja i els racons naturals que envolten el c\u00e0mping. Gaudeix de la llibertat de moure\u2019t al teu ritme, connecta amb la natura i viu la sensaci\u00f3 d\u2019explorar sense presses. Una activitat perfecta per a totes les edats, tant si busques aventura, exercici o simplement gaudir d\u2019un passeig a l\u2019aire lliure.<\/p>\n<\/div>\n<p>[\/vc_column_text][\/vc_column][vc_column width=&#8221;1\/2&#8243; el_class=&#8221;aventura_img_der&#8221;][vc_single_image image=&#8221;52326&#8243; img_size=&#8221;full&#8221;][\/vc_column][\/vc_row]<\/p>\n","protected":false},"excerpt":{"rendered":"<p>[vc_row][vc_column][vc_column_text el_class=&#8221;rooms_titles&#8221;]Una infinitat d&#8217;activitats Kikopark[\/vc_column_text][\/vc_column][\/vc_row][vc_row el_class=&#8221;room_info_slider&#8221;][vc_column width=&#8221;1\/2&#8243; el_class=&#8221;actividades_carrusel&#8221;][vc_single_image image=&#8221;49873&#8243; img_size=&#8221;full&#8221;][\/vc_column][vc_column width=&#8221;1\/2&#8243; el_class=&#8221;kampexperience_texto_derecha&#8221;][vc_column_text el_class=&#8221;kampexperience_text_slider&#8221;] Activitats setmanals Comptem amb una programaci\u00f3 d&#8217;activitats pensades per a totes les edats. Els m\u00e9s petits poden gaudir de la diversi\u00f3 al Mini Club amb tallers, activitats, nits de cinema i esports. Per als adults preparem activitats setmanals pensades per a passar [&hellip;]<\/p>\n","protected":false},"author":5,"featured_media":47361,"parent":0,"menu_order":0,"comment_status":"closed","ping_status":"closed","template":"","meta":{"footnotes":""},"yoast_head":"<!-- This site is optimized with the Yoast SEO plugin v22.1 - https:\/\/yoast.com\/wordpress\/plugins\/seo\/ -->\n<title>En KIKOPARK trobar\u00e0s tot un mon ple d&#039;experi\u00e8ncies.<\/title>\n<meta name=\"description\" content=\"Benvingut a KIKOPARK el teu lloc en el #mediKIKOrrani, on trobar\u00e0s tot un m\u00f3n ple d&#039;experi\u00e8ncies i un sense fi d&#039;activitats.\" \/>\n<meta name=\"robots\" content=\"index, follow, max-snippet:-1, max-image-preview:large, max-video-preview:-1\" \/>\n<link rel=\"canonical\" href=\"https:\/\/kikopark.com\/ca\/experiencies\/\" \/>\n<meta property=\"og:locale\" content=\"ca_ES\" \/>\n<meta property=\"og:type\" content=\"article\" \/>\n<meta property=\"og:title\" content=\"En KIKOPARK trobar\u00e0s tot un mon ple d&#039;experi\u00e8ncies.\" \/>\n<meta property=\"og:description\" content=\"Benvingut a KIKOPARK el teu lloc en el #mediKIKOrrani, on trobar\u00e0s tot un m\u00f3n ple d&#039;experi\u00e8ncies i un sense fi d&#039;activitats.\" \/>\n<meta property=\"og:url\" content=\"https:\/\/kikopark.com\/ca\/experiencies\/\" \/>\n<meta property=\"og:site_name\" content=\"KIKOPARK\" \/>\n<meta property=\"article:modified_time\" content=\"2026-03-31T07:19:58+00:00\" \/>\n<meta property=\"og:image\" content=\"https:\/\/kikopark.com\/wp-content\/uploads\/2024\/09\/Grupo-824.jpg\" \/>\n\t<meta property=\"og:image:width\" content=\"2560\" \/>\n\t<meta property=\"og:image:height\" content=\"932\" \/>\n\t<meta property=\"og:image:type\" content=\"image\/jpeg\" \/>\n<meta name=\"twitter:card\" content=\"summary_large_image\" \/>\n<meta name=\"twitter:label1\" content=\"Temps estimat de lectura\" \/>\n\t<meta name=\"twitter:data1\" content=\"4 minuts\" \/>\n<script type=\"application\/ld+json\" class=\"yoast-schema-graph\">{\"@context\":\"https:\/\/schema.org\",\"@graph\":[{\"@type\":\"WebPage\",\"@id\":\"https:\/\/kikopark.com\/ca\/experiencies\/\",\"url\":\"https:\/\/kikopark.com\/ca\/experiencies\/\",\"name\":\"En KIKOPARK trobar\u00e0s tot un mon ple d'experi\u00e8ncies.\",\"isPartOf\":{\"@id\":\"https:\/\/kikopark.com\/ca\/#website\"},\"datePublished\":\"2016-11-24T16:09:31+00:00\",\"dateModified\":\"2026-03-31T07:19:58+00:00\",\"description\":\"Benvingut a KIKOPARK el teu lloc en el #mediKIKOrrani, on trobar\u00e0s tot un m\u00f3n ple d'experi\u00e8ncies i un sense fi d'activitats.\",\"breadcrumb\":{\"@id\":\"https:\/\/kikopark.com\/ca\/experiencies\/#breadcrumb\"},\"inLanguage\":\"ca\",\"potentialAction\":[{\"@type\":\"ReadAction\",\"target\":[\"https:\/\/kikopark.com\/ca\/experiencies\/\"]}]},{\"@type\":\"BreadcrumbList\",\"@id\":\"https:\/\/kikopark.com\/ca\/experiencies\/#breadcrumb\",\"itemListElement\":[{\"@type\":\"ListItem\",\"position\":1,\"name\":\"Portada\",\"item\":\"https:\/\/kikopark.com\/ca\/\"},{\"@type\":\"ListItem\",\"position\":2,\"name\":\"Experi\u00e8ncies\"}]},{\"@type\":\"WebSite\",\"@id\":\"https:\/\/kikopark.com\/ca\/#website\",\"url\":\"https:\/\/kikopark.com\/ca\/\",\"name\":\"KIKOPARK\",\"description\":\"[:es]Website del complejo tur\u00edstico KIKOPARK en la playa de Oliva (Valencia)[:en]Website of the KIKOPARK tourist complex on the beach of Oliva (Valencia)[:de]Website des KIKOPARK Touristenkomplexes am Strand von Oliva (Valencia)[:ca]Website del complexe tur\u00edstic KIKOPARK a la platja d&#039;Oliva (Val\u00e8ncia)[:fr]Site du complexe touristique KIKOPARK sur la plage d&#039;Oliva (Valence)[:]\",\"potentialAction\":[{\"@type\":\"SearchAction\",\"target\":{\"@type\":\"EntryPoint\",\"urlTemplate\":\"https:\/\/kikopark.com\/ca\/?s={search_term_string}\"},\"query-input\":\"required name=search_term_string\"}],\"inLanguage\":\"ca\"}]}<\/script>\n<!-- \/ Yoast SEO plugin. -->","yoast_head_json":{"title":"En KIKOPARK trobar\u00e0s tot un mon ple d'experi\u00e8ncies.","description":"Benvingut a KIKOPARK el teu lloc en el #mediKIKOrrani, on trobar\u00e0s tot un m\u00f3n ple d'experi\u00e8ncies i un sense fi d'activitats.","robots":{"index":"index","follow":"follow","max-snippet":"max-snippet:-1","max-image-preview":"max-image-preview:large","max-video-preview":"max-video-preview:-1"},"canonical":"https:\/\/kikopark.com\/ca\/experiencies\/","og_locale":"ca_ES","og_type":"article","og_title":"En KIKOPARK trobar\u00e0s tot un mon ple d'experi\u00e8ncies.","og_description":"Benvingut a KIKOPARK el teu lloc en el #mediKIKOrrani, on trobar\u00e0s tot un m\u00f3n ple d'experi\u00e8ncies i un sense fi d'activitats.","og_url":"https:\/\/kikopark.com\/ca\/experiencies\/","og_site_name":"KIKOPARK","article_modified_time":"2026-03-31T07:19:58+00:00","og_image":[{"width":2560,"height":932,"url":"https:\/\/kikopark.com\/wp-content\/uploads\/2024\/09\/Grupo-824.jpg","type":"image\/jpeg"}],"twitter_card":"summary_large_image","twitter_misc":{"Temps estimat de lectura":"4 minuts"},"schema":{"@context":"https:\/\/schema.org","@graph":[{"@type":"WebPage","@id":"https:\/\/kikopark.com\/ca\/experiencies\/","url":"https:\/\/kikopark.com\/ca\/experiencies\/","name":"En KIKOPARK trobar\u00e0s tot un mon ple d'experi\u00e8ncies.","isPartOf":{"@id":"https:\/\/kikopark.com\/ca\/#website"},"datePublished":"2016-11-24T16:09:31+00:00","dateModified":"2026-03-31T07:19:58+00:00","description":"Benvingut a KIKOPARK el teu lloc en el #mediKIKOrrani, on trobar\u00e0s tot un m\u00f3n ple d'experi\u00e8ncies i un sense fi d'activitats.","breadcrumb":{"@id":"https:\/\/kikopark.com\/ca\/experiencies\/#breadcrumb"},"inLanguage":"ca","potentialAction":[{"@type":"ReadAction","target":["https:\/\/kikopark.com\/ca\/experiencies\/"]}]},{"@type":"BreadcrumbList","@id":"https:\/\/kikopark.com\/ca\/experiencies\/#breadcrumb","itemListElement":[{"@type":"ListItem","position":1,"name":"Portada","item":"https:\/\/kikopark.com\/ca\/"},{"@type":"ListItem","position":2,"name":"Experi\u00e8ncies"}]},{"@type":"WebSite","@id":"https:\/\/kikopark.com\/ca\/#website","url":"https:\/\/kikopark.com\/ca\/","name":"KIKOPARK","description":"[:es]Website del complejo tur\u00edstico KIKOPARK en la playa de Oliva (Valencia)[:en]Website of the KIKOPARK tourist complex on the beach of Oliva (Valencia)[:de]Website des KIKOPARK Touristenkomplexes am Strand von Oliva (Valencia)[:ca]Website del complexe tur\u00edstic KIKOPARK a la platja d&#039;Oliva (Val\u00e8ncia)[:fr]Site du complexe touristique KIKOPARK sur la plage d&#039;Oliva (Valence)[:]","potentialAction":[{"@type":"SearchAction","target":{"@type":"EntryPoint","urlTemplate":"https:\/\/kikopark.com\/ca\/?s={search_term_string}"},"query-input":"required name=search_term_string"}],"inLanguage":"ca"}]}},"_links":{"self":[{"href":"https:\/\/kikopark.com\/ca\/wp-json\/wp\/v2\/pages\/48216"}],"collection":[{"href":"https:\/\/kikopark.com\/ca\/wp-json\/wp\/v2\/pages"}],"about":[{"href":"https:\/\/kikopark.com\/ca\/wp-json\/wp\/v2\/types\/page"}],"author":[{"embeddable":true,"href":"https:\/\/kikopark.com\/ca\/wp-json\/wp\/v2\/users\/5"}],"replies":[{"embeddable":true,"href":"https:\/\/kikopark.com\/ca\/wp-json\/wp\/v2\/comments?post=48216"}],"version-history":[{"count":111,"href":"https:\/\/kikopark.com\/ca\/wp-json\/wp\/v2\/pages\/48216\/revisions"}],"predecessor-version":[{"id":52377,"href":"https:\/\/kikopark.com\/ca\/wp-json\/wp\/v2\/pages\/48216\/revisions\/52377"}],"wp:featuredmedia":[{"embeddable":true,"href":"https:\/\/kikopark.com\/ca\/wp-json\/wp\/v2\/media\/47361"}],"wp:attachment":[{"href":"https:\/\/kikopark.com\/ca\/wp-json\/wp\/v2\/media?parent=48216"}],"curies":[{"name":"wp","href":"https:\/\/api.w.org\/{rel}","templated":true}]}}