{"id":50168,"date":"2025-01-22T11:54:23","date_gmt":"2025-01-22T09:54:23","guid":{"rendered":"https:\/\/kikopark.com\/?page_id=50168"},"modified":"2025-02-06T09:18:05","modified_gmt":"2025-02-06T07:18:05","slug":"60-aniversari","status":"publish","type":"page","link":"https:\/\/kikopark.com\/ca\/60-aniversari\/","title":{"rendered":"60 Aniversari"},"content":{"rendered":"<p>[vc_row full_width=&#8221;stretch_row&#8221; css=&#8221;.vc_custom_1738669274040{background-color: #efeee8 !important;}&#8221;][vc_column][vc_column_text el_class=&#8221;slider_text&#8221; css=&#8221;.vc_custom_1738666816888{padding-top: 100px !important;}&#8221;]<\/p>\n<p style=\"text-align: center;\">Celebramos 60 a\u00f1os disfrutando de un entorno privilegiado. Un homenaje a nuestra historia y or\u00edgenes, con el que ponemos en valor la esencia que nos caracteriza.<\/p>\n<p>[\/vc_column_text][vc_video link=&#8221;https:\/\/youtu.be\/S2kHSaqjRwo&#8221; css=&#8221;.vc_custom_1738595060253{padding-top: 100px !important;}&#8221;][\/vc_column][\/vc_row][vc_row full_width=&#8221;stretch_row_content&#8221; css=&#8221;.vc_custom_1738669197903{background-color: #efeee8 !important;}&#8221;][vc_column][vc_single_image image=&#8221;50442&#8243; img_size=&#8221;full&#8221; alignment=&#8221;center&#8221; css=&#8221;.vc_custom_1738668075554{padding-top: 100px !important;}&#8221;][\/vc_column][\/vc_row][vc_row full_width=&#8221;stretch_row&#8221; css=&#8221;.vc_custom_1738669259567{background-color: #efeee8 !important;}&#8221;][vc_column][vc_column_text el_class=&#8221;slider_text&#8221; css=&#8221;.vc_custom_1738668740688{margin-top: 100px !important;}&#8221;]<\/p>\n<p style=\"text-align: center;\">Our best<br \/>Mediterranean stories<\/p>\n<p>[\/vc_column_text][vc_column_text el_class=&#8221;gastronomia_text christmas_text&#8221; css=&#8221;.vc_custom_1738668751200{padding-top: -100px !important;}&#8221;]<\/p>\n<p style=\"text-align: center;\">Toda una vida dando la bienvenida al para\u00edso.<br \/>Nos apasiona compartir y formar parte de experiencias inolvidables.<\/p>\n<p>[\/vc_column_text][vc_single_image image=&#8221;50438&#8243; img_size=&#8221;full&#8221; alignment=&#8221;center&#8221;][vc_column_text el_class=&#8221;gastronomia_text christmas_text&#8221; css=&#8221;.vc_custom_1738669739608{margin-top: 100px !important;}&#8221;]Nuestro 60 aniversario va a marca un hito imborrable en nuestra historia y nos impulsa hacia nuevos horizontes para crear lugares donde desconectar, disfrutar sin prisas y sentir la naturaleza en estado puro.[\/vc_column_text][vc_single_image image=&#8221;50245&#8243; img_size=&#8221;medium&#8221; alignment=&#8221;center&#8221; css=&#8221;.vc_custom_1738671196152{margin-top: 100px !important;margin-bottom: 100px !important;}&#8221;][\/vc_column][\/vc_row][vc_row equal_height=&#8221;yes&#8221; content_placement=&#8221;top&#8221; css=&#8221;.vc_custom_1738669700226{margin-top: 100px !important;background-color: #efeee8 !important;}&#8221; el_class=&#8221;card_kikopark&#8221;][vc_column width=&#8221;1\/2&#8243;][vc_column_text]<\/p>\n<div class=\"kampexperience_aventura_izq\">\n<h2 class=\"aventura_title\">Kikopark Rural<\/h2>\n<p class=\"aventura_text\">Situado junto al Embalse de Contreras, en el entorno del Parque Natural de las Hoces del Cabriel. Un espacio id\u00edlico de pura naturaleza, inmerso en el coraz\u00f3n de una comarca que es tierra de vino y de cava.<\/p>\n<p><a class=\"btn btn btn-inv aventura_btn\" href=\"https:\/\/kikoparkrural.com\/\" target=\"_blank\" rel=\"noopener\"><span class=\"aventura_btn_text\">Descobrir<\/span><\/a><\/div>\n<p>[\/vc_column_text][\/vc_column][vc_column width=&#8221;1\/2&#8243;][vc_single_image image=&#8221;50391&#8243; img_size=&#8221;full&#8221; css=&#8221;.vc_custom_1738669665890{margin-top: 0px !important;margin-bottom: 0px !important;}&#8221;][\/vc_column][\/vc_row][vc_row equal_height=&#8221;yes&#8221; content_placement=&#8221;top&#8221; css=&#8221;.vc_custom_1738669690722{margin-top: 100px !important;background-color: #efeee8 !important;}&#8221; el_class=&#8221;card_kikoport&#8221;][vc_column width=&#8221;1\/2&#8243;][vc_single_image image=&#8221;50462&#8243; img_size=&#8221;full&#8221; css=&#8221;.vc_custom_1738825952939{margin-top: 0px !important;margin-bottom: 0px !important;}&#8221;][\/vc_column][vc_column width=&#8221;1\/2&#8243;][vc_column_text]<\/p>\n<div class=\"kampexperience_aventura_izq\">\n<h2 class=\"aventura_title\">Kiko Port<\/h2>\n<p class=\"aventura_text\">Kiko Port \u00e9s el punt en com\u00fa on el producte i el sabor delaten la cuina m\u00e9s Mediterr\u00e0nia. Un espai en el qual el sol i la brisa s\u00f3n els acompanyants. Un ambient perfecte per a relaxar-se, conversar i admirar les magn\u00edfiques vistes. Un lloc per a viure la aut\u00e8ntica experi\u00e8ncia.<\/p>\n<p><a class=\"btn btn btn-inv aventura_btn\" href=\"https:\/\/kikoport.es\" target=\"_blank\" rel=\"noopener\"><span class=\"aventura_btn_text\">Descobrir<\/span><\/a><\/div>\n<p>[\/vc_column_text][\/vc_column][\/vc_row]<\/p>\n","protected":false},"excerpt":{"rendered":"<p>[vc_row full_width=&#8221;stretch_row&#8221; css=&#8221;.vc_custom_1738669274040{background-color: #efeee8 !important;}&#8221;][vc_column][vc_column_text el_class=&#8221;slider_text&#8221; css=&#8221;.vc_custom_1738666816888{padding-top: 100px !important;}&#8221;] Celebramos 60 a\u00f1os disfrutando de un entorno privilegiado. Un homenaje a nuestra historia y or\u00edgenes, con el que ponemos en valor la esencia que nos caracteriza. [\/vc_column_text][vc_video link=&#8221;https:\/\/youtu.be\/S2kHSaqjRwo&#8221; css=&#8221;.vc_custom_1738595060253{padding-top: 100px !important;}&#8221;][\/vc_column][\/vc_row][vc_row full_width=&#8221;stretch_row_content&#8221; css=&#8221;.vc_custom_1738669197903{background-color: #efeee8 !important;}&#8221;][vc_column][vc_single_image image=&#8221;50442&#8243; img_size=&#8221;full&#8221; alignment=&#8221;center&#8221; css=&#8221;.vc_custom_1738668075554{padding-top: 100px !important;}&#8221;][\/vc_column][\/vc_row][vc_row full_width=&#8221;stretch_row&#8221; css=&#8221;.vc_custom_1738669259567{background-color: #efeee8 !important;}&#8221;][vc_column][vc_column_text el_class=&#8221;slider_text&#8221; [&hellip;]<\/p>\n","protected":false},"author":7,"featured_media":50381,"parent":0,"menu_order":0,"comment_status":"closed","ping_status":"closed","template":"","meta":{"footnotes":""},"yoast_head":"<!-- This site is optimized with the Yoast SEO plugin v22.1 - https:\/\/yoast.com\/wordpress\/plugins\/seo\/ -->\n<title>60 Aniversari - KIKOPARK<\/title>\n<meta name=\"robots\" content=\"index, follow, max-snippet:-1, max-image-preview:large, max-video-preview:-1\" \/>\n<link rel=\"canonical\" href=\"https:\/\/kikopark.com\/ca\/60-aniversari\/\" \/>\n<meta property=\"og:locale\" content=\"ca_ES\" \/>\n<meta property=\"og:type\" content=\"article\" \/>\n<meta property=\"og:title\" content=\"60 Aniversari - KIKOPARK\" \/>\n<meta property=\"og:description\" content=\"[vc_row full_width=&#8221;stretch_row&#8221; css=&#8221;.vc_custom_1738669274040{background-color: #efeee8 !important;}&#8221;][vc_column][vc_column_text el_class=&#8221;slider_text&#8221; css=&#8221;.vc_custom_1738666816888{padding-top: 100px !important;}&#8221;] Celebramos 60 a\u00f1os disfrutando de un entorno privilegiado. Un homenaje a nuestra historia y or\u00edgenes, con el que ponemos en valor la esencia que nos caracteriza. [\/vc_column_text][vc_video link=&#8221;https:\/\/youtu.be\/S2kHSaqjRwo&#8221; css=&#8221;.vc_custom_1738595060253{padding-top: 100px !important;}&#8221;][\/vc_column][\/vc_row][vc_row full_width=&#8221;stretch_row_content&#8221; css=&#8221;.vc_custom_1738669197903{background-color: #efeee8 !important;}&#8221;][vc_column][vc_single_image image=&#8221;50442&#8243; img_size=&#8221;full&#8221; alignment=&#8221;center&#8221; css=&#8221;.vc_custom_1738668075554{padding-top: 100px !important;}&#8221;][\/vc_column][\/vc_row][vc_row full_width=&#8221;stretch_row&#8221; css=&#8221;.vc_custom_1738669259567{background-color: #efeee8 !important;}&#8221;][vc_column][vc_column_text el_class=&#8221;slider_text&#8221; [&hellip;]\" \/>\n<meta property=\"og:url\" content=\"https:\/\/kikopark.com\/ca\/60-aniversari\/\" \/>\n<meta property=\"og:site_name\" content=\"KIKOPARK\" \/>\n<meta property=\"article:modified_time\" content=\"2025-02-06T07:18:05+00:00\" \/>\n<meta property=\"og:image\" content=\"https:\/\/kikopark.com\/wp-content\/uploads\/2025\/02\/Grupo-896.jpg\" \/>\n\t<meta property=\"og:image:width\" content=\"2560\" \/>\n\t<meta property=\"og:image:height\" content=\"1208\" \/>\n\t<meta property=\"og:image:type\" content=\"image\/jpeg\" \/>\n<meta name=\"twitter:card\" content=\"summary_large_image\" \/>\n<meta name=\"twitter:label1\" content=\"Temps estimat de lectura\" \/>\n\t<meta name=\"twitter:data1\" content=\"2 minuts\" \/>\n<script type=\"application\/ld+json\" class=\"yoast-schema-graph\">{\"@context\":\"https:\/\/schema.org\",\"@graph\":[{\"@type\":\"WebPage\",\"@id\":\"https:\/\/kikopark.com\/ca\/60-aniversari\/\",\"url\":\"https:\/\/kikopark.com\/ca\/60-aniversari\/\",\"name\":\"60 Aniversari - KIKOPARK\",\"isPartOf\":{\"@id\":\"https:\/\/kikopark.com\/ca\/#website\"},\"datePublished\":\"2025-01-22T09:54:23+00:00\",\"dateModified\":\"2025-02-06T07:18:05+00:00\",\"breadcrumb\":{\"@id\":\"https:\/\/kikopark.com\/ca\/60-aniversari\/#breadcrumb\"},\"inLanguage\":\"ca\",\"potentialAction\":[{\"@type\":\"ReadAction\",\"target\":[\"https:\/\/kikopark.com\/ca\/60-aniversari\/\"]}]},{\"@type\":\"BreadcrumbList\",\"@id\":\"https:\/\/kikopark.com\/ca\/60-aniversari\/#breadcrumb\",\"itemListElement\":[{\"@type\":\"ListItem\",\"position\":1,\"name\":\"Portada\",\"item\":\"https:\/\/kikopark.com\/ca\/\"},{\"@type\":\"ListItem\",\"position\":2,\"name\":\"60 Aniversari\"}]},{\"@type\":\"WebSite\",\"@id\":\"https:\/\/kikopark.com\/ca\/#website\",\"url\":\"https:\/\/kikopark.com\/ca\/\",\"name\":\"KIKOPARK\",\"description\":\"[:es]Website del complejo tur\u00edstico KIKOPARK en la playa de Oliva (Valencia)[:en]Website of the KIKOPARK tourist complex on the beach of Oliva (Valencia)[:de]Website des KIKOPARK Touristenkomplexes am Strand von Oliva (Valencia)[:ca]Website del complexe tur\u00edstic KIKOPARK a la platja d&#039;Oliva (Val\u00e8ncia)[:fr]Site du complexe touristique KIKOPARK sur la plage d&#039;Oliva (Valence)[:]\",\"potentialAction\":[{\"@type\":\"SearchAction\",\"target\":{\"@type\":\"EntryPoint\",\"urlTemplate\":\"https:\/\/kikopark.com\/ca\/?s={search_term_string}\"},\"query-input\":\"required name=search_term_string\"}],\"inLanguage\":\"ca\"}]}<\/script>\n<!-- \/ Yoast SEO plugin. -->","yoast_head_json":{"title":"60 Aniversari - KIKOPARK","robots":{"index":"index","follow":"follow","max-snippet":"max-snippet:-1","max-image-preview":"max-image-preview:large","max-video-preview":"max-video-preview:-1"},"canonical":"https:\/\/kikopark.com\/ca\/60-aniversari\/","og_locale":"ca_ES","og_type":"article","og_title":"60 Aniversari - KIKOPARK","og_description":"[vc_row full_width=&#8221;stretch_row&#8221; css=&#8221;.vc_custom_1738669274040{background-color: #efeee8 !important;}&#8221;][vc_column][vc_column_text el_class=&#8221;slider_text&#8221; css=&#8221;.vc_custom_1738666816888{padding-top: 100px !important;}&#8221;] Celebramos 60 a\u00f1os disfrutando de un entorno privilegiado. Un homenaje a nuestra historia y or\u00edgenes, con el que ponemos en valor la esencia que nos caracteriza. [\/vc_column_text][vc_video link=&#8221;https:\/\/youtu.be\/S2kHSaqjRwo&#8221; css=&#8221;.vc_custom_1738595060253{padding-top: 100px !important;}&#8221;][\/vc_column][\/vc_row][vc_row full_width=&#8221;stretch_row_content&#8221; css=&#8221;.vc_custom_1738669197903{background-color: #efeee8 !important;}&#8221;][vc_column][vc_single_image image=&#8221;50442&#8243; img_size=&#8221;full&#8221; alignment=&#8221;center&#8221; css=&#8221;.vc_custom_1738668075554{padding-top: 100px !important;}&#8221;][\/vc_column][\/vc_row][vc_row full_width=&#8221;stretch_row&#8221; css=&#8221;.vc_custom_1738669259567{background-color: #efeee8 !important;}&#8221;][vc_column][vc_column_text el_class=&#8221;slider_text&#8221; [&hellip;]","og_url":"https:\/\/kikopark.com\/ca\/60-aniversari\/","og_site_name":"KIKOPARK","article_modified_time":"2025-02-06T07:18:05+00:00","og_image":[{"width":2560,"height":1208,"url":"https:\/\/kikopark.com\/wp-content\/uploads\/2025\/02\/Grupo-896.jpg","type":"image\/jpeg"}],"twitter_card":"summary_large_image","twitter_misc":{"Temps estimat de lectura":"2 minuts"},"schema":{"@context":"https:\/\/schema.org","@graph":[{"@type":"WebPage","@id":"https:\/\/kikopark.com\/ca\/60-aniversari\/","url":"https:\/\/kikopark.com\/ca\/60-aniversari\/","name":"60 Aniversari - KIKOPARK","isPartOf":{"@id":"https:\/\/kikopark.com\/ca\/#website"},"datePublished":"2025-01-22T09:54:23+00:00","dateModified":"2025-02-06T07:18:05+00:00","breadcrumb":{"@id":"https:\/\/kikopark.com\/ca\/60-aniversari\/#breadcrumb"},"inLanguage":"ca","potentialAction":[{"@type":"ReadAction","target":["https:\/\/kikopark.com\/ca\/60-aniversari\/"]}]},{"@type":"BreadcrumbList","@id":"https:\/\/kikopark.com\/ca\/60-aniversari\/#breadcrumb","itemListElement":[{"@type":"ListItem","position":1,"name":"Portada","item":"https:\/\/kikopark.com\/ca\/"},{"@type":"ListItem","position":2,"name":"60 Aniversari"}]},{"@type":"WebSite","@id":"https:\/\/kikopark.com\/ca\/#website","url":"https:\/\/kikopark.com\/ca\/","name":"KIKOPARK","description":"[:es]Website del complejo tur\u00edstico KIKOPARK en la playa de Oliva (Valencia)[:en]Website of the KIKOPARK tourist complex on the beach of Oliva (Valencia)[:de]Website des KIKOPARK Touristenkomplexes am Strand von Oliva (Valencia)[:ca]Website del complexe tur\u00edstic KIKOPARK a la platja d&#039;Oliva (Val\u00e8ncia)[:fr]Site du complexe touristique KIKOPARK sur la plage d&#039;Oliva (Valence)[:]","potentialAction":[{"@type":"SearchAction","target":{"@type":"EntryPoint","urlTemplate":"https:\/\/kikopark.com\/ca\/?s={search_term_string}"},"query-input":"required name=search_term_string"}],"inLanguage":"ca"}]}},"_links":{"self":[{"href":"https:\/\/kikopark.com\/ca\/wp-json\/wp\/v2\/pages\/50168"}],"collection":[{"href":"https:\/\/kikopark.com\/ca\/wp-json\/wp\/v2\/pages"}],"about":[{"href":"https:\/\/kikopark.com\/ca\/wp-json\/wp\/v2\/types\/page"}],"author":[{"embeddable":true,"href":"https:\/\/kikopark.com\/ca\/wp-json\/wp\/v2\/users\/7"}],"replies":[{"embeddable":true,"href":"https:\/\/kikopark.com\/ca\/wp-json\/wp\/v2\/comments?post=50168"}],"version-history":[{"count":8,"href":"https:\/\/kikopark.com\/ca\/wp-json\/wp\/v2\/pages\/50168\/revisions"}],"predecessor-version":[{"id":50488,"href":"https:\/\/kikopark.com\/ca\/wp-json\/wp\/v2\/pages\/50168\/revisions\/50488"}],"wp:featuredmedia":[{"embeddable":true,"href":"https:\/\/kikopark.com\/ca\/wp-json\/wp\/v2\/media\/50381"}],"wp:attachment":[{"href":"https:\/\/kikopark.com\/ca\/wp-json\/wp\/v2\/media?parent=50168"}],"curies":[{"name":"wp","href":"https:\/\/api.w.org\/{rel}","templated":true}]}}