{"id":51443,"date":"2025-09-29T10:15:20","date_gmt":"2025-09-29T08:15:20","guid":{"rendered":"https:\/\/kikopark.com\/halloween-2025\/"},"modified":"2026-03-25T08:56:44","modified_gmt":"2026-03-25T06:56:44","slug":"halloween-2025","status":"publish","type":"page","link":"https:\/\/kikopark.com\/ca\/halloween-2025\/","title":{"rendered":"Halloween 2025"},"content":{"rendered":"<p>[vc_row content_placement=&#8221;middle&#8221; transparent=&#8221;transparent&#8221; transparent_overlay=&#8221;transparent_film&#8221;][vc_column transparent=&#8221;transparent&#8221;][vc_column_text el_class=&#8221;reserva_ahora reserva_ahora_halloween&#8221;]<a href=\"https:\/\/booking.kikopark.com\/search?lang=ca\"><img decoding=\"async\" class=\"img_asterisco\" src=\"\/wp-content\/uploads\/2025\/09\/asterisco-blanco.svg\" alt=\"asterisco\" width=\"30px\"><span class=\"reserva_ahora_text\">Reserva ara<\/span><img decoding=\"async\" class=\"img_asterisco\" src=\"\/wp-content\/uploads\/2025\/09\/asterisco-blanco.svg\" alt=\"asterisco\" width=\"30px\"><\/a>[\/vc_column_text][\/vc_column][\/vc_row][vc_row][vc_column][vc_column_text el_class=&#8221;rooms_titles_premium_plus title_halloween&#8221;]T&#8217;atreveixes a viure un Halloween ple d&#8217;espectacles encantats?[\/vc_column_text][\/vc_column][\/vc_row][vc_row][vc_column][vc_column_text el_class=&#8221;gastronomia_text halloween_text&#8221;]Aquest Halloween, els murmuris del mar anuncien l&#8217;arribada de Whispers of Halloween: Show of Mysteries at Kikopark. Carpes embruixades, llums parpellejants i personatges enigm\u00e0tics t&#8217;esperen en un entorn \u00fanic al costat de la Mediterr\u00e0nia. T&#8217;ho perdr\u00e0s?[\/vc_column_text][\/vc_column][\/vc_row][vc_row][vc_column][vc_video link=&#8221;https:\/\/youtu.be\/Bni4MIvZDWU&#8221;][\/vc_column][\/vc_row][vc_row][vc_column][vc_column_text el_class=&#8221;gastronomia_text halloween_text&#8221;]<a class=\"btn btn-inv aventura_btn halloween_btn\" href=\"https:\/\/booking.kikopark.com\/search?lang=ca\" target=\"_blank\" rel=\"noopener\">Fes la teua reserva<\/a>[\/vc_column_text][\/vc_column][\/vc_row][vc_row full_width=&#8221;stretch_row&#8221; css=&#8221;.vc_custom_1729759570664{background-color: #1d1d1d !important;}&#8221; el_class=&#8221;halloween_full_width&#8221;][vc_column][vc_column_text el_class=&#8221;subtitle_halloween_white&#8221;]Dos terror\u00edfics caps de setmana![\/vc_column_text][\/vc_column][\/vc_row][vc_row full_width=&#8221;stretch_row&#8221; gap=&#8221;30&#8243; css=&#8221;.vc_custom_1729759576227{background-color: #1d1d1d !important;}&#8221; el_class=&#8221;halloween_cards&#8221;][vc_column width=&#8221;1\/2&#8243;][vc_single_image image=&#8221;49124&#8243; img_size=&#8221;full&#8221;][vc_column_text]<\/p>\n<p class=\"small_title\">DEL 24 AL 26 D&#8217;OCTUBRE<\/p>\n<p class=\"title\">ELS PRIMERS SUBSURRES<\/p>\n<p class=\"text\">Comencen els sustos i la diversi\u00f3!<\/p>\n<p><a class=\"btn\" href=\"https:\/\/booking.kikopark.com\/search?checkin=2023-10-25&amp;checkout=2023-10-27&amp;guestAges=18,18&amp;categoryIds=1,2,3,4,5,7,10&amp;lang=es\" target=\"_blank\" rel=\"noopener\">Reserva<\/a>[\/vc_column_text][\/vc_column][vc_column width=&#8221;1\/2&#8243;][vc_single_image image=&#8221;49120&#8243; img_size=&#8221;full&#8221;][vc_column_text]<\/p>\n<p class=\"small_title\">DEL 31 AL 2 DE NOVEMBRE<\/p>\n<p class=\"title\">EL SHOW MALE\u00cfT<\/p>\n<p class=\"text\">L\u2019aut\u00e8ntica nit de Halloween. Are you ready?<\/p>\n<p><a class=\"btn\" href=\"https:\/\/booking.kikopark.com\/search?checkin=2023-10-31&amp;checkout=2023-11-03&amp;guestAges=18,18&amp;categoryIds=1,2,3,4,5,7,10&amp;lang=es\" target=\"_blank\" rel=\"noopener\">Reserva<\/a>[\/vc_column_text][\/vc_column][\/vc_row][vc_row][vc_column][vc_column_text el_class=&#8221;subtitle_halloween&#8221;]Descobreix tot el que tenim preparat![\/vc_column_text][\/vc_column][\/vc_row][vc_row][vc_column][vc_column_text el_class=&#8221;gastronomia_text halloween_text&#8221;]Aquest Halloween, Kikopark Platja es transforma en el lloc ideal per gaudir de les nits plenes de diversi\u00f3 i misteri. Reserva la teua estadia i viu una experi\u00e8ncia inoblidable amb activitats pensades per a tota la fam\u00edlia:[\/vc_column_text][\/vc_column][\/vc_row][vc_row gap=&#8221;10&#8243; el_class=&#8221;halloween_hover_box&#8221;][vc_column width=&#8221;1\/4&#8243;]<!-- ========================== HOVER BOX ==========================-->\n\n<div style=\"background-image: url('https:\/\/kikopark.com\/wp-content\/uploads\/2024\/10\/BAILE-DE-DISFRACES-1.jpg')\" class=\"hoverbox wpb_content_element black_section neutralize_links stretchy_wrapper ratio_2-3  \">\n<div class=\"hoverbox_tran black_section transparent_film\"><\/div>\n\t<a href=\"#\">\n\t\t<div class=\"hoverbox_icon\">\n\t\t\t<img decoding=\"async\" src=\"https:\/\/kikopark.com\/wp-content\/uploads\/2023\/11\/logo-kikopark.svg\" alt=\"\">\n\t\t<\/div>\n\t\t<div class=\"hoverbox_title\">\n\t\t\t<h2>Ball de disfresses<\/h2>\n\t\t<\/div>\n\t\t<div class=\"hoverbox_paragraph\">\n\t\t\t<p>Les nits s\u00f3n molt millors si acaben amb m\u00fasica i ballant a la llum de la lluna. Tu que tries, Truc o tracte?<\/p>\n\t\t<\/div>\n\t<\/a>\t\n<\/div>\n\n<!-- END======================= HOVER BOX ==========================-->[\/vc_column][vc_column width=&#8221;1\/4&#8243;]<!-- ========================== HOVER BOX ==========================-->\n\n<div style=\"background-image: url('https:\/\/kikopark.com\/wp-content\/uploads\/2024\/10\/ACTIVIDADES-INFANTILES.jpg')\" class=\"hoverbox wpb_content_element black_section neutralize_links stretchy_wrapper ratio_2-3  \">\n<div class=\"hoverbox_tran black_section transparent_film\"><\/div>\n\t<a href=\"#\">\n\t\t<div class=\"hoverbox_icon\">\n\t\t\t<img decoding=\"async\" src=\"https:\/\/kikopark.com\/wp-content\/uploads\/2023\/11\/logo-kikopark.svg\" alt=\"\">\n\t\t<\/div>\n\t\t<div class=\"hoverbox_title\">\n\t\t\t<h2>Activitats infantils<\/h2>\n\t\t<\/div>\n\t\t<div class=\"hoverbox_paragraph\">\n\t\t\t<p>Tallers, manualitats, jocs en fam\u00edlia\u2026<br \/>Els m\u00e9s petits us ho passaran de por amb el nostre equip d\u2019animaci\u00f3!<\/p>\n\t\t<\/div>\n\t<\/a>\t\n<\/div>\n\n<!-- END======================= HOVER BOX ==========================-->[\/vc_column][vc_column width=&#8221;1\/4&#8243;]<!-- ========================== HOVER BOX ==========================-->\n\n<div style=\"background-image: url('https:\/\/kikopark.com\/wp-content\/uploads\/2024\/10\/CONCURSOS-TERRORIFICOS.jpg')\" class=\"hoverbox wpb_content_element black_section neutralize_links stretchy_wrapper ratio_2-3  \">\n<div class=\"hoverbox_tran black_section transparent_film\"><\/div>\n\t<a href=\"#\">\n\t\t<div class=\"hoverbox_icon\">\n\t\t\t<img decoding=\"async\" src=\"https:\/\/kikopark.com\/wp-content\/uploads\/2023\/11\/logo-kikopark.svg\" alt=\"\">\n\t\t<\/div>\n\t\t<div class=\"hoverbox_title\">\n\t\t\t<h2>Concursos terror\u00edfics<\/h2>\n\t\t<\/div>\n\t\t<div class=\"hoverbox_paragraph\">\n\t\t\t<p>El millor ball, la millor disfressa, la millor parcel\u00b7la decorada\u2026<br \/>T\u2019encantaran tots els nostres premis, participa i guanya fins a una estada!<\/p>\n\t\t<\/div>\n\t<\/a>\t\n<\/div>\n\n<!-- END======================= HOVER BOX ==========================-->[\/vc_column][vc_column width=&#8221;1\/4&#8243;]<!-- ========================== HOVER BOX ==========================-->\n\n<div style=\"background-image: url('https:\/\/kikopark.com\/wp-content\/uploads\/2024\/10\/CENAS.jpg')\" class=\"hoverbox wpb_content_element black_section neutralize_links stretchy_wrapper ratio_2-3  \">\n<div class=\"hoverbox_tran black_section transparent_film\"><\/div>\n\t<a href=\"#\">\n\t\t<div class=\"hoverbox_icon\">\n\t\t\t<img decoding=\"async\" src=\"https:\/\/kikopark.com\/wp-content\/uploads\/2023\/11\/logo-kikopark.svg\" alt=\"\">\n\t\t<\/div>\n\t\t<div class=\"hoverbox_title\">\n\t\t\t<h2>Sopar tem\u00e0tics<\/h2>\n\t\t<\/div>\n\t\t<div class=\"hoverbox_paragraph\">\n\t\t\t<p>Cada nit \u00e9s una aventura diferent amb men\u00fas plats m\u00e9s terror\u00edfics, dol\u00e7os i salats. Gaudeix-te i vine a assaborir-los.<\/p>\n\t\t<\/div>\n\t<\/a>\t\n<\/div>\n\n<!-- END======================= HOVER BOX ==========================-->[\/vc_column][\/vc_row][vc_row full_width=&#8221;stretch_row&#8221; el_class=&#8221;halloween_video&#8221; css=&#8221;.vc_custom_1729602179791{background-color: #F4EEE7 !important;}&#8221;][vc_column][vc_column_text el_class=&#8221;subtitle_halloween&#8221;]La nit de Halloween tamb\u00e9 a Kikopark Rural![\/vc_column_text][vc_column_text el_class=&#8221;gastronomia_text halloween_text&#8221;]No et voldr\u00e0s perdre tot el que l&#8217;embassament amaga. Recorre els carrers del poble mentre descobreixes enigmes que posen els teus nervis a prova, i deixa&#8217;t rec\u00f3rrer per calfreds a la vora de l&#8217;aigua, on hist\u00f2ries sorprenents i figures intrigants esperen la teva visita.[\/vc_column_text][vc_single_image image=&#8221;49115&#8243; img_size=&#8221;full&#8221; alignment=&#8221;center&#8221;][vc_column_text el_class=&#8221;gastronomia_text halloween_text&#8221;]<a class=\"btn btn-inv aventura_btn halloween_btn\" href=\"https:\/\/kikoparkrural.com\/\" target=\"_blank\" rel=\"noopener\">Descobreix Kikopark Rural<\/a>[\/vc_column_text][\/vc_column][\/vc_row][vc_row el_class=&#8221;halloween_gallery&#8221;][vc_column][vc_column_text el_class=&#8221;subtitle_halloween&#8221;]No t&#8217;ho voldr\u00e0s perdre![\/vc_column_text][vc_gallery type=&#8221;image_grid&#8221; images=&#8221;51493,49145,49141,49137,49133,51489&#8243; img_size=&#8221;medium&#8221; onclick=&#8221;&#8221;][\/vc_column][\/vc_row][vc_row el_class=&#8221;halloween_gallery&#8221;][vc_column][vc_single_image image=&#8221;51828&#8243; img_size=&#8221;400&#215;85&#8243; alignment=&#8221;center&#8221;][\/vc_column][\/vc_row]<\/p>\n","protected":false},"excerpt":{"rendered":"<p>[vc_row content_placement=&#8221;middle&#8221; transparent=&#8221;transparent&#8221; transparent_overlay=&#8221;transparent_film&#8221;][vc_column transparent=&#8221;transparent&#8221;][vc_column_text el_class=&#8221;reserva_ahora reserva_ahora_halloween&#8221;]Reserva ara[\/vc_column_text][\/vc_column][\/vc_row][vc_row][vc_column][vc_column_text el_class=&#8221;rooms_titles_premium_plus title_halloween&#8221;]T&#8217;atreveixes a viure un Halloween ple d&#8217;espectacles encantats?[\/vc_column_text][\/vc_column][\/vc_row][vc_row][vc_column][vc_column_text el_class=&#8221;gastronomia_text halloween_text&#8221;]Aquest Halloween, els murmuris del mar anuncien l&#8217;arribada de Whispers of Halloween: Show of Mysteries at Kikopark. Carpes embruixades, llums parpellejants i personatges enigm\u00e0tics t&#8217;esperen en un entorn \u00fanic al costat de la Mediterr\u00e0nia. T&#8217;ho perdr\u00e0s?[\/vc_column_text][\/vc_column][\/vc_row][vc_row][vc_column][vc_video link=&#8221;https:\/\/youtu.be\/Bni4MIvZDWU&#8221;][\/vc_column][\/vc_row][vc_row][vc_column][vc_column_text [&hellip;]<\/p>\n","protected":false},"author":8,"featured_media":51472,"parent":0,"menu_order":0,"comment_status":"closed","ping_status":"closed","template":"","meta":{"footnotes":""},"yoast_head":"<!-- This site is optimized with the Yoast SEO plugin v22.1 - https:\/\/yoast.com\/wordpress\/plugins\/seo\/ -->\n<title>Halloween 2025 - KIKOPARK<\/title>\n<meta name=\"robots\" content=\"index, follow, max-snippet:-1, max-image-preview:large, max-video-preview:-1\" \/>\n<link rel=\"canonical\" href=\"https:\/\/kikopark.com\/ca\/halloween-2025\/\" \/>\n<meta property=\"og:locale\" content=\"ca_ES\" \/>\n<meta property=\"og:type\" content=\"article\" \/>\n<meta property=\"og:title\" content=\"Halloween 2025 - KIKOPARK\" \/>\n<meta property=\"og:description\" content=\"[vc_row content_placement=&#8221;middle&#8221; transparent=&#8221;transparent&#8221; transparent_overlay=&#8221;transparent_film&#8221;][vc_column transparent=&#8221;transparent&#8221;][vc_column_text el_class=&#8221;reserva_ahora reserva_ahora_halloween&#8221;]Reserva ara[\/vc_column_text][\/vc_column][\/vc_row][vc_row][vc_column][vc_column_text el_class=&#8221;rooms_titles_premium_plus title_halloween&#8221;]T&#8217;atreveixes a viure un Halloween ple d&#8217;espectacles encantats?[\/vc_column_text][\/vc_column][\/vc_row][vc_row][vc_column][vc_column_text el_class=&#8221;gastronomia_text halloween_text&#8221;]Aquest Halloween, els murmuris del mar anuncien l&#8217;arribada de Whispers of Halloween: Show of Mysteries at Kikopark. Carpes embruixades, llums parpellejants i personatges enigm\u00e0tics t&#8217;esperen en un entorn \u00fanic al costat de la Mediterr\u00e0nia. T&#8217;ho perdr\u00e0s?[\/vc_column_text][\/vc_column][\/vc_row][vc_row][vc_column][vc_video link=&#8221;https:\/\/youtu.be\/Bni4MIvZDWU&#8221;][\/vc_column][\/vc_row][vc_row][vc_column][vc_column_text [&hellip;]\" \/>\n<meta property=\"og:url\" content=\"https:\/\/kikopark.com\/ca\/halloween-2025\/\" \/>\n<meta property=\"og:site_name\" content=\"KIKOPARK\" \/>\n<meta property=\"article:modified_time\" content=\"2026-03-25T06:56:44+00:00\" \/>\n<meta property=\"og:image\" content=\"https:\/\/kikopark.com\/wp-content\/uploads\/2025\/10\/ENCABEZADO_V2.jpg\" \/>\n\t<meta property=\"og:image:width\" content=\"1920\" \/>\n\t<meta property=\"og:image:height\" content=\"586\" \/>\n\t<meta property=\"og:image:type\" content=\"image\/jpeg\" \/>\n<meta name=\"twitter:card\" content=\"summary_large_image\" \/>\n<meta name=\"twitter:label1\" content=\"Temps estimat de lectura\" \/>\n\t<meta name=\"twitter:data1\" content=\"4 minuts\" \/>\n<script type=\"application\/ld+json\" class=\"yoast-schema-graph\">{\"@context\":\"https:\/\/schema.org\",\"@graph\":[{\"@type\":\"WebPage\",\"@id\":\"https:\/\/kikopark.com\/ca\/halloween-2025\/\",\"url\":\"https:\/\/kikopark.com\/ca\/halloween-2025\/\",\"name\":\"Halloween 2025 - KIKOPARK\",\"isPartOf\":{\"@id\":\"https:\/\/kikopark.com\/ca\/#website\"},\"datePublished\":\"2025-09-29T08:15:20+00:00\",\"dateModified\":\"2026-03-25T06:56:44+00:00\",\"breadcrumb\":{\"@id\":\"https:\/\/kikopark.com\/ca\/halloween-2025\/#breadcrumb\"},\"inLanguage\":\"ca\",\"potentialAction\":[{\"@type\":\"ReadAction\",\"target\":[\"https:\/\/kikopark.com\/ca\/halloween-2025\/\"]}]},{\"@type\":\"BreadcrumbList\",\"@id\":\"https:\/\/kikopark.com\/ca\/halloween-2025\/#breadcrumb\",\"itemListElement\":[{\"@type\":\"ListItem\",\"position\":1,\"name\":\"Portada\",\"item\":\"https:\/\/kikopark.com\/ca\/\"},{\"@type\":\"ListItem\",\"position\":2,\"name\":\"Halloween 2025\"}]},{\"@type\":\"WebSite\",\"@id\":\"https:\/\/kikopark.com\/ca\/#website\",\"url\":\"https:\/\/kikopark.com\/ca\/\",\"name\":\"KIKOPARK\",\"description\":\"[:es]Website del complejo tur\u00edstico KIKOPARK en la playa de Oliva (Valencia)[:en]Website of the KIKOPARK tourist complex on the beach of Oliva (Valencia)[:de]Website des KIKOPARK Touristenkomplexes am Strand von Oliva (Valencia)[:ca]Website del complexe tur\u00edstic KIKOPARK a la platja d&#039;Oliva (Val\u00e8ncia)[:fr]Site du complexe touristique KIKOPARK sur la plage d&#039;Oliva (Valence)[:]\",\"potentialAction\":[{\"@type\":\"SearchAction\",\"target\":{\"@type\":\"EntryPoint\",\"urlTemplate\":\"https:\/\/kikopark.com\/ca\/?s={search_term_string}\"},\"query-input\":\"required name=search_term_string\"}],\"inLanguage\":\"ca\"}]}<\/script>\n<!-- \/ Yoast SEO plugin. -->","yoast_head_json":{"title":"Halloween 2025 - KIKOPARK","robots":{"index":"index","follow":"follow","max-snippet":"max-snippet:-1","max-image-preview":"max-image-preview:large","max-video-preview":"max-video-preview:-1"},"canonical":"https:\/\/kikopark.com\/ca\/halloween-2025\/","og_locale":"ca_ES","og_type":"article","og_title":"Halloween 2025 - KIKOPARK","og_description":"[vc_row content_placement=&#8221;middle&#8221; transparent=&#8221;transparent&#8221; transparent_overlay=&#8221;transparent_film&#8221;][vc_column transparent=&#8221;transparent&#8221;][vc_column_text el_class=&#8221;reserva_ahora reserva_ahora_halloween&#8221;]Reserva ara[\/vc_column_text][\/vc_column][\/vc_row][vc_row][vc_column][vc_column_text el_class=&#8221;rooms_titles_premium_plus title_halloween&#8221;]T&#8217;atreveixes a viure un Halloween ple d&#8217;espectacles encantats?[\/vc_column_text][\/vc_column][\/vc_row][vc_row][vc_column][vc_column_text el_class=&#8221;gastronomia_text halloween_text&#8221;]Aquest Halloween, els murmuris del mar anuncien l&#8217;arribada de Whispers of Halloween: Show of Mysteries at Kikopark. Carpes embruixades, llums parpellejants i personatges enigm\u00e0tics t&#8217;esperen en un entorn \u00fanic al costat de la Mediterr\u00e0nia. T&#8217;ho perdr\u00e0s?[\/vc_column_text][\/vc_column][\/vc_row][vc_row][vc_column][vc_video link=&#8221;https:\/\/youtu.be\/Bni4MIvZDWU&#8221;][\/vc_column][\/vc_row][vc_row][vc_column][vc_column_text [&hellip;]","og_url":"https:\/\/kikopark.com\/ca\/halloween-2025\/","og_site_name":"KIKOPARK","article_modified_time":"2026-03-25T06:56:44+00:00","og_image":[{"width":1920,"height":586,"url":"https:\/\/kikopark.com\/wp-content\/uploads\/2025\/10\/ENCABEZADO_V2.jpg","type":"image\/jpeg"}],"twitter_card":"summary_large_image","twitter_misc":{"Temps estimat de lectura":"4 minuts"},"schema":{"@context":"https:\/\/schema.org","@graph":[{"@type":"WebPage","@id":"https:\/\/kikopark.com\/ca\/halloween-2025\/","url":"https:\/\/kikopark.com\/ca\/halloween-2025\/","name":"Halloween 2025 - KIKOPARK","isPartOf":{"@id":"https:\/\/kikopark.com\/ca\/#website"},"datePublished":"2025-09-29T08:15:20+00:00","dateModified":"2026-03-25T06:56:44+00:00","breadcrumb":{"@id":"https:\/\/kikopark.com\/ca\/halloween-2025\/#breadcrumb"},"inLanguage":"ca","potentialAction":[{"@type":"ReadAction","target":["https:\/\/kikopark.com\/ca\/halloween-2025\/"]}]},{"@type":"BreadcrumbList","@id":"https:\/\/kikopark.com\/ca\/halloween-2025\/#breadcrumb","itemListElement":[{"@type":"ListItem","position":1,"name":"Portada","item":"https:\/\/kikopark.com\/ca\/"},{"@type":"ListItem","position":2,"name":"Halloween 2025"}]},{"@type":"WebSite","@id":"https:\/\/kikopark.com\/ca\/#website","url":"https:\/\/kikopark.com\/ca\/","name":"KIKOPARK","description":"[:es]Website del complejo tur\u00edstico KIKOPARK en la playa de Oliva (Valencia)[:en]Website of the KIKOPARK tourist complex on the beach of Oliva (Valencia)[:de]Website des KIKOPARK Touristenkomplexes am Strand von Oliva (Valencia)[:ca]Website del complexe tur\u00edstic KIKOPARK a la platja d&#039;Oliva (Val\u00e8ncia)[:fr]Site du complexe touristique KIKOPARK sur la plage d&#039;Oliva (Valence)[:]","potentialAction":[{"@type":"SearchAction","target":{"@type":"EntryPoint","urlTemplate":"https:\/\/kikopark.com\/ca\/?s={search_term_string}"},"query-input":"required name=search_term_string"}],"inLanguage":"ca"}]}},"_links":{"self":[{"href":"https:\/\/kikopark.com\/ca\/wp-json\/wp\/v2\/pages\/51443"}],"collection":[{"href":"https:\/\/kikopark.com\/ca\/wp-json\/wp\/v2\/pages"}],"about":[{"href":"https:\/\/kikopark.com\/ca\/wp-json\/wp\/v2\/types\/page"}],"author":[{"embeddable":true,"href":"https:\/\/kikopark.com\/ca\/wp-json\/wp\/v2\/users\/8"}],"replies":[{"embeddable":true,"href":"https:\/\/kikopark.com\/ca\/wp-json\/wp\/v2\/comments?post=51443"}],"version-history":[{"count":45,"href":"https:\/\/kikopark.com\/ca\/wp-json\/wp\/v2\/pages\/51443\/revisions"}],"predecessor-version":[{"id":52161,"href":"https:\/\/kikopark.com\/ca\/wp-json\/wp\/v2\/pages\/51443\/revisions\/52161"}],"wp:featuredmedia":[{"embeddable":true,"href":"https:\/\/kikopark.com\/ca\/wp-json\/wp\/v2\/media\/51472"}],"wp:attachment":[{"href":"https:\/\/kikopark.com\/ca\/wp-json\/wp\/v2\/media?parent=51443"}],"curies":[{"name":"wp","href":"https:\/\/api.w.org\/{rel}","templated":true}]}}