{"id":52166,"date":"2026-03-25T08:57:25","date_gmt":"2026-03-25T06:57:25","guid":{"rendered":"https:\/\/kikopark.com\/?page_id=52166"},"modified":"2026-04-16T14:25:14","modified_gmt":"2026-04-16T12:25:14","slug":"setmana-santa-2026","status":"publish","type":"page","link":"https:\/\/kikopark.com\/ca\/setmana-santa-2026\/","title":{"rendered":"Setmana Santa 2026"},"content":{"rendered":"<p>[vc_row][vc_column][vc_column_text el_class=&#8221;reserva_ahora&#8221;]<a href=\"https:\/\/booking.kikopark.com\/search?lang=es&amp;categoryIds=1,2,3,4,5,7,10\"><img decoding=\"async\" class=\"img_asterisco\" src=\"\/wp-content\/themes\/hotel-xenia-child\/assets\/img\/asterisco-blanco.svg\" alt=\"asterisco\" width=\"30px\"><span class=\"reserva_ahora_text\">Reserva ara<\/span><img decoding=\"async\" class=\"img_asterisco\" src=\"\/wp-content\/themes\/hotel-xenia-child\/assets\/img\/asterisco-blanco.svg\" alt=\"asterisco\" width=\"30px\"><\/a>[\/vc_column_text][\/vc_column][\/vc_row][vc_row el_id=&#8221;section&#8211;video&#8221;][vc_column][vc_column_text el_class=&#8221;rooms_titles_premium_plus&#8221; el_id=&#8221;main-title&#8221;]This Easter live <em>the Camping Way<\/em>[\/vc_column_text][vc_column_text el_class=&#8221;gastronomia_text&#8221;]Esta Setmana Santa, canvia la rutina per la vida a l\u2019aire lliure en Kikopark Playa.<br \/>\nDel 27 de mar\u00e7 al 13 d\u2019abril, viu uns dies de natura, desconnexi\u00f3 i moments en fam\u00edlia en un entorn \u00fanic vora la mar.[\/vc_column_text][vc_column_text]<\/p>\n<p style=\"text-align: center;\"><a class=\"btn btn-inv aventura_btn\" href=\"https:\/\/booking.kikopark.com\/search?lang=ca\" target=\"_blank\" rel=\"noopener\">Fes la teua reserva<\/a><\/p>\n<p>[\/vc_column_text][\/vc_column][\/vc_row][vc_row full_width=&#8221;stretch_row&#8221; gap=&#8221;10&#8243; css=&#8221;.vc_custom_1710147979279{padding-right: 10px !important;padding-left: 10px !important;background-color: #e8f5ff !important;}&#8221; el_id=&#8221;section&#8211;cards&#8221;][vc_column][vc_column_text el_class=&#8221;rooms_titles_premium_plus&#8221;]Xicotets moments que creen grans records[\/vc_column_text][vc_column_text el_class=&#8221;gastronomia_text&#8221;]Descobrix un univers de diversi\u00f3 i crea moments inoblidables. Prepara\u2019t per a unes setmanes plenes d\u2019activitats pensades per a tots! <\/p>\n<p style=\"text-align: center;\"><a class=\"btn btn-inv aventura_btn\" href=\"https:\/\/booking.kikopark.com\/search?lang=ca\" target=\"_blank\" rel=\"noopener\">Descobrir<\/a><\/p>\n<p>[\/vc_column_text][\/vc_column][\/vc_row][vc_row full_width=&#8221;stretch_row&#8221; gap=&#8221;10&#8243; css=&#8221;.vc_custom_1774423068961{background-color: #e8f5ff !important;}&#8221; el_class=&#8221;christmas_hover_box&#8221;][vc_column width=&#8221;1\/4&#8243;]<!-- ========================== HOVER BOX ==========================-->\n\n<div style=\"background-image: url('https:\/\/kikopark.com\/wp-content\/uploads\/2026\/03\/Grupo-1134.jpg')\" class=\"hoverbox wpb_content_element black_section neutralize_links stretchy_wrapper ratio_2-3  \">\n<div class=\"hoverbox_tran black_section transparent_film\"><\/div>\n\t<a href=\"#\">\n\t\t<div class=\"hoverbox_icon\">\n\t\t\t<img decoding=\"async\" src=\"https:\/\/kikopark.com\/wp-content\/uploads\/2023\/11\/logo-kikopark.svg\" alt=\"\">\n\t\t<\/div>\n\t\t<div class=\"hoverbox_title\">\n\t\t\t<h2>Animaci\u00f3 infantil<\/h2>\n\t\t<\/div>\n\t\t<div class=\"hoverbox_paragraph\">\n\t\t\t<p>Els m\u00e9s menuts tamb\u00e9 tenen el seu lloc esta Setmana Santa! Jocs, activitats creatives i propostes a l\u2019aire lliure pensades perqu\u00e8 es divertisquen, exploren i facen nous amics.<\/p>\n\t\t<\/div>\n\t<\/a>\t\n<\/div>\n\n<!-- END======================= HOVER BOX ==========================-->[\/vc_column][vc_column width=&#8221;1\/4&#8243;]<!-- ========================== HOVER BOX ==========================-->\n\n<div style=\"background-image: url('https:\/\/kikopark.com\/wp-content\/uploads\/2026\/03\/Grupo-1135.jpg')\" class=\"hoverbox wpb_content_element black_section neutralize_links stretchy_wrapper ratio_2-3  \">\n<div class=\"hoverbox_tran black_section transparent_film\"><\/div>\n\t<a href=\"#\">\n\t\t<div class=\"hoverbox_icon\">\n\t\t\t<img decoding=\"async\" src=\"https:\/\/kikopark.com\/wp-content\/uploads\/2023\/11\/logo-kikopark.svg\" alt=\"\">\n\t\t<\/div>\n\t\t<div class=\"hoverbox_title\">\n\t\t\t<h2>Esports a l&#039;aire lliure<\/h2>\n\t\t<\/div>\n\t\t<div class=\"hoverbox_paragraph\">\n\t\t\t<p>Mou-te, desconnecta i gaudix de l\u2019entorn natural amb activitats esportives a l\u2019aire lliure. Propostes per a totes les edats que combinen diversi\u00f3, energia i vida activa vora la mar.<\/p>\n\t\t<\/div>\n\t<\/a>\t\n<\/div>\n\n<!-- END======================= HOVER BOX ==========================-->[\/vc_column][vc_column width=&#8221;1\/4&#8243;]<!-- ========================== HOVER BOX ==========================-->\n\n<div style=\"background-image: url('https:\/\/kikopark.com\/wp-content\/uploads\/2026\/03\/Grupo-1136.jpg')\" class=\"hoverbox wpb_content_element black_section neutralize_links stretchy_wrapper ratio_2-3  \">\n<div class=\"hoverbox_tran black_section transparent_film\"><\/div>\n\t<a href=\"#\">\n\t\t<div class=\"hoverbox_icon\">\n\t\t\t<img decoding=\"async\" src=\"https:\/\/kikopark.com\/wp-content\/uploads\/2023\/11\/logo-kikopark.svg\" alt=\"\">\n\t\t<\/div>\n\t\t<div class=\"hoverbox_title\">\n\t\t\t<h2>Moments Relaxants<\/h2>\n\t\t<\/div>\n\t\t<div class=\"hoverbox_paragraph\">\n\t\t\t<p>Regala\u2019t un moment per a tu. Relaxa\u2019t amb els nostres serveis de massatges i benestar, pensats per a desconnectar,<br \/>recarregar energia i gaudir d\u2019una experi\u00e8ncia de calma total durant les teues vacances.<\/p>\n\t\t<\/div>\n\t<\/a>\t\n<\/div>\n\n<!-- END======================= HOVER BOX ==========================-->[\/vc_column][vc_column width=&#8221;1\/4&#8243;]<!-- ========================== HOVER BOX ==========================-->\n\n<div style=\"background-image: url('https:\/\/kikopark.com\/wp-content\/uploads\/2026\/03\/Grupo-1137.jpg')\" class=\"hoverbox wpb_content_element black_section neutralize_links stretchy_wrapper ratio_2-3  \">\n<div class=\"hoverbox_tran black_section transparent_film\"><\/div>\n\t<a href=\"#\">\n\t\t<div class=\"hoverbox_icon\">\n\t\t\t<img decoding=\"async\" src=\"https:\/\/kikopark.com\/wp-content\/uploads\/2023\/11\/logo-kikopark.svg\" alt=\"\">\n\t\t<\/div>\n\t\t<div class=\"hoverbox_title\">\n\t\t\t<h2>Oci Gastron\u00f2mic<\/h2>\n\t\t<\/div>\n\t\t<div class=\"hoverbox_paragraph\">\n\t\t\t<p>Assaborix, compartix i gaudix. La nostra proposta d\u2019oci gastron\u00f2mic es completa amb m\u00fasica en directe i xicotets moments per a viure la Setmana Santa amb bon ambient i els sabors del Mediterrani.<\/p>\n\t\t<\/div>\n\t<\/a>\t\n<\/div>\n\n<!-- END======================= HOVER BOX ==========================-->[\/vc_column][\/vc_row][vc_row gap=&#8221;25&#8243; el_id=&#8221;section&#8211;alojamientos&#8221;][vc_column][vc_column_text el_class=&#8221;rooms_titles_premium_plus&#8221;]Tria com viure la teua Setmana Santa![\/vc_column_text][\/vc_column][vc_column width=&#8221;1\/3&#8243;][vc_single_image image=&#8221;52221&#8243; img_size=&#8221;full&#8221;][vc_column_text]<\/p>\n<p class=\"title\">Apartaments<\/p>\n<p class=\"text\" style=\"font-size: 12px;\">Equipats amb totes les comoditats, inclouen cuina completa, bany privat i \u00e0rees d&#8217;estar c\u00f2modes. Els nostres apartaments s\u00f3n ideals per a fam\u00edlies i grups que busquen una experi\u00e8ncia relaxant i convenient. <\/p>\n<p><a class=\"btn\" href=\"https:\/\/kikopark.com\/ca\/apartaments\/\" target=\"_blank\" rel=\"noopener\">Descobrir<\/a>[\/vc_column_text][\/vc_column][vc_column width=&#8221;1\/3&#8243;][vc_single_image image=&#8221;52225&#8243; img_size=&#8221;full&#8221;][vc_column_text]<\/p>\n<p class=\"title\">Glamping<\/p>\n<p class=\"text\" style=\"font-size: 12px;\">Submergeix-te a la natura i gaudeix del luxe amb les nostres opcions de glamping. Viu l&#8217;emoci\u00f3 del c\u00e0mping sense renunciar a la comoditat i gaudeix de la natura a les nostres tendes de campanya perfectament equipades. <\/p>\n<p><a class=\"btn\" href=\"https:\/\/kikopark.com\/ca\/room\/glamping-kikopark\/\" target=\"_blank\" rel=\"noopener\">Descobrir<\/a>[\/vc_column_text][\/vc_column][vc_column width=&#8221;1\/3&#8243;][vc_single_image image=&#8221;52229&#8243; img_size=&#8221;full&#8221;][vc_column_text]<\/p>\n<p class=\"title\">Parcel\u00b7les<\/p>\n<p class=\"text\" style=\"font-size: 12px;\">Per a aquells que prefereixen l&#8217;experi\u00e8ncia tradicional d&#8217;acampar, oferim \u00e0mplies parcel\u00b7les per a caravanes. Amb opcions d&#8217;electricitat i acc\u00e9s a noves instal\u00b7lacions, tens totes les comoditats que necessites. <\/p>\n<p><a class=\"btn\" href=\"https:\/\/kikopark.com\/ca\/parcelles\/\" target=\"_blank\" rel=\"noopener\">Descobrir<\/a>[\/vc_column_text][\/vc_column][\/vc_row][vc_row align=&#8221;text-center&#8221; el_id=&#8221;section&#8211;escapada&#8221;][vc_column][vc_column_text el_class=&#8221;rooms_titles_premium_plus&#8221;]Preparats per a una escapada inoblidable?[\/vc_column_text][vc_column_text el_class=&#8221;gastronomia_text&#8221;]No esperes m\u00e9s i reserva el teu allotjament ara mateix!<br \/>\nAmb una varietat d&#8217;opcions que s&#8217;adapten a tots els gustos i pressupostos, prepara&#8217;t per viure una experi\u00e8ncia inoblidable al nostre parad\u00eds al costat del mar.[\/vc_column_text][vc_gallery type=&#8221;image_grid&#8221; images=&#8221;52242,52246,52238,52258,52254,52250&#8243; img_size=&#8221;full&#8221; onclick=&#8221;&#8221;][vc_column_text]<\/p>\n<p style=\"text-align: center;\"><a class=\"btn btn-inv aventura_btn\" href=\"https:\/\/booking.kikopark.com\/search?lang=ca\" target=\"_blank\" rel=\"noopener\">Fes la teua reserva<\/a><\/p>\n<p>[\/vc_column_text][\/vc_column][\/vc_row][vc_row full_width=&#8221;stretch_row&#8221; css=&#8221;.vc_custom_1710148166839{margin-top: 50px !important;padding-top: 30px !important;background-color: #edebe4 !important;}&#8221; el_id=&#8221;section&#8211;kikoport&#8221;][vc_column][vc_column_text el_class=&#8221;rooms_titles_premium_plus&#8221;]Assaborix el Mediterrani amb la nostra oferta gastron\u00f2mica[\/vc_column_text][vc_column_text el_class=&#8221;gastronomia_text&#8221;]Descobrix la nostra proposta gastron\u00f2mica i gaudix dels sabors del Mediterrani en diferents espais i moments, sempre amb la mar com a tel\u00f3 de fons.[\/vc_column_text][vc_single_image image=&#8221;52263&#8243; img_size=&#8221;large&#8221; alignment=&#8221;center&#8221;][vc_column_text]<\/p>\n<p style=\"text-align: center;\"><a class=\"btn btn-inv aventura_btn\" href=\"https:\/\/kikoport.es\/reservas\" target=\"_blank\" rel=\"noopener\">Reserva al Kiko Port<\/a><\/p>\n<p>[\/vc_column_text][\/vc_column][\/vc_row][vc_row full_width=&#8221;stretch_row&#8221; css=&#8221;.vc_custom_1710148111910{padding-top: 30px !important;padding-bottom: 50px !important;background-color: #dde6d8 !important;}&#8221; el_id=&#8221;section&#8211;kikoparkrural&#8221;][vc_column width=&#8221;1\/2&#8243;][vc_column_text]<\/p>\n<div class=\"kampexperience_aventura_izq\">\n<p class=\"aventura_title\">Per qu\u00e8 escollir entre platja i muntanya quan ho pots tenir tot?<\/p>\n<p class=\"aventura_text\">T&#8217;oferim el millor dels dos mons: pots submergir-te a la brisa marina a Kikopark Platja o explorar la tranquil\u00b7litat de la muntanya a Kikopark Rural.<\/p>\n<p><a class=\"btn btn btn-inv aventura_btn\" href=\"https:\/\/kikoparkrural.com\/\" target=\"_self\" rel=\"noopener\"><span class=\"aventura_btn_text\">Descobreix Kikopark Rural<\/span><\/a><\/p>\n<\/div>\n<p>[\/vc_column_text][\/vc_column][vc_column width=&#8221;1\/2&#8243;][vc_single_image image=&#8221;52303&#8243; img_size=&#8221;full&#8221;][\/vc_column][\/vc_row]<\/p>\n","protected":false},"excerpt":{"rendered":"<p>[vc_row][vc_column][vc_column_text el_class=&#8221;reserva_ahora&#8221;]Reserva ara[\/vc_column_text][\/vc_column][\/vc_row][vc_row el_id=&#8221;section&#8211;video&#8221;][vc_column][vc_column_text el_class=&#8221;rooms_titles_premium_plus&#8221; el_id=&#8221;main-title&#8221;]This Easter live the Camping Way[\/vc_column_text][vc_column_text el_class=&#8221;gastronomia_text&#8221;]Esta Setmana Santa, canvia la rutina per la vida a l\u2019aire lliure en Kikopark Playa. Del 27 de mar\u00e7 al 13 d\u2019abril, viu uns dies de natura, desconnexi\u00f3 i moments en fam\u00edlia en un entorn \u00fanic vora la mar.[\/vc_column_text][vc_column_text] Fes la teua reserva [\/vc_column_text][\/vc_column][\/vc_row][vc_row [&hellip;]<\/p>\n","protected":false},"author":8,"featured_media":52234,"parent":0,"menu_order":0,"comment_status":"closed","ping_status":"closed","template":"","meta":{"footnotes":""},"yoast_head":"<!-- This site is optimized with the Yoast SEO plugin v22.1 - https:\/\/yoast.com\/wordpress\/plugins\/seo\/ -->\n<title>Setmana Santa 2026 - KIKOPARK<\/title>\n<meta name=\"robots\" content=\"index, follow, max-snippet:-1, max-image-preview:large, max-video-preview:-1\" \/>\n<link rel=\"canonical\" href=\"https:\/\/kikopark.com\/ca\/setmana-santa-2026\/\" \/>\n<meta property=\"og:locale\" content=\"ca_ES\" \/>\n<meta property=\"og:type\" content=\"article\" \/>\n<meta property=\"og:title\" content=\"Setmana Santa 2026 - KIKOPARK\" \/>\n<meta property=\"og:description\" content=\"[vc_row][vc_column][vc_column_text el_class=&#8221;reserva_ahora&#8221;]Reserva ara[\/vc_column_text][\/vc_column][\/vc_row][vc_row el_id=&#8221;section&#8211;video&#8221;][vc_column][vc_column_text el_class=&#8221;rooms_titles_premium_plus&#8221; el_id=&#8221;main-title&#8221;]This Easter live the Camping Way[\/vc_column_text][vc_column_text el_class=&#8221;gastronomia_text&#8221;]Esta Setmana Santa, canvia la rutina per la vida a l\u2019aire lliure en Kikopark Playa. Del 27 de mar\u00e7 al 13 d\u2019abril, viu uns dies de natura, desconnexi\u00f3 i moments en fam\u00edlia en un entorn \u00fanic vora la mar.[\/vc_column_text][vc_column_text] Fes la teua reserva [\/vc_column_text][\/vc_column][\/vc_row][vc_row [&hellip;]\" \/>\n<meta property=\"og:url\" content=\"https:\/\/kikopark.com\/ca\/setmana-santa-2026\/\" \/>\n<meta property=\"og:site_name\" content=\"KIKOPARK\" \/>\n<meta property=\"article:modified_time\" content=\"2026-04-16T12:25:14+00:00\" \/>\n<meta property=\"og:image\" content=\"https:\/\/kikopark.com\/wp-content\/uploads\/2026\/03\/JR68098.jpg\" \/>\n\t<meta property=\"og:image:width\" content=\"2560\" \/>\n\t<meta property=\"og:image:height\" content=\"780\" \/>\n\t<meta property=\"og:image:type\" content=\"image\/jpeg\" \/>\n<meta name=\"twitter:card\" content=\"summary_large_image\" \/>\n<meta name=\"twitter:label1\" content=\"Temps estimat de lectura\" \/>\n\t<meta name=\"twitter:data1\" content=\"6 minuts\" \/>\n<script type=\"application\/ld+json\" class=\"yoast-schema-graph\">{\"@context\":\"https:\/\/schema.org\",\"@graph\":[{\"@type\":\"WebPage\",\"@id\":\"https:\/\/kikopark.com\/ca\/setmana-santa-2026\/\",\"url\":\"https:\/\/kikopark.com\/ca\/setmana-santa-2026\/\",\"name\":\"Setmana Santa 2026 - KIKOPARK\",\"isPartOf\":{\"@id\":\"https:\/\/kikopark.com\/ca\/#website\"},\"datePublished\":\"2026-03-25T06:57:25+00:00\",\"dateModified\":\"2026-04-16T12:25:14+00:00\",\"breadcrumb\":{\"@id\":\"https:\/\/kikopark.com\/ca\/setmana-santa-2026\/#breadcrumb\"},\"inLanguage\":\"ca\",\"potentialAction\":[{\"@type\":\"ReadAction\",\"target\":[\"https:\/\/kikopark.com\/ca\/setmana-santa-2026\/\"]}]},{\"@type\":\"BreadcrumbList\",\"@id\":\"https:\/\/kikopark.com\/ca\/setmana-santa-2026\/#breadcrumb\",\"itemListElement\":[{\"@type\":\"ListItem\",\"position\":1,\"name\":\"Portada\",\"item\":\"https:\/\/kikopark.com\/ca\/\"},{\"@type\":\"ListItem\",\"position\":2,\"name\":\"Setmana Santa 2026\"}]},{\"@type\":\"WebSite\",\"@id\":\"https:\/\/kikopark.com\/ca\/#website\",\"url\":\"https:\/\/kikopark.com\/ca\/\",\"name\":\"KIKOPARK\",\"description\":\"[:es]Website del complejo tur\u00edstico KIKOPARK en la playa de Oliva (Valencia)[:en]Website of the KIKOPARK tourist complex on the beach of Oliva (Valencia)[:de]Website des KIKOPARK Touristenkomplexes am Strand von Oliva (Valencia)[:ca]Website del complexe tur\u00edstic KIKOPARK a la platja d&#039;Oliva (Val\u00e8ncia)[:fr]Site du complexe touristique KIKOPARK sur la plage d&#039;Oliva (Valence)[:]\",\"potentialAction\":[{\"@type\":\"SearchAction\",\"target\":{\"@type\":\"EntryPoint\",\"urlTemplate\":\"https:\/\/kikopark.com\/ca\/?s={search_term_string}\"},\"query-input\":\"required name=search_term_string\"}],\"inLanguage\":\"ca\"}]}<\/script>\n<!-- \/ Yoast SEO plugin. -->","yoast_head_json":{"title":"Setmana Santa 2026 - KIKOPARK","robots":{"index":"index","follow":"follow","max-snippet":"max-snippet:-1","max-image-preview":"max-image-preview:large","max-video-preview":"max-video-preview:-1"},"canonical":"https:\/\/kikopark.com\/ca\/setmana-santa-2026\/","og_locale":"ca_ES","og_type":"article","og_title":"Setmana Santa 2026 - KIKOPARK","og_description":"[vc_row][vc_column][vc_column_text el_class=&#8221;reserva_ahora&#8221;]Reserva ara[\/vc_column_text][\/vc_column][\/vc_row][vc_row el_id=&#8221;section&#8211;video&#8221;][vc_column][vc_column_text el_class=&#8221;rooms_titles_premium_plus&#8221; el_id=&#8221;main-title&#8221;]This Easter live the Camping Way[\/vc_column_text][vc_column_text el_class=&#8221;gastronomia_text&#8221;]Esta Setmana Santa, canvia la rutina per la vida a l\u2019aire lliure en Kikopark Playa. Del 27 de mar\u00e7 al 13 d\u2019abril, viu uns dies de natura, desconnexi\u00f3 i moments en fam\u00edlia en un entorn \u00fanic vora la mar.[\/vc_column_text][vc_column_text] Fes la teua reserva [\/vc_column_text][\/vc_column][\/vc_row][vc_row [&hellip;]","og_url":"https:\/\/kikopark.com\/ca\/setmana-santa-2026\/","og_site_name":"KIKOPARK","article_modified_time":"2026-04-16T12:25:14+00:00","og_image":[{"width":2560,"height":780,"url":"https:\/\/kikopark.com\/wp-content\/uploads\/2026\/03\/JR68098.jpg","type":"image\/jpeg"}],"twitter_card":"summary_large_image","twitter_misc":{"Temps estimat de lectura":"6 minuts"},"schema":{"@context":"https:\/\/schema.org","@graph":[{"@type":"WebPage","@id":"https:\/\/kikopark.com\/ca\/setmana-santa-2026\/","url":"https:\/\/kikopark.com\/ca\/setmana-santa-2026\/","name":"Setmana Santa 2026 - KIKOPARK","isPartOf":{"@id":"https:\/\/kikopark.com\/ca\/#website"},"datePublished":"2026-03-25T06:57:25+00:00","dateModified":"2026-04-16T12:25:14+00:00","breadcrumb":{"@id":"https:\/\/kikopark.com\/ca\/setmana-santa-2026\/#breadcrumb"},"inLanguage":"ca","potentialAction":[{"@type":"ReadAction","target":["https:\/\/kikopark.com\/ca\/setmana-santa-2026\/"]}]},{"@type":"BreadcrumbList","@id":"https:\/\/kikopark.com\/ca\/setmana-santa-2026\/#breadcrumb","itemListElement":[{"@type":"ListItem","position":1,"name":"Portada","item":"https:\/\/kikopark.com\/ca\/"},{"@type":"ListItem","position":2,"name":"Setmana Santa 2026"}]},{"@type":"WebSite","@id":"https:\/\/kikopark.com\/ca\/#website","url":"https:\/\/kikopark.com\/ca\/","name":"KIKOPARK","description":"[:es]Website del complejo tur\u00edstico KIKOPARK en la playa de Oliva (Valencia)[:en]Website of the KIKOPARK tourist complex on the beach of Oliva (Valencia)[:de]Website des KIKOPARK Touristenkomplexes am Strand von Oliva (Valencia)[:ca]Website del complexe tur\u00edstic KIKOPARK a la platja d&#039;Oliva (Val\u00e8ncia)[:fr]Site du complexe touristique KIKOPARK sur la plage d&#039;Oliva (Valence)[:]","potentialAction":[{"@type":"SearchAction","target":{"@type":"EntryPoint","urlTemplate":"https:\/\/kikopark.com\/ca\/?s={search_term_string}"},"query-input":"required name=search_term_string"}],"inLanguage":"ca"}]}},"_links":{"self":[{"href":"https:\/\/kikopark.com\/ca\/wp-json\/wp\/v2\/pages\/52166"}],"collection":[{"href":"https:\/\/kikopark.com\/ca\/wp-json\/wp\/v2\/pages"}],"about":[{"href":"https:\/\/kikopark.com\/ca\/wp-json\/wp\/v2\/types\/page"}],"author":[{"embeddable":true,"href":"https:\/\/kikopark.com\/ca\/wp-json\/wp\/v2\/users\/8"}],"replies":[{"embeddable":true,"href":"https:\/\/kikopark.com\/ca\/wp-json\/wp\/v2\/comments?post=52166"}],"version-history":[{"count":22,"href":"https:\/\/kikopark.com\/ca\/wp-json\/wp\/v2\/pages\/52166\/revisions"}],"predecessor-version":[{"id":52417,"href":"https:\/\/kikopark.com\/ca\/wp-json\/wp\/v2\/pages\/52166\/revisions\/52417"}],"wp:featuredmedia":[{"embeddable":true,"href":"https:\/\/kikopark.com\/ca\/wp-json\/wp\/v2\/media\/52234"}],"wp:attachment":[{"href":"https:\/\/kikopark.com\/ca\/wp-json\/wp\/v2\/media?parent=52166"}],"curies":[{"name":"wp","href":"https:\/\/api.w.org\/{rel}","templated":true}]}}