{"id":8698,"date":"2021-12-09T18:20:55","date_gmt":"2021-12-09T16:20:55","guid":{"rendered":"https:\/\/kikopark.com\/terminos-y-condiciones\/"},"modified":"2025-02-03T13:45:31","modified_gmt":"2025-02-03T11:45:31","slug":"termes-i-condicions","status":"publish","type":"page","link":"https:\/\/kikopark.com\/ca\/termes-i-condicions\/","title":{"rendered":"Termes i condicions"},"content":{"rendered":"<p>[vc_row el_class=&#8221;privacidad_container&#8221;][vc_column][vc_column_text]<\/p>\n<h2>OBJETO<\/h2>\n<p>Las presentes Condiciones Generales regulan la adquisici\u00f3n de los servicios ofertados en el sitio web www.kikopark.com, del que es titular KIKO TUR, S.L. (en adelante, Kikopark Playa).<\/p>\n<p>La adquisici\u00f3n de cualesquiera de los servicios conlleva la aceptaci\u00f3n plena y sin reservas de todas y cada una de las Condiciones Generales que se indican, sin perjuicio de la aceptaci\u00f3n de las Condiciones Particulares que pudieran ser de aplicaci\u00f3n al adquirir determinados productos.<\/p>\n<p>Estas Condiciones Generales podr\u00e1n ser modificadas sin notificaci\u00f3n previa, por tanto, es recomendable leer atentamente su contenido antes de proceder a la adquisici\u00f3n de cualquiera de los productos ofertados.<\/p>\n<h2>IDENTIFICACI\u00d3N<\/h2>\n<p>Kikopark Playa, en cumplimiento de la Ley 34\/2002, de 11 de julio, de Servicios de la Sociedad de la Informaci\u00f3n y de Comercio Electr\u00f3nico, le informa de que:<\/p>\n<p>Su denominaci\u00f3n social es: KIKO TUR, S.L. Su nombre comercial es: Kikopark Playa<\/p>\n<p>Su NIF es: B96625322<\/p>\n<p>Su domicilio social est\u00e1 en: C\/ ASSAGADOR DE CARRO, N\u00ba2- 46780 OLIVA &#8211; VALENCIA (ESPA\u00d1A).<\/p>\n<h2>COMUNICACIONES<\/h2>\n<p>Para comunicarse con nosotros, ponemos a su disposici\u00f3n diferentes medios de contacto que detallamos a continuaci\u00f3n:<\/p>\n<p>Llamando al tel\u00e9fono: 96.285.09.05<\/p>\n<p>Enviando un email a info@kikopark.com<\/p>\n<p>Todas las notificaciones y comunicaciones entre los Usuarios y Kikopark Playa se considerar\u00e1n eficaces, a todos los efectos, cuando se realicen a trav\u00e9s de cualquier medio de los detallados anteriormente.<\/p>\n<h2>SERVICIOS<\/h2>\n<p>Los servicios ofertados, junto con las caracter\u00edsticas principales de los mismos y su precio aparecen en pantalla.<\/p>\n<p>Kikopark Playa se reserva el derecho de decidir, en cada momento, los servicios que se ofrecen a los Clientes. De este modo, Kikopark Playa podr\u00e1, en cualquier momento, a\u00f1adir nuevos servicios a los ofertados actualmente.<\/p>\n<p>Asimismo, Kikopark Playa se reserva el derecho a retirar o dejar de ofrecer, en cualquier momento, y sin previo aviso, cualesquiera de los servicios ofrecidos.<br \/>\nUna vez dentro de www.kikopark.com, y para acceder a la solicitud de reserva, el Usuario deber\u00e1 seguir todas las instrucciones indicadas, lo cual supondr\u00e1 la lectura y aceptaci\u00f3n de todas las condiciones generales y particulares fijadas en www.kikopark.com.<\/p>\n<h2>CONDICIONES DE RESERVA<\/h2>\n<p>Para realizar cualquier reserva en www.kikopark.com, es necesario que el cliente sea mayor de edad.<\/p>\n<p>Kikopark Playa ofrece la posibilidad de realizar la reserva a trav\u00e9s de formulario web as\u00ed como por correo electr\u00f3nico, por tel\u00e9fono o, incluso de manera presencial.<\/p>\n<p>Para la realizaci\u00f3n de la reserva a trav\u00e9s del formulario web, el Usuario deber\u00e1 seguir los siguientes pasos:<\/p>\n<h3>PROCEDIMIENTO DE CONTRATACI\u00d3N<\/h3>\n<p>Paso 1. Selecci\u00f3n de la habitaci\u00f3n. Deber\u00e1 indicar la habitaci\u00f3n que le interese, el d\u00eda de llegada y salida, el n\u00famero de noches, n\u00famero de habitaciones, n\u00famero de personas por habitaci\u00f3n, as\u00ed como el r\u00e9gimen alimenticio que prefiere de los ofertados.<\/p>\n<p>Paso 2. Detalle de hu\u00e9sped. Haya o no contratado alg\u00fan servicio adicional, al continuar con la reserva, deber\u00e1 facilitar los datos personales que se solicitan. Una vez rellenados todos los campos solicitados, deber\u00e1 pulsar el bot\u00f3n \u201cconfirmar reserva\u201d para que se env\u00eden los datos introducidos.<\/p>\n<p>Paso 3. Confirmaci\u00f3n de la reserva. Recibidos los datos despu\u00e9s de clicar el bot\u00f3n \u201cconfirmar reserva\u201d, recibir\u00e1 un correo electr\u00f3nico confirm\u00e1ndole la reserva.<\/p>\n<h3>PRECIOS, GASTOS E IMPUESTOS<\/h3>\n<p>Los precios de las reservas que se recogen en www.kikopark.com vendr\u00e1n expresados en Euros salvo que se exprese lo contrario y estar\u00e1n garantizados durante el tiempo de validez de los mismos, salvo error de impresi\u00f3n y sea cual sea el destino del pedido.<\/p>\n<p>Los productos tienen el IVA incluido. El tipo de IVA es del 21%.<\/p>\n<p>Para hacer efectiva la reserva, se proceder\u00e1 al cargo en la cuenta o tarjeta bancaria asociada al cliente del importe correspondiente al 30% del total de la reserva.<\/p>\n<h3>FORMAS DE PAGO<\/h3>\n<p>Los datos tanto personales como bancarios ser\u00e1n protegidos con todas las medidas de seguridad establecidas por el Reglamento (UE) 2016\/679, del Parlamento Europeo y del Consejo, de 27 de abril de 2016, relativo a la protecci\u00f3n de las personas f\u00edsicas (RGPD) y la Ley Org\u00e1nica 3\/2018, de 6 de diciembre de Protecci\u00f3n de Datos Personales y Garant\u00eda de los Derechos Digitales.<\/p>\n<p>Ponemos a su disposici\u00f3n estas formas de pago:<\/p>\n<p><strong>Por tarjeta de cr\u00e9dito o d\u00e9bito<\/strong><\/p>\n<p>Puede realizar el pago de manera inmediata a trav\u00e9s de la pasarela de pago seguro SSL de nuestro Banco. Si fuera necesario realizar cualquier devoluci\u00f3n o cancelaci\u00f3n del pedido, el importe se reembolsar\u00e1 a trav\u00e9s de la misma tarjeta de pago.<\/p>\n<p>Kikopark Playa acepta pagos con VISA, Verified by VISA, MasterCard y MasterCard SecureCode. La entidad bancaria que emite la tarjeta debe encontrarse en territorio espa\u00f1ol. Al hacer el pedido, el cliente facilitar\u00e1 los datos de su tarjeta, que ser\u00e1n almacenados directamente en la Pasarela 4B durante el proceso de compra. Kikopark Playa no almacena informaci\u00f3n referente a tarjeta de cr\u00e9dito. Por razones internas de la Organizaci\u00f3n, la gesti\u00f3n de cobro se realiza a trav\u00e9s del Banco Santander, sin que ello tenga trascendencia alguna para el cliente.<\/p>\n<p><strong>Por transferencia bancaria<\/strong><\/p>\n<p>Puede realizar el pago mediante transferencia bancaria. Para ello, el cliente deber\u00e1 proceder al env\u00edo del justificante de transferencia en un plazo de 24 horas, desde la realizaci\u00f3n de la reserva, para que esta se haga efectiva. En caso de que Kikopark Playa no haya recibido dentro de este plazo el justificante mencionado, proceder\u00e1 al desbloqueo de la reserva realizada.<\/p>\n<h3>POL\u00cdTICA DE CANCELACIONES, DEVOLUCIONES Y DESISTIMIENTO<\/h3>\n<p>Seg\u00fan establece la normativa, el consumidor y Usuario tendr\u00e1 derecho a DESISTIR del contrato durante un per\u00edodo m\u00e1ximo de 14 d\u00edas naturales sin necesidad de indicar el motivo y sin incurrir en ning\u00fan coste, salvo los previstos en el art. 107.2 y 108 del RD1\/2007, de 16 de noviembre, por el que se aprueba el texto referido de la Ley General para la Defensa de los Consumidores y Usuarios.<\/p>\n<p>La cancelaci\u00f3n de la reserva conlleva los siguientes posibles gastos:<\/p>\n<p>Si la cancelaci\u00f3n se produce antes de los 30 d\u00edas previos a la fecha de reserva, Kikopark Playa proceder\u00e1 a realizar un cargo del 5% del valor total de la estancia contratada.<\/p>\n<p>Cuando la cancelaci\u00f3n se produzca antes a los 7 d\u00eda previos a la fecha de reserva, Kikopark Playa proceder\u00e1 a realizar un cargo del 15% del valor total de la estancia contratada.<\/p>\n<p>Para las cancelaciones realizadas dentro de los 7 d\u00edas previos a la fecha de reserva, Kikopark Playa proceder\u00e1 a realizar un cargo del 30% del valor total de la estancia contratada.<\/p>\n<h2>ATENCI\u00d3N AL CLIENTE Y RECLAMACIONES<\/h2>\n<p>Para interponer cualquier queja o reclamaci\u00f3n ante Kikopark Playa el cliente deber\u00e1 dirigirse a la oficina de atenci\u00f3n al cliente, situada en C\/ Assagador de Carro, n\u00ba2 de 46780 Oliva (Valencia), o bien enviando un correo electr\u00f3nico a info@kikopark.com.<\/p>\n<p>Seg\u00fan la Resoluci\u00f3n de litigios en l\u00ednea en materia de consumo de la UE y conforme al Art. 14.1 del Reglamento (UE) 524\/2013, le informamos que la Comisi\u00f3n Europea facilita a todos los consumidores una plataforma de resoluci\u00f3n de litigios en l\u00ednea que se encuentra disponible en el siguiente enlace: http:\/\/ec.europa.eu\/consumers\/odr\/.<\/p>\n<h2>LEGISLACI\u00d3N APLICABLE<\/h2>\n<p>Las condiciones presentes se regir\u00e1n por la legislaci\u00f3n espa\u00f1ola vigente. Las partes se someten, a su elecci\u00f3n, para la resoluci\u00f3n de los conflictos y con renuncia expresa a cualquier otro fuero, a los juzgados y tribunales del domicilio del Usuario[\/vc_column_text][\/vc_column][\/vc_row]<\/p>\n","protected":false},"excerpt":{"rendered":"<p>[vc_row el_class=&#8221;privacidad_container&#8221;][vc_column][vc_column_text] OBJETO Las presentes Condiciones Generales regulan la adquisici\u00f3n de los servicios ofertados en el sitio web www.kikopark.com, del que es titular KIKO TUR, S.L. (en adelante, Kikopark Playa). La adquisici\u00f3n de cualesquiera de los servicios conlleva la aceptaci\u00f3n plena y sin reservas de todas y cada una de las Condiciones Generales que se [&hellip;]<\/p>\n","protected":false},"author":8,"featured_media":4458,"parent":0,"menu_order":0,"comment_status":"closed","ping_status":"closed","template":"","meta":{"footnotes":""},"yoast_head":"<!-- This site is optimized with the Yoast SEO plugin v22.1 - https:\/\/yoast.com\/wordpress\/plugins\/seo\/ -->\n<title>Termes i condicions - KIKOPARK<\/title>\n<meta name=\"robots\" content=\"noindex, nofollow\" \/>\n<meta property=\"og:locale\" content=\"ca_ES\" \/>\n<meta property=\"og:type\" content=\"article\" \/>\n<meta property=\"og:title\" content=\"Termes i condicions - KIKOPARK\" \/>\n<meta property=\"og:description\" content=\"[vc_row el_class=&#8221;privacidad_container&#8221;][vc_column][vc_column_text] OBJETO Las presentes Condiciones Generales regulan la adquisici\u00f3n de los servicios ofertados en el sitio web www.kikopark.com, del que es titular KIKO TUR, S.L. (en adelante, Kikopark Playa). La adquisici\u00f3n de cualesquiera de los servicios conlleva la aceptaci\u00f3n plena y sin reservas de todas y cada una de las Condiciones Generales que se [&hellip;]\" \/>\n<meta property=\"og:url\" content=\"https:\/\/kikopark.com\/ca\/termes-i-condicions\/\" \/>\n<meta property=\"og:site_name\" content=\"KIKOPARK\" \/>\n<meta property=\"article:modified_time\" content=\"2025-02-03T11:45:31+00:00\" \/>\n<meta property=\"og:image\" content=\"https:\/\/kikopark.com\/wp-content\/uploads\/2021\/11\/Apartamentosx2_transparencia_negra.jpg\" \/>\n\t<meta property=\"og:image:width\" content=\"2560\" \/>\n\t<meta property=\"og:image:height\" content=\"1402\" \/>\n\t<meta property=\"og:image:type\" content=\"image\/jpeg\" \/>\n<meta name=\"twitter:card\" content=\"summary_large_image\" \/>\n<meta name=\"twitter:label1\" content=\"Temps estimat de lectura\" \/>\n\t<meta name=\"twitter:data1\" content=\"6 minuts\" \/>\n<script type=\"application\/ld+json\" class=\"yoast-schema-graph\">{\"@context\":\"https:\/\/schema.org\",\"@graph\":[{\"@type\":\"WebPage\",\"@id\":\"https:\/\/kikopark.com\/ca\/termes-i-condicions\/\",\"url\":\"https:\/\/kikopark.com\/ca\/termes-i-condicions\/\",\"name\":\"Termes i condicions - KIKOPARK\",\"isPartOf\":{\"@id\":\"https:\/\/kikopark.com\/ca\/#website\"},\"datePublished\":\"2021-12-09T16:20:55+00:00\",\"dateModified\":\"2025-02-03T11:45:31+00:00\",\"breadcrumb\":{\"@id\":\"https:\/\/kikopark.com\/ca\/termes-i-condicions\/#breadcrumb\"},\"inLanguage\":\"ca\",\"potentialAction\":[{\"@type\":\"ReadAction\",\"target\":[\"https:\/\/kikopark.com\/ca\/termes-i-condicions\/\"]}]},{\"@type\":\"BreadcrumbList\",\"@id\":\"https:\/\/kikopark.com\/ca\/termes-i-condicions\/#breadcrumb\",\"itemListElement\":[{\"@type\":\"ListItem\",\"position\":1,\"name\":\"Portada\",\"item\":\"https:\/\/kikopark.com\/ca\/\"},{\"@type\":\"ListItem\",\"position\":2,\"name\":\"Termes i condicions\"}]},{\"@type\":\"WebSite\",\"@id\":\"https:\/\/kikopark.com\/ca\/#website\",\"url\":\"https:\/\/kikopark.com\/ca\/\",\"name\":\"KIKOPARK\",\"description\":\"[:es]Website del complejo tur\u00edstico KIKOPARK en la playa de Oliva (Valencia)[:en]Website of the KIKOPARK tourist complex on the beach of Oliva (Valencia)[:de]Website des KIKOPARK Touristenkomplexes am Strand von Oliva (Valencia)[:ca]Website del complexe tur\u00edstic KIKOPARK a la platja d&#039;Oliva (Val\u00e8ncia)[:fr]Site du complexe touristique KIKOPARK sur la plage d&#039;Oliva (Valence)[:]\",\"potentialAction\":[{\"@type\":\"SearchAction\",\"target\":{\"@type\":\"EntryPoint\",\"urlTemplate\":\"https:\/\/kikopark.com\/ca\/?s={search_term_string}\"},\"query-input\":\"required name=search_term_string\"}],\"inLanguage\":\"ca\"}]}<\/script>\n<!-- \/ Yoast SEO plugin. -->","yoast_head_json":{"title":"Termes i condicions - KIKOPARK","robots":{"index":"noindex","follow":"nofollow"},"og_locale":"ca_ES","og_type":"article","og_title":"Termes i condicions - KIKOPARK","og_description":"[vc_row el_class=&#8221;privacidad_container&#8221;][vc_column][vc_column_text] OBJETO Las presentes Condiciones Generales regulan la adquisici\u00f3n de los servicios ofertados en el sitio web www.kikopark.com, del que es titular KIKO TUR, S.L. (en adelante, Kikopark Playa). La adquisici\u00f3n de cualesquiera de los servicios conlleva la aceptaci\u00f3n plena y sin reservas de todas y cada una de las Condiciones Generales que se [&hellip;]","og_url":"https:\/\/kikopark.com\/ca\/termes-i-condicions\/","og_site_name":"KIKOPARK","article_modified_time":"2025-02-03T11:45:31+00:00","og_image":[{"width":2560,"height":1402,"url":"https:\/\/kikopark.com\/wp-content\/uploads\/2021\/11\/Apartamentosx2_transparencia_negra.jpg","type":"image\/jpeg"}],"twitter_card":"summary_large_image","twitter_misc":{"Temps estimat de lectura":"6 minuts"},"schema":{"@context":"https:\/\/schema.org","@graph":[{"@type":"WebPage","@id":"https:\/\/kikopark.com\/ca\/termes-i-condicions\/","url":"https:\/\/kikopark.com\/ca\/termes-i-condicions\/","name":"Termes i condicions - KIKOPARK","isPartOf":{"@id":"https:\/\/kikopark.com\/ca\/#website"},"datePublished":"2021-12-09T16:20:55+00:00","dateModified":"2025-02-03T11:45:31+00:00","breadcrumb":{"@id":"https:\/\/kikopark.com\/ca\/termes-i-condicions\/#breadcrumb"},"inLanguage":"ca","potentialAction":[{"@type":"ReadAction","target":["https:\/\/kikopark.com\/ca\/termes-i-condicions\/"]}]},{"@type":"BreadcrumbList","@id":"https:\/\/kikopark.com\/ca\/termes-i-condicions\/#breadcrumb","itemListElement":[{"@type":"ListItem","position":1,"name":"Portada","item":"https:\/\/kikopark.com\/ca\/"},{"@type":"ListItem","position":2,"name":"Termes i condicions"}]},{"@type":"WebSite","@id":"https:\/\/kikopark.com\/ca\/#website","url":"https:\/\/kikopark.com\/ca\/","name":"KIKOPARK","description":"[:es]Website del complejo tur\u00edstico KIKOPARK en la playa de Oliva (Valencia)[:en]Website of the KIKOPARK tourist complex on the beach of Oliva (Valencia)[:de]Website des KIKOPARK Touristenkomplexes am Strand von Oliva (Valencia)[:ca]Website del complexe tur\u00edstic KIKOPARK a la platja d&#039;Oliva (Val\u00e8ncia)[:fr]Site du complexe touristique KIKOPARK sur la plage d&#039;Oliva (Valence)[:]","potentialAction":[{"@type":"SearchAction","target":{"@type":"EntryPoint","urlTemplate":"https:\/\/kikopark.com\/ca\/?s={search_term_string}"},"query-input":"required name=search_term_string"}],"inLanguage":"ca"}]}},"_links":{"self":[{"href":"https:\/\/kikopark.com\/ca\/wp-json\/wp\/v2\/pages\/8698"}],"collection":[{"href":"https:\/\/kikopark.com\/ca\/wp-json\/wp\/v2\/pages"}],"about":[{"href":"https:\/\/kikopark.com\/ca\/wp-json\/wp\/v2\/types\/page"}],"author":[{"embeddable":true,"href":"https:\/\/kikopark.com\/ca\/wp-json\/wp\/v2\/users\/8"}],"replies":[{"embeddable":true,"href":"https:\/\/kikopark.com\/ca\/wp-json\/wp\/v2\/comments?post=8698"}],"version-history":[{"count":13,"href":"https:\/\/kikopark.com\/ca\/wp-json\/wp\/v2\/pages\/8698\/revisions"}],"predecessor-version":[{"id":50313,"href":"https:\/\/kikopark.com\/ca\/wp-json\/wp\/v2\/pages\/8698\/revisions\/50313"}],"wp:featuredmedia":[{"embeddable":true,"href":"https:\/\/kikopark.com\/ca\/wp-json\/wp\/v2\/media\/4458"}],"wp:attachment":[{"href":"https:\/\/kikopark.com\/ca\/wp-json\/wp\/v2\/media?parent=8698"}],"curies":[{"name":"wp","href":"https:\/\/api.w.org\/{rel}","templated":true}]}}