{"id":11029,"date":"2016-11-24T18:08:55","date_gmt":"2016-11-24T16:08:55","guid":{"rendered":"https:\/\/kikopark.com\/stellplaetze\/"},"modified":"2024-09-30T17:04:20","modified_gmt":"2024-09-30T15:04:20","slug":"stellplaetze","status":"publish","type":"page","link":"https:\/\/kikopark.com\/de\/stellplaetze\/","title":{"rendered":"Stellpl\u00e4tze"},"content":{"rendered":"<p>[vc_row content_placement=&#8220;middle&#8220; transparent=&#8220;transparent&#8220; transparent_overlay=&#8220;transparent_film&#8220;][vc_column css_animation=&#8220;none&#8220; transparent=&#8220;transparent&#8220;][vc_column_text el_class=&#8220;reserva_ahora&#8220;]<a href=\"https:\/\/reservas.kampaoh.com\/property\/80?lang=de\"><span class=\"reserva_ahora_text\">Buchen Sie jetzt<\/span><\/a>[\/vc_column_text][\/vc_column][\/vc_row][vc_row equal_height=&#8220;yes&#8220; el_class=&#8220;aventura_icon_container_par&#8220;][vc_column width=&#8220;1\/2&#8243; el_class=&#8220;aventura_img_izq&#8220;][vc_single_image image=&#8220;47036&#8243; img_size=&#8220;full&#8220;][\/vc_column][vc_column width=&#8220;1\/2&#8243;][vc_column_text]<\/p>\n<div class=\"kampexperience_aventura_der\">\n<h3 class=\"aventura_title\">Gran Confort<\/h3>\n<p class=\"aventura_text\">Unsere Stellpl\u00e4tze, ideal f\u00fcr Campingliebhaber. Ein erstklassiges Campingerlebnis ist m\u00f6glich und es ist ein wahrgewordener Traum, dies direkt am Mittelmeer zu tun.<\/p>\n<p><a class=\"btn btn btn-inv aventura_btn\" href=\"https:\/\/kikopark.com\/de\/room\/gran-confort\/\" target=\"_self\" rel=\"noopener\"><span class=\"aventura_btn_text\">Entdecken<\/span><\/a><\/p>\n<\/div>\n<p>[\/vc_column_text][\/vc_column][\/vc_row][vc_row equal_height=&#8220;yes&#8220; el_class=&#8220;aventura_icon_container_impar aventura_icon_ultimo_container&#8220;][vc_column width=&#8220;1\/2&#8243;][vc_column_text]<\/p>\n<div class=\"kampexperience_aventura_izq\">\n<h3 class=\"aventura_title\">Camper area<\/h3>\n<p class=\"aventura_text\">Mobilit\u00e4t, Flexibilit\u00e4t und Ruhe. Kiesstellpl\u00e4tze mit Stromanschluss und durch Hecken abgegrenzt, die eine 24-Stunden-Mobilit\u00e4t erm\u00f6glichen. Ein kompletter Service f\u00fcr einen Ausflug ins Paradies<\/p>\n<p><a class=\"btn btn btn-inv aventura_btn\" href=\"https:\/\/kikopark.com\/de\/room\/camper-area\/\" target=\"_self\" rel=\"noopener\"><span class=\"aventura_btn_text\">Entdecken<\/span><\/a><\/p>\n<\/div>\n<p>[\/vc_column_text][\/vc_column][vc_column width=&#8220;1\/2&#8243; el_class=&#8220;aventura_img_der&#8220;][vc_single_image image=&#8220;47040&#8243; img_size=&#8220;full&#8220;][\/vc_column][\/vc_row]<\/p>\n","protected":false},"excerpt":{"rendered":"<p>[vc_row content_placement=&#8220;middle&#8220; transparent=&#8220;transparent&#8220; transparent_overlay=&#8220;transparent_film&#8220;][vc_column css_animation=&#8220;none&#8220; transparent=&#8220;transparent&#8220;][vc_column_text el_class=&#8220;reserva_ahora&#8220;]Buchen Sie jetzt[\/vc_column_text][\/vc_column][\/vc_row][vc_row equal_height=&#8220;yes&#8220; el_class=&#8220;aventura_icon_container_par&#8220;][vc_column width=&#8220;1\/2&#8243; el_class=&#8220;aventura_img_izq&#8220;][vc_single_image image=&#8220;47036&#8243; img_size=&#8220;full&#8220;][\/vc_column][vc_column width=&#8220;1\/2&#8243;][vc_column_text] Gran Confort Unsere Stellpl\u00e4tze, ideal f\u00fcr Campingliebhaber. Ein erstklassiges Campingerlebnis ist m\u00f6glich und es ist ein wahrgewordener Traum, dies direkt am Mittelmeer zu tun. Entdecken [\/vc_column_text][\/vc_column][\/vc_row][vc_row equal_height=&#8220;yes&#8220; el_class=&#8220;aventura_icon_container_impar aventura_icon_ultimo_container&#8220;][vc_column width=&#8220;1\/2&#8243;][vc_column_text] Camper area Mobilit\u00e4t, Flexibilit\u00e4t und Ruhe. Kiesstellpl\u00e4tze mit Stromanschluss [&hellip;]<\/p>\n","protected":false},"author":3,"featured_media":47064,"parent":0,"menu_order":0,"comment_status":"closed","ping_status":"closed","template":"","meta":{"footnotes":""},"yoast_head":"<!-- This site is optimized with the Yoast SEO plugin v22.1 - https:\/\/yoast.com\/wordpress\/plugins\/seo\/ -->\n<title>Camping KIKOPARK tus vacaciones en el #mediKIKOrraneo.<\/title>\n<meta name=\"description\" content=\"Las parcelas Gran Confort de KIKOPARK, est\u00e1n a la orilla del mediKIKOrraneo, nuestro trocito de mar mediterr\u00e1neo y son las preferidas por los clientes.\" \/>\n<meta name=\"robots\" content=\"index, follow, max-snippet:-1, max-image-preview:large, max-video-preview:-1\" \/>\n<link rel=\"canonical\" href=\"https:\/\/kikopark.com\/de\/stellplaetze\/\" \/>\n<meta property=\"og:locale\" content=\"de_DE\" \/>\n<meta property=\"og:type\" content=\"article\" \/>\n<meta property=\"og:title\" content=\"Camping KIKOPARK tus vacaciones en el #mediKIKOrraneo.\" \/>\n<meta property=\"og:description\" content=\"Las parcelas Gran Confort de KIKOPARK, est\u00e1n a la orilla del mediKIKOrraneo, nuestro trocito de mar mediterr\u00e1neo y son las preferidas por los clientes.\" \/>\n<meta property=\"og:url\" content=\"https:\/\/kikopark.com\/de\/stellplaetze\/\" \/>\n<meta property=\"og:site_name\" content=\"KIKOPARK\" \/>\n<meta property=\"article:modified_time\" content=\"2024-09-30T15:04:20+00:00\" \/>\n<meta property=\"og:image\" content=\"https:\/\/kikopark.com\/wp-content\/uploads\/2024\/09\/CABECERA.jpg\" \/>\n\t<meta property=\"og:image:width\" content=\"2560\" \/>\n\t<meta property=\"og:image:height\" content=\"724\" \/>\n\t<meta property=\"og:image:type\" content=\"image\/jpeg\" \/>\n<meta name=\"twitter:card\" content=\"summary_large_image\" \/>\n<meta name=\"twitter:label1\" content=\"Gesch\u00e4tzte Lesezeit\" \/>\n\t<meta name=\"twitter:data1\" content=\"2 Minuten\" \/>\n<script type=\"application\/ld+json\" class=\"yoast-schema-graph\">{\"@context\":\"https:\/\/schema.org\",\"@graph\":[{\"@type\":\"WebPage\",\"@id\":\"https:\/\/kikopark.com\/de\/stellplaetze\/\",\"url\":\"https:\/\/kikopark.com\/de\/stellplaetze\/\",\"name\":\"Camping KIKOPARK tus vacaciones en el #mediKIKOrraneo.\",\"isPartOf\":{\"@id\":\"https:\/\/kikopark.com\/de\/#website\"},\"datePublished\":\"2016-11-24T16:08:55+00:00\",\"dateModified\":\"2024-09-30T15:04:20+00:00\",\"description\":\"Las parcelas Gran Confort de KIKOPARK, est\u00e1n a la orilla del mediKIKOrraneo, nuestro trocito de mar mediterr\u00e1neo y son las preferidas por los clientes.\",\"breadcrumb\":{\"@id\":\"https:\/\/kikopark.com\/de\/stellplaetze\/#breadcrumb\"},\"inLanguage\":\"de-DE\",\"potentialAction\":[{\"@type\":\"ReadAction\",\"target\":[\"https:\/\/kikopark.com\/de\/stellplaetze\/\"]}]},{\"@type\":\"BreadcrumbList\",\"@id\":\"https:\/\/kikopark.com\/de\/stellplaetze\/#breadcrumb\",\"itemListElement\":[{\"@type\":\"ListItem\",\"position\":1,\"name\":\"Portada\",\"item\":\"https:\/\/kikopark.com\/de\/\"},{\"@type\":\"ListItem\",\"position\":2,\"name\":\"Stellpl\u00e4tze\"}]},{\"@type\":\"WebSite\",\"@id\":\"https:\/\/kikopark.com\/de\/#website\",\"url\":\"https:\/\/kikopark.com\/de\/\",\"name\":\"KIKOPARK\",\"description\":\"[:es]Website del complejo tur\u00edstico KIKOPARK en la playa de Oliva (Valencia)[:en]Website of the KIKOPARK tourist complex on the beach of Oliva (Valencia)[:de]Website des KIKOPARK Touristenkomplexes am Strand von Oliva (Valencia)[:ca]Website del complexe tur\u00edstic KIKOPARK a la platja d&#039;Oliva (Val\u00e8ncia)[:fr]Site du complexe touristique KIKOPARK sur la plage d&#039;Oliva (Valence)[:]\",\"potentialAction\":[{\"@type\":\"SearchAction\",\"target\":{\"@type\":\"EntryPoint\",\"urlTemplate\":\"https:\/\/kikopark.com\/de\/?s={search_term_string}\"},\"query-input\":\"required name=search_term_string\"}],\"inLanguage\":\"de-DE\"}]}<\/script>\n<!-- \/ Yoast SEO plugin. -->","yoast_head_json":{"title":"Camping KIKOPARK tus vacaciones en el #mediKIKOrraneo.","description":"Las parcelas Gran Confort de KIKOPARK, est\u00e1n a la orilla del mediKIKOrraneo, nuestro trocito de mar mediterr\u00e1neo y son las preferidas por los clientes.","robots":{"index":"index","follow":"follow","max-snippet":"max-snippet:-1","max-image-preview":"max-image-preview:large","max-video-preview":"max-video-preview:-1"},"canonical":"https:\/\/kikopark.com\/de\/stellplaetze\/","og_locale":"de_DE","og_type":"article","og_title":"Camping KIKOPARK tus vacaciones en el #mediKIKOrraneo.","og_description":"Las parcelas Gran Confort de KIKOPARK, est\u00e1n a la orilla del mediKIKOrraneo, nuestro trocito de mar mediterr\u00e1neo y son las preferidas por los clientes.","og_url":"https:\/\/kikopark.com\/de\/stellplaetze\/","og_site_name":"KIKOPARK","article_modified_time":"2024-09-30T15:04:20+00:00","og_image":[{"width":2560,"height":724,"url":"https:\/\/kikopark.com\/wp-content\/uploads\/2024\/09\/CABECERA.jpg","type":"image\/jpeg"}],"twitter_card":"summary_large_image","twitter_misc":{"Gesch\u00e4tzte Lesezeit":"2 Minuten"},"schema":{"@context":"https:\/\/schema.org","@graph":[{"@type":"WebPage","@id":"https:\/\/kikopark.com\/de\/stellplaetze\/","url":"https:\/\/kikopark.com\/de\/stellplaetze\/","name":"Camping KIKOPARK tus vacaciones en el #mediKIKOrraneo.","isPartOf":{"@id":"https:\/\/kikopark.com\/de\/#website"},"datePublished":"2016-11-24T16:08:55+00:00","dateModified":"2024-09-30T15:04:20+00:00","description":"Las parcelas Gran Confort de KIKOPARK, est\u00e1n a la orilla del mediKIKOrraneo, nuestro trocito de mar mediterr\u00e1neo y son las preferidas por los clientes.","breadcrumb":{"@id":"https:\/\/kikopark.com\/de\/stellplaetze\/#breadcrumb"},"inLanguage":"de-DE","potentialAction":[{"@type":"ReadAction","target":["https:\/\/kikopark.com\/de\/stellplaetze\/"]}]},{"@type":"BreadcrumbList","@id":"https:\/\/kikopark.com\/de\/stellplaetze\/#breadcrumb","itemListElement":[{"@type":"ListItem","position":1,"name":"Portada","item":"https:\/\/kikopark.com\/de\/"},{"@type":"ListItem","position":2,"name":"Stellpl\u00e4tze"}]},{"@type":"WebSite","@id":"https:\/\/kikopark.com\/de\/#website","url":"https:\/\/kikopark.com\/de\/","name":"KIKOPARK","description":"[:es]Website del complejo tur\u00edstico KIKOPARK en la playa de Oliva (Valencia)[:en]Website of the KIKOPARK tourist complex on the beach of Oliva (Valencia)[:de]Website des KIKOPARK Touristenkomplexes am Strand von Oliva (Valencia)[:ca]Website del complexe tur\u00edstic KIKOPARK a la platja d&#039;Oliva (Val\u00e8ncia)[:fr]Site du complexe touristique KIKOPARK sur la plage d&#039;Oliva (Valence)[:]","potentialAction":[{"@type":"SearchAction","target":{"@type":"EntryPoint","urlTemplate":"https:\/\/kikopark.com\/de\/?s={search_term_string}"},"query-input":"required name=search_term_string"}],"inLanguage":"de-DE"}]}},"_links":{"self":[{"href":"https:\/\/kikopark.com\/de\/wp-json\/wp\/v2\/pages\/11029"}],"collection":[{"href":"https:\/\/kikopark.com\/de\/wp-json\/wp\/v2\/pages"}],"about":[{"href":"https:\/\/kikopark.com\/de\/wp-json\/wp\/v2\/types\/page"}],"author":[{"embeddable":true,"href":"https:\/\/kikopark.com\/de\/wp-json\/wp\/v2\/users\/3"}],"replies":[{"embeddable":true,"href":"https:\/\/kikopark.com\/de\/wp-json\/wp\/v2\/comments?post=11029"}],"version-history":[{"count":33,"href":"https:\/\/kikopark.com\/de\/wp-json\/wp\/v2\/pages\/11029\/revisions"}],"predecessor-version":[{"id":48034,"href":"https:\/\/kikopark.com\/de\/wp-json\/wp\/v2\/pages\/11029\/revisions\/48034"}],"wp:featuredmedia":[{"embeddable":true,"href":"https:\/\/kikopark.com\/de\/wp-json\/wp\/v2\/media\/47064"}],"wp:attachment":[{"href":"https:\/\/kikopark.com\/de\/wp-json\/wp\/v2\/media?parent=11029"}],"curies":[{"name":"wp","href":"https:\/\/api.w.org\/{rel}","templated":true}]}}