{"id":23595,"date":"2023-02-13T14:08:01","date_gmt":"2023-02-13T12:08:01","guid":{"rendered":"https:\/\/kikopark.com\/umwelt\/"},"modified":"2024-09-30T17:33:57","modified_gmt":"2024-09-30T15:33:57","slug":"umwelt","status":"publish","type":"page","link":"https:\/\/kikopark.com\/de\/umwelt\/","title":{"rendered":"Umwelt"},"content":{"rendered":"<p>[vc_row el_class=&#8220;room_info&#8220;][vc_column width=&#8220;1\/2&#8243;][vc_column_text]<\/p>\n<h2 class=\"kampexperience_title\">Eine einzigartige Lage<\/h2>\n<p class=\"kampexperience_text\">Brise, Ruhe und Blick auf das Mittelmeer bieten Ihnen die perfekte Umgebung, um sich zu entspannen und wertvolle Zeit mit Ihren Lieben zu verbringen. Stellen Sie sich vor, Sie entspannen auf einer Sonnenliege, sp\u00fcren den weichen, goldenen Sand unter Ihren F\u00fcssen, w\u00e4hrend Sie das beruhigende Ger\u00e4usch der Wellen und die Meeresbrise sp\u00fcren.<\/p>\n<p class=\"kampexperience_text\">Die 9 Kilometer lange K\u00fcste von Oliva l\u00e4dt Sie ein, ihre herrlichen Str\u00e4nde mit feinem, goldenem Sand zu erkunden, die sich durch klares, flaches Wasser auszeichnen. Die ausgedehnten D\u00fcnen, die den Strand sch\u00fctzen, verleihen ihm einen Hauch nat\u00fcrlicher Sch\u00f6nheit und schaffen eine eindringliche Atmosph\u00e4re. Verlieben Sie sich in jede Ecke unserer Umgebung und geniessen Sie ein einzigartiges Erlebnis.<\/p>\n<p>[\/vc_column_text][\/vc_column][vc_column width=&#8220;1\/2&#8243; el_class=&#8220;kampexperience_img&#8220;][vc_single_image image=&#8220;47306&#8243; img_size=&#8220;full&#8220;][\/vc_column][\/vc_row][vc_row equal_height=&#8220;yes&#8220; el_class=&#8220;aventura_icon_container_par&#8220;][vc_column width=&#8220;1\/2&#8243; el_class=&#8220;kampexperience_img&#8220;][vc_single_image image=&#8220;47310&#8243; img_size=&#8220;full&#8220;][\/vc_column][vc_column width=&#8220;1\/2&#8243;][vc_column_text]<\/p>\n<div class=\"kampexperience_aventura_der\">\n<h2 class=\"aventura_title\">Oliva-Stadt<\/h2>\n<p class=\"aventura_text\">Oliva ist eine mediterrane Stadt, die durch ihr Erbe, ihre Feste, M\u00e4rkte und Gastronomie eine reiche Kombination aus Tradition und Moderne bietet.<\/p>\n<p class=\"aventura_text\">Eine der Hauptattraktionen von Oliva ist seine Altstadt. Die Stadt liegt am Hang eines Berges und wird von den imposanten Ruinen einer mittelalterlichen Festung muslimischen Ursprungs dominiert, die einen Panoramablick und einen Einblick in das reiche historische Erbe der Region bietet.<\/p>\n<p class=\"aventura_text\">Dar\u00fcber hinaus zeichnet sich Oliva durch seine Feste aus, die einen wesentlichen Bestandteil des sozialen und kulturellen Gef\u00fcges der Stadt bilden, durch farbenfrohe Paraden, gastronomische Festivals und kulturelle Veranstaltungen.<\/p>\n<p class=\"aventura_text\">Insgesamt macht die Mischung aus historischem Erbe, lebhaften Festen und einem reichhaltigen gastronomischen Angebot Oliva zu einem einzigartigen und faszinierenden Reiseziel, ideal f\u00fcr diejenigen, die ein authentisches Erlebnis an der Mittelmeerk\u00fcste suchen.<\/p>\n<\/div>\n<p>[\/vc_column_text][\/vc_column][\/vc_row][vc_row equal_height=&#8220;yes&#8220; el_class=&#8220;entorno_icon_container&#8220;][vc_column width=&#8220;1\/2&#8243;][vc_column_text]<\/p>\n<div class=\"kampexperience_aventura_izq\">\n<h2 class=\"aventura_title\">Nat\u00fcrliche Orte<\/h2>\n<p class=\"aventura_text\">Das Symbol der Stadt und der Region ist der Naturpark La Marjal Pego-Oliva, ein aussergew\u00f6hnliches Feuchtgebiet, das ein einzigartiges \u00d6kosystem beherbergt. Nur 5 km vom Kikopark entfernt bietet dieser Park einen perfekten Ausflug. Seine biologische und landschaftliche Vielfalt machen es zu einem idealen Reiseziel f\u00fcr Naturliebhaber und Vogelbeobachter.<\/p>\n<p class=\"aventura_text\">Ein weiterer wichtiger Ort ist La Font Salada, eine unterirdische Thermalquelle in der N\u00e4he des Naturparks La Marjal Pego-Oliva. Mit einer das ganze Jahr \u00fcber konstanten Temperatur von etwa 23 \u00b0C ist das Wasser f\u00fcr seine wohltuende Wirkung bei dermatologischen Problemen und dem allgemeinen Wohlbefinden bekannt.<\/p>\n<p class=\"aventura_text\">Dar\u00fcber hinaus bietet die Region eine Vielzahl von Wanderwegen, auf denen Sie die wundersch\u00f6ne umliegende Landschaft erkunden k\u00f6nnen. Verpassen Sie nicht die Gelegenheit, das Tal von Gallinera, Ebo oder Alcal\u00e0 sowie den majest\u00e4tischen Montg\u00f3 kennenzulernen. Diese Routen bieten Ihnen beeindruckende Ausblicke und eine tiefe Verbindung mit der Umgebung der Region.<\/p>\n<\/div>\n<p>[\/vc_column_text][\/vc_column][vc_column width=&#8220;1\/2&#8243; el_class=&#8220;kampexperience_img&#8220;][vc_single_image image=&#8220;47314&#8243; img_size=&#8220;full&#8220;][\/vc_column][\/vc_row]<\/p>\n","protected":false},"excerpt":{"rendered":"<p>[vc_row el_class=&#8220;room_info&#8220;][vc_column width=&#8220;1\/2&#8243;][vc_column_text] Eine einzigartige Lage Brise, Ruhe und Blick auf das Mittelmeer bieten Ihnen die perfekte Umgebung, um sich zu entspannen und wertvolle Zeit mit Ihren Lieben zu verbringen. Stellen Sie sich vor, Sie entspannen auf einer Sonnenliege, sp\u00fcren den weichen, goldenen Sand unter Ihren F\u00fcssen, w\u00e4hrend Sie das beruhigende Ger\u00e4usch der Wellen und [&hellip;]<\/p>\n","protected":false},"author":8,"featured_media":47318,"parent":0,"menu_order":0,"comment_status":"closed","ping_status":"closed","template":"","meta":{"footnotes":""},"yoast_head":"<!-- This site is optimized with the Yoast SEO plugin v22.1 - https:\/\/yoast.com\/wordpress\/plugins\/seo\/ -->\n<title>Historia, gastronom\u00eda, riqueza geogr\u00e1fica y tranquilidad. KIKOPARK.<\/title>\n<meta name=\"description\" content=\"Ven a conocernos y disfruta de nuestra historia, gastronom\u00eda, de su tranquilidad y de la zona geograf\u00eda que nos envuelve. KIKOPARK.\" \/>\n<meta name=\"robots\" content=\"index, follow, max-snippet:-1, max-image-preview:large, max-video-preview:-1\" \/>\n<link rel=\"canonical\" href=\"https:\/\/kikopark.com\/de\/umwelt\/\" \/>\n<meta property=\"og:locale\" content=\"de_DE\" \/>\n<meta property=\"og:type\" content=\"article\" \/>\n<meta property=\"og:title\" content=\"Historia, gastronom\u00eda, riqueza geogr\u00e1fica y tranquilidad. KIKOPARK.\" \/>\n<meta property=\"og:description\" content=\"Ven a conocernos y disfruta de nuestra historia, gastronom\u00eda, de su tranquilidad y de la zona geograf\u00eda que nos envuelve. KIKOPARK.\" \/>\n<meta property=\"og:url\" content=\"https:\/\/kikopark.com\/de\/umwelt\/\" \/>\n<meta property=\"og:site_name\" content=\"KIKOPARK\" \/>\n<meta property=\"article:modified_time\" content=\"2024-09-30T15:33:57+00:00\" \/>\n<meta property=\"og:image\" content=\"https:\/\/kikopark.com\/wp-content\/uploads\/2024\/09\/CABECERA-4.jpg\" \/>\n\t<meta property=\"og:image:width\" content=\"2560\" \/>\n\t<meta property=\"og:image:height\" content=\"932\" \/>\n\t<meta property=\"og:image:type\" content=\"image\/jpeg\" \/>\n<meta name=\"twitter:card\" content=\"summary_large_image\" \/>\n<meta name=\"twitter:label1\" content=\"Gesch\u00e4tzte Lesezeit\" \/>\n\t<meta name=\"twitter:data1\" content=\"3 Minuten\" \/>\n<script type=\"application\/ld+json\" class=\"yoast-schema-graph\">{\"@context\":\"https:\/\/schema.org\",\"@graph\":[{\"@type\":\"WebPage\",\"@id\":\"https:\/\/kikopark.com\/de\/umwelt\/\",\"url\":\"https:\/\/kikopark.com\/de\/umwelt\/\",\"name\":\"Historia, gastronom\u00eda, riqueza geogr\u00e1fica y tranquilidad. KIKOPARK.\",\"isPartOf\":{\"@id\":\"https:\/\/kikopark.com\/de\/#website\"},\"datePublished\":\"2023-02-13T12:08:01+00:00\",\"dateModified\":\"2024-09-30T15:33:57+00:00\",\"description\":\"Ven a conocernos y disfruta de nuestra historia, gastronom\u00eda, de su tranquilidad y de la zona geograf\u00eda que nos envuelve. KIKOPARK.\",\"breadcrumb\":{\"@id\":\"https:\/\/kikopark.com\/de\/umwelt\/#breadcrumb\"},\"inLanguage\":\"de-DE\",\"potentialAction\":[{\"@type\":\"ReadAction\",\"target\":[\"https:\/\/kikopark.com\/de\/umwelt\/\"]}]},{\"@type\":\"BreadcrumbList\",\"@id\":\"https:\/\/kikopark.com\/de\/umwelt\/#breadcrumb\",\"itemListElement\":[{\"@type\":\"ListItem\",\"position\":1,\"name\":\"Portada\",\"item\":\"https:\/\/kikopark.com\/de\/\"},{\"@type\":\"ListItem\",\"position\":2,\"name\":\"Umwelt\"}]},{\"@type\":\"WebSite\",\"@id\":\"https:\/\/kikopark.com\/de\/#website\",\"url\":\"https:\/\/kikopark.com\/de\/\",\"name\":\"KIKOPARK\",\"description\":\"[:es]Website del complejo tur\u00edstico KIKOPARK en la playa de Oliva (Valencia)[:en]Website of the KIKOPARK tourist complex on the beach of Oliva (Valencia)[:de]Website des KIKOPARK Touristenkomplexes am Strand von Oliva (Valencia)[:ca]Website del complexe tur\u00edstic KIKOPARK a la platja d&#039;Oliva (Val\u00e8ncia)[:fr]Site du complexe touristique KIKOPARK sur la plage d&#039;Oliva (Valence)[:]\",\"potentialAction\":[{\"@type\":\"SearchAction\",\"target\":{\"@type\":\"EntryPoint\",\"urlTemplate\":\"https:\/\/kikopark.com\/de\/?s={search_term_string}\"},\"query-input\":\"required name=search_term_string\"}],\"inLanguage\":\"de-DE\"}]}<\/script>\n<!-- \/ Yoast SEO plugin. -->","yoast_head_json":{"title":"Historia, gastronom\u00eda, riqueza geogr\u00e1fica y tranquilidad. KIKOPARK.","description":"Ven a conocernos y disfruta de nuestra historia, gastronom\u00eda, de su tranquilidad y de la zona geograf\u00eda que nos envuelve. KIKOPARK.","robots":{"index":"index","follow":"follow","max-snippet":"max-snippet:-1","max-image-preview":"max-image-preview:large","max-video-preview":"max-video-preview:-1"},"canonical":"https:\/\/kikopark.com\/de\/umwelt\/","og_locale":"de_DE","og_type":"article","og_title":"Historia, gastronom\u00eda, riqueza geogr\u00e1fica y tranquilidad. KIKOPARK.","og_description":"Ven a conocernos y disfruta de nuestra historia, gastronom\u00eda, de su tranquilidad y de la zona geograf\u00eda que nos envuelve. KIKOPARK.","og_url":"https:\/\/kikopark.com\/de\/umwelt\/","og_site_name":"KIKOPARK","article_modified_time":"2024-09-30T15:33:57+00:00","og_image":[{"width":2560,"height":932,"url":"https:\/\/kikopark.com\/wp-content\/uploads\/2024\/09\/CABECERA-4.jpg","type":"image\/jpeg"}],"twitter_card":"summary_large_image","twitter_misc":{"Gesch\u00e4tzte Lesezeit":"3 Minuten"},"schema":{"@context":"https:\/\/schema.org","@graph":[{"@type":"WebPage","@id":"https:\/\/kikopark.com\/de\/umwelt\/","url":"https:\/\/kikopark.com\/de\/umwelt\/","name":"Historia, gastronom\u00eda, riqueza geogr\u00e1fica y tranquilidad. KIKOPARK.","isPartOf":{"@id":"https:\/\/kikopark.com\/de\/#website"},"datePublished":"2023-02-13T12:08:01+00:00","dateModified":"2024-09-30T15:33:57+00:00","description":"Ven a conocernos y disfruta de nuestra historia, gastronom\u00eda, de su tranquilidad y de la zona geograf\u00eda que nos envuelve. KIKOPARK.","breadcrumb":{"@id":"https:\/\/kikopark.com\/de\/umwelt\/#breadcrumb"},"inLanguage":"de-DE","potentialAction":[{"@type":"ReadAction","target":["https:\/\/kikopark.com\/de\/umwelt\/"]}]},{"@type":"BreadcrumbList","@id":"https:\/\/kikopark.com\/de\/umwelt\/#breadcrumb","itemListElement":[{"@type":"ListItem","position":1,"name":"Portada","item":"https:\/\/kikopark.com\/de\/"},{"@type":"ListItem","position":2,"name":"Umwelt"}]},{"@type":"WebSite","@id":"https:\/\/kikopark.com\/de\/#website","url":"https:\/\/kikopark.com\/de\/","name":"KIKOPARK","description":"[:es]Website del complejo tur\u00edstico KIKOPARK en la playa de Oliva (Valencia)[:en]Website of the KIKOPARK tourist complex on the beach of Oliva (Valencia)[:de]Website des KIKOPARK Touristenkomplexes am Strand von Oliva (Valencia)[:ca]Website del complexe tur\u00edstic KIKOPARK a la platja d&#039;Oliva (Val\u00e8ncia)[:fr]Site du complexe touristique KIKOPARK sur la plage d&#039;Oliva (Valence)[:]","potentialAction":[{"@type":"SearchAction","target":{"@type":"EntryPoint","urlTemplate":"https:\/\/kikopark.com\/de\/?s={search_term_string}"},"query-input":"required name=search_term_string"}],"inLanguage":"de-DE"}]}},"_links":{"self":[{"href":"https:\/\/kikopark.com\/de\/wp-json\/wp\/v2\/pages\/23595"}],"collection":[{"href":"https:\/\/kikopark.com\/de\/wp-json\/wp\/v2\/pages"}],"about":[{"href":"https:\/\/kikopark.com\/de\/wp-json\/wp\/v2\/types\/page"}],"author":[{"embeddable":true,"href":"https:\/\/kikopark.com\/de\/wp-json\/wp\/v2\/users\/8"}],"replies":[{"embeddable":true,"href":"https:\/\/kikopark.com\/de\/wp-json\/wp\/v2\/comments?post=23595"}],"version-history":[{"count":6,"href":"https:\/\/kikopark.com\/de\/wp-json\/wp\/v2\/pages\/23595\/revisions"}],"predecessor-version":[{"id":48124,"href":"https:\/\/kikopark.com\/de\/wp-json\/wp\/v2\/pages\/23595\/revisions\/48124"}],"wp:featuredmedia":[{"embeddable":true,"href":"https:\/\/kikopark.com\/de\/wp-json\/wp\/v2\/media\/47318"}],"wp:attachment":[{"href":"https:\/\/kikopark.com\/de\/wp-json\/wp\/v2\/media?parent=23595"}],"curies":[{"name":"wp","href":"https:\/\/api.w.org\/{rel}","templated":true}]}}