{"id":4072,"date":"2016-11-23T14:33:15","date_gmt":"2016-11-23T12:33:15","guid":{"rendered":"https:\/\/kikopark.com\/kikopark\/"},"modified":"2026-01-29T12:41:29","modified_gmt":"2026-01-29T10:41:29","slug":"kikopark","status":"publish","type":"page","link":"https:\/\/kikopark.com\/de\/","title":{"rendered":"Kikopark"},"content":{"rendered":"<p>[vc_row content_placement=&#8220;middle&#8220; transparent=&#8220;transparent&#8220; transparent_overlay=&#8220;transparent_film&#8220;][vc_column css_animation=&#8220;none&#8220; transparent=&#8220;transparent&#8220;][vc_column_text el_class=&#8220;reserva_ahora&#8220;]<a href=\"https:\/\/booking.kikopark.com\/search?lang=de\"><span class=\"reserva_ahora_text\">Buchen Sie jetzt<\/span><\/a>[\/vc_column_text][\/vc_column][\/vc_row][vc_row css_animation=&#8220;none&#8220; transparent=&#8220;transparent&#8220; row_padding_top=&#8220;padding_top_none&#8220; row_padding_bottom=&#8220;padding_bottom_none&#8220; el_class=&#8220;hovers_box&#8220;][vc_column width=&#8220;1\/5&#8243;]<!-- ========================== HOVER BOX ==========================-->\n\n<div style=\"background-image: url('https:\/\/kikopark.com\/wp-content\/uploads\/2024\/09\/ALOJAMIENTOS.jpg')\" class=\"hoverbox wpb_content_element black_section neutralize_links stretchy_wrapper ratio_2-3  \">\n<div class=\"hoverbox_tran black_section transparent_film\"><\/div>\n\t<a href=\"https:\/\/kikopark.com\/de\/aufenthalt\/\">\n\t\t<div class=\"hoverbox_icon\">\n\t\t\t<img decoding=\"async\" src=\"https:\/\/kikopark.com\/wp-content\/uploads\/2023\/11\/logo-kikopark.svg\" alt=\"\">\n\t\t<\/div>\n\t\t<div class=\"hoverbox_title\">\n\t\t\t<h2>Unsere Unterk\u00fcnfte<\/h2>\n\t\t<\/div>\n\t\t<div class=\"hoverbox_paragraph\">\n\t\t\t<p>Einzigartige Unterk\u00fcnfte, in denen Sie sich wie zu Hause f\u00fchlen und einen unbeschwerten Urlaub geniessen k\u00f6nnen.<\/p>\n\t\t<\/div>\n\t<\/a>\t\n<\/div>\n\n<!-- END======================= HOVER BOX ==========================-->[\/vc_column][vc_column width=&#8220;1\/5&#8243;]<!-- ========================== HOVER BOX ==========================-->\n\n<div style=\"background-image: url('https:\/\/kikopark.com\/wp-content\/uploads\/2024\/09\/ENTORNO.jpg')\" class=\"hoverbox wpb_content_element black_section neutralize_links stretchy_wrapper ratio_2-3  \">\n<div class=\"hoverbox_tran black_section transparent_film\"><\/div>\n\t<a href=\"https:\/\/kikopark.com\/de\/umwelt\/\">\n\t\t<div class=\"hoverbox_icon\">\n\t\t\t<img decoding=\"async\" src=\"https:\/\/kikopark.com\/wp-content\/uploads\/2023\/11\/logo-kikopark.svg\" alt=\"\">\n\t\t<\/div>\n\t\t<div class=\"hoverbox_title\">\n\t\t\t<h2>Eine einzigartige Umgebung<\/h2>\n\t\t<\/div>\n\t\t<div class=\"hoverbox_paragraph\">\n\t\t\t<p>Brise, Ruhe und Meerblick. Ein perfekter Ort, um eine nat\u00fcrliche Umgebung direkt am Strand zu geniessen.<\/p>\n\t\t<\/div>\n\t<\/a>\t\n<\/div>\n\n<!-- END======================= HOVER BOX ==========================-->[\/vc_column][vc_column width=&#8220;1\/5&#8243;]<!-- ========================== HOVER BOX ==========================-->\n\n<div style=\"background-image: url('https:\/\/kikopark.com\/wp-content\/uploads\/2024\/09\/GYM.jpg')\" class=\"hoverbox wpb_content_element black_section neutralize_links stretchy_wrapper ratio_2-3  \">\n<div class=\"hoverbox_tran black_section transparent_film\"><\/div>\n\t<a href=\"https:\/\/kikopark.com\/de\/einrichtungen\/\">\n\t\t<div class=\"hoverbox_icon\">\n\t\t\t<img decoding=\"async\" src=\"https:\/\/kikopark.com\/wp-content\/uploads\/2023\/11\/logo-kikopark.svg\" alt=\"\">\n\t\t<\/div>\n\t\t<div class=\"hoverbox_title\">\n\t\t\t<h2>Fitness und Gesundheitszentrum<\/h2>\n\t\t<\/div>\n\t\t<div class=\"hoverbox_paragraph\">\n\t\t\t<p>Wir legen Wert auf einen ruhigen und aktiven Lebensstil. Lernen Sie unsere Einrichtungen und Aktivit\u00e4ten kennen, die auf Ihr Wohlbefinden ausgerichtet sind.<\/p>\n\t\t<\/div>\n\t<\/a>\t\n<\/div>\n\n<!-- END======================= HOVER BOX ==========================-->[\/vc_column][vc_column width=&#8220;1\/5&#8243;]<!-- ========================== HOVER BOX ==========================-->\n\n<div style=\"background-image: url('https:\/\/kikopark.com\/wp-content\/uploads\/2024\/09\/ACTIVIDADES.jpg')\" class=\"hoverbox wpb_content_element black_section neutralize_links stretchy_wrapper ratio_2-3  \">\n<div class=\"hoverbox_tran black_section transparent_film\"><\/div>\n\t<a href=\"https:\/\/kikopark.com\/de\/erlebnissen\/\">\n\t\t<div class=\"hoverbox_icon\">\n\t\t\t<img decoding=\"async\" src=\"https:\/\/kikopark.com\/wp-content\/uploads\/2023\/11\/logo-kikopark.svg\" alt=\"\">\n\t\t<\/div>\n\t\t<div class=\"hoverbox_title\">\n\t\t\t<h2>Aktivit\u00e4ten und Erlebnisse<\/h2>\n\t\t<\/div>\n\t\t<div class=\"hoverbox_paragraph\">\n\t\t\t<p>Wir bieten ein abwechslungsreiches Programm an Aktivit\u00e4ten im Wasser oder an Land f\u00fcr alle Altersgruppen.<\/p>\n\t\t<\/div>\n\t<\/a>\t\n<\/div>\n\n<!-- END======================= HOVER BOX ==========================-->[\/vc_column][vc_column width=&#8220;1\/5&#8243;]<!-- ========================== HOVER BOX ==========================-->\n\n<div style=\"background-image: url('https:\/\/kikopark.com\/wp-content\/uploads\/2024\/09\/SABOR.jpg')\" class=\"hoverbox wpb_content_element black_section neutralize_links stretchy_wrapper ratio_2-3  \">\n<div class=\"hoverbox_tran black_section transparent_film\"><\/div>\n\t<a href=\"https:\/\/kikopark.com\/de\/gastronomie\/\">\n\t\t<div class=\"hoverbox_icon\">\n\t\t\t<img decoding=\"async\" src=\"https:\/\/kikopark.com\/wp-content\/uploads\/2023\/11\/logo-kikopark.svg\" alt=\"\">\n\t\t<\/div>\n\t\t<div class=\"hoverbox_title\">\n\t\t\t<h2>Mediterraner Geschmack<\/h2>\n\t\t<\/div>\n\t\t<div class=\"hoverbox_paragraph\">\n\t\t\t<p>Unsere Gastronomie, in der das Produkt und der Geschmack unsere mediterrane K\u00fcche offenbaren. Wir haben das perfekte Rezept.<\/p>\n\t\t<\/div>\n\t<\/a>\t\n<\/div>\n\n<!-- END======================= HOVER BOX ==========================-->[\/vc_column][\/vc_row][vc_row][vc_column][vc_column_text el_class=&#8220;instalaciones_title_home instalaciones_title&#8220;]<\/p>\n<p style=\"text-align: center;\">Kikopark-Einrichtungen<\/p>\n<p>[\/vc_column_text][\/vc_column][\/vc_row][vc_row align=&#8220;text-center&#8220;][vc_column align=&#8220;text-center&#8220; el_class=&#8220;video_home&#8220;][vc_video link=&#8220;https:\/\/www.youtube.com\/watch?v=J9AWwTdckgQ&amp;ab_channel=Kikoparkplaya&#8220; align=&#8220;center&#8220;][\/vc_column][\/vc_row][vc_row color_set=&#8220;dark_section&#8220; transparent=&#8220;transparent&#8220; row_padding_top=&#8220;padding_top_none&#8220; el_class=&#8220;slider_home&#8220;][vc_column]<div class=\"ple_anypostloop_shortcode wpb_content_element  \"><div id=\"slider_5858ebadc2b64\" class=\"rooms_slider_classic_wrapper \">\n        <div class=\"rooms_list_item  wohnungen optional-de secondary_section  \" >\n        <div class=\"flex\">\n                <div class=\"col-sm-6 col-sm-push-6 rooms_list_item_photo\" style=\"background-image: url('https:\/\/kikopark.com\/wp-content\/uploads\/2019\/04\/JR63342-1-1024x683.jpg')\"><\/div>\n                <div class=\"col-sm-6 col-sm-pull-6\">\n                <div class=\"rooms_list_item_content\">\n                        <h3 class=\"textify_links\"><a href=\"https:\/\/kikopark.com\/de\/room\/premium-apartments\/\" title=\"Premium Apartments\" target=\"_parent\" class=\"\">Premium Apartments<\/a><\/h3>\n                        \n                        <div class=\"room_listed_amenities\">\n                        <\/div>\n                        <p class=\"excerpt\">Einzigartige Unterk\u00fcnfte, damit Sie sich wie zu Hause f\u00fchlen. Sie verf\u00fcgen \u00fcber alle notwendigen Annehmlichkeiten f\u00fcr ein aussergew\u00f6hnliches Erlebnis. W\u00e4hlen Sie zwischen Apartments mit 1 oder 2Schlafzimmern, die alle mit einer voll ausgestatteten K\u00fcche und einer Terrasse oder einem Balkon ausgestattet sind.<\/p>\n\n\n                        <a href=\"https:\/\/kikopark.com\/de\/room\/premium-apartments\/\" title=\"Premium Apartments\" target=\"_parent\" class=\"btn btn-link \">Entdecken<\/a>\n                <\/div>\n                <\/div>\n        <\/div>\n        <\/div>\n        <div class=\"rooms_list_item  parzellen optional-de secondary_section  \" >\n        <div class=\"flex\">\n                <div class=\"col-sm-6 col-sm-push-6 rooms_list_item_photo\" style=\"background-image: url('https:\/\/kikopark.com\/wp-content\/uploads\/2018\/09\/JR63342-1024x683.jpg')\"><\/div>\n                <div class=\"col-sm-6 col-sm-pull-6\">\n                <div class=\"rooms_list_item_content\">\n                        <h3 class=\"textify_links\"><a href=\"https:\/\/kikopark.com\/de\/room\/gran-confort\/\" title=\"Gran Confort\" target=\"_parent\" class=\"\">Gran Confort<\/a><\/h3>\n                        \n                        <div class=\"room_listed_amenities\">\n                        <\/div>\n                        <p class=\"excerpt\">Ein erstklassiges Erlebnis auf einem Campingplatz ist m\u00f6glich und dies direkt am Mittelmeer zu tun, ist ein wahrgewordener Traum. Entdecken Sie unsere ger\u00e4umigen Stellpl\u00e4tze in idyllischer Lage und komplett ausgestattet f\u00fcr Camper mit Wohnwagen, Wohnmobil oder Zelt.<\/p>\n\n\n                        <a href=\"https:\/\/kikopark.com\/de\/room\/gran-confort\/\" title=\"Gran Confort\" target=\"_parent\" class=\"btn btn-link \">Entdecken<\/a>\n                <\/div>\n                <\/div>\n        <\/div>\n        <\/div>\n        <div class=\"rooms_list_item  kampexperience-de optional-de secondary_section  \" >\n        <div class=\"flex\">\n                <div class=\"col-sm-6 col-sm-push-6 rooms_list_item_photo\" style=\"background-image: url('https:\/\/kikopark.com\/wp-content\/uploads\/2024\/04\/BANNER-ZONA-GENERICO-1024x373.jpg')\"><\/div>\n                <div class=\"col-sm-6 col-sm-pull-6\">\n                <div class=\"rooms_list_item_content\">\n                        <h3 class=\"textify_links\"><a href=\"https:\/\/kikopark.com\/de\/room\/glamping-kikopark\/\" title=\"Glamping Kikopark\" target=\"_parent\" class=\"\">Glamping Kikopark<\/a><\/h3>\n                        \n                        <div class=\"room_listed_amenities\">\n                        <\/div>\n                        <p class=\"excerpt\">Eine Traumoase, entdecken Sie eine neue Art, das Mittelmeer zu erleben. Eine ganz besondere Unterkunft, integriert in die Natur. Wirhaben drei Arten von Zelten: Buka, Anza und Bali, die sich jeweils an Ihre Bed\u00fcrfnisse anpassen und Sie in ein idyllisches Paradies entf\u00fchre.<\/p>\n\n\n                        <a href=\"https:\/\/kikopark.com\/de\/room\/glamping-kikopark\/\" title=\"Glamping Kikopark\" target=\"_parent\" class=\"btn btn-link \">Entdecken<\/a>\n                <\/div>\n                <\/div>\n        <\/div>\n        <\/div>\n<\/div><\/div>[\/vc_column][\/vc_row][vc_row row_padding_top=&#8220;padding_top_1-4&#8243; row_padding_bottom=&#8220;padding_bottom_1-4&#8243; css=&#8220;.vc_custom_1537178689510{background-color: #ffffff !important;}&#8220;][vc_column width=&#8220;5\/6&#8243; boxed=&#8220;boxed&#8220; offset=&#8220;vc_col-sm-offset-1&#8243;]<div class=\"heading_group_sc wpb_content_element subtitle_bottom    text-center\">\n\n\n    <h2 class=\"title_sellos\">Kikopark<\/h2>\n\n\n        <span class=\"subtitle\">Die Siegel, die uns unterst\u00fctzen<\/span>\n\n<\/div>[vc_media_grid element_width=&#8220;3&#8243; gap=&#8220;10&#8243; initial_loading_animation=&#8220;none&#8220; grid_id=&#8220;vc_gid:1769683281299-464f16f2-16ca-2&#8243; include=&#8220;4603,4607,4599,4659,4627,4623,4647,4619,4611,4591,4639,4643,4595,4655,4631,4615,4635,50269,51905&#8243; css=&#8220;.vc_custom_1766061180641{background-color: #ffffff !important;}&#8220;][\/vc_column][\/vc_row][vc_row equal_height=&#8220;yes&#8220; content_placement=&#8220;bottom&#8220; color_set=&#8220;light_section&#8220; align=&#8220;text-left&#8220; el_class=&#8220;app_banner&#8220; css=&#8220;.vc_custom_1726825125049{background-color: #f2f2f1 !important;}&#8220;][vc_column width=&#8220;1\/2&#8243;][vc_column_text el_class=&#8220;h3&#8243;]Laden Sie die Kikopark-App f\u00fcr iOS und Android herunter, um das komplette Erlebnis zu erhalten.<\/p>\n<p><a class=\"btn btn-primary btn-inv\" href=\"https:\/\/apps.apple.com\/es\/app\/kikopark\/id6502638577\" target=\"_self\" rel=\"noopener\">F\u00fcr iOS herunterladen<\/a><\/p>\n<p><a class=\"btn btn-primary btn-inv\" href=\"https:\/\/play.google.com\/store\/apps\/details?id=com.uplaan.campingkikopark&amp;hl=ca&amp;pli=1\" target=\"_self\" rel=\"noopener\">F\u00fcr Andorid herunterladen<\/a>[\/vc_column_text][\/vc_column][vc_column width=&#8220;1\/2&#8243;][vc_single_image image=&#8220;47023&#8243; img_size=&#8220;full&#8220; alignment=&#8220;center&#8220; css=&#8220;.vc_custom_1727187834342{margin-top: 0px !important;margin-bottom: 0px !important;}&#8220;][\/vc_column][\/vc_row][vc_row row_padding_top=&#8220;padding_top_1-4&#8243; row_padding_bottom=&#8220;padding_bottom_1-4&#8243; css=&#8220;.vc_custom_1537178689510{background-color: #ffffff !important;}&#8220;][vc_column width=&#8220;5\/6&#8243; boxed=&#8220;boxed&#8220; offset=&#8220;vc_col-sm-offset-1&#8243;][vc_single_image image=&#8220;51544&#8243; img_size=&#8220;full&#8220; alignment=&#8220;center&#8220; onclick=&#8220;custom_link&#8220; img_link_target=&#8220;_blank&#8220; title=&#8220;Financiado por la Uni\u00f3n Europea \u2013 Next Generation&#8220; link=&#8220;https:\/\/kikopark.com\/wp-content\/uploads\/2026\/01\/JUSTIFICACION-TIP2-4-1-1.pdf&#8220;][\/vc_column][\/vc_row][vc_column][\/vc_column]<\/p>\n","protected":false},"excerpt":{"rendered":"<p>[vc_row content_placement=&#8220;middle&#8220; transparent=&#8220;transparent&#8220; transparent_overlay=&#8220;transparent_film&#8220;][vc_column css_animation=&#8220;none&#8220; transparent=&#8220;transparent&#8220;][vc_column_text el_class=&#8220;reserva_ahora&#8220;]Buchen Sie jetzt[\/vc_column_text][\/vc_column][\/vc_row][vc_row css_animation=&#8220;none&#8220; transparent=&#8220;transparent&#8220; row_padding_top=&#8220;padding_top_none&#8220; row_padding_bottom=&#8220;padding_bottom_none&#8220; el_class=&#8220;hovers_box&#8220;][vc_column width=&#8220;1\/5&#8243;][\/vc_column][vc_column width=&#8220;1\/5&#8243;][\/vc_column][vc_column width=&#8220;1\/5&#8243;][\/vc_column][vc_column width=&#8220;1\/5&#8243;][\/vc_column][vc_column width=&#8220;1\/5&#8243;][\/vc_column][\/vc_row][vc_row][vc_column][vc_column_text el_class=&#8220;instalaciones_title_home instalaciones_title&#8220;] Kikopark-Einrichtungen [\/vc_column_text][\/vc_column][\/vc_row][vc_row align=&#8220;text-center&#8220;][vc_column align=&#8220;text-center&#8220; el_class=&#8220;video_home&#8220;][vc_video link=&#8220;https:\/\/www.youtube.com\/watch?v=J9AWwTdckgQ&amp;ab_channel=Kikoparkplaya&#8220; align=&#8220;center&#8220;][\/vc_column][\/vc_row][vc_row color_set=&#8220;dark_section&#8220; transparent=&#8220;transparent&#8220; row_padding_top=&#8220;padding_top_none&#8220; el_class=&#8220;slider_home&#8220;][vc_column][\/vc_column][\/vc_row][vc_row row_padding_top=&#8220;padding_top_1-4&#8243; row_padding_bottom=&#8220;padding_bottom_1-4&#8243; css=&#8220;.vc_custom_1537178689510{background-color: #ffffff !important;}&#8220;][vc_column width=&#8220;5\/6&#8243; boxed=&#8220;boxed&#8220; offset=&#8220;vc_col-sm-offset-1&#8243;][vc_media_grid element_width=&#8220;3&#8243; gap=&#8220;10&#8243; initial_loading_animation=&#8220;none&#8220; grid_id=&#8220;vc_gid:1769683281299-464f16f2-16ca-2&#8243; include=&#8220;4603,4607,4599,4659,4627,4623,4647,4619,4611,4591,4639,4643,4595,4655,4631,4615,4635,50269,51905&#8243; css=&#8220;.vc_custom_1766061180641{background-color: #ffffff !important;}&#8220;][\/vc_column][\/vc_row][vc_row equal_height=&#8220;yes&#8220; content_placement=&#8220;bottom&#8220; color_set=&#8220;light_section&#8220; align=&#8220;text-left&#8220; el_class=&#8220;app_banner&#8220; css=&#8220;.vc_custom_1726825125049{background-color: #f2f2f1 [&hellip;]<\/p>\n","protected":false},"author":3,"featured_media":4333,"parent":0,"menu_order":0,"comment_status":"closed","ping_status":"closed","template":"","meta":{"footnotes":""},"yoast_head":"<!-- This site is optimized with the Yoast SEO plugin v22.1 - https:\/\/yoast.com\/wordpress\/plugins\/seo\/ -->\n<title>Camping KIKOPARK situado a primera l\u00ednea de la playa de Oliva.<\/title>\n<meta name=\"description\" content=\"Camping KIKOPARK est\u00e1 situado en la playa de Oliva (Valencia), junto a un ecosistema dunar y en primera l\u00ednea de una hermosa playa de arena blanca premiada con la Bandera Azul Europea. Un lugar id\u00f3neo para disfrutar y relajarse en plena naturaleza.\" \/>\n<meta name=\"robots\" content=\"index, follow, max-snippet:-1, max-image-preview:large, max-video-preview:-1\" \/>\n<link rel=\"canonical\" href=\"https:\/\/kikopark.com\/de\/\" \/>\n<meta property=\"og:locale\" content=\"de_DE\" \/>\n<meta property=\"og:type\" content=\"article\" \/>\n<meta property=\"og:title\" content=\"Camping KIKOPARK situado a primera l\u00ednea de la playa de Oliva.\" \/>\n<meta property=\"og:description\" content=\"Camping KIKOPARK est\u00e1 situado en la playa de Oliva (Valencia), junto a un ecosistema dunar y en primera l\u00ednea de una hermosa playa de arena blanca premiada con la Bandera Azul Europea. Un lugar id\u00f3neo para disfrutar y relajarse en plena naturaleza.\" \/>\n<meta property=\"og:url\" content=\"https:\/\/kikopark.com\/de\/\" \/>\n<meta property=\"og:site_name\" content=\"KIKOPARK\" \/>\n<meta property=\"article:modified_time\" content=\"2026-01-29T10:41:29+00:00\" \/>\n<meta property=\"og:image\" content=\"https:\/\/kikopark.com\/wp-content\/uploads\/2018\/08\/coche-1.jpg\" \/>\n\t<meta property=\"og:image:width\" content=\"1600\" \/>\n\t<meta property=\"og:image:height\" content=\"1200\" \/>\n\t<meta property=\"og:image:type\" content=\"image\/jpeg\" \/>\n<meta name=\"twitter:card\" content=\"summary_large_image\" \/>\n<meta name=\"twitter:label1\" content=\"Gesch\u00e4tzte Lesezeit\" \/>\n\t<meta name=\"twitter:data1\" content=\"6 Minuten\" \/>\n<script type=\"application\/ld+json\" class=\"yoast-schema-graph\">{\"@context\":\"https:\/\/schema.org\",\"@graph\":[{\"@type\":\"WebPage\",\"@id\":\"https:\/\/kikopark.com\/de\/\",\"url\":\"https:\/\/kikopark.com\/de\/\",\"name\":\"Camping KIKOPARK situado a primera l\u00ednea de la playa de Oliva.\",\"isPartOf\":{\"@id\":\"https:\/\/kikopark.com\/de\/#website\"},\"datePublished\":\"2016-11-23T12:33:15+00:00\",\"dateModified\":\"2026-01-29T10:41:29+00:00\",\"description\":\"Camping KIKOPARK est\u00e1 situado en la playa de Oliva (Valencia), junto a un ecosistema dunar y en primera l\u00ednea de una hermosa playa de arena blanca premiada con la Bandera Azul Europea. Un lugar id\u00f3neo para disfrutar y relajarse en plena naturaleza.\",\"breadcrumb\":{\"@id\":\"https:\/\/kikopark.com\/de\/#breadcrumb\"},\"inLanguage\":\"de-DE\",\"potentialAction\":[{\"@type\":\"ReadAction\",\"target\":[\"https:\/\/kikopark.com\/de\/\"]}]},{\"@type\":\"BreadcrumbList\",\"@id\":\"https:\/\/kikopark.com\/de\/#breadcrumb\",\"itemListElement\":[{\"@type\":\"ListItem\",\"position\":1,\"name\":\"Portada\",\"item\":\"https:\/\/kikopark.com\/de\/\"},{\"@type\":\"ListItem\",\"position\":2,\"name\":\"Kikopark\"}]},{\"@type\":\"WebSite\",\"@id\":\"https:\/\/kikopark.com\/de\/#website\",\"url\":\"https:\/\/kikopark.com\/de\/\",\"name\":\"KIKOPARK\",\"description\":\"[:es]Website del complejo tur\u00edstico KIKOPARK en la playa de Oliva (Valencia)[:en]Website of the KIKOPARK tourist complex on the beach of Oliva (Valencia)[:de]Website des KIKOPARK Touristenkomplexes am Strand von Oliva (Valencia)[:ca]Website del complexe tur\u00edstic KIKOPARK a la platja d&#039;Oliva (Val\u00e8ncia)[:fr]Site du complexe touristique KIKOPARK sur la plage d&#039;Oliva (Valence)[:]\",\"potentialAction\":[{\"@type\":\"SearchAction\",\"target\":{\"@type\":\"EntryPoint\",\"urlTemplate\":\"https:\/\/kikopark.com\/de\/?s={search_term_string}\"},\"query-input\":\"required name=search_term_string\"}],\"inLanguage\":\"de-DE\"}]}<\/script>\n<!-- \/ Yoast SEO plugin. -->","yoast_head_json":{"title":"Camping KIKOPARK situado a primera l\u00ednea de la playa de Oliva.","description":"Camping KIKOPARK est\u00e1 situado en la playa de Oliva (Valencia), junto a un ecosistema dunar y en primera l\u00ednea de una hermosa playa de arena blanca premiada con la Bandera Azul Europea. Un lugar id\u00f3neo para disfrutar y relajarse en plena naturaleza.","robots":{"index":"index","follow":"follow","max-snippet":"max-snippet:-1","max-image-preview":"max-image-preview:large","max-video-preview":"max-video-preview:-1"},"canonical":"https:\/\/kikopark.com\/de\/","og_locale":"de_DE","og_type":"article","og_title":"Camping KIKOPARK situado a primera l\u00ednea de la playa de Oliva.","og_description":"Camping KIKOPARK est\u00e1 situado en la playa de Oliva (Valencia), junto a un ecosistema dunar y en primera l\u00ednea de una hermosa playa de arena blanca premiada con la Bandera Azul Europea. Un lugar id\u00f3neo para disfrutar y relajarse en plena naturaleza.","og_url":"https:\/\/kikopark.com\/de\/","og_site_name":"KIKOPARK","article_modified_time":"2026-01-29T10:41:29+00:00","og_image":[{"width":1600,"height":1200,"url":"https:\/\/kikopark.com\/wp-content\/uploads\/2018\/08\/coche-1.jpg","type":"image\/jpeg"}],"twitter_card":"summary_large_image","twitter_misc":{"Gesch\u00e4tzte Lesezeit":"6 Minuten"},"schema":{"@context":"https:\/\/schema.org","@graph":[{"@type":"WebPage","@id":"https:\/\/kikopark.com\/de\/","url":"https:\/\/kikopark.com\/de\/","name":"Camping KIKOPARK situado a primera l\u00ednea de la playa de Oliva.","isPartOf":{"@id":"https:\/\/kikopark.com\/de\/#website"},"datePublished":"2016-11-23T12:33:15+00:00","dateModified":"2026-01-29T10:41:29+00:00","description":"Camping KIKOPARK est\u00e1 situado en la playa de Oliva (Valencia), junto a un ecosistema dunar y en primera l\u00ednea de una hermosa playa de arena blanca premiada con la Bandera Azul Europea. Un lugar id\u00f3neo para disfrutar y relajarse en plena naturaleza.","breadcrumb":{"@id":"https:\/\/kikopark.com\/de\/#breadcrumb"},"inLanguage":"de-DE","potentialAction":[{"@type":"ReadAction","target":["https:\/\/kikopark.com\/de\/"]}]},{"@type":"BreadcrumbList","@id":"https:\/\/kikopark.com\/de\/#breadcrumb","itemListElement":[{"@type":"ListItem","position":1,"name":"Portada","item":"https:\/\/kikopark.com\/de\/"},{"@type":"ListItem","position":2,"name":"Kikopark"}]},{"@type":"WebSite","@id":"https:\/\/kikopark.com\/de\/#website","url":"https:\/\/kikopark.com\/de\/","name":"KIKOPARK","description":"[:es]Website del complejo tur\u00edstico KIKOPARK en la playa de Oliva (Valencia)[:en]Website of the KIKOPARK tourist complex on the beach of Oliva (Valencia)[:de]Website des KIKOPARK Touristenkomplexes am Strand von Oliva (Valencia)[:ca]Website del complexe tur\u00edstic KIKOPARK a la platja d&#039;Oliva (Val\u00e8ncia)[:fr]Site du complexe touristique KIKOPARK sur la plage d&#039;Oliva (Valence)[:]","potentialAction":[{"@type":"SearchAction","target":{"@type":"EntryPoint","urlTemplate":"https:\/\/kikopark.com\/de\/?s={search_term_string}"},"query-input":"required name=search_term_string"}],"inLanguage":"de-DE"}]}},"_links":{"self":[{"href":"https:\/\/kikopark.com\/de\/wp-json\/wp\/v2\/pages\/4072"}],"collection":[{"href":"https:\/\/kikopark.com\/de\/wp-json\/wp\/v2\/pages"}],"about":[{"href":"https:\/\/kikopark.com\/de\/wp-json\/wp\/v2\/types\/page"}],"author":[{"embeddable":true,"href":"https:\/\/kikopark.com\/de\/wp-json\/wp\/v2\/users\/3"}],"replies":[{"embeddable":true,"href":"https:\/\/kikopark.com\/de\/wp-json\/wp\/v2\/comments?post=4072"}],"version-history":[{"count":23,"href":"https:\/\/kikopark.com\/de\/wp-json\/wp\/v2\/pages\/4072\/revisions"}],"predecessor-version":[{"id":52020,"href":"https:\/\/kikopark.com\/de\/wp-json\/wp\/v2\/pages\/4072\/revisions\/52020"}],"wp:featuredmedia":[{"embeddable":true,"href":"https:\/\/kikopark.com\/de\/wp-json\/wp\/v2\/media\/4333"}],"wp:attachment":[{"href":"https:\/\/kikopark.com\/de\/wp-json\/wp\/v2\/media?parent=4072"}],"curies":[{"name":"wp","href":"https:\/\/api.w.org\/{rel}","templated":true}]}}