{"id":4088,"date":"2016-11-24T18:10:10","date_gmt":"2016-11-24T16:10:10","guid":{"rendered":"https:\/\/kikopark.com\/gastronomie\/"},"modified":"2024-09-30T18:04:05","modified_gmt":"2024-09-30T16:04:05","slug":"gastronomie","status":"publish","type":"page","link":"https:\/\/kikopark.com\/de\/gastronomie\/","title":{"rendered":"Gastronomie"},"content":{"rendered":"<p>[vc_row][vc_column][vc_column_text el_class=&#8220;rooms_titles_premium_plus&#8220;]3 perfekte Orte, um unsere Gastronomie zu entdecken[\/vc_column_text][\/vc_column][\/vc_row][vc_row el_class=&#8220;room_info&#8220;][vc_column width=&#8220;1\/2&#8243;][vc_column_text]<\/p>\n<h2 class=\"aventura_title\">Kikoport<\/h2>\n<p class=\"kampexperience_text\">Kiko Port ist der gemeinsame Punkt, an dem das Produkt und der Geschmack die mediterrane K\u00fcche offenbaren. Ein Raum, in dem Sonne und Brise die Begleiter sind. Eine perfekte Umgebung zum Entspannen, Plaudern und Bewundern der herrlichen Aussicht. Ein Ort, an dem man das wahre Erlebnis erleben kann.<\/p>\n<p class=\"kampexperience_text\">In unserem Restaurant kreieren wir gastronomische Vorschl\u00e4ge auf der Grundlage traditioneller Kenntnisse, bieten einen internationalen Ansatz und bieten Marktk\u00fcche mit lokalen Produkten.<\/p>\n<p><a class=\"btn btn-inv aventura_btn\" href=\"http:\/\/kikoport.com\/carta\/\" target=\"_blank\" rel=\"noopener\">SIEHE MEN\u00dc<\/a>[\/vc_column_text][\/vc_column][vc_column width=&#8220;1\/2&#8243; el_class=&#8220;kampexperience_carrusel&#8220;][vc_images_carousel images=&#8220;47436,47440,47388,47444,47448,47452&#8243; img_size=&#8220;full&#8220; onclick=&#8220;link_no&#8220; wrap=&#8220;yes&#8220;][\/vc_column][\/vc_row][vc_row el_class=&#8220;room_info_slider&#8220;][vc_column width=&#8220;1\/2&#8243; el_class=&#8220;kampexperience_carrusel&#8220;][vc_images_carousel images=&#8220;47416,47420,47424,47428,47432&#8243; img_size=&#8220;full&#8220; onclick=&#8220;link_no&#8220; wrap=&#8220;yes&#8220;][\/vc_column][vc_column width=&#8220;1\/2&#8243; el_class=&#8220;kampexperience_texto_derecha&#8220;][vc_column_text el_class=&#8220;kampexperience_text_slider&#8220;]<\/p>\n<h2 class=\"aventura_title\">Pizzeria La Frascuela<\/h2>\n<p class=\"kampexperience_text\">Entdecken Sie La Frascuela, eine charmante Pizzeria-Cafeteria-Ecke, in der Sie den mediterranen Geschmack geniessen k\u00f6nnen. Wir bieten eine k\u00f6stliche Auswahl an Optionen, Pizza, Pasta, Reis, Fr\u00fchst\u00fcck, Naturs\u00e4fte, hausgemachte Kuchen, Kaffee, Eis, Brath\u00e4hnchen und vieles mehr!<\/p>\n<p class=\"kampexperience_text\">Sie haben die M\u00f6glichkeit, unsere Vorschl\u00e4ge vor Ort zu geniessen oder Sie an einen beliebigen Ort mitzunehmen. Unser gesamtes Men\u00fc ist als Take-Away-Service verf\u00fcgbar. Kommen Sie und probieren Sie die authentische Essenz der mediterranen K\u00fcche!<\/p>\n<p>[\/vc_column_text][\/vc_column][\/vc_row][vc_row el_class=&#8220;aventura_icon_container_impar aventura_icon_primer_container&#8220;][vc_column width=&#8220;1\/2&#8243;][vc_column_text]<\/p>\n<div class=\"kampexperience_aventura_izq\">\n<h2 class=\"aventura_title\">Strandbar<\/h2>\n<p class=\"kampexperience_text\">Mojitos, frische Biere, Paellas am Strand, Cocktails, gute Musik und Sonnenliegen&#8230; Was will man mehr an den Ufern des Mittelmeers?<\/p>\n<p class=\"kampexperience_text\">Unsere Strandbar ist der ideale Ort, um sich an Sommertagen mit Freunden, dem Partner oder der Familie abzuk\u00fchlen. Ihr perfekter Treffpunkt direkt am Strand.<\/p>\n<\/div>\n<p>[\/vc_column_text][\/vc_column][vc_column width=&#8220;1\/2&#8243; el_class=&#8220;kampexperience_carrusel&#8220;][vc_images_carousel images=&#8220;47396,47400,47404,47408,47412&#8243; img_size=&#8220;full&#8220; onclick=&#8220;link_no&#8220; wrap=&#8220;yes&#8220;][\/vc_column][\/vc_row]<\/p>\n","protected":false},"excerpt":{"rendered":"<p>[vc_row][vc_column][vc_column_text el_class=&#8220;rooms_titles_premium_plus&#8220;]3 perfekte Orte, um unsere Gastronomie zu entdecken[\/vc_column_text][\/vc_column][\/vc_row][vc_row el_class=&#8220;room_info&#8220;][vc_column width=&#8220;1\/2&#8243;][vc_column_text] Kikoport Kiko Port ist der gemeinsame Punkt, an dem das Produkt und der Geschmack die mediterrane K\u00fcche offenbaren. Ein Raum, in dem Sonne und Brise die Begleiter sind. Eine perfekte Umgebung zum Entspannen, Plaudern und Bewundern der herrlichen Aussicht. Ein Ort, an dem man [&hellip;]<\/p>\n","protected":false},"author":3,"featured_media":47392,"parent":0,"menu_order":0,"comment_status":"closed","ping_status":"closed","template":"","meta":{"footnotes":""},"yoast_head":"<!-- This site is optimized with the Yoast SEO plugin v22.1 - https:\/\/yoast.com\/wordpress\/plugins\/seo\/ -->\n<title>Un lugar perfecto para difrutar de una comida excelente.<\/title>\n<meta name=\"description\" content=\"Bienvenido a KIKOPAR, un lugar perfecto para difrutar de una comida excelente. Sum\u00e9rgete en el aut\u00e9ntico sabor mediKIKOrraneo.\" \/>\n<meta name=\"robots\" content=\"index, follow, max-snippet:-1, max-image-preview:large, max-video-preview:-1\" \/>\n<link rel=\"canonical\" href=\"https:\/\/kikopark.com\/de\/gastronomie\/\" \/>\n<meta property=\"og:locale\" content=\"de_DE\" \/>\n<meta property=\"og:type\" content=\"article\" \/>\n<meta property=\"og:title\" content=\"Un lugar perfecto para difrutar de una comida excelente.\" \/>\n<meta property=\"og:description\" content=\"Bienvenido a KIKOPAR, un lugar perfecto para difrutar de una comida excelente. Sum\u00e9rgete en el aut\u00e9ntico sabor mediKIKOrraneo.\" \/>\n<meta property=\"og:url\" content=\"https:\/\/kikopark.com\/de\/gastronomie\/\" \/>\n<meta property=\"og:site_name\" content=\"KIKOPARK\" \/>\n<meta property=\"article:modified_time\" content=\"2024-09-30T16:04:05+00:00\" \/>\n<meta property=\"og:image\" content=\"https:\/\/kikopark.com\/wp-content\/uploads\/2024\/09\/CABECERA-6.jpg\" \/>\n\t<meta property=\"og:image:width\" content=\"2560\" \/>\n\t<meta property=\"og:image:height\" content=\"932\" \/>\n\t<meta property=\"og:image:type\" content=\"image\/jpeg\" \/>\n<meta name=\"twitter:card\" content=\"summary_large_image\" \/>\n<meta name=\"twitter:label1\" content=\"Gesch\u00e4tzte Lesezeit\" \/>\n\t<meta name=\"twitter:data1\" content=\"3 Minuten\" \/>\n<script type=\"application\/ld+json\" class=\"yoast-schema-graph\">{\"@context\":\"https:\/\/schema.org\",\"@graph\":[{\"@type\":\"WebPage\",\"@id\":\"https:\/\/kikopark.com\/de\/gastronomie\/\",\"url\":\"https:\/\/kikopark.com\/de\/gastronomie\/\",\"name\":\"Un lugar perfecto para difrutar de una comida excelente.\",\"isPartOf\":{\"@id\":\"https:\/\/kikopark.com\/de\/#website\"},\"datePublished\":\"2016-11-24T16:10:10+00:00\",\"dateModified\":\"2024-09-30T16:04:05+00:00\",\"description\":\"Bienvenido a KIKOPAR, un lugar perfecto para difrutar de una comida excelente. Sum\u00e9rgete en el aut\u00e9ntico sabor mediKIKOrraneo.\",\"breadcrumb\":{\"@id\":\"https:\/\/kikopark.com\/de\/gastronomie\/#breadcrumb\"},\"inLanguage\":\"de-DE\",\"potentialAction\":[{\"@type\":\"ReadAction\",\"target\":[\"https:\/\/kikopark.com\/de\/gastronomie\/\"]}]},{\"@type\":\"BreadcrumbList\",\"@id\":\"https:\/\/kikopark.com\/de\/gastronomie\/#breadcrumb\",\"itemListElement\":[{\"@type\":\"ListItem\",\"position\":1,\"name\":\"Portada\",\"item\":\"https:\/\/kikopark.com\/de\/\"},{\"@type\":\"ListItem\",\"position\":2,\"name\":\"Gastronomie\"}]},{\"@type\":\"WebSite\",\"@id\":\"https:\/\/kikopark.com\/de\/#website\",\"url\":\"https:\/\/kikopark.com\/de\/\",\"name\":\"KIKOPARK\",\"description\":\"[:es]Website del complejo tur\u00edstico KIKOPARK en la playa de Oliva (Valencia)[:en]Website of the KIKOPARK tourist complex on the beach of Oliva (Valencia)[:de]Website des KIKOPARK Touristenkomplexes am Strand von Oliva (Valencia)[:ca]Website del complexe tur\u00edstic KIKOPARK a la platja d&#039;Oliva (Val\u00e8ncia)[:fr]Site du complexe touristique KIKOPARK sur la plage d&#039;Oliva (Valence)[:]\",\"potentialAction\":[{\"@type\":\"SearchAction\",\"target\":{\"@type\":\"EntryPoint\",\"urlTemplate\":\"https:\/\/kikopark.com\/de\/?s={search_term_string}\"},\"query-input\":\"required name=search_term_string\"}],\"inLanguage\":\"de-DE\"}]}<\/script>\n<!-- \/ Yoast SEO plugin. -->","yoast_head_json":{"title":"Un lugar perfecto para difrutar de una comida excelente.","description":"Bienvenido a KIKOPAR, un lugar perfecto para difrutar de una comida excelente. Sum\u00e9rgete en el aut\u00e9ntico sabor mediKIKOrraneo.","robots":{"index":"index","follow":"follow","max-snippet":"max-snippet:-1","max-image-preview":"max-image-preview:large","max-video-preview":"max-video-preview:-1"},"canonical":"https:\/\/kikopark.com\/de\/gastronomie\/","og_locale":"de_DE","og_type":"article","og_title":"Un lugar perfecto para difrutar de una comida excelente.","og_description":"Bienvenido a KIKOPAR, un lugar perfecto para difrutar de una comida excelente. Sum\u00e9rgete en el aut\u00e9ntico sabor mediKIKOrraneo.","og_url":"https:\/\/kikopark.com\/de\/gastronomie\/","og_site_name":"KIKOPARK","article_modified_time":"2024-09-30T16:04:05+00:00","og_image":[{"width":2560,"height":932,"url":"https:\/\/kikopark.com\/wp-content\/uploads\/2024\/09\/CABECERA-6.jpg","type":"image\/jpeg"}],"twitter_card":"summary_large_image","twitter_misc":{"Gesch\u00e4tzte Lesezeit":"3 Minuten"},"schema":{"@context":"https:\/\/schema.org","@graph":[{"@type":"WebPage","@id":"https:\/\/kikopark.com\/de\/gastronomie\/","url":"https:\/\/kikopark.com\/de\/gastronomie\/","name":"Un lugar perfecto para difrutar de una comida excelente.","isPartOf":{"@id":"https:\/\/kikopark.com\/de\/#website"},"datePublished":"2016-11-24T16:10:10+00:00","dateModified":"2024-09-30T16:04:05+00:00","description":"Bienvenido a KIKOPAR, un lugar perfecto para difrutar de una comida excelente. Sum\u00e9rgete en el aut\u00e9ntico sabor mediKIKOrraneo.","breadcrumb":{"@id":"https:\/\/kikopark.com\/de\/gastronomie\/#breadcrumb"},"inLanguage":"de-DE","potentialAction":[{"@type":"ReadAction","target":["https:\/\/kikopark.com\/de\/gastronomie\/"]}]},{"@type":"BreadcrumbList","@id":"https:\/\/kikopark.com\/de\/gastronomie\/#breadcrumb","itemListElement":[{"@type":"ListItem","position":1,"name":"Portada","item":"https:\/\/kikopark.com\/de\/"},{"@type":"ListItem","position":2,"name":"Gastronomie"}]},{"@type":"WebSite","@id":"https:\/\/kikopark.com\/de\/#website","url":"https:\/\/kikopark.com\/de\/","name":"KIKOPARK","description":"[:es]Website del complejo tur\u00edstico KIKOPARK en la playa de Oliva (Valencia)[:en]Website of the KIKOPARK tourist complex on the beach of Oliva (Valencia)[:de]Website des KIKOPARK Touristenkomplexes am Strand von Oliva (Valencia)[:ca]Website del complexe tur\u00edstic KIKOPARK a la platja d&#039;Oliva (Val\u00e8ncia)[:fr]Site du complexe touristique KIKOPARK sur la plage d&#039;Oliva (Valence)[:]","potentialAction":[{"@type":"SearchAction","target":{"@type":"EntryPoint","urlTemplate":"https:\/\/kikopark.com\/de\/?s={search_term_string}"},"query-input":"required name=search_term_string"}],"inLanguage":"de-DE"}]}},"_links":{"self":[{"href":"https:\/\/kikopark.com\/de\/wp-json\/wp\/v2\/pages\/4088"}],"collection":[{"href":"https:\/\/kikopark.com\/de\/wp-json\/wp\/v2\/pages"}],"about":[{"href":"https:\/\/kikopark.com\/de\/wp-json\/wp\/v2\/types\/page"}],"author":[{"embeddable":true,"href":"https:\/\/kikopark.com\/de\/wp-json\/wp\/v2\/users\/3"}],"replies":[{"embeddable":true,"href":"https:\/\/kikopark.com\/de\/wp-json\/wp\/v2\/comments?post=4088"}],"version-history":[{"count":10,"href":"https:\/\/kikopark.com\/de\/wp-json\/wp\/v2\/pages\/4088\/revisions"}],"predecessor-version":[{"id":48248,"href":"https:\/\/kikopark.com\/de\/wp-json\/wp\/v2\/pages\/4088\/revisions\/48248"}],"wp:featuredmedia":[{"embeddable":true,"href":"https:\/\/kikopark.com\/de\/wp-json\/wp\/v2\/media\/47392"}],"wp:attachment":[{"href":"https:\/\/kikopark.com\/de\/wp-json\/wp\/v2\/media?parent=4088"}],"curies":[{"name":"wp","href":"https:\/\/api.w.org\/{rel}","templated":true}]}}