{"id":4096,"date":"2016-11-24T18:11:40","date_gmt":"2016-11-24T16:11:40","guid":{"rendered":"https:\/\/kikopark.com\/instalaciones\/"},"modified":"2026-04-30T13:44:46","modified_gmt":"2026-04-30T11:44:46","slug":"einrichtungen","status":"publish","type":"page","link":"https:\/\/kikopark.com\/de\/einrichtungen\/","title":{"rendered":"Aufenthalte"},"content":{"rendered":"<p>[vc_row][vc_column][vc_column_text el_class=&#8220;rooms_titles_premium_plus&#8220;]Kikopark-Einrichtungen[\/vc_column_text][\/vc_column][\/vc_row][vc_row][vc_column el_class=&#8220;video_home&#8220;][vc_video link=&#8220;https:\/\/www.youtube.com\/watch?v=hdVb1Q2jHWM&amp;ab_channel=Kikoparkplaya&#8220;][\/vc_column][\/vc_row][vc_row el_class=&#8220;room_info_slider&#8220;][vc_column width=&#8220;1\/2&#8243; el_class=&#8220;instalaciones_carrusel&#8220;][vc_images_carousel images=&#8220;53900,53896,53892,53888,53884,53880,53876,53872,53868,53864,53860&#8243; img_size=&#8220;full&#8220; onclick=&#8220;link_no&#8220; wrap=&#8220;yes&#8220;][\/vc_column][vc_column width=&#8220;1\/2&#8243; el_class=&#8220;kampexperience_texto_derecha&#8220;][vc_column_text el_class=&#8220;kampexperience_text_slider&#8220;]Die Einrichtungen des Kikopark sind auf die Bed\u00fcrfnisse unserer Kunden abgestimmt und bieten ihnen somit jeglichen Komfort w\u00e4hrend ihres Aufenthalts. Unsere Anlage verf\u00fcgt \u00fcber die beste mediterrane Gastronomie, Swimmingpools in einer ruhigen und entspannenden Atmosph\u00e4re, ein voll ausgestattetes Fitnessstudio, damit Sie Ihre Routine nicht verlieren, H\u00e4ngematten, um den Strand neben unserer Strandbar zu genie\u00dfen, 24-Stunden-Rezeption, Sanit\u00e4rpavillons, Supermarkt, Waschmaschinen, Trockner, Motorr\u00e4der oder Autos und vieles mehr&#8230;[\/vc_column_text][\/vc_column][\/vc_row][vc_row][vc_column][vc_column_text]<\/p>\n<div class=\"kampexperience_extra_iconos_container\">\n<div class=\"kampexperience_extra_icono\">\n<p><img decoding=\"async\" class=\"icono_extra\" src=\"https:\/\/kikopark.com\/wp-content\/uploads\/2026\/04\/Grupo-1068.svg\" alt=\"piscina\"><\/p>\n<p class=\"icono_title\">Schwimmbad<\/p>\n<\/div>\n<div class=\"kampexperience_extra_icono\">\n<p><img decoding=\"async\" class=\"icono_extra\" src=\"\/wp-content\/uploads\/2021\/12\/icono_sanitarios.svg\" alt=\"sanitarios\"><\/p>\n<p class=\"icono_title\">Sanit\u00e4re Anlagen<\/p>\n<\/div>\n<div class=\"kampexperience_extra_icono\">\n<p><img decoding=\"async\" class=\"icono_extra\" src=\"\/wp-content\/uploads\/2021\/12\/icono_take_away.svg\" alt=\"take away\"><\/p>\n<p class=\"icono_title\">Zum mitnehmen<\/p>\n<\/div>\n<div class=\"kampexperience_extra_icono\">\n<p><img decoding=\"async\" class=\"icono_extra\" src=\"\/wp-content\/uploads\/2021\/12\/icono_hamacas.svg\" alt=\"hamacas\"><\/p>\n<p class=\"icono_title\">Sonnenliegen<\/p>\n<\/div>\n<div class=\"kampexperience_extra_icono\">\n<p><img decoding=\"async\" class=\"icono_extra\" src=\"https:\/\/kikopark.com\/wp-content\/uploads\/2026\/04\/Grupo-1080.svg\" alt=\"supermercado\"><\/p>\n<p class=\"icono_title\">Supermarkt<\/p>\n<\/div>\n<div class=\"kampexperience_extra_icono\">\n<p><img decoding=\"async\" class=\"icono_extra\" src=\"https:\/\/kikopark.com\/wp-content\/uploads\/2026\/04\/Grupo-1077.svg\" alt=\"centro estetica\"><\/p>\n<p class=\"icono_title\">Massagekabine<\/p>\n<\/div>\n<div class=\"kampexperience_extra_icono\">\n<p><img decoding=\"async\" class=\"icono_extra\" src=\"\/wp-content\/uploads\/2021\/12\/icono_lavanderia.svg\" alt=\"lavanderia\"><\/p>\n<p class=\"icono_title\">Waschmaschinen<\/p>\n<\/div>\n<div class=\"kampexperience_extra_icono\">\n<p><img decoding=\"async\" class=\"icono_extra\" src=\"\/wp-content\/uploads\/2021\/12\/icono_peluqueria.svg\" alt=\"peluqueria\"><\/p>\n<p class=\"icono_title\">Friseur<\/p>\n<\/div>\n<div class=\"kampexperience_extra_icono\">\n<p><img decoding=\"async\" class=\"icono_extra\" src=\"https:\/\/kikopark.com\/wp-content\/uploads\/2026\/04\/Grupo-1071.svg\" alt=\"mini club\"><\/p>\n<p class=\"icono_title\">Kinderanimation<\/p>\n<\/div>\n<div class=\"kampexperience_extra_icono\">\n<p><img decoding=\"async\" class=\"icono_extra\" src=\"\/wp-content\/uploads\/2021\/12\/icono_gastronomia.svg\" alt=\"gastronomia\"><\/p>\n<p class=\"icono_title\">4 gastronomische Bereiche<\/p>\n<\/div>\n<div class=\"kampexperience_extra_icono\">\n<p><img decoding=\"async\" class=\"icono_extra\" src=\"https:\/\/kikopark.com\/wp-content\/uploads\/2026\/04\/Grupo-1064.svg\" alt=\"24h\"><\/p>\n<p class=\"icono_title\">24-Stunden-Service<\/p>\n<\/div>\n<div class=\"kampexperience_extra_icono\">\n<p><img decoding=\"async\" class=\"icono_extra\" src=\"\/wp-content\/uploads\/2025\/02\/icono_gimnasio.svg\" alt=\"gimnasio\"><\/p>\n<p class=\"icono_title\">Fitnessstudio<\/p>\n<\/div>\n<div class=\"kampexperience_extra_icono\">\n<p><img decoding=\"async\" class=\"icono_extra\" src=\"https:\/\/kikopark.com\/wp-content\/uploads\/2026\/04\/Grupo-1083.svg\" alt=\"gimnasio\"><\/p>\n<p class=\"icono_title\">Parkplatz<\/p>\n<\/div>\n<div class=\"kampexperience_extra_icono\">\n<p><img decoding=\"async\" class=\"icono_extra\" src=\"https:\/\/kikopark.com\/wp-content\/uploads\/2026\/04\/Grupo-1090.svg\" alt=\"gimnasio\"><\/p>\n<p class=\"icono_title\">Transfer<\/p>\n<\/div>\n<div class=\"kampexperience_extra_icono\">\n<p><img decoding=\"async\" class=\"icono_extra\" src=\"https:\/\/kikopark.com\/wp-content\/uploads\/2026\/04\/Grupo-1102.svg\" alt=\"gimnasio\"><\/p>\n<p class=\"icono_title\">Pet Friendly<\/p>\n<\/div>\n<div class=\"kampexperience_extra_icono\">\n<p><img decoding=\"async\" class=\"icono_extra\" src=\"https:\/\/kikopark.com\/wp-content\/uploads\/2026\/04\/Grupo-1093.svg\" alt=\"gimnasio\"><\/p>\n<p class=\"icono_title\">Room Service<\/p>\n<\/div>\n<\/div>\n<p>[\/vc_column_text][\/vc_column][\/vc_row]<\/p>\n","protected":false},"excerpt":{"rendered":"<p>[vc_row][vc_column][vc_column_text el_class=&#8220;rooms_titles_premium_plus&#8220;]Kikopark-Einrichtungen[\/vc_column_text][\/vc_column][\/vc_row][vc_row][vc_column el_class=&#8220;video_home&#8220;][vc_video link=&#8220;https:\/\/www.youtube.com\/watch?v=hdVb1Q2jHWM&amp;ab_channel=Kikoparkplaya&#8220;][\/vc_column][\/vc_row][vc_row el_class=&#8220;room_info_slider&#8220;][vc_column width=&#8220;1\/2&#8243; el_class=&#8220;instalaciones_carrusel&#8220;][vc_images_carousel images=&#8220;53900,53896,53892,53888,53884,53880,53876,53872,53868,53864,53860&#8243; img_size=&#8220;full&#8220; onclick=&#8220;link_no&#8220; wrap=&#8220;yes&#8220;][\/vc_column][vc_column width=&#8220;1\/2&#8243; el_class=&#8220;kampexperience_texto_derecha&#8220;][vc_column_text el_class=&#8220;kampexperience_text_slider&#8220;]Die Einrichtungen des Kikopark sind auf die Bed\u00fcrfnisse unserer Kunden abgestimmt und bieten ihnen somit jeglichen Komfort w\u00e4hrend ihres Aufenthalts. Unsere Anlage verf\u00fcgt \u00fcber die beste mediterrane Gastronomie, Swimmingpools in einer ruhigen und entspannenden Atmosph\u00e4re, ein voll ausgestattetes Fitnessstudio, damit Sie Ihre [&hellip;]<\/p>\n","protected":false},"author":3,"featured_media":47357,"parent":0,"menu_order":0,"comment_status":"closed","ping_status":"closed","template":"","meta":{"footnotes":""},"yoast_head":"<!-- This site is optimized with the Yoast SEO plugin v22.1 - https:\/\/yoast.com\/wordpress\/plugins\/seo\/ -->\n<title>Bienvenido a KIKOPARK, todas las comodidades para ti.<\/title>\n<meta name=\"description\" content=\"Bienvenido a KIKOPARK, tu lugar en el #mediKIKOrraneo. Ponemos a su disposici\u00f3n todas las comodidades y confort durante su estancia.\" \/>\n<meta name=\"robots\" content=\"index, follow, max-snippet:-1, max-image-preview:large, max-video-preview:-1\" \/>\n<link rel=\"canonical\" href=\"https:\/\/kikopark.com\/de\/einrichtungen\/\" \/>\n<meta property=\"og:locale\" content=\"de_DE\" \/>\n<meta property=\"og:type\" content=\"article\" \/>\n<meta property=\"og:title\" content=\"Bienvenido a KIKOPARK, todas las comodidades para ti.\" \/>\n<meta property=\"og:description\" content=\"Bienvenido a KIKOPARK, tu lugar en el #mediKIKOrraneo. Ponemos a su disposici\u00f3n todas las comodidades y confort durante su estancia.\" \/>\n<meta property=\"og:url\" content=\"https:\/\/kikopark.com\/de\/einrichtungen\/\" \/>\n<meta property=\"og:site_name\" content=\"KIKOPARK\" \/>\n<meta property=\"article:modified_time\" content=\"2026-04-30T11:44:46+00:00\" \/>\n<meta property=\"og:image\" content=\"https:\/\/kikopark.com\/wp-content\/uploads\/2024\/09\/CABECERA-5.jpg\" \/>\n\t<meta property=\"og:image:width\" content=\"2560\" \/>\n\t<meta property=\"og:image:height\" content=\"932\" \/>\n\t<meta property=\"og:image:type\" content=\"image\/jpeg\" \/>\n<meta name=\"twitter:card\" content=\"summary_large_image\" \/>\n<meta name=\"twitter:label1\" content=\"Gesch\u00e4tzte Lesezeit\" \/>\n\t<meta name=\"twitter:data1\" content=\"3 Minuten\" \/>\n<script type=\"application\/ld+json\" class=\"yoast-schema-graph\">{\"@context\":\"https:\/\/schema.org\",\"@graph\":[{\"@type\":\"WebPage\",\"@id\":\"https:\/\/kikopark.com\/de\/einrichtungen\/\",\"url\":\"https:\/\/kikopark.com\/de\/einrichtungen\/\",\"name\":\"Bienvenido a KIKOPARK, todas las comodidades para ti.\",\"isPartOf\":{\"@id\":\"https:\/\/kikopark.com\/de\/#website\"},\"datePublished\":\"2016-11-24T16:11:40+00:00\",\"dateModified\":\"2026-04-30T11:44:46+00:00\",\"description\":\"Bienvenido a KIKOPARK, tu lugar en el #mediKIKOrraneo. Ponemos a su disposici\u00f3n todas las comodidades y confort durante su estancia.\",\"breadcrumb\":{\"@id\":\"https:\/\/kikopark.com\/de\/einrichtungen\/#breadcrumb\"},\"inLanguage\":\"de-DE\",\"potentialAction\":[{\"@type\":\"ReadAction\",\"target\":[\"https:\/\/kikopark.com\/de\/einrichtungen\/\"]}]},{\"@type\":\"BreadcrumbList\",\"@id\":\"https:\/\/kikopark.com\/de\/einrichtungen\/#breadcrumb\",\"itemListElement\":[{\"@type\":\"ListItem\",\"position\":1,\"name\":\"Portada\",\"item\":\"https:\/\/kikopark.com\/de\/\"},{\"@type\":\"ListItem\",\"position\":2,\"name\":\"Aufenthalte\"}]},{\"@type\":\"WebSite\",\"@id\":\"https:\/\/kikopark.com\/de\/#website\",\"url\":\"https:\/\/kikopark.com\/de\/\",\"name\":\"KIKOPARK\",\"description\":\"[:es]Website del complejo tur\u00edstico KIKOPARK en la playa de Oliva (Valencia)[:en]Website of the KIKOPARK tourist complex on the beach of Oliva (Valencia)[:de]Website des KIKOPARK Touristenkomplexes am Strand von Oliva (Valencia)[:ca]Website del complexe tur\u00edstic KIKOPARK a la platja d&#039;Oliva (Val\u00e8ncia)[:fr]Site du complexe touristique KIKOPARK sur la plage d&#039;Oliva (Valence)[:]\",\"potentialAction\":[{\"@type\":\"SearchAction\",\"target\":{\"@type\":\"EntryPoint\",\"urlTemplate\":\"https:\/\/kikopark.com\/de\/?s={search_term_string}\"},\"query-input\":\"required name=search_term_string\"}],\"inLanguage\":\"de-DE\"}]}<\/script>\n<!-- \/ Yoast SEO plugin. -->","yoast_head_json":{"title":"Bienvenido a KIKOPARK, todas las comodidades para ti.","description":"Bienvenido a KIKOPARK, tu lugar en el #mediKIKOrraneo. Ponemos a su disposici\u00f3n todas las comodidades y confort durante su estancia.","robots":{"index":"index","follow":"follow","max-snippet":"max-snippet:-1","max-image-preview":"max-image-preview:large","max-video-preview":"max-video-preview:-1"},"canonical":"https:\/\/kikopark.com\/de\/einrichtungen\/","og_locale":"de_DE","og_type":"article","og_title":"Bienvenido a KIKOPARK, todas las comodidades para ti.","og_description":"Bienvenido a KIKOPARK, tu lugar en el #mediKIKOrraneo. Ponemos a su disposici\u00f3n todas las comodidades y confort durante su estancia.","og_url":"https:\/\/kikopark.com\/de\/einrichtungen\/","og_site_name":"KIKOPARK","article_modified_time":"2026-04-30T11:44:46+00:00","og_image":[{"width":2560,"height":932,"url":"https:\/\/kikopark.com\/wp-content\/uploads\/2024\/09\/CABECERA-5.jpg","type":"image\/jpeg"}],"twitter_card":"summary_large_image","twitter_misc":{"Gesch\u00e4tzte Lesezeit":"3 Minuten"},"schema":{"@context":"https:\/\/schema.org","@graph":[{"@type":"WebPage","@id":"https:\/\/kikopark.com\/de\/einrichtungen\/","url":"https:\/\/kikopark.com\/de\/einrichtungen\/","name":"Bienvenido a KIKOPARK, todas las comodidades para ti.","isPartOf":{"@id":"https:\/\/kikopark.com\/de\/#website"},"datePublished":"2016-11-24T16:11:40+00:00","dateModified":"2026-04-30T11:44:46+00:00","description":"Bienvenido a KIKOPARK, tu lugar en el #mediKIKOrraneo. Ponemos a su disposici\u00f3n todas las comodidades y confort durante su estancia.","breadcrumb":{"@id":"https:\/\/kikopark.com\/de\/einrichtungen\/#breadcrumb"},"inLanguage":"de-DE","potentialAction":[{"@type":"ReadAction","target":["https:\/\/kikopark.com\/de\/einrichtungen\/"]}]},{"@type":"BreadcrumbList","@id":"https:\/\/kikopark.com\/de\/einrichtungen\/#breadcrumb","itemListElement":[{"@type":"ListItem","position":1,"name":"Portada","item":"https:\/\/kikopark.com\/de\/"},{"@type":"ListItem","position":2,"name":"Aufenthalte"}]},{"@type":"WebSite","@id":"https:\/\/kikopark.com\/de\/#website","url":"https:\/\/kikopark.com\/de\/","name":"KIKOPARK","description":"[:es]Website del complejo tur\u00edstico KIKOPARK en la playa de Oliva (Valencia)[:en]Website of the KIKOPARK tourist complex on the beach of Oliva (Valencia)[:de]Website des KIKOPARK Touristenkomplexes am Strand von Oliva (Valencia)[:ca]Website del complexe tur\u00edstic KIKOPARK a la platja d&#039;Oliva (Val\u00e8ncia)[:fr]Site du complexe touristique KIKOPARK sur la plage d&#039;Oliva (Valence)[:]","potentialAction":[{"@type":"SearchAction","target":{"@type":"EntryPoint","urlTemplate":"https:\/\/kikopark.com\/de\/?s={search_term_string}"},"query-input":"required name=search_term_string"}],"inLanguage":"de-DE"}]}},"_links":{"self":[{"href":"https:\/\/kikopark.com\/de\/wp-json\/wp\/v2\/pages\/4096"}],"collection":[{"href":"https:\/\/kikopark.com\/de\/wp-json\/wp\/v2\/pages"}],"about":[{"href":"https:\/\/kikopark.com\/de\/wp-json\/wp\/v2\/types\/page"}],"author":[{"embeddable":true,"href":"https:\/\/kikopark.com\/de\/wp-json\/wp\/v2\/users\/3"}],"replies":[{"embeddable":true,"href":"https:\/\/kikopark.com\/de\/wp-json\/wp\/v2\/comments?post=4096"}],"version-history":[{"count":15,"href":"https:\/\/kikopark.com\/de\/wp-json\/wp\/v2\/pages\/4096\/revisions"}],"predecessor-version":[{"id":53946,"href":"https:\/\/kikopark.com\/de\/wp-json\/wp\/v2\/pages\/4096\/revisions\/53946"}],"wp:featuredmedia":[{"embeddable":true,"href":"https:\/\/kikopark.com\/de\/wp-json\/wp\/v2\/media\/47357"}],"wp:attachment":[{"href":"https:\/\/kikopark.com\/de\/wp-json\/wp\/v2\/media?parent=4096"}],"curies":[{"name":"wp","href":"https:\/\/api.w.org\/{rel}","templated":true}]}}