{"id":4112,"date":"2018-07-18T08:57:05","date_gmt":"2018-07-18T06:57:05","guid":{"rendered":"https:\/\/kikopark.com\/privacy-policy\/"},"modified":"2025-02-11T12:38:19","modified_gmt":"2025-02-11T10:38:19","slug":"datenschutzerklarung","status":"publish","type":"page","link":"https:\/\/kikopark.com\/de\/datenschutzerklarung\/","title":{"rendered":"Datenschutzerkl\u00e4rung"},"content":{"rendered":"<p>[vc_row el_class=&#8220;privacidad_container&#8220;][vc_column][vc_column_text]Auf www.kikopark.com (im Besitz von KIKO TUR, S.L.) legen wir Wert auf Datenschutz und Transparenz.<\/p>\n<p>Gem\u00e4\u00df den Bestimmungen der Verordnung (EU) 2016\/679 des Europ\u00e4ischen Parlaments und des Rates vom 27. April 2016 zum Schutz nat\u00fcrlicher Personen bei der Verarbeitung personenbezogener Daten, zum freien Datenverkehr (im Folgenden \u201eDSGVO\u201c) und dem Organgesetz 3\/2018 vom 5. Dezember zum Schutz personenbezogener Daten und zur Gew\u00e4hrleistung digitaler Rechte (LOPDGDD) informieren wir Sie ausf\u00fchrlich \u00fcber die von uns durchgef\u00fchrte Verarbeitung personenbezogener Daten sowie \u00fcber alle damit verbundenen Informationen.<\/p>\n<h2>Wer ist f\u00fcr die Verarbeitung Ihrer Daten verantwortlich?<\/h2>\n<p>KIKO TUR, S.L. (im Folgenden Kikopark Playa) B96625322<br \/>\nC\/ ASSAGADOR DE CARRO, No2 &#8211; 46780 &#8211; OLIVA &#8211; VALENCIA<\/p>\n<p>rgpd@kikopark.com<\/p>\n<h2>Welche Rechte haben Sie, wenn Sie uns Ihre Daten zur Verf\u00fcgung stellen?<\/h2>\n<p>Jede Person hat das Recht, eine Best\u00e4tigung dar\u00fcber zu erhalten, ob Kikopark Playa sie betreffende personenbezogene Daten verarbeitet oder nicht.<\/p>\n<p>Betroffene Parteien haben das Recht auf Zugriff auf ihre personenbezogenen Daten sowie auf die Berichtigung unrichtiger Daten oder gegebenenfalls deren L\u00f6schung, wenn die Daten unter anderem f\u00fcr die Zwecke, f\u00fcr die sie erhoben wurden, nicht mehr erforderlich sind. Sie haben auch das Recht auf Daten\u00fcbertragbarkeit.<\/p>\n<p>Unter bestimmten Umst\u00e4nden k\u00f6nnen interessierte Parteien eine Einschr\u00e4nkung der Verarbeitung ihrer Daten verlangen. In diesem Fall behalten wir sie nur zur Geltendmachung oder Verteidigung von Anspr\u00fcchen.<\/p>\n<p>Unter bestimmten Umst\u00e4nden und aus Gr\u00fcnden, die mit ihrer besonderen Situation zusammenh\u00e4ngen, k\u00f6nnen interessierte Parteien der Verarbeitung ihrer Daten widersprechen. In diesem Fall wird Kikopark Playa die Verarbeitung der Daten einstellen, au\u00dfer aus zwingenden berechtigten Gr\u00fcnden oder zur Aus\u00fcbung oder Verteidigung m\u00f6glicher Anspr\u00fcche.<br \/>\nSie k\u00f6nnen Ihre Rechte konkret aus\u00fcben, indem Sie sich an rgpd@kikopark.com wenden. Wenn kommerzielle Mitteilungen auf der Grundlage des berechtigten Interesses des f\u00fcr die Verarbeitung Verantwortlichen versendet werden, kann die betroffene Partei der Verarbeitung ihrer Daten zu diesem Zweck widersprechen.<\/p>\n<p>Wenn Sie Ihre Einwilligung zu einem bestimmten Zweck erteilt haben, haben Sie das Recht, diese Einwilligung jederzeit zu widerrufen, ohne dass die Rechtm\u00e4\u00dfigkeit der Verarbeitung aufgrund der Einwilligung vor ihrem Widerruf ber\u00fchrt wird.<br \/>\nWenn Sie der Meinung sind, dass Ihre Rechte in Bezug auf den Schutz Ihrer personenbezogenen Daten verletzt wurden, insbesondere wenn Sie bei der Aus\u00fcbung Ihrer Rechte keine zufriedenstellende L\u00f6sung erhalten haben, k\u00f6nnen Sie \u00fcber die Website www.aepd.es eine Beschwerde bei der zust\u00e4ndigen Datenschutzbeh\u00f6rde einreichen.<\/p>\n<p>&nbsp;<\/p>\n<hr>\n<h2>Verarbeitung von Daten von Bewerbern<\/h2>\n<h3>Zu welchem \u200b\u200bZweck verarbeiten wir Ihre personenbezogenen Daten?<\/h3>\n<p>Bei Kikopark Playa verarbeiten wir die von Personen, die an einer Anstellung bei uns interessiert sind, bereitgestellten Informationen, um die erhaltenen Lebensl\u00e4ufe zu verwalten und die Personalauswahlprozesse, Vorstellungsgespr\u00e4che und andere Verfahren durchzuf\u00fchren, die f\u00fcr die Suche nach dem bestm\u00f6glichen Kandidaten f\u00fcr eine bestimmte Stelle erforderlich sind. Wenn Sie Ihre personenbezogenen Daten nicht angeben, k\u00f6nnen wir die beschriebenen Zwecke nicht erf\u00fcllen.  Auf der Grundlage der bereitgestellten Daten werden keine automatisierten Entscheidungen getroffen.<\/p>\n<h3>Wie lange bewahren wir Ihre Daten auf?<\/h3>\n<p>Zwei Jahre ab der letzten Interaktion.<\/p>\n<h3>Was ist die Legitimit\u00e4t f\u00fcr die Verarbeitung Ihrer Daten?<\/h3>\n<p>Die Rechtsgrundlage f\u00fcr die Verarbeitung Ihrer Daten ist die Durchf\u00fchrung eines Vertrags oder vorvertraglicher Ma\u00dfnahmen: Verwaltung der vom Kandidaten eingereichten Lebensl\u00e4ufe zur Durchf\u00fchrung der Personalauswahlprozesse f\u00fcr die Suche nach dem bestm\u00f6glichen Kandidaten f\u00fcr eine bestimmte Stelle. (RGPD Art. 6.1.b). <\/p>\n<h3>An welche Empf\u00e4nger werden Ihre Daten \u00fcbermittelt?<\/h3>\n<p>Es werden keine Daten an Dritte weitergegeben, es sei denn, es besteht eine gesetzliche Verpflichtung.<\/p>\n<h3>Daten\u00fcbermittlung in Drittl\u00e4nder<\/h3>\n<p>Es sind keine Daten\u00fcbermittlungen in Drittl\u00e4nder geplant.<\/p>\n<h3>Wie haben wir Ihre Daten erhalten?<\/h3>\n<p>Die personenbezogenen Daten, die wir bei Kikopark Playa verarbeiten, stammen von der betroffenen Partei. Die Kategorien der verarbeiteten Daten sind: Identifikationsdaten; Post- und E-Mail-Adressen.<\/p>\n<p>&nbsp;<\/p>\n<hr>\n<h2>Verarbeitung von Kundendaten<\/h2>\n<h3>Zu welchem \u200b\u200bZweck verarbeiten wir Ihre personenbezogenen Daten?<\/h3>\n<p>Bei Kikopark Playa verarbeiten wir die von unseren Kunden bereitgestellten Informationen, um die administrative, buchhalterische und steuerliche Verwaltung der angeforderten Dienste durchzuf\u00fchren sowie Werbebotschaften \u00fcber unsere Produkte und Dienste zu versenden. Wenn Sie Ihre personenbezogenen Daten nicht angeben, k\u00f6nnen wir die beschriebenen Zwecke nicht erf\u00fcllen. Es werden keine automatisierten Entscheidungen auf Grundlage der bereitgestellten Daten getroffen.  <\/p>\n<h3>Wie lange bewahren wir Ihre Daten auf?<\/h3>\n<p>Die Daten werden so lange aufbewahrt, wie die betroffene Partei ihre L\u00f6schung nicht verlangt, und gegebenenfalls f\u00fcr die Jahre, die zur Erf\u00fcllung gesetzlicher Verpflichtungen erforderlich sind.<\/p>\n<h3>Was ist die Legitimit\u00e4t f\u00fcr die Verarbeitung Ihrer Daten?<\/h3>\n<p>Die Rechtsgrundlage f\u00fcr die Verarbeitung Ihrer Daten ist die Durchf\u00fchrung eines Vertrags oder vorvertraglicher Ma\u00dfnahmen: Steuerliche, buchhalterische und administrative Kundenbetreuung (DSGVO Art. 6.1.b); sowie das berechtigte Interesse des Verantwortlichen: Versand von Werbebotschaften auch auf elektronischem Wege (DSGVO Erw\u00e4gungsgrund 47, LSSICE Art. 21.2).  <\/p>\n<h3>An welche Empf\u00e4nger werden Ihre Daten \u00fcbermittelt?<\/h3>\n<p>Die Daten werden an die Steuerverwaltung \u00fcbermittelt, um gesetzlichen Verpflichtungen nachzukommen (gesetzliche Anforderung); sowie an Finanzinstitute, um die entsprechenden Belege auszustellen (vertragliche Anforderung).<\/p>\n<h3>Daten\u00fcbertragungen in Drittl\u00e4nder<\/h3>\n<p>Es sind keine Daten\u00fcbertragungen in Drittl\u00e4nder geplant.<\/p>\n<h3>Wie haben wir Ihre Daten erhalten?<\/h3>\n<p>Die personenbezogenen Daten, die wir bei Kikopark Playa verarbeiten, stammen von der betroffenen Partei selbst. Die Kategorien der verarbeiteten Daten sind: Identifikationsdaten; Post- und E-Mail-Adressen; Handelsinformationen; Wirtschaftsdaten. <\/p>\n<p>&nbsp;<\/p>\n<hr>\n<h2>Verarbeitung von Daten potenzieller Kunden und Kontakte<\/h2>\n<h3>Zu welchem \u200b\u200bZweck verarbeiten wir Ihre personenbezogenen Daten?<\/h3>\n<p>Im Kikopark Playa verarbeiten wir die von Interessenten bereitgestellten Informationen, um potenzielle Kunden zu verwalten, die Interesse an unseren Produkten und\/oder Dienstleistungen gezeigt haben, sowie andere kommerzielle Kontakte und gegebenenfalls Werbebotschaften zu versenden, auch auf elektronischem Wege. Wenn Sie Ihre personenbezogenen Daten nicht bereitstellen, k\u00f6nnen wir die beschriebenen Zwecke nicht erf\u00fcllen. Es werden keine automatisierten Entscheidungen auf Grundlage der bereitgestellten Daten getroffen.   <\/p>\n<h3>Wie lange bewahren wir Ihre Daten auf?<\/h3>\n<p>Die Daten werden so lange aufbewahrt, wie die interessierte Partei nicht ihre L\u00f6schung verlangt.<\/p>\n<h3>Was ist die Legitimit\u00e4t f\u00fcr die Verarbeitung Ihrer Daten?<\/h3>\n<p>Die Rechtsgrundlage f\u00fcr die Verarbeitung Ihrer Daten ist die Ausf\u00fchrung eines Vertrags oder vorvertraglicher Ma\u00dfnahmen: Verwaltung potenzieller Kunden, die Interesse an unseren Produkten und\/oder Dienstleistungen gezeigt haben. (RGPD, Art. 6.1.b); sowie die Zustimmung der interessierten Partei: Senden von Werbebotschaften, auch auf elektronischem Wege. (RGPD, Art. 6.1.a, LSSICE Art. 21); und auch das berechtigte Interesse des Verantwortlichen: Verwaltung beruflicher Kontaktdaten (LOPDGDD Art. 19, RGPD Art. 6.1.f)  <\/p>\n<h3>An welche Empf\u00e4nger werden Ihre Daten \u00fcbermittelt?<\/h3>\n<p>Daten werden nicht an Dritte weitergegeben, au\u00dfer wenn eine gesetzliche Verpflichtung besteht.<\/p>\n<h3>Daten\u00fcbermittlung in Drittl\u00e4nder<\/h3>\n<p>Es sind keine Daten\u00fcbermittlungen in Drittl\u00e4nder geplant.<\/p>\n<h3>Wie haben wir Ihre Daten erhalten?<\/h3>\n<p>Die personenbezogenen Daten, die wir bei Kikopark Playa verarbeiten, stammen von der betroffenen Partei. Die Kategorien der verarbeiteten Daten sind: Identifikationsdaten; Post- und E-Mail-Adressen.<\/p>\n<p>&nbsp;<\/p>\n<hr>\n<h2>Verarbeitung von Lieferantendaten<\/h2>\n<h3>Zu welchem \u200b\u200bZweck verarbeiten wir Ihre personenbezogenen Daten?<\/h3>\n<p>Bei Kikopark Playa verarbeiten wir die von unseren Lieferanten bereitgestellten Informationen, um die steuerliche, buchhalterische und administrative Verwaltung von Lieferanten sowie beruflichen Kontaktdaten durchzuf\u00fchren. Wenn Sie Ihre personenbezogenen Daten nicht angeben, k\u00f6nnen wir die beschriebenen Zwecke nicht erf\u00fcllen. Es werden keine automatisierten Entscheidungen auf der Grundlage der bereitgestellten Daten getroffen.  <\/p>\n<h3>Wie lange werden wir Ihre Daten aufbewahren?<\/h3>\n<p>Die Daten werden so lange aufbewahrt, wie die betroffene Partei ihre L\u00f6schung nicht verlangt, und gegebenenfalls f\u00fcr die Jahre, die zur Erf\u00fcllung gesetzlicher Verpflichtungen erforderlich sind.<\/p>\n<h3>Was ist die Legitimit\u00e4t f\u00fcr die Verarbeitung Ihrer Daten?<\/h3>\n<p>Die Rechtsgrundlage f\u00fcr die Verarbeitung Ihrer Daten ist die Ausf\u00fchrung eines Vertrags oder vorvertraglicher Ma\u00dfnahmen: Durchf\u00fchrung der administrativen, buchhalterischen und steuerlichen Verwaltung der vertraglich vereinbarten Dienstleistungen. (RGPD Art. 6.1.b); sowie das berechtigte Interesse des Verantwortlichen: Verwaltung beruflicher Kontaktdaten. (LOPDGDD Art. 19, RGPD Art. 6.1.f).  <\/p>\n<h3>An welche Empf\u00e4nger werden Ihre Daten \u00fcbermittelt?<\/h3>\n<p>Die Daten werden an die Steuerverwaltung \u00fcbermittelt, um gesetzlichen Verpflichtungen nachzukommen (gesetzliche Anforderung); sowie an Finanzinstitute, um die entsprechenden Zahlungen zu leisten (vertragliche Anforderung).<\/p>\n<h3>Daten\u00fcbermittlung in Drittl\u00e4nder<\/h3>\n<p>Es sind keine Daten\u00fcbermittlungen in Drittl\u00e4nder geplant.<\/p>\n<h3>Wie haben wir Ihre Daten erhalten?<\/h3>\n<p>Die personenbezogenen Daten, die wir bei Kikopark Playa verarbeiten, stammen von der betroffenen Partei.<\/p>\n<p>&nbsp;<\/p>\n<hr>\n<h2>Verarbeitung der Daten von Newsletter-Abonnenten<\/h2>\n<h3>Zu welchem \u200b\u200bZweck verarbeiten wir Ihre personenbezogenen Daten?<\/h3>\n<p>Bei Kikopark Playa verarbeiten wir die von unseren Abonnenten bereitgestellten Informationen, um unseren Newsletter und andere f\u00fcr die Abonnenten interessante Werbebotschaften zu versenden. Wenn Sie Ihre personenbezogenen Daten nicht bereitstellen, k\u00f6nnen wir die beschriebenen Zwecke nicht erf\u00fcllen. Es werden keine automatisierten Entscheidungen auf Grundlage der bereitgestellten Daten getroffen.  <\/p>\n<h3>Wie lange bewahren wir Ihre Daten auf?<\/h3>\n<p>Die Daten werden so lange aufbewahrt, wie die betroffene Partei nicht deren L\u00f6schung beantragt.<\/p>\n<h3>Was ist die Legitimit\u00e4t f\u00fcr die Verarbeitung Ihrer Daten?<\/h3>\n<p>Die Rechtsgrundlage f\u00fcr die Verarbeitung Ihrer Daten ist die Zustimmung der betroffenen Partei: zum Versand unseres Newsletters und anderer f\u00fcr die Abonnenten interessanter Werbebotschaften (RGPD, Art. 6.1.a, und LSSICE Art. 21)<\/p>\n<h3>An welche Empf\u00e4nger werden Ihre Daten \u00fcbermittelt?<\/h3>\n<p>Daten werden nicht an Dritte weitergegeben, es sei denn, es besteht eine gesetzliche Verpflichtung.<\/p>\n<h3>Daten\u00fcbermittlung in Drittl\u00e4nder<\/h3>\n<p>Es sind keine Daten\u00fcbermittlungen in Drittl\u00e4nder geplant.<\/p>\n<h3>Wie haben wir Ihre Daten erhalten?<\/h3>\n<p>Die personenbezogenen Daten, die wir im Kikopark Playa verarbeiten, stammen vom Betroffenen selbst. Die Kategorien der verarbeiteten Daten sind: Post- und E-Mail-Adressen. <\/p>\n<p>&nbsp;<\/p>\n<hr>\n<h2>Verarbeitung von Video\u00fcberwachungsdaten (Sicherheit)<\/h2>\n<h3>Zu welchem \u200b\u200bZweck verarbeiten wir Ihre personenbezogenen Daten?<\/h3>\n<p>Im Kikopark Playa verarbeiten wir die von unseren Video\u00fcberwachungssystemen aufgenommenen Bilder, um die Sicherheit von Personen, Eigentum und Einrichtungen mithilfe von Video\u00fcberwachungssystemen zu gew\u00e4hrleisten. Wenn Sie Ihre personenbezogenen Daten nicht angeben, k\u00f6nnen wir die beschriebenen Zwecke nicht erf\u00fcllen. Es werden keine automatisierten Entscheidungen auf der Grundlage der bereitgestellten Daten getroffen.  <\/p>\n<h3>Wie lange werden wir Ihre Daten aufbewahren?<\/h3>\n<p>Die Daten werden maximal 30 Tage lang gespeichert, mit Ausnahme der Weitergabe an Sicherheitskr\u00e4fte und -organe und\/oder Gerichte.<\/p>\n<h3>Was ist die Legitimit\u00e4t f\u00fcr die Verarbeitung Ihrer Daten?<\/h3>\n<p>Die Rechtsgrundlage f\u00fcr die Verarbeitung Ihrer Daten ist die Mission im \u00f6ffentlichen Interesse, d. h. die Verarbeitung, die f\u00fcr die Erf\u00fcllung einer Mission im \u00f6ffentlichen Interesse oder in Aus\u00fcbung der dem Verantwortlichen \u00fcbertragenen \u00f6ffentlichen Befugnisse erforderlich ist (RGPD Art.6.1.e), wie im \u201eLeitfaden zur Verwendung von Videokameras f\u00fcr Sicherheitszwecke und andere Zwecke\u201c der spanischen Datenschutzbeh\u00f6rde angegeben.<\/p>\n<h3>An welche Empf\u00e4nger werden Ihre Daten \u00fcbermittelt?<\/h3>\n<p>Die Daten werden gegebenenfalls an die staatlichen Sicherheitskr\u00e4fte und -organe sowie Gerichte \u00fcbermittelt, um die Bilder bereitzustellen, wenn ein Verbrechen begangen wurde (gesetzliche Anforderung).<\/p>\n<h3>Daten\u00fcbermittlung in Drittl\u00e4nder<\/h3>\n<p>Es sind keine Daten\u00fcbermittlungen in Drittl\u00e4nder geplant.<\/p>\n<h3>Wie haben wir Ihre Daten erhalten?<\/h3>\n<p>Die personenbezogenen Daten, die wir im Kikopark Playa verarbeiten, stammen von der betroffenen Person.<\/p>\n<p>Die Kategorien der verarbeiteten Daten sind: Identifikationsdaten.<\/p>\n<p>&nbsp;<\/p>\n<hr>\n<h2>Verarbeitung von G\u00e4stedaten<\/h2>\n<h3>Zu welchem \u200b\u200bZweck verarbeiten wir Ihre personenbezogenen Daten?<\/h3>\n<p>Im Kikopark Playa verarbeiten wir die von unseren G\u00e4sten bereitgestellten Informationen, um G\u00e4ste zu verwalten und zu registrieren. Wenn Sie Ihre personenbezogenen Daten nicht angeben, k\u00f6nnen wir die beschriebenen Zwecke nicht erf\u00fcllen. <\/p>\n<h3>Wie lange bewahren wir Ihre Daten auf?<\/h3>\n<p>Der f\u00fcr die Aufbewahrung der G\u00e4steregistrierungsdaten festgelegte Zeitraum betr\u00e4gt drei Jahre, gerechnet ab dem Ende der vertraglich vereinbarten Dienstleistung oder Bereitstellung.<\/p>\n<h3>Was ist die Legitimit\u00e4t f\u00fcr die Verarbeitung Ihrer Daten?<\/h3>\n<p>Die Rechtsgrundlage f\u00fcr die Verarbeitung Ihrer Daten ist die Einhaltung einer gesetzlichen Verpflichtung: K\u00f6nigliches Dekret 933\/2021 vom 26. Oktober, das die Pflichten zur dokumentarischen Registrierung und Information nat\u00fcrlicher oder juristischer Personen festlegt, die Beherbergungs- und Kraftfahrzeugvermietungsaktivit\u00e4ten durchf\u00fchren; sowie die Ausf\u00fchrung eines Vertrags oder vorvertraglicher Ma\u00dfnahmen: Verwaltung der Unterkunft durch den Datenverantwortlichen<\/p>\n<h3>An welche Empf\u00e4nger werden Ihre Daten \u00fcbermittelt?<\/h3>\n<p>Die Daten werden den staatlichen Sicherheitskr\u00e4ften und -korps \u00fcbermittelt, um einer gesetzlichen Verpflichtung nachzukommen.<\/p>\n<h3>Daten\u00fcbermittlung an Drittl\u00e4nder<\/h3>\n<p>Es sind keine Daten\u00fcbermittlungen an Drittl\u00e4nder geplant.<\/p>\n<h3>Wie haben wir Ihre Daten erhalten?<\/h3>\n<p>Die personenbezogenen Daten, die wir im Kikopark Playa verarbeiten, stammen von der betroffenen Partei. Die Kategorien der verarbeiteten Daten sind: Identifikationsdaten; Post- und E-Mail-Adressen; Wirtschaftsdaten. <\/p>\n<p>&nbsp;<\/p>\n<hr>\n<h2>Formularios<\/h2>\n<p><a href=\"https:\/\/kikopark.com\/wp-content\/uploads\/2025\/02\/FORMULARIO-DE-DESISTIMIENTO-KIKO-PARK.docx\">Desestimiento<\/a><\/p>\n<p><a href=\"https:\/\/kikopark.com\/wp-content\/uploads\/2025\/02\/FORMULARIO-DE-RECLAMACIONES-KIKO-PARK.docx\" target=\"_blank\" rel=\"noopener\">Reclamaciones<\/a>[\/vc_column_text][\/vc_column][\/vc_row]<\/p>\n","protected":false},"excerpt":{"rendered":"<p>[vc_row el_class=&#8220;privacidad_container&#8220;][vc_column][vc_column_text]Auf www.kikopark.com (im Besitz von KIKO TUR, S.L.) legen wir Wert auf Datenschutz und Transparenz. Gem\u00e4\u00df den Bestimmungen der Verordnung (EU) 2016\/679 des Europ\u00e4ischen Parlaments und des Rates vom 27. April 2016 zum Schutz nat\u00fcrlicher Personen bei der Verarbeitung personenbezogener Daten, zum freien Datenverkehr (im Folgenden \u201eDSGVO\u201c) und dem Organgesetz 3\/2018 vom 5. Dezember [&hellip;]<\/p>\n","protected":false},"author":5,"featured_media":4460,"parent":0,"menu_order":0,"comment_status":"closed","ping_status":"closed","template":"","meta":{"footnotes":""},"yoast_head":"<!-- This site is optimized with the Yoast SEO plugin v22.1 - https:\/\/yoast.com\/wordpress\/plugins\/seo\/ -->\n<title>Aspectos legales y condiciones del site KIKOPARK.<\/title>\n<meta name=\"description\" content=\"Bienvenido a KIKOPARK tu lugar en el #mediKIKOrraneo. Aqui podr\u00e1s consultar los aspectos legales y condiciones del site KIKOPARK.\" \/>\n<meta name=\"robots\" content=\"noindex, nofollow\" \/>\n<meta property=\"og:locale\" content=\"de_DE\" \/>\n<meta property=\"og:type\" content=\"article\" \/>\n<meta property=\"og:title\" content=\"Datenschutzerkl\u00e4rung\" \/>\n<meta property=\"og:description\" content=\"Bienvenido a KIKOPARK tu lugar en el #mediKIKOrraneo. Aqui podr\u00e1s consultar los aspectos legales y condiciones del site KIKOPARK.\" \/>\n<meta property=\"og:url\" content=\"https:\/\/kikopark.com\/de\/datenschutzerklarung\/\" \/>\n<meta property=\"og:site_name\" content=\"KIKOPARK\" \/>\n<meta property=\"article:modified_time\" content=\"2025-02-11T10:38:19+00:00\" \/>\n<meta property=\"og:image\" content=\"https:\/\/kikopark.com\/wp-content\/uploads\/2021\/11\/Apartamentosx2_transparencia_negra.jpg\" \/>\n\t<meta property=\"og:image:width\" content=\"2560\" \/>\n\t<meta property=\"og:image:height\" content=\"1402\" \/>\n\t<meta property=\"og:image:type\" content=\"image\/jpeg\" \/>\n<meta name=\"twitter:card\" content=\"summary_large_image\" \/>\n<meta name=\"twitter:label1\" content=\"Gesch\u00e4tzte Lesezeit\" \/>\n\t<meta name=\"twitter:data1\" content=\"10 Minuten\" \/>\n<script type=\"application\/ld+json\" class=\"yoast-schema-graph\">{\"@context\":\"https:\/\/schema.org\",\"@graph\":[{\"@type\":\"WebPage\",\"@id\":\"https:\/\/kikopark.com\/de\/datenschutzerklarung\/\",\"url\":\"https:\/\/kikopark.com\/de\/datenschutzerklarung\/\",\"name\":\"Aspectos legales y condiciones del site KIKOPARK.\",\"isPartOf\":{\"@id\":\"https:\/\/kikopark.com\/de\/#website\"},\"datePublished\":\"2018-07-18T06:57:05+00:00\",\"dateModified\":\"2025-02-11T10:38:19+00:00\",\"description\":\"Bienvenido a KIKOPARK tu lugar en el #mediKIKOrraneo. Aqui podr\u00e1s consultar los aspectos legales y condiciones del site KIKOPARK.\",\"breadcrumb\":{\"@id\":\"https:\/\/kikopark.com\/de\/datenschutzerklarung\/#breadcrumb\"},\"inLanguage\":\"de-DE\",\"potentialAction\":[{\"@type\":\"ReadAction\",\"target\":[\"https:\/\/kikopark.com\/de\/datenschutzerklarung\/\"]}]},{\"@type\":\"BreadcrumbList\",\"@id\":\"https:\/\/kikopark.com\/de\/datenschutzerklarung\/#breadcrumb\",\"itemListElement\":[{\"@type\":\"ListItem\",\"position\":1,\"name\":\"Portada\",\"item\":\"https:\/\/kikopark.com\/de\/\"},{\"@type\":\"ListItem\",\"position\":2,\"name\":\"Datenschutzerkl\u00e4rung\"}]},{\"@type\":\"WebSite\",\"@id\":\"https:\/\/kikopark.com\/de\/#website\",\"url\":\"https:\/\/kikopark.com\/de\/\",\"name\":\"KIKOPARK\",\"description\":\"[:es]Website del complejo tur\u00edstico KIKOPARK en la playa de Oliva (Valencia)[:en]Website of the KIKOPARK tourist complex on the beach of Oliva (Valencia)[:de]Website des KIKOPARK Touristenkomplexes am Strand von Oliva (Valencia)[:ca]Website del complexe tur\u00edstic KIKOPARK a la platja d&#039;Oliva (Val\u00e8ncia)[:fr]Site du complexe touristique KIKOPARK sur la plage d&#039;Oliva (Valence)[:]\",\"potentialAction\":[{\"@type\":\"SearchAction\",\"target\":{\"@type\":\"EntryPoint\",\"urlTemplate\":\"https:\/\/kikopark.com\/de\/?s={search_term_string}\"},\"query-input\":\"required name=search_term_string\"}],\"inLanguage\":\"de-DE\"}]}<\/script>\n<!-- \/ Yoast SEO plugin. -->","yoast_head_json":{"title":"Aspectos legales y condiciones del site KIKOPARK.","description":"Bienvenido a KIKOPARK tu lugar en el #mediKIKOrraneo. Aqui podr\u00e1s consultar los aspectos legales y condiciones del site KIKOPARK.","robots":{"index":"noindex","follow":"nofollow"},"og_locale":"de_DE","og_type":"article","og_title":"Datenschutzerkl\u00e4rung","og_description":"Bienvenido a KIKOPARK tu lugar en el #mediKIKOrraneo. Aqui podr\u00e1s consultar los aspectos legales y condiciones del site KIKOPARK.","og_url":"https:\/\/kikopark.com\/de\/datenschutzerklarung\/","og_site_name":"KIKOPARK","article_modified_time":"2025-02-11T10:38:19+00:00","og_image":[{"width":2560,"height":1402,"url":"https:\/\/kikopark.com\/wp-content\/uploads\/2021\/11\/Apartamentosx2_transparencia_negra.jpg","type":"image\/jpeg"}],"twitter_card":"summary_large_image","twitter_misc":{"Gesch\u00e4tzte Lesezeit":"10 Minuten"},"schema":{"@context":"https:\/\/schema.org","@graph":[{"@type":"WebPage","@id":"https:\/\/kikopark.com\/de\/datenschutzerklarung\/","url":"https:\/\/kikopark.com\/de\/datenschutzerklarung\/","name":"Aspectos legales y condiciones del site KIKOPARK.","isPartOf":{"@id":"https:\/\/kikopark.com\/de\/#website"},"datePublished":"2018-07-18T06:57:05+00:00","dateModified":"2025-02-11T10:38:19+00:00","description":"Bienvenido a KIKOPARK tu lugar en el #mediKIKOrraneo. Aqui podr\u00e1s consultar los aspectos legales y condiciones del site KIKOPARK.","breadcrumb":{"@id":"https:\/\/kikopark.com\/de\/datenschutzerklarung\/#breadcrumb"},"inLanguage":"de-DE","potentialAction":[{"@type":"ReadAction","target":["https:\/\/kikopark.com\/de\/datenschutzerklarung\/"]}]},{"@type":"BreadcrumbList","@id":"https:\/\/kikopark.com\/de\/datenschutzerklarung\/#breadcrumb","itemListElement":[{"@type":"ListItem","position":1,"name":"Portada","item":"https:\/\/kikopark.com\/de\/"},{"@type":"ListItem","position":2,"name":"Datenschutzerkl\u00e4rung"}]},{"@type":"WebSite","@id":"https:\/\/kikopark.com\/de\/#website","url":"https:\/\/kikopark.com\/de\/","name":"KIKOPARK","description":"[:es]Website del complejo tur\u00edstico KIKOPARK en la playa de Oliva (Valencia)[:en]Website of the KIKOPARK tourist complex on the beach of Oliva (Valencia)[:de]Website des KIKOPARK Touristenkomplexes am Strand von Oliva (Valencia)[:ca]Website del complexe tur\u00edstic KIKOPARK a la platja d&#039;Oliva (Val\u00e8ncia)[:fr]Site du complexe touristique KIKOPARK sur la plage d&#039;Oliva (Valence)[:]","potentialAction":[{"@type":"SearchAction","target":{"@type":"EntryPoint","urlTemplate":"https:\/\/kikopark.com\/de\/?s={search_term_string}"},"query-input":"required name=search_term_string"}],"inLanguage":"de-DE"}]}},"_links":{"self":[{"href":"https:\/\/kikopark.com\/de\/wp-json\/wp\/v2\/pages\/4112"}],"collection":[{"href":"https:\/\/kikopark.com\/de\/wp-json\/wp\/v2\/pages"}],"about":[{"href":"https:\/\/kikopark.com\/de\/wp-json\/wp\/v2\/types\/page"}],"author":[{"embeddable":true,"href":"https:\/\/kikopark.com\/de\/wp-json\/wp\/v2\/users\/5"}],"replies":[{"embeddable":true,"href":"https:\/\/kikopark.com\/de\/wp-json\/wp\/v2\/comments?post=4112"}],"version-history":[{"count":25,"href":"https:\/\/kikopark.com\/de\/wp-json\/wp\/v2\/pages\/4112\/revisions"}],"predecessor-version":[{"id":50526,"href":"https:\/\/kikopark.com\/de\/wp-json\/wp\/v2\/pages\/4112\/revisions\/50526"}],"wp:featuredmedia":[{"embeddable":true,"href":"https:\/\/kikopark.com\/de\/wp-json\/wp\/v2\/media\/4460"}],"wp:attachment":[{"href":"https:\/\/kikopark.com\/de\/wp-json\/wp\/v2\/media?parent=4112"}],"curies":[{"name":"wp","href":"https:\/\/api.w.org\/{rel}","templated":true}]}}