{"id":47246,"date":"2024-09-25T15:32:22","date_gmt":"2024-09-25T13:32:22","guid":{"rendered":"https:\/\/kikopark.com\/?page_id=47246"},"modified":"2024-09-30T17:14:22","modified_gmt":"2024-09-30T15:14:22","slug":"gruppen","status":"publish","type":"page","link":"https:\/\/kikopark.com\/de\/gruppen\/","title":{"rendered":"Gruppen"},"content":{"rendered":"<p>[vc_row][vc_column][vc_column_text el_class=&#8220;rooms_titles_premium_plus&#8220;]Einzigartige Gruppenerlebnisse, um gemeinsame Momente zu geniessen[\/vc_column_text][\/vc_column][\/vc_row][vc_row el_class=&#8220;room_info&#8220;][vc_column width=&#8220;1\/2&#8243;][vc_column_text]<\/p>\n<h2 class=\"aventura_title\">Gruppenaktivit\u00e4ten<\/h2>\n<p class=\"kampexperience_text\">Als Unterkunft im Herzen des Mittelmeers bietet Kikopark alles, was Sie f\u00fcr einen Gruppenurlaub, ein Arbeitstreffen, ein Sporttreffen, ein Vereinstreffen, Schulausfl\u00fcge oder jede Art von beruflicher Veranstaltung ben\u00f6tigen.<\/p>\n<p class=\"kampexperience_text\">Sie k\u00f6nnen Ihren Aufenthalt in Apartments, Glamping oder auf Stellpl\u00e4tzen w\u00e4hlen.<\/p>\n<p class=\"kampexperience_text\">Wir organisieren die gesamte Veranstaltung, vom Fr\u00fchst\u00fcck, Mittag- und Abendessen bis hin zu Showcooking, Cocktails und Catering. Dar\u00fcber hinaus lieben wir die M\u00f6glichkeit, Sport- und Wasseraktivit\u00e4ten, Ausfl\u00fcge, Themenpartys, Live-Musik, Arbeitstreffen und thematische Veranstaltungen zu entwickeln&#8230; Alles, was Sie brauchen, um Ihren Aufenthalt so angenehm wie m\u00f6glich zu gestalten!<\/p>\n<p>[\/vc_column_text][\/vc_column][vc_column width=&#8220;1\/2&#8243; el_class=&#8220;kampexperience_img&#8220;][vc_single_image image=&#8220;47279&#8243; img_size=&#8220;full&#8220;][\/vc_column][\/vc_row][vc_row el_class=&#8220;room_info_slider&#8220;][vc_column width=&#8220;1\/2&#8243; el_class=&#8220;kampexperience_carrusel&#8220;][vc_images_carousel images=&#8220;47270,47266,47262,47258&#8243; img_size=&#8220;full&#8220; onclick=&#8220;link_no&#8220; wrap=&#8220;yes&#8220;][\/vc_column][vc_column width=&#8220;1\/2&#8243; el_class=&#8220;kampexperience_texto_derecha&#8220;][vc_column_text el_class=&#8220;kampexperience_text_slider&#8220;]<\/p>\n<p class=\"kampexperience_text\">Organisieren Sie einen Ausflug und entdecken Sie alle Vorteile, die er mit sich bringen kann. Es st\u00e4rkt die Zusammenarbeit, regt den Dialog an, entwickelt F\u00fchrungsqualit\u00e4ten, steigert das Zugeh\u00f6rigkeitsgef\u00fchl im Team und geniesst gleichzeitig ein unvergleichliches Erlebnis. <\/p>\n<p class=\"kampexperience_text\">Steigern Sie die Produktivit\u00e4t in einer einzigartigen Umgebung.<\/p>\n<p class=\"kampexperience_text\">Lass das Erlebnis beginnen!<\/p>\n<p>[\/vc_column_text][\/vc_column][\/vc_row][vc_row full_width=&#8220;stretch_row_content&#8220; color_set=&#8220;black_section&#8220; transparent=&#8220;transparent&#8220; transparent_overlay=&#8220;transparent_film&#8220; el_class=&#8220;banner_kikopark&#8220; css=&#8220;.vc_custom_1727365450340{background: #303030 url(https:\/\/kikopark.com\/wp-content\/uploads\/2018\/08\/BANNER-2.jpg?id=47234) !important;}&#8220;][vc_column][vc_column_text el_class=&#8220;h1&#8243;]<\/p>\n<p style=\"text-align: center;\">Kommen Sie und entdecken Sie<br \/>\nunser Glamping<\/p>\n<p style=\"text-align: center;\"><a class=\"btn-primary btn-inv\" href=\"https:\/\/kikopark.com\/de\/room\/glamping-kikopark\/\" target=\"_self\" rel=\"noopener\">Reservieren<\/a><\/p>\n<p>[\/vc_column_text][\/vc_column][\/vc_row][vc_row][vc_column][vc_column_text el_class=&#8220;rooms_titles&#8220;]Verbinden Sie sich mit der Natur im Kikopark Rural und erleben Sie Ihr Abenteuer[\/vc_column_text][\/vc_column][\/vc_row][vc_row equal_height=&#8220;yes&#8220; el_class=&#8220;confort_icon_ultimo_container&#8220;][vc_column width=&#8220;1\/2&#8243;][vc_column_text]<\/p>\n<div class=\"kampexperience_aventura_izq\">\n<p class=\"aventura_title\">Kikopark Rural<\/p>\n<p class=\"aventura_text\">Liegt neben dem Contreras-Stausee, in der Umgebung des Naturparks Hoces del Cabriel. Ein idyllischer Ort purer Natur, eingebettet im Herzen einer Region, die ein Land des Weins und des Cava ist. <\/p>\n<p><a class=\"btn btn btn-inv aventura_btn\" href=\"https:\/\/kikoparkrural.com\/\" target=\"_self\" rel=\"noopener\"><span class=\"aventura_btn_text\">Entdecken<\/span><\/a><\/p>\n<\/div>\n<p>[\/vc_column_text][\/vc_column][vc_column width=&#8220;1\/2&#8243; el_class=&#8220;aventura_img_der&#8220;][vc_single_image image=&#8220;47097&#8243; img_size=&#8220;full&#8220;][\/vc_column][\/vc_row]<\/p>\n","protected":false},"excerpt":{"rendered":"<p>[vc_row][vc_column][vc_column_text el_class=&#8220;rooms_titles_premium_plus&#8220;]Einzigartige Gruppenerlebnisse, um gemeinsame Momente zu geniessen[\/vc_column_text][\/vc_column][\/vc_row][vc_row el_class=&#8220;room_info&#8220;][vc_column width=&#8220;1\/2&#8243;][vc_column_text] Gruppenaktivit\u00e4ten Als Unterkunft im Herzen des Mittelmeers bietet Kikopark alles, was Sie f\u00fcr einen Gruppenurlaub, ein Arbeitstreffen, ein Sporttreffen, ein Vereinstreffen, Schulausfl\u00fcge oder jede Art von beruflicher Veranstaltung ben\u00f6tigen. Sie k\u00f6nnen Ihren Aufenthalt in Apartments, Glamping oder auf Stellpl\u00e4tzen w\u00e4hlen. Wir organisieren die gesamte Veranstaltung, [&hellip;]<\/p>\n","protected":false},"author":8,"featured_media":47274,"parent":0,"menu_order":0,"comment_status":"closed","ping_status":"closed","template":"","meta":{"footnotes":""},"yoast_head":"<!-- This site is optimized with the Yoast SEO plugin v22.1 - https:\/\/yoast.com\/wordpress\/plugins\/seo\/ -->\n<title>ALOJAMIENTO KIKOPARK - ESPECIAL GRUPOS.<\/title>\n<meta name=\"description\" content=\"Sois un grupo y estais buscando alojamiento junto al mar para celebrar un evento, reuni\u00f3n de empresa, etc. no busques m\u00e1s, este es el lugar id\u00f3neo.\" \/>\n<meta name=\"robots\" content=\"index, follow, max-snippet:-1, max-image-preview:large, max-video-preview:-1\" \/>\n<link rel=\"canonical\" href=\"https:\/\/kikopark.com\/de\/gruppen\/\" \/>\n<meta property=\"og:locale\" content=\"de_DE\" \/>\n<meta property=\"og:type\" content=\"article\" \/>\n<meta property=\"og:title\" content=\"ALOJAMIENTO KIKOPARK - ESPECIAL GRUPOS.\" \/>\n<meta property=\"og:description\" content=\"Sois un grupo y estais buscando alojamiento junto al mar para celebrar un evento, reuni\u00f3n de empresa, etc. no busques m\u00e1s, este es el lugar id\u00f3neo.\" \/>\n<meta property=\"og:url\" content=\"https:\/\/kikopark.com\/de\/gruppen\/\" \/>\n<meta property=\"og:site_name\" content=\"KIKOPARK\" \/>\n<meta property=\"article:modified_time\" content=\"2024-09-30T15:14:22+00:00\" \/>\n<meta property=\"og:image\" content=\"https:\/\/kikopark.com\/wp-content\/uploads\/2024\/09\/CABECERA-2.jpg\" \/>\n\t<meta property=\"og:image:width\" content=\"2560\" \/>\n\t<meta property=\"og:image:height\" content=\"932\" \/>\n\t<meta property=\"og:image:type\" content=\"image\/jpeg\" \/>\n<meta name=\"twitter:card\" content=\"summary_large_image\" \/>\n<meta name=\"twitter:label1\" content=\"Gesch\u00e4tzte Lesezeit\" \/>\n\t<meta name=\"twitter:data1\" content=\"2 Minuten\" \/>\n<script type=\"application\/ld+json\" class=\"yoast-schema-graph\">{\"@context\":\"https:\/\/schema.org\",\"@graph\":[{\"@type\":\"WebPage\",\"@id\":\"https:\/\/kikopark.com\/de\/gruppen\/\",\"url\":\"https:\/\/kikopark.com\/de\/gruppen\/\",\"name\":\"ALOJAMIENTO KIKOPARK - ESPECIAL GRUPOS.\",\"isPartOf\":{\"@id\":\"https:\/\/kikopark.com\/de\/#website\"},\"datePublished\":\"2024-09-25T13:32:22+00:00\",\"dateModified\":\"2024-09-30T15:14:22+00:00\",\"description\":\"Sois un grupo y estais buscando alojamiento junto al mar para celebrar un evento, reuni\u00f3n de empresa, etc. no busques m\u00e1s, este es el lugar id\u00f3neo.\",\"breadcrumb\":{\"@id\":\"https:\/\/kikopark.com\/de\/gruppen\/#breadcrumb\"},\"inLanguage\":\"de-DE\",\"potentialAction\":[{\"@type\":\"ReadAction\",\"target\":[\"https:\/\/kikopark.com\/de\/gruppen\/\"]}]},{\"@type\":\"BreadcrumbList\",\"@id\":\"https:\/\/kikopark.com\/de\/gruppen\/#breadcrumb\",\"itemListElement\":[{\"@type\":\"ListItem\",\"position\":1,\"name\":\"Portada\",\"item\":\"https:\/\/kikopark.com\/de\/\"},{\"@type\":\"ListItem\",\"position\":2,\"name\":\"Gruppen\"}]},{\"@type\":\"WebSite\",\"@id\":\"https:\/\/kikopark.com\/de\/#website\",\"url\":\"https:\/\/kikopark.com\/de\/\",\"name\":\"KIKOPARK\",\"description\":\"[:es]Website del complejo tur\u00edstico KIKOPARK en la playa de Oliva (Valencia)[:en]Website of the KIKOPARK tourist complex on the beach of Oliva (Valencia)[:de]Website des KIKOPARK Touristenkomplexes am Strand von Oliva (Valencia)[:ca]Website del complexe tur\u00edstic KIKOPARK a la platja d&#039;Oliva (Val\u00e8ncia)[:fr]Site du complexe touristique KIKOPARK sur la plage d&#039;Oliva (Valence)[:]\",\"potentialAction\":[{\"@type\":\"SearchAction\",\"target\":{\"@type\":\"EntryPoint\",\"urlTemplate\":\"https:\/\/kikopark.com\/de\/?s={search_term_string}\"},\"query-input\":\"required name=search_term_string\"}],\"inLanguage\":\"de-DE\"}]}<\/script>\n<!-- \/ Yoast SEO plugin. -->","yoast_head_json":{"title":"ALOJAMIENTO KIKOPARK - ESPECIAL GRUPOS.","description":"Sois un grupo y estais buscando alojamiento junto al mar para celebrar un evento, reuni\u00f3n de empresa, etc. no busques m\u00e1s, este es el lugar id\u00f3neo.","robots":{"index":"index","follow":"follow","max-snippet":"max-snippet:-1","max-image-preview":"max-image-preview:large","max-video-preview":"max-video-preview:-1"},"canonical":"https:\/\/kikopark.com\/de\/gruppen\/","og_locale":"de_DE","og_type":"article","og_title":"ALOJAMIENTO KIKOPARK - ESPECIAL GRUPOS.","og_description":"Sois un grupo y estais buscando alojamiento junto al mar para celebrar un evento, reuni\u00f3n de empresa, etc. no busques m\u00e1s, este es el lugar id\u00f3neo.","og_url":"https:\/\/kikopark.com\/de\/gruppen\/","og_site_name":"KIKOPARK","article_modified_time":"2024-09-30T15:14:22+00:00","og_image":[{"width":2560,"height":932,"url":"https:\/\/kikopark.com\/wp-content\/uploads\/2024\/09\/CABECERA-2.jpg","type":"image\/jpeg"}],"twitter_card":"summary_large_image","twitter_misc":{"Gesch\u00e4tzte Lesezeit":"2 Minuten"},"schema":{"@context":"https:\/\/schema.org","@graph":[{"@type":"WebPage","@id":"https:\/\/kikopark.com\/de\/gruppen\/","url":"https:\/\/kikopark.com\/de\/gruppen\/","name":"ALOJAMIENTO KIKOPARK - ESPECIAL GRUPOS.","isPartOf":{"@id":"https:\/\/kikopark.com\/de\/#website"},"datePublished":"2024-09-25T13:32:22+00:00","dateModified":"2024-09-30T15:14:22+00:00","description":"Sois un grupo y estais buscando alojamiento junto al mar para celebrar un evento, reuni\u00f3n de empresa, etc. no busques m\u00e1s, este es el lugar id\u00f3neo.","breadcrumb":{"@id":"https:\/\/kikopark.com\/de\/gruppen\/#breadcrumb"},"inLanguage":"de-DE","potentialAction":[{"@type":"ReadAction","target":["https:\/\/kikopark.com\/de\/gruppen\/"]}]},{"@type":"BreadcrumbList","@id":"https:\/\/kikopark.com\/de\/gruppen\/#breadcrumb","itemListElement":[{"@type":"ListItem","position":1,"name":"Portada","item":"https:\/\/kikopark.com\/de\/"},{"@type":"ListItem","position":2,"name":"Gruppen"}]},{"@type":"WebSite","@id":"https:\/\/kikopark.com\/de\/#website","url":"https:\/\/kikopark.com\/de\/","name":"KIKOPARK","description":"[:es]Website del complejo tur\u00edstico KIKOPARK en la playa de Oliva (Valencia)[:en]Website of the KIKOPARK tourist complex on the beach of Oliva (Valencia)[:de]Website des KIKOPARK Touristenkomplexes am Strand von Oliva (Valencia)[:ca]Website del complexe tur\u00edstic KIKOPARK a la platja d&#039;Oliva (Val\u00e8ncia)[:fr]Site du complexe touristique KIKOPARK sur la plage d&#039;Oliva (Valence)[:]","potentialAction":[{"@type":"SearchAction","target":{"@type":"EntryPoint","urlTemplate":"https:\/\/kikopark.com\/de\/?s={search_term_string}"},"query-input":"required name=search_term_string"}],"inLanguage":"de-DE"}]}},"_links":{"self":[{"href":"https:\/\/kikopark.com\/de\/wp-json\/wp\/v2\/pages\/47246"}],"collection":[{"href":"https:\/\/kikopark.com\/de\/wp-json\/wp\/v2\/pages"}],"about":[{"href":"https:\/\/kikopark.com\/de\/wp-json\/wp\/v2\/types\/page"}],"author":[{"embeddable":true,"href":"https:\/\/kikopark.com\/de\/wp-json\/wp\/v2\/users\/8"}],"replies":[{"embeddable":true,"href":"https:\/\/kikopark.com\/de\/wp-json\/wp\/v2\/comments?post=47246"}],"version-history":[{"count":22,"href":"https:\/\/kikopark.com\/de\/wp-json\/wp\/v2\/pages\/47246\/revisions"}],"predecessor-version":[{"id":48087,"href":"https:\/\/kikopark.com\/de\/wp-json\/wp\/v2\/pages\/47246\/revisions\/48087"}],"wp:featuredmedia":[{"embeddable":true,"href":"https:\/\/kikopark.com\/de\/wp-json\/wp\/v2\/media\/47274"}],"wp:attachment":[{"href":"https:\/\/kikopark.com\/de\/wp-json\/wp\/v2\/media?parent=47246"}],"curies":[{"name":"wp","href":"https:\/\/api.w.org\/{rel}","templated":true}]}}