{"id":48232,"date":"2016-11-24T18:09:31","date_gmt":"2016-11-24T16:09:31","guid":{"rendered":"https:\/\/kikopark.com\/erlebnissen\/"},"modified":"2026-03-31T09:20:56","modified_gmt":"2026-03-31T07:20:56","slug":"erlebnissen","status":"publish","type":"page","link":"https:\/\/kikopark.com\/de\/erlebnissen\/","title":{"rendered":"Erlebnissen"},"content":{"rendered":"<p>[vc_row][vc_column][vc_column_text el_class=&#8220;rooms_titles&#8220;]Endlose Aktivit\u00e4ten im Kikopark[\/vc_column_text][\/vc_column][\/vc_row][vc_row el_class=&#8220;room_info_slider&#8220;][vc_column width=&#8220;1\/2&#8243; el_class=&#8220;actividades_carrusel&#8220;][vc_single_image image=&#8220;49875&#8243; img_size=&#8220;full&#8220;][\/vc_column][vc_column width=&#8220;1\/2&#8243; el_class=&#8220;kampexperience_texto_derecha&#8220;][vc_column_text el_class=&#8220;kampexperience_text_slider&#8220;]<\/p>\n<div class=\"kampexperience_aventura_izq\">\n<h2 class=\"aventura_title\">W\u00f6chentliche Aktivit\u00e4ten<\/h2>\n<p class=\"kampexperience_text\">Wir haben ein Aktivit\u00e4tenprogramm f\u00fcr alle Altersgruppen. Die Kleinen k\u00f6nnen sich im Mini Club bei Workshops, Aktivit\u00e4ten, Filmabenden und Sport vergn\u00fcgen. F\u00fcr Erwachsene bereiten wir w\u00f6chentliche Aktivit\u00e4ten vor, die den besten Urlaub mit Unterhaltung, Musik, Gastronomie und Sport erm\u00f6glichen.<\/p>\n<p><a class=\"btn btn btn-inv aventura_btn\" href=\"https:\/\/kikopark.com\/wp-content\/uploads\/2026\/03\/Actividades-Kikopark-Semana-30-03-al-05-04.pdf\" target=\"_blank\" rel=\"noopener\"><span class=\"aventura_btn_text\">Herunterladen<\/span><\/a><\/p>\n<\/div>\n<p>[\/vc_column_text][\/vc_column][\/vc_row][vc_row el_class=&#8220;room_info_slider&#8220;][vc_column width=&#8220;1\/2&#8243; el_class=&#8220;kampexperience_texto_derecha&#8220;][vc_column_text]<\/p>\n<div class=\"kampexperience_aventura_izq\">\n<h2 class=\"aventura_title\">Gef\u00fchrte Touren<\/h2>\n<p class=\"kampexperience_text\">Wir organisieren Ausfl\u00fcge zu den wichtigsten touristischen Sehensw\u00fcrdigkeiten. Wir bieten unseren Kunden Aktivit\u00e4ten ausserhalb unseres Hauses an, um die Region kennenzulernen und so ihren Aufenthalt abzurunden.<\/p>\n<p class=\"kampexperience_text\">Dar\u00fcber hinaus bieten wir gef\u00fchrte Touren an, die es Ihnen erm\u00f6glichen, die sch\u00f6nsten Ecken der valencianischen Gemeinschaft zu entdecken. F\u00fcr Abenteuer- und Naturliebhaber bieten wir Fahrradrouten in der Umgebung an, auf denen Sie die mediterrane Landschaft genie\u00dfen, Oliven- und Orangenhaine besuchen und einzigartige Orte entdecken k\u00f6nnen, die Ihren Aufenthalt zu einem unvergesslichen Erlebnis machen.<\/p>\n<\/div>\n<p>[\/vc_column_text][\/vc_column][vc_column width=&#8220;1\/2&#8243; el_class=&#8220;kampexperience_img&#8220;][vc_single_image image=&#8220;47367&#8243; img_size=&#8220;full&#8220;][\/vc_column][\/vc_row][vc_row full_width=&#8220;stretch_row_content&#8220; color_set=&#8220;black_section&#8220; transparent=&#8220;transparent&#8220; transparent_overlay=&#8220;transparent_film&#8220; el_class=&#8220;banner_kikopark&#8220; css=&#8220;.vc_custom_1727334706719{background: #303030 url(https:\/\/kikopark.com\/wp-content\/uploads\/2018\/09\/BANNER-scaled.jpg?id=47087) !important;}&#8220;][vc_column][vc_column_text el_class=&#8220;h1&#8243;]<\/p>\n<p style=\"text-align: center\">Erleben Sie das Mittelmeer<br \/>\nam Kikopark Playa<\/p>\n<p style=\"text-align: center\"><a class=\"btn-primary btn-inv\" href=\"https:\/\/reservas.kampaoh.com\/property\/80?lang=de\" target=\"_self\" rel=\"noopener\">Reservieren<\/a><\/p>\n<p>[\/vc_column_text][\/vc_column][\/vc_row][vc_row el_class=&#8220;room_info_slider&#8220;][vc_column width=&#8220;1\/2&#8243; el_class=&#8220;actividades_carrusel&#8220;][vc_single_image image=&#8220;47372&#8243; img_size=&#8220;full&#8220;][\/vc_column][vc_column width=&#8220;1\/2&#8243; el_class=&#8220;kampexperience_texto_derecha&#8220;][vc_column_text el_class=&#8220;kampexperience_text_slider&#8220;]<\/p>\n<div class=\"kampexperience_aventura_izq\">\n<h2 class=\"aventura_title\">Aktivit\u00e4ten am Strand<\/h2>\n<p class=\"kampexperience_text\">Unsere Umwelt erm\u00f6glicht es, Wasseraktivit\u00e4ten zu einem Teil unseres t\u00e4glichen Lebens zu machen. Deshalb geh\u00f6ren Strandaktivit\u00e4ten wie Paddle Sup und Kanu zu unseren Favoriten. Wir organisieren in unseren Einrichtungen auch Aktivit\u00e4ten wie Yoga und Aquafitness, die f\u00fcr alle Zielgruppen konzipiert sind.<\/p>\n<\/div>\n<p>[\/vc_column_text][\/vc_column][\/vc_row][vc_row el_class=&#8220;room_info_slider&#8220;][vc_column width=&#8220;1\/2&#8243; el_class=&#8220;kampexperience_texto_derecha&#8220;][vc_column_text]<\/p>\n<div class=\"kampexperience_aventura_izq\">\n<h2 class=\"aventura_title\">Reiten<\/h2>\n<p class=\"kampexperience_text\">Es gibt keine bessere M\u00f6glichkeit, unsere Umgebung zu geniessen als bei einem Ausritt an der K\u00fcste des Mittelmeers. Geniessen Sie ein Outdoor-Erlebnis, verbinden Sie sich mit der Natur und sp\u00fcren Sie die mediterrane Brise. Eine ideale Aktivit\u00e4t f\u00fcr jeden, egal ob Sie auf der Suche nach Abenteuern sind oder einfach nur abschalten und ein einzigartiges Erlebnis erleben m\u00f6chten.<\/p>\n<\/div>\n<p>[\/vc_column_text][\/vc_column][vc_column width=&#8220;1\/2&#8243; el_class=&#8220;aventura_img_der&#8220;][vc_single_image image=&#8220;47377&#8243; img_size=&#8220;full&#8220;][\/vc_column][\/vc_row][vc_row el_class=&#8220;room_info_slider&#8220;][vc_column width=&#8220;1\/2&#8243; el_class=&#8220;aventura_img_izq&#8220;][vc_single_image image=&#8220;47381&#8243; img_size=&#8220;full&#8220;][\/vc_column][vc_column width=&#8220;1\/2&#8243; el_class=&#8220;kampexperience_texto_derecha&#8220;][vc_column_text]<\/p>\n<div class=\"kampexperience_aventura_izq\">\n<h2 class=\"aventura_title\">Gastronomische Freizeit<\/h2>\n<p class=\"kampexperience_text\">Genie\u00dfen Sie Live-Musik im Mittelmeer. Jedes Wochenende, Wir laden Sie ein, unvergessliche Nachmittage und N\u00e4chte mit Live-Auftritten und DJ-Sessions zu erleben. Wir legen Wert darauf, die perfekte Umgebung zum Genie\u00dfen und Schaffen besonderer Erinnerungen zu schaffen. Wir warten auf Sie!<\/p>\n<\/div>\n<p>[\/vc_column_text][\/vc_column][\/vc_row][vc_row el_class=&#8220;room_info_slider&#8220;][vc_column width=&#8220;1\/2&#8243; el_class=&#8220;kampexperience_texto_derecha&#8220;][vc_column_text]<\/p>\n<div class=\"kampexperience_aventura_izq\">\n<h2 class=\"aventura_title\">Fahrradverleih<\/h2>\n<p class=\"kampexperience_text\">Es gibt keinen besseren Weg, unsere Umgebung zu entdecken, als auf zwei R\u00e4dern. Mieten Sie ein Fahrrad und erkunden Sie die Wege, den Strand und die Naturbereiche rund um den Campingplatz. Genie\u00dfen Sie die Freiheit, sich in Ihrem eigenen Tempo zu bewegen, verbinden Sie sich mit der Natur und erleben Sie das Gef\u00fchl, ohne Eile zu erkunden. Eine Aktivit\u00e4t, die f\u00fcr alle Altersgruppen perfekt ist \u2013 egal, ob Sie Abenteuer, Bewegung oder einfach eine gem\u00fctliche Fahrt im Freien suchen.<\/p>\n<\/div>\n<p>[\/vc_column_text][\/vc_column][vc_column width=&#8220;1\/2&#8243; el_class=&#8220;aventura_img_der&#8220;][vc_single_image image=&#8220;52328&#8243; img_size=&#8220;full&#8220;][\/vc_column][\/vc_row]<\/p>\n","protected":false},"excerpt":{"rendered":"<p>[vc_row][vc_column][vc_column_text el_class=&#8220;rooms_titles&#8220;]Endlose Aktivit\u00e4ten im Kikopark[\/vc_column_text][\/vc_column][\/vc_row][vc_row el_class=&#8220;room_info_slider&#8220;][vc_column width=&#8220;1\/2&#8243; el_class=&#8220;actividades_carrusel&#8220;][vc_single_image image=&#8220;49875&#8243; img_size=&#8220;full&#8220;][\/vc_column][vc_column width=&#8220;1\/2&#8243; el_class=&#8220;kampexperience_texto_derecha&#8220;][vc_column_text el_class=&#8220;kampexperience_text_slider&#8220;] W\u00f6chentliche Aktivit\u00e4ten Wir haben ein Aktivit\u00e4tenprogramm f\u00fcr alle Altersgruppen. Die Kleinen k\u00f6nnen sich im Mini Club bei Workshops, Aktivit\u00e4ten, Filmabenden und Sport vergn\u00fcgen. F\u00fcr Erwachsene bereiten wir w\u00f6chentliche Aktivit\u00e4ten vor, die den besten Urlaub mit Unterhaltung, Musik, Gastronomie und Sport erm\u00f6glichen. Herunterladen [&hellip;]<\/p>\n","protected":false},"author":5,"featured_media":47363,"parent":0,"menu_order":0,"comment_status":"closed","ping_status":"closed","template":"","meta":{"footnotes":""},"yoast_head":"<!-- This site is optimized with the Yoast SEO plugin v22.1 - https:\/\/yoast.com\/wordpress\/plugins\/seo\/ -->\n<title>En KIKOPARK encontrar\u00e1s todo un mundo lleno de experiencias.<\/title>\n<meta name=\"description\" content=\"Bienvenido a KIKOPARK tu lugar en el #mediKIKOrraneo, donde encontrar\u00e1s todo un mundo lleno de experiencias y un sin fin de actividades.\" \/>\n<meta name=\"robots\" content=\"index, follow, max-snippet:-1, max-image-preview:large, max-video-preview:-1\" \/>\n<link rel=\"canonical\" href=\"https:\/\/kikopark.com\/de\/erlebnissen\/\" \/>\n<meta property=\"og:locale\" content=\"de_DE\" \/>\n<meta property=\"og:type\" content=\"article\" \/>\n<meta property=\"og:title\" content=\"En KIKOPARK encontrar\u00e1s todo un mundo lleno de experiencias.\" \/>\n<meta property=\"og:description\" content=\"Bienvenido a KIKOPARK tu lugar en el #mediKIKOrraneo, donde encontrar\u00e1s todo un mundo lleno de experiencias y un sin fin de actividades.\" \/>\n<meta property=\"og:url\" content=\"https:\/\/kikopark.com\/de\/erlebnissen\/\" \/>\n<meta property=\"og:site_name\" content=\"KIKOPARK\" \/>\n<meta property=\"article:modified_time\" content=\"2026-03-31T07:20:56+00:00\" \/>\n<meta property=\"og:image\" content=\"https:\/\/kikopark.com\/wp-content\/uploads\/2024\/09\/Grupo-824.jpg\" \/>\n\t<meta property=\"og:image:width\" content=\"2560\" \/>\n\t<meta property=\"og:image:height\" content=\"932\" \/>\n\t<meta property=\"og:image:type\" content=\"image\/jpeg\" \/>\n<meta name=\"twitter:card\" content=\"summary_large_image\" \/>\n<meta name=\"twitter:label1\" content=\"Gesch\u00e4tzte Lesezeit\" \/>\n\t<meta name=\"twitter:data1\" content=\"4 Minuten\" \/>\n<script type=\"application\/ld+json\" class=\"yoast-schema-graph\">{\"@context\":\"https:\/\/schema.org\",\"@graph\":[{\"@type\":\"WebPage\",\"@id\":\"https:\/\/kikopark.com\/de\/erlebnissen\/\",\"url\":\"https:\/\/kikopark.com\/de\/erlebnissen\/\",\"name\":\"En KIKOPARK encontrar\u00e1s todo un mundo lleno de experiencias.\",\"isPartOf\":{\"@id\":\"https:\/\/kikopark.com\/de\/#website\"},\"datePublished\":\"2016-11-24T16:09:31+00:00\",\"dateModified\":\"2026-03-31T07:20:56+00:00\",\"description\":\"Bienvenido a KIKOPARK tu lugar en el #mediKIKOrraneo, donde encontrar\u00e1s todo un mundo lleno de experiencias y un sin fin de actividades.\",\"breadcrumb\":{\"@id\":\"https:\/\/kikopark.com\/de\/erlebnissen\/#breadcrumb\"},\"inLanguage\":\"de-DE\",\"potentialAction\":[{\"@type\":\"ReadAction\",\"target\":[\"https:\/\/kikopark.com\/de\/erlebnissen\/\"]}]},{\"@type\":\"BreadcrumbList\",\"@id\":\"https:\/\/kikopark.com\/de\/erlebnissen\/#breadcrumb\",\"itemListElement\":[{\"@type\":\"ListItem\",\"position\":1,\"name\":\"Portada\",\"item\":\"https:\/\/kikopark.com\/de\/\"},{\"@type\":\"ListItem\",\"position\":2,\"name\":\"Erlebnissen\"}]},{\"@type\":\"WebSite\",\"@id\":\"https:\/\/kikopark.com\/de\/#website\",\"url\":\"https:\/\/kikopark.com\/de\/\",\"name\":\"KIKOPARK\",\"description\":\"[:es]Website del complejo tur\u00edstico KIKOPARK en la playa de Oliva (Valencia)[:en]Website of the KIKOPARK tourist complex on the beach of Oliva (Valencia)[:de]Website des KIKOPARK Touristenkomplexes am Strand von Oliva (Valencia)[:ca]Website del complexe tur\u00edstic KIKOPARK a la platja d&#039;Oliva (Val\u00e8ncia)[:fr]Site du complexe touristique KIKOPARK sur la plage d&#039;Oliva (Valence)[:]\",\"potentialAction\":[{\"@type\":\"SearchAction\",\"target\":{\"@type\":\"EntryPoint\",\"urlTemplate\":\"https:\/\/kikopark.com\/de\/?s={search_term_string}\"},\"query-input\":\"required name=search_term_string\"}],\"inLanguage\":\"de-DE\"}]}<\/script>\n<!-- \/ Yoast SEO plugin. -->","yoast_head_json":{"title":"En KIKOPARK encontrar\u00e1s todo un mundo lleno de experiencias.","description":"Bienvenido a KIKOPARK tu lugar en el #mediKIKOrraneo, donde encontrar\u00e1s todo un mundo lleno de experiencias y un sin fin de actividades.","robots":{"index":"index","follow":"follow","max-snippet":"max-snippet:-1","max-image-preview":"max-image-preview:large","max-video-preview":"max-video-preview:-1"},"canonical":"https:\/\/kikopark.com\/de\/erlebnissen\/","og_locale":"de_DE","og_type":"article","og_title":"En KIKOPARK encontrar\u00e1s todo un mundo lleno de experiencias.","og_description":"Bienvenido a KIKOPARK tu lugar en el #mediKIKOrraneo, donde encontrar\u00e1s todo un mundo lleno de experiencias y un sin fin de actividades.","og_url":"https:\/\/kikopark.com\/de\/erlebnissen\/","og_site_name":"KIKOPARK","article_modified_time":"2026-03-31T07:20:56+00:00","og_image":[{"width":2560,"height":932,"url":"https:\/\/kikopark.com\/wp-content\/uploads\/2024\/09\/Grupo-824.jpg","type":"image\/jpeg"}],"twitter_card":"summary_large_image","twitter_misc":{"Gesch\u00e4tzte Lesezeit":"4 Minuten"},"schema":{"@context":"https:\/\/schema.org","@graph":[{"@type":"WebPage","@id":"https:\/\/kikopark.com\/de\/erlebnissen\/","url":"https:\/\/kikopark.com\/de\/erlebnissen\/","name":"En KIKOPARK encontrar\u00e1s todo un mundo lleno de experiencias.","isPartOf":{"@id":"https:\/\/kikopark.com\/de\/#website"},"datePublished":"2016-11-24T16:09:31+00:00","dateModified":"2026-03-31T07:20:56+00:00","description":"Bienvenido a KIKOPARK tu lugar en el #mediKIKOrraneo, donde encontrar\u00e1s todo un mundo lleno de experiencias y un sin fin de actividades.","breadcrumb":{"@id":"https:\/\/kikopark.com\/de\/erlebnissen\/#breadcrumb"},"inLanguage":"de-DE","potentialAction":[{"@type":"ReadAction","target":["https:\/\/kikopark.com\/de\/erlebnissen\/"]}]},{"@type":"BreadcrumbList","@id":"https:\/\/kikopark.com\/de\/erlebnissen\/#breadcrumb","itemListElement":[{"@type":"ListItem","position":1,"name":"Portada","item":"https:\/\/kikopark.com\/de\/"},{"@type":"ListItem","position":2,"name":"Erlebnissen"}]},{"@type":"WebSite","@id":"https:\/\/kikopark.com\/de\/#website","url":"https:\/\/kikopark.com\/de\/","name":"KIKOPARK","description":"[:es]Website del complejo tur\u00edstico KIKOPARK en la playa de Oliva (Valencia)[:en]Website of the KIKOPARK tourist complex on the beach of Oliva (Valencia)[:de]Website des KIKOPARK Touristenkomplexes am Strand von Oliva (Valencia)[:ca]Website del complexe tur\u00edstic KIKOPARK a la platja d&#039;Oliva (Val\u00e8ncia)[:fr]Site du complexe touristique KIKOPARK sur la plage d&#039;Oliva (Valence)[:]","potentialAction":[{"@type":"SearchAction","target":{"@type":"EntryPoint","urlTemplate":"https:\/\/kikopark.com\/de\/?s={search_term_string}"},"query-input":"required name=search_term_string"}],"inLanguage":"de-DE"}]}},"_links":{"self":[{"href":"https:\/\/kikopark.com\/de\/wp-json\/wp\/v2\/pages\/48232"}],"collection":[{"href":"https:\/\/kikopark.com\/de\/wp-json\/wp\/v2\/pages"}],"about":[{"href":"https:\/\/kikopark.com\/de\/wp-json\/wp\/v2\/types\/page"}],"author":[{"embeddable":true,"href":"https:\/\/kikopark.com\/de\/wp-json\/wp\/v2\/users\/5"}],"replies":[{"embeddable":true,"href":"https:\/\/kikopark.com\/de\/wp-json\/wp\/v2\/comments?post=48232"}],"version-history":[{"count":112,"href":"https:\/\/kikopark.com\/de\/wp-json\/wp\/v2\/pages\/48232\/revisions"}],"predecessor-version":[{"id":52379,"href":"https:\/\/kikopark.com\/de\/wp-json\/wp\/v2\/pages\/48232\/revisions\/52379"}],"wp:featuredmedia":[{"embeddable":true,"href":"https:\/\/kikopark.com\/de\/wp-json\/wp\/v2\/media\/47363"}],"wp:attachment":[{"href":"https:\/\/kikopark.com\/de\/wp-json\/wp\/v2\/media?parent=48232"}],"curies":[{"name":"wp","href":"https:\/\/api.w.org\/{rel}","templated":true}]}}