{"id":50169,"date":"2025-01-22T11:54:23","date_gmt":"2025-01-22T09:54:23","guid":{"rendered":"https:\/\/kikopark.com\/?page_id=50169"},"modified":"2025-02-18T10:59:06","modified_gmt":"2025-02-18T08:59:06","slug":"60-jahrestag","status":"publish","type":"page","link":"https:\/\/kikopark.com\/de\/60-jahrestag\/","title":{"rendered":"60 Jahrestag"},"content":{"rendered":"<p>[vc_row full_width=&#8220;stretch_row&#8220; css=&#8220;.vc_custom_1738669274040{background-color: #efeee8 !important;}&#8220;][vc_column][vc_column_text el_class=&#8220;slider_text&#8220; css=&#8220;.vc_custom_1739869080032{padding-top: 100px !important;}&#8220;]<\/p>\n<p style=\"text-align: center;\">Wir feiern 60 Jahre in einer privilegierten Umgebung. Eine Hommage an unsere Geschichte und Herkunft, mit der wir das Wesentliche hervorheben, das uns auszeichnet.<\/p>\n<p>[\/vc_column_text][vc_video link=&#8220;https:\/\/youtu.be\/S2kHSaqjRwo&#8220; css=&#8220;.vc_custom_1738595060253{padding-top: 100px !important;}&#8220;][\/vc_column][\/vc_row][vc_row full_width=&#8220;stretch_row_content&#8220; css=&#8220;.vc_custom_1738669197903{background-color: #efeee8 !important;}&#8220;][vc_column][vc_single_image image=&#8220;50444&#8243; img_size=&#8220;full&#8220; alignment=&#8220;center&#8220; css=&#8220;.vc_custom_1738668075554{padding-top: 100px !important;}&#8220;][\/vc_column][\/vc_row][vc_row full_width=&#8220;stretch_row&#8220; css=&#8220;.vc_custom_1738669259567{background-color: #efeee8 !important;}&#8220;][vc_column][vc_column_text el_class=&#8220;slider_text&#8220; css=&#8220;.vc_custom_1738668740688{margin-top: 100px !important;}&#8220;]<\/p>\n<p style=\"text-align: center;\">Our best<br \/>\nMediterranean stories<\/p>\n<p>[\/vc_column_text][vc_column_text el_class=&#8220;gastronomia_text christmas_text&#8220; css=&#8220;.vc_custom_1739869120227{padding-top: -100px !important;}&#8220;]<\/p>\n<p style=\"text-align: center;\">Ein Leben lang hei\u00dfen wir Sie im Paradies willkommen. Es ist unsere Leidenschaft, unvergessliche Erlebnisse zu teilen und Teil davon zu sein.<\/p>\n<p>[\/vc_column_text][vc_single_image image=&#8220;50440&#8243; img_size=&#8220;full&#8220; alignment=&#8220;center&#8220;][vc_column_text el_class=&#8220;gastronomia_text christmas_text&#8220; css=&#8220;.vc_custom_1739869142961{margin-top: 100px !important;}&#8220;]<\/p>\n<p style=\"text-align: center;\">Unser 60. Jubil\u00e4um wird einen unausl\u00f6schlichen Meilenstein in unserer Geschichte markieren und uns zu neuen Horizonten f\u00fchren, um Orte zu schaffen, an denen wir abschalten, uns ohne Eile am\u00fcsieren und die Natur in ihrer reinsten Form erleben k\u00f6nnen.<\/p>\n<p>[\/vc_column_text][vc_single_image image=&#8220;50247&#8243; img_size=&#8220;medium&#8220; alignment=&#8220;center&#8220; css=&#8220;.vc_custom_1738671196152{margin-top: 100px !important;margin-bottom: 100px !important;}&#8220;][\/vc_column][\/vc_row][vc_row equal_height=&#8220;yes&#8220; content_placement=&#8220;top&#8220; css=&#8220;.vc_custom_1738669700226{margin-top: 100px !important;background-color: #efeee8 !important;}&#8220; el_class=&#8220;card_kikopark&#8220;][vc_column width=&#8220;1\/2&#8243;][vc_column_text]<\/p>\n<div class=\"kampexperience_aventura_izq\">\n<h2 class=\"aventura_title\">Kikopark Rural<\/h2>\n<p class=\"aventura_text\">Liegt neben dem Stausee Contreras, in der Umgebung des Naturparks Hoces del Cabriel. Ein idyllischer Ort purer Natur, eingebettet im Herzen einer Region, die das Land des Weins und des Cava ist.<\/p>\n<p><a class=\"btn btn btn-inv aventura_btn\" href=\"https:\/\/kikoparkrural.com\/de\/\" target=\"_blank\" rel=\"noopener\"><span class=\"aventura_btn_text\">Entdecken<\/span><\/a><\/p>\n<\/div>\n<p>[\/vc_column_text][\/vc_column][vc_column width=&#8220;1\/2&#8243;][vc_single_image image=&#8220;50393&#8243; img_size=&#8220;full&#8220; css=&#8220;.vc_custom_1738669665890{margin-top: 0px !important;margin-bottom: 0px !important;}&#8220;][\/vc_column][\/vc_row][vc_row equal_height=&#8220;yes&#8220; content_placement=&#8220;top&#8220; css=&#8220;.vc_custom_1738669690722{margin-top: 100px !important;background-color: #efeee8 !important;}&#8220; el_class=&#8220;card_kikoport&#8220;][vc_column width=&#8220;1\/2&#8243;][vc_single_image image=&#8220;50464&#8243; img_size=&#8220;full&#8220; css=&#8220;.vc_custom_1738825952939{margin-top: 0px !important;margin-bottom: 0px !important;}&#8220;][\/vc_column][vc_column width=&#8220;1\/2&#8243;][vc_column_text]<\/p>\n<div class=\"kampexperience_aventura_izq\">\n<h2 class=\"aventura_title\">Kiko Port<\/h2>\n<p class=\"aventura_text\">Kiko Port ist der Treffpunkt von Produkt und Geschmack, an dem sich die mediterrane K\u00fcche widerspiegelt. Ein Ort, an dem Sonne und Brise die Begleiter sind. Eine perfekte Umgebung zum Entspannen, Plaudern und Bewundern der herrlichen Aussicht. Ein Ort, um das wahre Erlebnis zu erleben.<\/p>\n<p><a class=\"btn btn btn-inv aventura_btn\" href=\"https:\/\/kikoport.es\" target=\"_blank\" rel=\"noopener\"><span class=\"aventura_btn_text\">Entdecken<\/span><\/a><\/p>\n<\/div>\n<p>[\/vc_column_text][\/vc_column][\/vc_row]<\/p>\n","protected":false},"excerpt":{"rendered":"<p>[vc_row full_width=&#8220;stretch_row&#8220; css=&#8220;.vc_custom_1738669274040{background-color: #efeee8 !important;}&#8220;][vc_column][vc_column_text el_class=&#8220;slider_text&#8220; css=&#8220;.vc_custom_1739869080032{padding-top: 100px !important;}&#8220;] Wir feiern 60 Jahre in einer privilegierten Umgebung. Eine Hommage an unsere Geschichte und Herkunft, mit der wir das Wesentliche hervorheben, das uns auszeichnet. [\/vc_column_text][vc_video link=&#8220;https:\/\/youtu.be\/S2kHSaqjRwo&#8220; css=&#8220;.vc_custom_1738595060253{padding-top: 100px !important;}&#8220;][\/vc_column][\/vc_row][vc_row full_width=&#8220;stretch_row_content&#8220; css=&#8220;.vc_custom_1738669197903{background-color: #efeee8 !important;}&#8220;][vc_column][vc_single_image image=&#8220;50444&#8243; img_size=&#8220;full&#8220; alignment=&#8220;center&#8220; css=&#8220;.vc_custom_1738668075554{padding-top: 100px !important;}&#8220;][\/vc_column][\/vc_row][vc_row full_width=&#8220;stretch_row&#8220; css=&#8220;.vc_custom_1738669259567{background-color: #efeee8 !important;}&#8220;][vc_column][vc_column_text el_class=&#8220;slider_text&#8220; css=&#8220;.vc_custom_1738668740688{margin-top: 100px [&hellip;]<\/p>\n","protected":false},"author":7,"featured_media":50383,"parent":0,"menu_order":0,"comment_status":"closed","ping_status":"closed","template":"","meta":{"footnotes":""},"yoast_head":"<!-- This site is optimized with the Yoast SEO plugin v22.1 - https:\/\/yoast.com\/wordpress\/plugins\/seo\/ -->\n<title>60 Jahrestag - KIKOPARK<\/title>\n<meta name=\"robots\" content=\"index, follow, max-snippet:-1, max-image-preview:large, max-video-preview:-1\" \/>\n<link rel=\"canonical\" href=\"https:\/\/kikopark.com\/de\/60-jahrestag\/\" \/>\n<meta property=\"og:locale\" content=\"de_DE\" \/>\n<meta property=\"og:type\" content=\"article\" \/>\n<meta property=\"og:title\" content=\"60 Jahrestag - KIKOPARK\" \/>\n<meta property=\"og:description\" content=\"[vc_row full_width=&#8220;stretch_row&#8220; css=&#8220;.vc_custom_1738669274040{background-color: #efeee8 !important;}&#8220;][vc_column][vc_column_text el_class=&#8220;slider_text&#8220; css=&#8220;.vc_custom_1739869080032{padding-top: 100px !important;}&#8220;] Wir feiern 60 Jahre in einer privilegierten Umgebung. Eine Hommage an unsere Geschichte und Herkunft, mit der wir das Wesentliche hervorheben, das uns auszeichnet. [\/vc_column_text][vc_video link=&#8220;https:\/\/youtu.be\/S2kHSaqjRwo&#8220; css=&#8220;.vc_custom_1738595060253{padding-top: 100px !important;}&#8220;][\/vc_column][\/vc_row][vc_row full_width=&#8220;stretch_row_content&#8220; css=&#8220;.vc_custom_1738669197903{background-color: #efeee8 !important;}&#8220;][vc_column][vc_single_image image=&#8220;50444&#8243; img_size=&#8220;full&#8220; alignment=&#8220;center&#8220; css=&#8220;.vc_custom_1738668075554{padding-top: 100px !important;}&#8220;][\/vc_column][\/vc_row][vc_row full_width=&#8220;stretch_row&#8220; css=&#8220;.vc_custom_1738669259567{background-color: #efeee8 !important;}&#8220;][vc_column][vc_column_text el_class=&#8220;slider_text&#8220; css=&#8220;.vc_custom_1738668740688{margin-top: 100px [&hellip;]\" \/>\n<meta property=\"og:url\" content=\"https:\/\/kikopark.com\/de\/60-jahrestag\/\" \/>\n<meta property=\"og:site_name\" content=\"KIKOPARK\" \/>\n<meta property=\"article:modified_time\" content=\"2025-02-18T08:59:06+00:00\" \/>\n<meta property=\"og:image\" content=\"https:\/\/kikopark.com\/wp-content\/uploads\/2025\/02\/Grupo-896.jpg\" \/>\n\t<meta property=\"og:image:width\" content=\"2560\" \/>\n\t<meta property=\"og:image:height\" content=\"1208\" \/>\n\t<meta property=\"og:image:type\" content=\"image\/jpeg\" \/>\n<meta name=\"twitter:card\" content=\"summary_large_image\" \/>\n<meta name=\"twitter:label1\" content=\"Gesch\u00e4tzte Lesezeit\" \/>\n\t<meta name=\"twitter:data1\" content=\"3 Minuten\" \/>\n<script type=\"application\/ld+json\" class=\"yoast-schema-graph\">{\"@context\":\"https:\/\/schema.org\",\"@graph\":[{\"@type\":\"WebPage\",\"@id\":\"https:\/\/kikopark.com\/de\/60-jahrestag\/\",\"url\":\"https:\/\/kikopark.com\/de\/60-jahrestag\/\",\"name\":\"60 Jahrestag - KIKOPARK\",\"isPartOf\":{\"@id\":\"https:\/\/kikopark.com\/de\/#website\"},\"datePublished\":\"2025-01-22T09:54:23+00:00\",\"dateModified\":\"2025-02-18T08:59:06+00:00\",\"breadcrumb\":{\"@id\":\"https:\/\/kikopark.com\/de\/60-jahrestag\/#breadcrumb\"},\"inLanguage\":\"de-DE\",\"potentialAction\":[{\"@type\":\"ReadAction\",\"target\":[\"https:\/\/kikopark.com\/de\/60-jahrestag\/\"]}]},{\"@type\":\"BreadcrumbList\",\"@id\":\"https:\/\/kikopark.com\/de\/60-jahrestag\/#breadcrumb\",\"itemListElement\":[{\"@type\":\"ListItem\",\"position\":1,\"name\":\"Portada\",\"item\":\"https:\/\/kikopark.com\/de\/\"},{\"@type\":\"ListItem\",\"position\":2,\"name\":\"60 Jahrestag\"}]},{\"@type\":\"WebSite\",\"@id\":\"https:\/\/kikopark.com\/de\/#website\",\"url\":\"https:\/\/kikopark.com\/de\/\",\"name\":\"KIKOPARK\",\"description\":\"[:es]Website del complejo tur\u00edstico KIKOPARK en la playa de Oliva (Valencia)[:en]Website of the KIKOPARK tourist complex on the beach of Oliva (Valencia)[:de]Website des KIKOPARK Touristenkomplexes am Strand von Oliva (Valencia)[:ca]Website del complexe tur\u00edstic KIKOPARK a la platja d&#039;Oliva (Val\u00e8ncia)[:fr]Site du complexe touristique KIKOPARK sur la plage d&#039;Oliva (Valence)[:]\",\"potentialAction\":[{\"@type\":\"SearchAction\",\"target\":{\"@type\":\"EntryPoint\",\"urlTemplate\":\"https:\/\/kikopark.com\/de\/?s={search_term_string}\"},\"query-input\":\"required name=search_term_string\"}],\"inLanguage\":\"de-DE\"}]}<\/script>\n<!-- \/ Yoast SEO plugin. -->","yoast_head_json":{"title":"60 Jahrestag - KIKOPARK","robots":{"index":"index","follow":"follow","max-snippet":"max-snippet:-1","max-image-preview":"max-image-preview:large","max-video-preview":"max-video-preview:-1"},"canonical":"https:\/\/kikopark.com\/de\/60-jahrestag\/","og_locale":"de_DE","og_type":"article","og_title":"60 Jahrestag - KIKOPARK","og_description":"[vc_row full_width=&#8220;stretch_row&#8220; css=&#8220;.vc_custom_1738669274040{background-color: #efeee8 !important;}&#8220;][vc_column][vc_column_text el_class=&#8220;slider_text&#8220; css=&#8220;.vc_custom_1739869080032{padding-top: 100px !important;}&#8220;] Wir feiern 60 Jahre in einer privilegierten Umgebung. Eine Hommage an unsere Geschichte und Herkunft, mit der wir das Wesentliche hervorheben, das uns auszeichnet. [\/vc_column_text][vc_video link=&#8220;https:\/\/youtu.be\/S2kHSaqjRwo&#8220; css=&#8220;.vc_custom_1738595060253{padding-top: 100px !important;}&#8220;][\/vc_column][\/vc_row][vc_row full_width=&#8220;stretch_row_content&#8220; css=&#8220;.vc_custom_1738669197903{background-color: #efeee8 !important;}&#8220;][vc_column][vc_single_image image=&#8220;50444&#8243; img_size=&#8220;full&#8220; alignment=&#8220;center&#8220; css=&#8220;.vc_custom_1738668075554{padding-top: 100px !important;}&#8220;][\/vc_column][\/vc_row][vc_row full_width=&#8220;stretch_row&#8220; css=&#8220;.vc_custom_1738669259567{background-color: #efeee8 !important;}&#8220;][vc_column][vc_column_text el_class=&#8220;slider_text&#8220; css=&#8220;.vc_custom_1738668740688{margin-top: 100px [&hellip;]","og_url":"https:\/\/kikopark.com\/de\/60-jahrestag\/","og_site_name":"KIKOPARK","article_modified_time":"2025-02-18T08:59:06+00:00","og_image":[{"width":2560,"height":1208,"url":"https:\/\/kikopark.com\/wp-content\/uploads\/2025\/02\/Grupo-896.jpg","type":"image\/jpeg"}],"twitter_card":"summary_large_image","twitter_misc":{"Gesch\u00e4tzte Lesezeit":"3 Minuten"},"schema":{"@context":"https:\/\/schema.org","@graph":[{"@type":"WebPage","@id":"https:\/\/kikopark.com\/de\/60-jahrestag\/","url":"https:\/\/kikopark.com\/de\/60-jahrestag\/","name":"60 Jahrestag - KIKOPARK","isPartOf":{"@id":"https:\/\/kikopark.com\/de\/#website"},"datePublished":"2025-01-22T09:54:23+00:00","dateModified":"2025-02-18T08:59:06+00:00","breadcrumb":{"@id":"https:\/\/kikopark.com\/de\/60-jahrestag\/#breadcrumb"},"inLanguage":"de-DE","potentialAction":[{"@type":"ReadAction","target":["https:\/\/kikopark.com\/de\/60-jahrestag\/"]}]},{"@type":"BreadcrumbList","@id":"https:\/\/kikopark.com\/de\/60-jahrestag\/#breadcrumb","itemListElement":[{"@type":"ListItem","position":1,"name":"Portada","item":"https:\/\/kikopark.com\/de\/"},{"@type":"ListItem","position":2,"name":"60 Jahrestag"}]},{"@type":"WebSite","@id":"https:\/\/kikopark.com\/de\/#website","url":"https:\/\/kikopark.com\/de\/","name":"KIKOPARK","description":"[:es]Website del complejo tur\u00edstico KIKOPARK en la playa de Oliva (Valencia)[:en]Website of the KIKOPARK tourist complex on the beach of Oliva (Valencia)[:de]Website des KIKOPARK Touristenkomplexes am Strand von Oliva (Valencia)[:ca]Website del complexe tur\u00edstic KIKOPARK a la platja d&#039;Oliva (Val\u00e8ncia)[:fr]Site du complexe touristique KIKOPARK sur la plage d&#039;Oliva (Valence)[:]","potentialAction":[{"@type":"SearchAction","target":{"@type":"EntryPoint","urlTemplate":"https:\/\/kikopark.com\/de\/?s={search_term_string}"},"query-input":"required name=search_term_string"}],"inLanguage":"de-DE"}]}},"_links":{"self":[{"href":"https:\/\/kikopark.com\/de\/wp-json\/wp\/v2\/pages\/50169"}],"collection":[{"href":"https:\/\/kikopark.com\/de\/wp-json\/wp\/v2\/pages"}],"about":[{"href":"https:\/\/kikopark.com\/de\/wp-json\/wp\/v2\/types\/page"}],"author":[{"embeddable":true,"href":"https:\/\/kikopark.com\/de\/wp-json\/wp\/v2\/users\/7"}],"replies":[{"embeddable":true,"href":"https:\/\/kikopark.com\/de\/wp-json\/wp\/v2\/comments?post=50169"}],"version-history":[{"count":12,"href":"https:\/\/kikopark.com\/de\/wp-json\/wp\/v2\/pages\/50169\/revisions"}],"predecessor-version":[{"id":50559,"href":"https:\/\/kikopark.com\/de\/wp-json\/wp\/v2\/pages\/50169\/revisions\/50559"}],"wp:featuredmedia":[{"embeddable":true,"href":"https:\/\/kikopark.com\/de\/wp-json\/wp\/v2\/media\/50383"}],"wp:attachment":[{"href":"https:\/\/kikopark.com\/de\/wp-json\/wp\/v2\/media?parent=50169"}],"curies":[{"name":"wp","href":"https:\/\/api.w.org\/{rel}","templated":true}]}}