{"id":50289,"date":"2025-01-31T13:20:12","date_gmt":"2025-01-31T11:20:12","guid":{"rendered":"https:\/\/kikopark.com\/?page_id=50289"},"modified":"2025-02-11T12:12:39","modified_gmt":"2025-02-11T10:12:39","slug":"rechtlicher-hinweis","status":"publish","type":"page","link":"https:\/\/kikopark.com\/de\/rechtlicher-hinweis\/","title":{"rendered":"Rechtlicher Hinweis"},"content":{"rendered":"<p>[vc_row el_class=&#8220;privacidad_container&#8220;][vc_column][vc_column_text]<\/p>\n<h2>ZWECK<\/h2>\n<p>Dieser rechtliche Hinweis regelt die Nutzung und Verwendung der Website www.kikopark.com, die Eigentum von KIKO TUR, S.L. (im Folgenden Kikopark Playa) ist.<\/p>\n<p>Durch das Surfen auf der Website von Kikopark Playa werden Sie zum BENUTZER derselben und akzeptieren alle in diesem rechtlichen Hinweis ver\u00f6ffentlichten Bedingungen uneingeschr\u00e4nkt und vorbehaltlos. Beachten Sie, dass diese Bedingungen ohne vorherige Benachrichtigung durch Kikopark Playa ge\u00e4ndert werden k\u00f6nnen. In diesem Fall werden sie so fr\u00fch wie m\u00f6glich ver\u00f6ffentlicht und mitgeteilt.<\/p>\n<p>Es ist daher ratsam, den Inhalt sorgf\u00e4ltig zu lesen, wenn Sie auf die auf dieser Website angebotenen Informationen und Dienste zugreifen und diese nutzen m\u00f6chten.<\/p>\n<p>Der Benutzer verpflichtet sich au\u00dferdem, die Website in \u00dcbereinstimmung mit dem Gesetz, Treu und Glauben, der \u00f6ffentlichen Ordnung, den Verkehrspraktiken und diesem rechtlichen Hinweis ordnungsgem\u00e4\u00df zu nutzen, und haftet gegen\u00fcber Kikopark Playa oder Dritten f\u00fcr alle Sch\u00e4den, die durch die Nichteinhaltung dieser Verpflichtung entstehen k\u00f6nnen.<\/p>\n<p>Jede andere als die genehmigte Nutzung ist ausdr\u00fccklich verboten und Kikopark Playa kann den Zugang und die Nutzung jederzeit verweigern oder widerrufen.<\/p>\n<h2>IDENTIFIZIERUNG<\/h2>\n<p>KIKOPARK informiert Sie in \u00dcbereinstimmung mit dem Gesetz 34\/2002 vom 11. Juli \u00fcber Dienste der Informationsgesellschaft und elektronischen Handel, dass:<br \/>\nDer Firmenname lautet: KIKO TUR, S.L.<\/p>\n<p>Die CIF lautet: B96625322<\/p>\n<p>Der eingetragene Firmensitz befindet sich in: C\/ ASSAGADOR DE CARRO, Nr. 2 \u2013 46780 \u2013 OLIVA \u2013 VALENCIA<\/p>\n<p>Eingetragen im Handelsregister von Valencia, Band 5799; Buch 3106; Folio 31; Abschnitt 8a; Blatt V-54498; Eintrag 1a.<\/p>\n<h2>KOMMUNIKATION<\/h2>\n<p>Um mit uns zu kommunizieren, stellen wir Ihnen verschiedene Kontaktm\u00f6glichkeiten zur Verf\u00fcgung, die wir im Folgenden n\u00e4her erl\u00e4utern:<br \/>\nE-mail: rgpd@kikopark.com<\/p>\n<p>Alle Benachrichtigungen und Mitteilungen zwischen Benutzern und Kikopark Playa gelten f\u00fcr alle Zwecke als wirksam, wenn sie auf beliebige Weise erfolgen. der oben aufgef\u00fchrten.<\/p>\n<h2>ZUGANGS- UND NUTZUNGSBEDINGUNGEN<\/h2>\n<p>Die Website und ihre Dienste sind frei zug\u00e4nglich und kostenlos. Kikopark Playa kann jedoch die Nutzung einiger der auf seiner Website angebotenen Dienste von der vorherigen Ausf\u00fcllung des entsprechenden Formulars abh\u00e4ngig machen.<\/p>\n<p>Der Benutzer garantiert die Echtheit und Aktualit\u00e4t aller an Kikopark Playa \u00fcbermittelten Daten und ist allein verantwortlich f\u00fcr etwaige falsche oder ungenaue Angaben.<\/p>\n<p>Der Benutzer verpflichtet sich ausdr\u00fccklich, die Inhalte und Dienste von Kikopark Playa angemessen zu nutzen und sie unter anderem nicht f\u00fcr Folgendes zu verwenden:<br \/>\nVerbreitung krimineller, gewaltt\u00e4tiger, pornografischer, rassistischer, fremdenfeindlicher, beleidigender Inhalte, zur Unterst\u00fctzung des Terrorismus oder allgemein gegen das Gesetz oder die \u00f6ffentliche Ordnung versto\u00dfender Inhalte.<\/p>\n<p>Einschleusen von Computerviren in das Netzwerk oder Durchf\u00fchren von Aktionen, die die elektronischen Dokumente, Daten oder physischen und logischen Systeme von Kikopark Playa oder Dritten ver\u00e4ndern, besch\u00e4digen, unterbrechen oder Fehler oder Sch\u00e4den verursachen k\u00f6nnen; sowie den Zugriff anderer Benutzer auf die Website und ihre Dienste durch massiven Verbrauch der Computerressourcen, \u00fcber die Kikopark Playa seine Dienste bereitstellt, zu behindern.<\/p>\n<p>Versuch, auf die E-Mail-Konten anderer Benutzer oder auf eingeschr\u00e4nkte Bereiche der Computersysteme von Kikopark Playa oder Dritten zuzugreifen und gegebenenfalls Informationen zu extrahieren.<\/p>\n<p>Verletzung der geistigen oder gewerblichen Eigentumsrechte sowie Verletzung der Vertraulichkeit von Informationen von Kikopark Playa oder Dritten.<\/p>\n<p>Sich als ein anderer Benutzer ausgeben.<\/p>\n<p>Reproduzieren, kopieren, verteilen, zur Verf\u00fcgung stellen oder in irgendeiner anderen Form \u00f6ffentlich kommunizieren, transformieren oder \u00e4ndern, es sei denn, Sie verf\u00fcgen \u00fcber die Genehmigung des Inhabers der entsprechenden Rechte oder es ist gesetzlich zul\u00e4ssig.<\/p>\n<p>Daten zu Werbezwecken sammeln und Werbung jeglicher Art und Mitteilungen zu Verkaufszwecken oder anderen kommerziellen Zwecken ohne vorherige Anfrage oder Zustimmung versenden.<\/p>\n<p>Alle Inhalte der Website, wie Texte, Fotos, Grafiken, Bilder, Symbole, Technologie, Software sowie deren Grafikdesign und Quellcodes, stellen ein Werk dar, dessen Eigentum Kikopark Playa ist, ohne dass dem Benutzer irgendwelche Nutzungsrechte daran \u00fcbertragen werden, die \u00fcber das f\u00fcr die korrekte Nutzung der Website unbedingt erforderliche Ma\u00df hinausgehen.<\/p>\n<p>Kurz gesagt k\u00f6nnen Benutzer, die auf diese Website zugreifen, die Inhalte ansehen und gegebenenfalls autorisierte private Kopien erstellen, vorausgesetzt, dass die reproduzierten Elemente anschlie\u00dfend nicht an Dritte \u00fcbertragen oder auf an Netzwerke angeschlossenen Servern installiert werden und auch keiner Art von Nutzung unterliegen.<\/p>\n<p>Ebenso sind alle Marken, Handelsnamen oder Kennzeichen jeglicher Art, die auf der Website erscheinen, Eigentum von Kikopark Playa, und es kann nicht davon ausgegangen werden, dass die Nutzung oder der Zugriff darauf dem Benutzer irgendwelche Rechte daran einr\u00e4umt.<\/p>\n<p>Die Verbreitung, \u00c4nderung, \u00dcbertragung oder \u00f6ffentliche Kommunikation des Inhalts und jede andere Handlung, die nicht ausdr\u00fccklich vom Inhaber der Nutzungsrechte genehmigt wurde, ist verboten.<\/p>\n<p>Die Einrichtung eines Hyperlinks impliziert in keinem Fall das Bestehen von Beziehungen zwischen Kikopark Playa und dem Inhaber der Website, auf der er eingerichtet ist, noch die Annahme und Genehmigung seiner Inhalte oder Dienste durch Kikopark Playa.<\/p>\n<p>Kikopark Playa ist nicht verantwortlich f\u00fcr die Nutzung der auf dieser Website bereitgestellten Materialien durch jeden Benutzer oder f\u00fcr die Aktionen, die er auf der Grundlage dieser Materialien durchf\u00fchrt.<\/p>\n<h2>AUSSCHLUSS VON GARANTIEN UND HAFTUNG BEIM ZUGANG UND DER NUTZUNG<\/h2>\n<p>Die Inhalte dieser Website sind allgemeiner Natur und dienen ausschlie\u00dflich zu Informationszwecken, ohne dass der Zugriff auf alle Inhalte, ihre Vollst\u00e4ndigkeit, Richtigkeit, G\u00fcltigkeit oder Aktualit\u00e4t oder ihre Eignung oder N\u00fctzlichkeit f\u00fcr einen bestimmten Zweck vollst\u00e4ndig garantiert werden.<\/p>\n<p>Kikopark Playa schlie\u00dft, soweit gesetzlich zul\u00e4ssig, jegliche Haftung f\u00fcr Sch\u00e4den jeglicher Art aus, die sich aus Folgendem ergeben:<\/p>\n<p>Die Unm\u00f6glichkeit, auf die Website zuzugreifen oder die mangelnde Wahrhaftigkeit, Genauigkeit, Vollst\u00e4ndigkeit und\/oder Aktualit\u00e4t der Inhalte sowie das Vorhandensein von Fehlern und M\u00e4ngeln aller Art in den \u00fcber die Website oder die angebotenen Dienste \u00fcbertragenen, verteilten, gespeicherten, bereitgestellten oder abgerufenen Inhalten.<\/p>\n<p>Das Vorhandensein von Viren oder anderen Elementen in den Inhalten, die \u00c4nderungen an den Computersystemen, elektronischen Dokumenten oder Daten der Benutzer verursachen k\u00f6nnen.<\/p>\n<p>Nichteinhaltung des Gesetzes, von Treu und Glauben, der \u00f6ffentlichen Ordnung, der Verkehrspraktiken und dieses rechtlichen Hinweises infolge einer falschen Nutzung der Website. Insbesondere und beispielhaft ist Kikopark Playa nicht verantwortlich f\u00fcr Handlungen Dritter, die geistige und gewerbliche Eigentumsrechte, Gesch\u00e4ftsgeheimnisse, Rechte auf Ehre, pers\u00f6nliche und famili\u00e4re Privatsph\u00e4re und das eigene Bild sowie Vorschriften zu unlauterem Wettbewerb und illegaler Werbung verletzen. Ebenso lehnt Kikopark Playa jede Verantwortung f\u00fcr Informationen ab, die au\u00dferhalb dieser Website liegen und nicht direkt von unserem Webmaster verwaltet werden. <\/p>\n<p> Die Funktion der auf dieser Website erscheinenden Links besteht ausschlie\u00dflich darin, den Benutzer \u00fcber die Existenz anderer Quellen zu informieren, die das Angebot dieser Website erweitern k\u00f6nnen. Kikopark Playa \u00fcbernimmt keine Garantie oder Verantwortung f\u00fcr den Betrieb oder die Erreichbarkeit der verlinkten Websites; auch schl\u00e4gt Kikopark Playa nicht vor, l\u00e4dt nicht ein oder empfiehlt nicht, diese zu besuchen, und ist daher nicht f\u00fcr die erzielten Ergebnisse verantwortlich. KIKOPARK PLAYA ist nicht verantwortlich f\u00fcr die Einrichtung von Hyperlinks durch Dritte.  <\/p>\n<h2>VERFAHREN BEI GESETZESWIDRIGEN AKTIVIT\u00c4TEN<\/h2>\n<p>Falls ein Benutzer oder ein Dritter der Ansicht ist, dass Tatsachen oder Umst\u00e4nde vorliegen, die die Rechtswidrigkeit der Nutzung von Inhalten und\/oder der Durchf\u00fchrung von Aktivit\u00e4ten auf den in der Website enthaltenen oder \u00fcber sie zug\u00e4nglichen Webseiten offenbaren, muss er eine entsprechende Benachrichtigung an Kikopark Playa senden und sich ordnungsgem\u00e4\u00df ausweisen und die mutma\u00dflichen Verst\u00f6\u00dfe angeben.<\/p>\n<h2>VER\u00d6FFENTLICHUNGEN<\/h2>\n<p>Die \u00fcber die Website bereitgestellten Verwaltungsinformationen ersetzen nicht die rechtliche Ver\u00f6ffentlichung von Gesetzen, Verordnungen, Pl\u00e4nen, allgemeinen Bestimmungen und Rechtsakten, die offiziell in den Amtsbl\u00e4ttern der \u00f6ffentlichen Verwaltungen ver\u00f6ffentlicht werden m\u00fcssen, die das einzige Instrument darstellen, das ihre Echtheit und ihren Inhalt bescheinigt. Die auf dieser Website verf\u00fcgbaren Informationen sind als Leitfaden ohne Rechtsg\u00fcltigkeit zu verstehen. <\/p>\n<h2>GELTENDE GESETZGEBUNG<\/h2>\n<p>Die vorliegenden Bedingungen unterliegen der geltenden spanischen Gesetzgebung. Die verwendete Sprache ist Spanisch. [\/vc_column_text][\/vc_column][\/vc_row]<\/p>\n","protected":false},"excerpt":{"rendered":"<p>[vc_row el_class=&#8220;privacidad_container&#8220;][vc_column][vc_column_text] ZWECK Dieser rechtliche Hinweis regelt die Nutzung und Verwendung der Website www.kikopark.com, die Eigentum von KIKO TUR, S.L. (im Folgenden Kikopark Playa) ist. Durch das Surfen auf der Website von Kikopark Playa werden Sie zum BENUTZER derselben und akzeptieren alle in diesem rechtlichen Hinweis ver\u00f6ffentlichten Bedingungen uneingeschr\u00e4nkt und vorbehaltlos. Beachten Sie, dass diese [&hellip;]<\/p>\n","protected":false},"author":8,"featured_media":4460,"parent":0,"menu_order":0,"comment_status":"closed","ping_status":"closed","template":"","meta":{"footnotes":""},"yoast_head":"<!-- This site is optimized with the Yoast SEO plugin v22.1 - https:\/\/yoast.com\/wordpress\/plugins\/seo\/ -->\n<title>Rechtlicher Hinweis - KIKOPARK<\/title>\n<meta name=\"robots\" content=\"index, follow, max-snippet:-1, max-image-preview:large, max-video-preview:-1\" \/>\n<link rel=\"canonical\" href=\"https:\/\/kikopark.com\/de\/rechtlicher-hinweis\/\" \/>\n<meta property=\"og:locale\" content=\"de_DE\" \/>\n<meta property=\"og:type\" content=\"article\" \/>\n<meta property=\"og:title\" content=\"Rechtlicher Hinweis - KIKOPARK\" \/>\n<meta property=\"og:description\" content=\"[vc_row el_class=&#8220;privacidad_container&#8220;][vc_column][vc_column_text] ZWECK Dieser rechtliche Hinweis regelt die Nutzung und Verwendung der Website www.kikopark.com, die Eigentum von KIKO TUR, S.L. (im Folgenden Kikopark Playa) ist. Durch das Surfen auf der Website von Kikopark Playa werden Sie zum BENUTZER derselben und akzeptieren alle in diesem rechtlichen Hinweis ver\u00f6ffentlichten Bedingungen uneingeschr\u00e4nkt und vorbehaltlos. Beachten Sie, dass diese [&hellip;]\" \/>\n<meta property=\"og:url\" content=\"https:\/\/kikopark.com\/de\/rechtlicher-hinweis\/\" \/>\n<meta property=\"og:site_name\" content=\"KIKOPARK\" \/>\n<meta property=\"article:modified_time\" content=\"2025-02-11T10:12:39+00:00\" \/>\n<meta property=\"og:image\" content=\"https:\/\/kikopark.com\/wp-content\/uploads\/2021\/11\/Apartamentosx2_transparencia_negra.jpg\" \/>\n\t<meta property=\"og:image:width\" content=\"2560\" \/>\n\t<meta property=\"og:image:height\" content=\"1402\" \/>\n\t<meta property=\"og:image:type\" content=\"image\/jpeg\" \/>\n<meta name=\"twitter:card\" content=\"summary_large_image\" \/>\n<meta name=\"twitter:label1\" content=\"Gesch\u00e4tzte Lesezeit\" \/>\n\t<meta name=\"twitter:data1\" content=\"7 Minuten\" \/>\n<script type=\"application\/ld+json\" class=\"yoast-schema-graph\">{\"@context\":\"https:\/\/schema.org\",\"@graph\":[{\"@type\":\"WebPage\",\"@id\":\"https:\/\/kikopark.com\/de\/rechtlicher-hinweis\/\",\"url\":\"https:\/\/kikopark.com\/de\/rechtlicher-hinweis\/\",\"name\":\"Rechtlicher Hinweis - KIKOPARK\",\"isPartOf\":{\"@id\":\"https:\/\/kikopark.com\/de\/#website\"},\"datePublished\":\"2025-01-31T11:20:12+00:00\",\"dateModified\":\"2025-02-11T10:12:39+00:00\",\"breadcrumb\":{\"@id\":\"https:\/\/kikopark.com\/de\/rechtlicher-hinweis\/#breadcrumb\"},\"inLanguage\":\"de-DE\",\"potentialAction\":[{\"@type\":\"ReadAction\",\"target\":[\"https:\/\/kikopark.com\/de\/rechtlicher-hinweis\/\"]}]},{\"@type\":\"BreadcrumbList\",\"@id\":\"https:\/\/kikopark.com\/de\/rechtlicher-hinweis\/#breadcrumb\",\"itemListElement\":[{\"@type\":\"ListItem\",\"position\":1,\"name\":\"Portada\",\"item\":\"https:\/\/kikopark.com\/de\/\"},{\"@type\":\"ListItem\",\"position\":2,\"name\":\"Rechtlicher Hinweis\"}]},{\"@type\":\"WebSite\",\"@id\":\"https:\/\/kikopark.com\/de\/#website\",\"url\":\"https:\/\/kikopark.com\/de\/\",\"name\":\"KIKOPARK\",\"description\":\"[:es]Website del complejo tur\u00edstico KIKOPARK en la playa de Oliva (Valencia)[:en]Website of the KIKOPARK tourist complex on the beach of Oliva (Valencia)[:de]Website des KIKOPARK Touristenkomplexes am Strand von Oliva (Valencia)[:ca]Website del complexe tur\u00edstic KIKOPARK a la platja d&#039;Oliva (Val\u00e8ncia)[:fr]Site du complexe touristique KIKOPARK sur la plage d&#039;Oliva (Valence)[:]\",\"potentialAction\":[{\"@type\":\"SearchAction\",\"target\":{\"@type\":\"EntryPoint\",\"urlTemplate\":\"https:\/\/kikopark.com\/de\/?s={search_term_string}\"},\"query-input\":\"required name=search_term_string\"}],\"inLanguage\":\"de-DE\"}]}<\/script>\n<!-- \/ Yoast SEO plugin. -->","yoast_head_json":{"title":"Rechtlicher Hinweis - KIKOPARK","robots":{"index":"index","follow":"follow","max-snippet":"max-snippet:-1","max-image-preview":"max-image-preview:large","max-video-preview":"max-video-preview:-1"},"canonical":"https:\/\/kikopark.com\/de\/rechtlicher-hinweis\/","og_locale":"de_DE","og_type":"article","og_title":"Rechtlicher Hinweis - KIKOPARK","og_description":"[vc_row el_class=&#8220;privacidad_container&#8220;][vc_column][vc_column_text] ZWECK Dieser rechtliche Hinweis regelt die Nutzung und Verwendung der Website www.kikopark.com, die Eigentum von KIKO TUR, S.L. (im Folgenden Kikopark Playa) ist. Durch das Surfen auf der Website von Kikopark Playa werden Sie zum BENUTZER derselben und akzeptieren alle in diesem rechtlichen Hinweis ver\u00f6ffentlichten Bedingungen uneingeschr\u00e4nkt und vorbehaltlos. Beachten Sie, dass diese [&hellip;]","og_url":"https:\/\/kikopark.com\/de\/rechtlicher-hinweis\/","og_site_name":"KIKOPARK","article_modified_time":"2025-02-11T10:12:39+00:00","og_image":[{"width":2560,"height":1402,"url":"https:\/\/kikopark.com\/wp-content\/uploads\/2021\/11\/Apartamentosx2_transparencia_negra.jpg","type":"image\/jpeg"}],"twitter_card":"summary_large_image","twitter_misc":{"Gesch\u00e4tzte Lesezeit":"7 Minuten"},"schema":{"@context":"https:\/\/schema.org","@graph":[{"@type":"WebPage","@id":"https:\/\/kikopark.com\/de\/rechtlicher-hinweis\/","url":"https:\/\/kikopark.com\/de\/rechtlicher-hinweis\/","name":"Rechtlicher Hinweis - KIKOPARK","isPartOf":{"@id":"https:\/\/kikopark.com\/de\/#website"},"datePublished":"2025-01-31T11:20:12+00:00","dateModified":"2025-02-11T10:12:39+00:00","breadcrumb":{"@id":"https:\/\/kikopark.com\/de\/rechtlicher-hinweis\/#breadcrumb"},"inLanguage":"de-DE","potentialAction":[{"@type":"ReadAction","target":["https:\/\/kikopark.com\/de\/rechtlicher-hinweis\/"]}]},{"@type":"BreadcrumbList","@id":"https:\/\/kikopark.com\/de\/rechtlicher-hinweis\/#breadcrumb","itemListElement":[{"@type":"ListItem","position":1,"name":"Portada","item":"https:\/\/kikopark.com\/de\/"},{"@type":"ListItem","position":2,"name":"Rechtlicher Hinweis"}]},{"@type":"WebSite","@id":"https:\/\/kikopark.com\/de\/#website","url":"https:\/\/kikopark.com\/de\/","name":"KIKOPARK","description":"[:es]Website del complejo tur\u00edstico KIKOPARK en la playa de Oliva (Valencia)[:en]Website of the KIKOPARK tourist complex on the beach of Oliva (Valencia)[:de]Website des KIKOPARK Touristenkomplexes am Strand von Oliva (Valencia)[:ca]Website del complexe tur\u00edstic KIKOPARK a la platja d&#039;Oliva (Val\u00e8ncia)[:fr]Site du complexe touristique KIKOPARK sur la plage d&#039;Oliva (Valence)[:]","potentialAction":[{"@type":"SearchAction","target":{"@type":"EntryPoint","urlTemplate":"https:\/\/kikopark.com\/de\/?s={search_term_string}"},"query-input":"required name=search_term_string"}],"inLanguage":"de-DE"}]}},"_links":{"self":[{"href":"https:\/\/kikopark.com\/de\/wp-json\/wp\/v2\/pages\/50289"}],"collection":[{"href":"https:\/\/kikopark.com\/de\/wp-json\/wp\/v2\/pages"}],"about":[{"href":"https:\/\/kikopark.com\/de\/wp-json\/wp\/v2\/types\/page"}],"author":[{"embeddable":true,"href":"https:\/\/kikopark.com\/de\/wp-json\/wp\/v2\/users\/8"}],"replies":[{"embeddable":true,"href":"https:\/\/kikopark.com\/de\/wp-json\/wp\/v2\/comments?post=50289"}],"version-history":[{"count":6,"href":"https:\/\/kikopark.com\/de\/wp-json\/wp\/v2\/pages\/50289\/revisions"}],"predecessor-version":[{"id":50520,"href":"https:\/\/kikopark.com\/de\/wp-json\/wp\/v2\/pages\/50289\/revisions\/50520"}],"wp:featuredmedia":[{"embeddable":true,"href":"https:\/\/kikopark.com\/de\/wp-json\/wp\/v2\/media\/4460"}],"wp:attachment":[{"href":"https:\/\/kikopark.com\/de\/wp-json\/wp\/v2\/media?parent=50289"}],"curies":[{"name":"wp","href":"https:\/\/api.w.org\/{rel}","templated":true}]}}