{"id":51357,"date":"2025-09-29T10:15:20","date_gmt":"2025-09-29T08:15:20","guid":{"rendered":"https:\/\/kikopark.com\/?page_id=51357"},"modified":"2026-03-25T08:56:44","modified_gmt":"2026-03-25T06:56:44","slug":"halloween-2025","status":"publish","type":"page","link":"https:\/\/kikopark.com\/de\/halloween-2025\/","title":{"rendered":"Halloween 2025"},"content":{"rendered":"<p>[vc_row content_placement=&#8220;middle&#8220; transparent=&#8220;transparent&#8220; transparent_overlay=&#8220;transparent_film&#8220;][vc_column transparent=&#8220;transparent&#8220;][vc_column_text el_class=&#8220;reserva_ahora reserva_ahora_halloween&#8220;]<a href=\"https:\/\/reservas.kampaoh.com\/property\/80?lang=de\"><img decoding=\"async\" class=\"img_asterisco\" src=\"\/wp-content\/uploads\/2025\/09\/asterisco-blanco.svg\" alt=\"asterisco\" width=\"30px\"><span class=\"reserva_ahora_text\">Buchen Sie jetzt<\/span><img decoding=\"async\" class=\"img_asterisco\" src=\"\/wp-content\/uploads\/2025\/09\/asterisco-blanco.svg\" alt=\"asterisco\" width=\"30px\"><\/a>[\/vc_column_text][\/vc_column][\/vc_row][vc_row][vc_column][vc_column_text el_class=&#8220;rooms_titles_premium_plus title_halloween&#8220;]Wagen Sie es, ein Halloween voller Gruselshows zu erleben?[\/vc_column_text][\/vc_column][\/vc_row][vc_row][vc_column][vc_column_text el_class=&#8220;gastronomia_text halloween_text&#8220;]Dieses Halloween k\u00fcndigt das Fl\u00fcstern des Meeres die Ankunft von Whispers of Halloween: The Show of Mysteries im Kikopark an. Spukzelte, flackernde Lichter und r\u00e4tselhafte Charaktere erwarten Sie in einer einzigartigen Umgebung am Mittelmeer. Wirst du es vermissen?[\/vc_column_text][\/vc_column][\/vc_row][vc_row][vc_column][vc_video link=&#8220;https:\/\/youtu.be\/Bni4MIvZDWU&#8220;][\/vc_column][\/vc_row][vc_row][vc_column][vc_column_text el_class=&#8220;gastronomia_text halloween_text&#8220;]<a class=\"btn btn-inv aventura_btn halloween_btn\" href=\"https:\/\/reservas.kampaoh.com\/property\/80?lang=de\" target=\"_blank\" rel=\"noopener\">Reservieren Sie<\/a>[\/vc_column_text][\/vc_column][\/vc_row][vc_row full_width=&#8220;stretch_row&#8220; css=&#8220;.vc_custom_1729759570664{background-color: #1d1d1d !important;}&#8220; el_class=&#8220;halloween_full_width&#8220;][vc_column][vc_column_text el_class=&#8220;subtitle_halloween_white&#8220;]Zwei schreckliche Wochenenden![\/vc_column_text][\/vc_column][\/vc_row][vc_row full_width=&#8220;stretch_row&#8220; gap=&#8220;30&#8243; css=&#8220;.vc_custom_1729759576227{background-color: #1d1d1d !important;}&#8220; el_class=&#8220;halloween_cards&#8220;][vc_column width=&#8220;1\/2&#8243;][vc_single_image image=&#8220;49126&#8243; img_size=&#8220;full&#8220;][vc_column_text]<\/p>\n<p class=\"small_title\">VOM 24. BIS 26. OKTOBER<\/p>\n<p class=\"title\">DAS ERSTE FL\u00dcSTERN<\/p>\n<p class=\"text\">Der Schrecken und der Spa\u00df beginnen!<\/p>\n<p><a class=\"btn\" href=\"https:\/\/booking.kikopark.com\/search?checkin=2023-10-25&amp;checkout=2023-10-27&amp;guestAges=18,18&amp;categoryIds=1,2,3,4,5,7,10&amp;lang=es\" target=\"_blank\" rel=\"noopener\">Buchung<\/a>[\/vc_column_text][\/vc_column][vc_column width=&#8220;1\/2&#8243;][vc_single_image image=&#8220;49122&#8243; img_size=&#8220;full&#8220;][vc_column_text]<\/p>\n<p class=\"small_title\">VOM 31. BIS 2. NOVEMBER<\/p>\n<p class=\"title\">DIE VERDAMMTE SHOW<\/p>\n<p class=\"text\">Die echte Halloween-Nacht. Sind Sie bereit?<\/p>\n<p><a class=\"btn\" href=\"https:\/\/booking.kikopark.com\/search?checkin=2023-10-31&amp;checkout=2023-11-03&amp;guestAges=18,18&amp;categoryIds=1,2,3,4,5,7,10&amp;lang=es\" target=\"_blank\" rel=\"noopener\">Buchung<\/a>[\/vc_column_text][\/vc_column][\/vc_row][vc_row][vc_column][vc_column_text el_class=&#8220;subtitle_halloween&#8220;]Entdecken Sie, was wir vorbereitet haben![\/vc_column_text][\/vc_column][\/vc_row][vc_row][vc_column][vc_column_text el_class=&#8220;gastronomia_text halloween_text&#8220;]An diesem Halloween wird der Kikopark Playa zum idealen Ort, um N\u00e4chte voller Spa\u00df und Geheimnisse zu genie\u00dfen. Buchen Sie Ihren Aufenthalt und erleben Sie ein unvergessliches Erlebnis mit Aktivit\u00e4ten f\u00fcr die ganze Familie:[\/vc_column_text][\/vc_column][\/vc_row][vc_row gap=&#8220;10&#8243; el_class=&#8220;halloween_hover_box&#8220;][vc_column width=&#8220;1\/4&#8243;]<!-- ========================== HOVER BOX ==========================-->\n\n<div style=\"background-image: url('https:\/\/kikopark.com\/wp-content\/uploads\/2024\/10\/BAILE-DE-DISFRACES-1.jpg')\" class=\"hoverbox wpb_content_element black_section neutralize_links stretchy_wrapper ratio_2-3  \">\n<div class=\"hoverbox_tran black_section transparent_film\"><\/div>\n\t<a href=\"#\">\n\t\t<div class=\"hoverbox_icon\">\n\t\t\t<img decoding=\"async\" src=\"https:\/\/kikopark.com\/wp-content\/uploads\/2023\/11\/logo-kikopark.svg\" alt=\"\">\n\t\t<\/div>\n\t\t<div class=\"hoverbox_title\">\n\t\t\t<h2>Maskenball<\/h2>\n\t\t<\/div>\n\t\t<div class=\"hoverbox_paragraph\">\n\t\t\t<p>Die N\u00e4chte sind viel sch\u00f6ner, wenn sie mit Musik und Tanz im Mondlicht ausklingen. Und was w\u00e4hlen Sie, S\u00fc\u00dfes oder Saures?<\/p>\n\t\t<\/div>\n\t<\/a>\t\n<\/div>\n\n<!-- END======================= HOVER BOX ==========================-->[\/vc_column][vc_column width=&#8220;1\/4&#8243;]<!-- ========================== HOVER BOX ==========================-->\n\n<div style=\"background-image: url('https:\/\/kikopark.com\/wp-content\/uploads\/2024\/10\/ACTIVIDADES-INFANTILES.jpg')\" class=\"hoverbox wpb_content_element black_section neutralize_links stretchy_wrapper ratio_2-3  \">\n<div class=\"hoverbox_tran black_section transparent_film\"><\/div>\n\t<a href=\"#\">\n\t\t<div class=\"hoverbox_icon\">\n\t\t\t<img decoding=\"async\" src=\"https:\/\/kikopark.com\/wp-content\/uploads\/2023\/11\/logo-kikopark.svg\" alt=\"\">\n\t\t<\/div>\n\t\t<div class=\"hoverbox_title\">\n\t\t\t<h2>Aktivit\u00e4ten f\u00fcr Kinder<\/h2>\n\t\t<\/div>\n\t\t<div class=\"hoverbox_paragraph\">\n\t\t\t<p>Workshops, Basteln, Familienspiele\u2026<br \/>Die Kleinen werden eine tolle Zeit mit unserem Animationsteam haben!<\/p>\n\t\t<\/div>\n\t<\/a>\t\n<\/div>\n\n<!-- END======================= HOVER BOX ==========================-->[\/vc_column][vc_column width=&#8220;1\/4&#8243;]<!-- ========================== HOVER BOX ==========================-->\n\n<div style=\"background-image: url('https:\/\/kikopark.com\/wp-content\/uploads\/2024\/10\/CONCURSOS-TERRORIFICOS.jpg')\" class=\"hoverbox wpb_content_element black_section neutralize_links stretchy_wrapper ratio_2-3  \">\n<div class=\"hoverbox_tran black_section transparent_film\"><\/div>\n\t<a href=\"#\">\n\t\t<div class=\"hoverbox_icon\">\n\t\t\t<img decoding=\"async\" src=\"https:\/\/kikopark.com\/wp-content\/uploads\/2023\/11\/logo-kikopark.svg\" alt=\"\">\n\t\t<\/div>\n\t\t<div class=\"hoverbox_title\">\n\t\t\t<h2>Erschreckende Wettbewerbe<\/h2>\n\t\t<\/div>\n\t\t<div class=\"hoverbox_paragraph\">\n\t\t\t<p>Der beste Tanz, das beste Kost\u00fcm, die am besten dekorierte Handlung\u2026<br \/>Sie werden alle unsere Preise lieben, teilnehmen und sogar einen Aufenthalt gewinnen!<\/p>\n\t\t<\/div>\n\t<\/a>\t\n<\/div>\n\n<!-- END======================= HOVER BOX ==========================-->[\/vc_column][vc_column width=&#8220;1\/4&#8243;]<!-- ========================== HOVER BOX ==========================-->\n\n<div style=\"background-image: url('https:\/\/kikopark.com\/wp-content\/uploads\/2024\/10\/CENAS.jpg')\" class=\"hoverbox wpb_content_element black_section neutralize_links stretchy_wrapper ratio_2-3  \">\n<div class=\"hoverbox_tran black_section transparent_film\"><\/div>\n\t<a href=\"#\">\n\t\t<div class=\"hoverbox_icon\">\n\t\t\t<img decoding=\"async\" src=\"https:\/\/kikopark.com\/wp-content\/uploads\/2023\/11\/logo-kikopark.svg\" alt=\"\">\n\t\t<\/div>\n\t\t<div class=\"hoverbox_title\">\n\t\t\t<h2>Themenabende<\/h2>\n\t\t<\/div>\n\t\t<div class=\"hoverbox_paragraph\">\n\t\t\t<p>Jeder Abend ist ein anderes Abenteuer mit noch gruseligeren, s\u00fc\u00dferen und herzhafteren Men\u00fcs. Zieh dich schick an und genie\u00dfe sie.<\/p>\n\t\t<\/div>\n\t<\/a>\t\n<\/div>\n\n<!-- END======================= HOVER BOX ==========================-->[\/vc_column][\/vc_row][vc_row full_width=&#8220;stretch_row&#8220; el_class=&#8220;halloween_video&#8220; css=&#8220;.vc_custom_1729602179791{background-color: #F4EEE7 !important;}&#8220;][vc_column][vc_column_text el_class=&#8220;subtitle_halloween&#8220;]Halloween-Nacht auch im Kikopark Rural![\/vc_column_text][vc_column_text el_class=&#8220;gastronomia_text halloween_text&#8220;]Sie werden sich nicht entgehen lassen wollen, was der Stausee alles zu bieten hat. Schlendern Sie durch die Stra\u00dfen der Stadt und l\u00fcften Sie R\u00e4tsel, die Ihre Nerven auf die Probe stellen. Lassen Sie sich von der K\u00e4lte am Wasser mitrei\u00dfen, wo \u00fcberraschende Geschichten und faszinierende Figuren auf Ihren Besuch warten.[\/vc_column_text][vc_single_image image=&#8220;49117&#8243; img_size=&#8220;full&#8220; alignment=&#8220;center&#8220;][vc_column_text el_class=&#8220;gastronomia_text halloween_text&#8220;]<a class=\"btn btn-inv aventura_btn halloween_btn\" href=\"https:\/\/kikoparkrural.com\/de\/\" target=\"_blank\" rel=\"noopener\">Entdecken Sie den Kikopark Rural<\/a>[\/vc_column_text][\/vc_column][\/vc_row][vc_row el_class=&#8220;halloween_gallery&#8220;][vc_column][vc_column_text el_class=&#8220;subtitle_halloween&#8220;]Das sollten Sie sich nicht entgehen lassen![\/vc_column_text][vc_gallery type=&#8220;image_grid&#8220; images=&#8220;51495,49147,49143,49139,49135,51491&#8243; img_size=&#8220;medium&#8220; onclick=&#8220;&#8220;][\/vc_column][\/vc_row][vc_row el_class=&#8220;halloween_gallery&#8220;][vc_column][vc_single_image image=&#8220;51827&#8243; img_size=&#8220;400&#215;85&#8243; alignment=&#8220;center&#8220;][\/vc_column][\/vc_row]<\/p>\n","protected":false},"excerpt":{"rendered":"<p>[vc_row content_placement=&#8220;middle&#8220; transparent=&#8220;transparent&#8220; transparent_overlay=&#8220;transparent_film&#8220;][vc_column transparent=&#8220;transparent&#8220;][vc_column_text el_class=&#8220;reserva_ahora reserva_ahora_halloween&#8220;]Buchen Sie jetzt[\/vc_column_text][\/vc_column][\/vc_row][vc_row][vc_column][vc_column_text el_class=&#8220;rooms_titles_premium_plus title_halloween&#8220;]Wagen Sie es, ein Halloween voller Gruselshows zu erleben?[\/vc_column_text][\/vc_column][\/vc_row][vc_row][vc_column][vc_column_text el_class=&#8220;gastronomia_text halloween_text&#8220;]Dieses Halloween k\u00fcndigt das Fl\u00fcstern des Meeres die Ankunft von Whispers of Halloween: The Show of Mysteries im Kikopark an. Spukzelte, flackernde Lichter und r\u00e4tselhafte Charaktere erwarten Sie in einer einzigartigen Umgebung am Mittelmeer. Wirst [&hellip;]<\/p>\n","protected":false},"author":8,"featured_media":51474,"parent":0,"menu_order":0,"comment_status":"closed","ping_status":"closed","template":"","meta":{"footnotes":""},"yoast_head":"<!-- This site is optimized with the Yoast SEO plugin v22.1 - https:\/\/yoast.com\/wordpress\/plugins\/seo\/ -->\n<title>Halloween 2025 - KIKOPARK<\/title>\n<meta name=\"robots\" content=\"index, follow, max-snippet:-1, max-image-preview:large, max-video-preview:-1\" \/>\n<link rel=\"canonical\" href=\"https:\/\/kikopark.com\/de\/halloween-2025\/\" \/>\n<meta property=\"og:locale\" content=\"de_DE\" \/>\n<meta property=\"og:type\" content=\"article\" \/>\n<meta property=\"og:title\" content=\"Halloween 2025 - KIKOPARK\" \/>\n<meta property=\"og:description\" content=\"[vc_row content_placement=&#8220;middle&#8220; transparent=&#8220;transparent&#8220; transparent_overlay=&#8220;transparent_film&#8220;][vc_column transparent=&#8220;transparent&#8220;][vc_column_text el_class=&#8220;reserva_ahora reserva_ahora_halloween&#8220;]Buchen Sie jetzt[\/vc_column_text][\/vc_column][\/vc_row][vc_row][vc_column][vc_column_text el_class=&#8220;rooms_titles_premium_plus title_halloween&#8220;]Wagen Sie es, ein Halloween voller Gruselshows zu erleben?[\/vc_column_text][\/vc_column][\/vc_row][vc_row][vc_column][vc_column_text el_class=&#8220;gastronomia_text halloween_text&#8220;]Dieses Halloween k\u00fcndigt das Fl\u00fcstern des Meeres die Ankunft von Whispers of Halloween: The Show of Mysteries im Kikopark an. Spukzelte, flackernde Lichter und r\u00e4tselhafte Charaktere erwarten Sie in einer einzigartigen Umgebung am Mittelmeer. Wirst [&hellip;]\" \/>\n<meta property=\"og:url\" content=\"https:\/\/kikopark.com\/de\/halloween-2025\/\" \/>\n<meta property=\"og:site_name\" content=\"KIKOPARK\" \/>\n<meta property=\"article:modified_time\" content=\"2026-03-25T06:56:44+00:00\" \/>\n<meta property=\"og:image\" content=\"https:\/\/kikopark.com\/wp-content\/uploads\/2025\/10\/ENCABEZADO_V2.jpg\" \/>\n\t<meta property=\"og:image:width\" content=\"1920\" \/>\n\t<meta property=\"og:image:height\" content=\"586\" \/>\n\t<meta property=\"og:image:type\" content=\"image\/jpeg\" \/>\n<meta name=\"twitter:card\" content=\"summary_large_image\" \/>\n<meta name=\"twitter:label1\" content=\"Gesch\u00e4tzte Lesezeit\" \/>\n\t<meta name=\"twitter:data1\" content=\"6 Minuten\" \/>\n<script type=\"application\/ld+json\" class=\"yoast-schema-graph\">{\"@context\":\"https:\/\/schema.org\",\"@graph\":[{\"@type\":\"WebPage\",\"@id\":\"https:\/\/kikopark.com\/de\/halloween-2025\/\",\"url\":\"https:\/\/kikopark.com\/de\/halloween-2025\/\",\"name\":\"Halloween 2025 - KIKOPARK\",\"isPartOf\":{\"@id\":\"https:\/\/kikopark.com\/de\/#website\"},\"datePublished\":\"2025-09-29T08:15:20+00:00\",\"dateModified\":\"2026-03-25T06:56:44+00:00\",\"breadcrumb\":{\"@id\":\"https:\/\/kikopark.com\/de\/halloween-2025\/#breadcrumb\"},\"inLanguage\":\"de-DE\",\"potentialAction\":[{\"@type\":\"ReadAction\",\"target\":[\"https:\/\/kikopark.com\/de\/halloween-2025\/\"]}]},{\"@type\":\"BreadcrumbList\",\"@id\":\"https:\/\/kikopark.com\/de\/halloween-2025\/#breadcrumb\",\"itemListElement\":[{\"@type\":\"ListItem\",\"position\":1,\"name\":\"Portada\",\"item\":\"https:\/\/kikopark.com\/de\/\"},{\"@type\":\"ListItem\",\"position\":2,\"name\":\"Halloween 2025\"}]},{\"@type\":\"WebSite\",\"@id\":\"https:\/\/kikopark.com\/de\/#website\",\"url\":\"https:\/\/kikopark.com\/de\/\",\"name\":\"KIKOPARK\",\"description\":\"[:es]Website del complejo tur\u00edstico KIKOPARK en la playa de Oliva (Valencia)[:en]Website of the KIKOPARK tourist complex on the beach of Oliva (Valencia)[:de]Website des KIKOPARK Touristenkomplexes am Strand von Oliva (Valencia)[:ca]Website del complexe tur\u00edstic KIKOPARK a la platja d&#039;Oliva (Val\u00e8ncia)[:fr]Site du complexe touristique KIKOPARK sur la plage d&#039;Oliva (Valence)[:]\",\"potentialAction\":[{\"@type\":\"SearchAction\",\"target\":{\"@type\":\"EntryPoint\",\"urlTemplate\":\"https:\/\/kikopark.com\/de\/?s={search_term_string}\"},\"query-input\":\"required name=search_term_string\"}],\"inLanguage\":\"de-DE\"}]}<\/script>\n<!-- \/ Yoast SEO plugin. -->","yoast_head_json":{"title":"Halloween 2025 - KIKOPARK","robots":{"index":"index","follow":"follow","max-snippet":"max-snippet:-1","max-image-preview":"max-image-preview:large","max-video-preview":"max-video-preview:-1"},"canonical":"https:\/\/kikopark.com\/de\/halloween-2025\/","og_locale":"de_DE","og_type":"article","og_title":"Halloween 2025 - KIKOPARK","og_description":"[vc_row content_placement=&#8220;middle&#8220; transparent=&#8220;transparent&#8220; transparent_overlay=&#8220;transparent_film&#8220;][vc_column transparent=&#8220;transparent&#8220;][vc_column_text el_class=&#8220;reserva_ahora reserva_ahora_halloween&#8220;]Buchen Sie jetzt[\/vc_column_text][\/vc_column][\/vc_row][vc_row][vc_column][vc_column_text el_class=&#8220;rooms_titles_premium_plus title_halloween&#8220;]Wagen Sie es, ein Halloween voller Gruselshows zu erleben?[\/vc_column_text][\/vc_column][\/vc_row][vc_row][vc_column][vc_column_text el_class=&#8220;gastronomia_text halloween_text&#8220;]Dieses Halloween k\u00fcndigt das Fl\u00fcstern des Meeres die Ankunft von Whispers of Halloween: The Show of Mysteries im Kikopark an. Spukzelte, flackernde Lichter und r\u00e4tselhafte Charaktere erwarten Sie in einer einzigartigen Umgebung am Mittelmeer. Wirst [&hellip;]","og_url":"https:\/\/kikopark.com\/de\/halloween-2025\/","og_site_name":"KIKOPARK","article_modified_time":"2026-03-25T06:56:44+00:00","og_image":[{"width":1920,"height":586,"url":"https:\/\/kikopark.com\/wp-content\/uploads\/2025\/10\/ENCABEZADO_V2.jpg","type":"image\/jpeg"}],"twitter_card":"summary_large_image","twitter_misc":{"Gesch\u00e4tzte Lesezeit":"6 Minuten"},"schema":{"@context":"https:\/\/schema.org","@graph":[{"@type":"WebPage","@id":"https:\/\/kikopark.com\/de\/halloween-2025\/","url":"https:\/\/kikopark.com\/de\/halloween-2025\/","name":"Halloween 2025 - KIKOPARK","isPartOf":{"@id":"https:\/\/kikopark.com\/de\/#website"},"datePublished":"2025-09-29T08:15:20+00:00","dateModified":"2026-03-25T06:56:44+00:00","breadcrumb":{"@id":"https:\/\/kikopark.com\/de\/halloween-2025\/#breadcrumb"},"inLanguage":"de-DE","potentialAction":[{"@type":"ReadAction","target":["https:\/\/kikopark.com\/de\/halloween-2025\/"]}]},{"@type":"BreadcrumbList","@id":"https:\/\/kikopark.com\/de\/halloween-2025\/#breadcrumb","itemListElement":[{"@type":"ListItem","position":1,"name":"Portada","item":"https:\/\/kikopark.com\/de\/"},{"@type":"ListItem","position":2,"name":"Halloween 2025"}]},{"@type":"WebSite","@id":"https:\/\/kikopark.com\/de\/#website","url":"https:\/\/kikopark.com\/de\/","name":"KIKOPARK","description":"[:es]Website del complejo tur\u00edstico KIKOPARK en la playa de Oliva (Valencia)[:en]Website of the KIKOPARK tourist complex on the beach of Oliva (Valencia)[:de]Website des KIKOPARK Touristenkomplexes am Strand von Oliva (Valencia)[:ca]Website del complexe tur\u00edstic KIKOPARK a la platja d&#039;Oliva (Val\u00e8ncia)[:fr]Site du complexe touristique KIKOPARK sur la plage d&#039;Oliva (Valence)[:]","potentialAction":[{"@type":"SearchAction","target":{"@type":"EntryPoint","urlTemplate":"https:\/\/kikopark.com\/de\/?s={search_term_string}"},"query-input":"required name=search_term_string"}],"inLanguage":"de-DE"}]}},"_links":{"self":[{"href":"https:\/\/kikopark.com\/de\/wp-json\/wp\/v2\/pages\/51357"}],"collection":[{"href":"https:\/\/kikopark.com\/de\/wp-json\/wp\/v2\/pages"}],"about":[{"href":"https:\/\/kikopark.com\/de\/wp-json\/wp\/v2\/types\/page"}],"author":[{"embeddable":true,"href":"https:\/\/kikopark.com\/de\/wp-json\/wp\/v2\/users\/8"}],"replies":[{"embeddable":true,"href":"https:\/\/kikopark.com\/de\/wp-json\/wp\/v2\/comments?post=51357"}],"version-history":[{"count":42,"href":"https:\/\/kikopark.com\/de\/wp-json\/wp\/v2\/pages\/51357\/revisions"}],"predecessor-version":[{"id":52162,"href":"https:\/\/kikopark.com\/de\/wp-json\/wp\/v2\/pages\/51357\/revisions\/52162"}],"wp:featuredmedia":[{"embeddable":true,"href":"https:\/\/kikopark.com\/de\/wp-json\/wp\/v2\/media\/51474"}],"wp:attachment":[{"href":"https:\/\/kikopark.com\/de\/wp-json\/wp\/v2\/media?parent=51357"}],"curies":[{"name":"wp","href":"https:\/\/api.w.org\/{rel}","templated":true}]}}