{"id":52167,"date":"2026-03-25T08:57:25","date_gmt":"2026-03-25T06:57:25","guid":{"rendered":"https:\/\/kikopark.com\/?page_id=52167"},"modified":"2026-04-16T14:25:15","modified_gmt":"2026-04-16T12:25:15","slug":"osterfest-2026","status":"publish","type":"page","link":"https:\/\/kikopark.com\/de\/osterfest-2026\/","title":{"rendered":"Osterfest 2026"},"content":{"rendered":"<p>[vc_row][vc_column][vc_column_text el_class=&#8220;reserva_ahora&#8220;]<a href=\"https:\/\/booking.kikopark.com\/search?lang=es&amp;categoryIds=1,2,3,4,5,7,10\"><img decoding=\"async\" class=\"img_asterisco\" src=\"\/wp-content\/themes\/hotel-xenia-child\/assets\/img\/asterisco-blanco.svg\" alt=\"asterisco\" width=\"30px\"><span class=\"reserva_ahora_text\">Buchen Sie jetzt<\/span><img decoding=\"async\" class=\"img_asterisco\" src=\"\/wp-content\/themes\/hotel-xenia-child\/assets\/img\/asterisco-blanco.svg\" alt=\"asterisco\" width=\"30px\"><\/a>[\/vc_column_text][\/vc_column][\/vc_row][vc_row el_id=&#8220;section&#8211;video&#8220;][vc_column][vc_column_text el_class=&#8220;rooms_titles_premium_plus&#8220; el_id=&#8220;main-title&#8220;]This Easter live <em>the Camping Way<\/em>[\/vc_column_text][vc_column_text el_class=&#8220;gastronomia_text&#8220;]Erleben Sie dieses Ostern eine Auszeit vom Alltag im Kikopark Playa unter freiem Himmel.<br \/>\nVom 27. M\u00e4rz bis 13. April genie\u00dfen Sie Tage voller Natur, Entspannung und Familienmomente in einer einzigartigen Umgebung direkt am Meer.[\/vc_column_text][vc_column_text]<\/p>\n<p style=\"text-align: center;\"><a class=\"btn btn-inv aventura_btn\" href=\"https:\/\/reservas.kampaoh.com\/property\/80?lang=de\" target=\"_blank\" rel=\"noopener\">Reservieren Sie<\/a><\/p>\n<p>[\/vc_column_text][\/vc_column][\/vc_row][vc_row full_width=&#8220;stretch_row&#8220; gap=&#8220;10&#8243; css=&#8220;.vc_custom_1710147979279{padding-right: 10px !important;padding-left: 10px !important;background-color: #e8f5ff !important;}&#8220; el_id=&#8220;section&#8211;cards&#8220;][vc_column][vc_column_text el_class=&#8220;rooms_titles_premium_plus&#8220;]Kleine momente, die grosse erinnerungen schaffen[\/vc_column_text][vc_column_text el_class=&#8220;gastronomia_text&#8220;]Entdecken Sie eine Welt voller Spa\u00df und schaffen Sie unvergessliche Momente. Freuen Sie sich auf Wochen voller Aktivit\u00e4ten f\u00fcr die ganze Familie! <\/p>\n<p style=\"text-align: center;\"><a class=\"btn btn-inv aventura_btn\" href=\"https:\/\/reservas.kampaoh.com\/property\/80?lang=de\" target=\"_blank\" rel=\"noopener\">Entdecken<\/a><\/p>\n<p>[\/vc_column_text][\/vc_column][\/vc_row][vc_row full_width=&#8220;stretch_row&#8220; gap=&#8220;10&#8243; css=&#8220;.vc_custom_1774423068961{background-color: #e8f5ff !important;}&#8220; el_class=&#8220;christmas_hover_box&#8220;][vc_column width=&#8220;1\/4&#8243;]<!-- ========================== HOVER BOX ==========================-->\n\n<div style=\"background-image: url('https:\/\/kikopark.com\/wp-content\/uploads\/2026\/03\/Grupo-1134.jpg')\" class=\"hoverbox wpb_content_element black_section neutralize_links stretchy_wrapper ratio_2-3  \">\n<div class=\"hoverbox_tran black_section transparent_film\"><\/div>\n\t<a href=\"#\">\n\t\t<div class=\"hoverbox_icon\">\n\t\t\t<img decoding=\"async\" src=\"https:\/\/kikopark.com\/wp-content\/uploads\/2023\/11\/logo-kikopark.svg\" alt=\"\">\n\t\t<\/div>\n\t\t<div class=\"hoverbox_title\">\n\t\t\t<h2>Kinderanimation<\/h2>\n\t\t<\/div>\n\t\t<div class=\"hoverbox_paragraph\">\n\t\t\t<p>Auch die Kleinsten kommen dieses Ostern voll auf ihre Kosten! Spiele, kreative Aktivit\u00e4ten und Outdoor-Angebote sorgen daf\u00fcr, dass sie Spa\u00df haben, Neues entdecken und Freunde finden.<\/p>\n\t\t<\/div>\n\t<\/a>\t\n<\/div>\n\n<!-- END======================= HOVER BOX ==========================-->[\/vc_column][vc_column width=&#8220;1\/4&#8243;]<!-- ========================== HOVER BOX ==========================-->\n\n<div style=\"background-image: url('https:\/\/kikopark.com\/wp-content\/uploads\/2026\/03\/Grupo-1135.jpg')\" class=\"hoverbox wpb_content_element black_section neutralize_links stretchy_wrapper ratio_2-3  \">\n<div class=\"hoverbox_tran black_section transparent_film\"><\/div>\n\t<a href=\"#\">\n\t\t<div class=\"hoverbox_icon\">\n\t\t\t<img decoding=\"async\" src=\"https:\/\/kikopark.com\/wp-content\/uploads\/2023\/11\/logo-kikopark.svg\" alt=\"\">\n\t\t<\/div>\n\t\t<div class=\"hoverbox_title\">\n\t\t\t<h2>Outdoor-sport<\/h2>\n\t\t<\/div>\n\t\t<div class=\"hoverbox_paragraph\">\n\t\t\t<p>Bewegen Sie sich, schalten Sie ab und genie\u00dfen Sie die Natur mit unseren Outdoor-Sportaktivit\u00e4ten. Angebote f\u00fcr alle Altersgruppen, die Spa\u00df, Energie und einen aktiven Lebensstil am Meer verbinden.<\/p>\n\t\t<\/div>\n\t<\/a>\t\n<\/div>\n\n<!-- END======================= HOVER BOX ==========================-->[\/vc_column][vc_column width=&#8220;1\/4&#8243;]<!-- ========================== HOVER BOX ==========================-->\n\n<div style=\"background-image: url('https:\/\/kikopark.com\/wp-content\/uploads\/2026\/03\/Grupo-1136.jpg')\" class=\"hoverbox wpb_content_element black_section neutralize_links stretchy_wrapper ratio_2-3  \">\n<div class=\"hoverbox_tran black_section transparent_film\"><\/div>\n\t<a href=\"#\">\n\t\t<div class=\"hoverbox_icon\">\n\t\t\t<img decoding=\"async\" src=\"https:\/\/kikopark.com\/wp-content\/uploads\/2023\/11\/logo-kikopark.svg\" alt=\"\">\n\t\t<\/div>\n\t\t<div class=\"hoverbox_title\">\n\t\t\t<h2>Entspannende Momente<\/h2>\n\t\t<\/div>\n\t\t<div class=\"hoverbox_paragraph\">\n\t\t\t<p>G\u00f6nnen Sie sich eine Auszeit. Entspannen Sie sich bei unseren Massage- und Wellnessangeboten \u2013 perfekt, um abzuschalten, neue Energie zu tanken und vollkommene Ruhe im Urlaub zu genie\u00dfen.<\/p>\n\t\t<\/div>\n\t<\/a>\t\n<\/div>\n\n<!-- END======================= HOVER BOX ==========================-->[\/vc_column][vc_column width=&#8220;1\/4&#8243;]<!-- ========================== HOVER BOX ==========================-->\n\n<div style=\"background-image: url('https:\/\/kikopark.com\/wp-content\/uploads\/2026\/03\/Grupo-1137.jpg')\" class=\"hoverbox wpb_content_element black_section neutralize_links stretchy_wrapper ratio_2-3  \">\n<div class=\"hoverbox_tran black_section transparent_film\"><\/div>\n\t<a href=\"#\">\n\t\t<div class=\"hoverbox_icon\">\n\t\t\t<img decoding=\"async\" src=\"https:\/\/kikopark.com\/wp-content\/uploads\/2023\/11\/logo-kikopark.svg\" alt=\"\">\n\t\t<\/div>\n\t\t<div class=\"hoverbox_title\">\n\t\t\t<h2>Gastronomisches Freizeitangebot<\/h2>\n\t\t<\/div>\n\t\t<div class=\"hoverbox_paragraph\">\n\t\t\t<p>Genie\u00dfen, teilen und erleben. Unser gastronomisches Angebot wird durch Live-Musik und besondere Momente erg\u00e4nzt \u2013 f\u00fcr eine stimmungsvolle Osterzeit mit mediterranen Aromen.<\/p>\n\t\t<\/div>\n\t<\/a>\t\n<\/div>\n\n<!-- END======================= HOVER BOX ==========================-->[\/vc_column][\/vc_row][vc_row gap=&#8220;25&#8243; el_id=&#8220;section&#8211;alojamientos&#8220;][vc_column][vc_column_text el_class=&#8220;rooms_titles_premium_plus&#8220;]W\u00e4hlen Sie, wie Sie Ihr Osterfest erleben m\u00f6chten![\/vc_column_text][\/vc_column][vc_column width=&#8220;1\/3&#8243;][vc_single_image image=&#8220;52223&#8243; img_size=&#8220;full&#8220;][vc_column_text]<\/p>\n<p class=\"title\">Apartments<\/p>\n<p class=\"text\" style=\"font-size: 12px;\">Sie sind mit allen Annehmlichkeiten ausgestattet und verf\u00fcgen \u00fcber voll ausgestattete K\u00fcchen, private Badezimmer und komfortable Wohnbereiche. Unsere Wohnungen sind ideal f\u00fcr Familien und Gruppen, die eine entspannte und bequeme Unterkunft suchen. <\/p>\n<p><a class=\"btn\" href=\"https:\/\/kikopark.com\/de\/apartments\/\" target=\"_blank\" rel=\"noopener\">Entdecken<\/a>[\/vc_column_text][\/vc_column][vc_column width=&#8220;1\/3&#8243;][vc_single_image image=&#8220;52227&#8243; img_size=&#8220;full&#8220;][vc_column_text]<\/p>\n<p class=\"title\">Glamping<\/p>\n<p class=\"text\" style=\"font-size: 12px;\">Tauchen Sie mit unseren Glamping-Optionen in die Natur ein und genie\u00dfen Sie den Luxus. Erleben Sie den Nervenkitzel des Campings, ohne auf Komfort zu verzichten, und genie\u00dfen Sie die Natur in unseren perfekt ausgestatteten Zelten. <\/p>\n<p><a class=\"btn\" href=\"https:\/\/kikopark.com\/de\/room\/glamping-kikopark\/\" target=\"_blank\" rel=\"noopener\">Entdecken<\/a>[\/vc_column_text][\/vc_column][vc_column width=&#8220;1\/3&#8243;][vc_single_image image=&#8220;52231&#8243; img_size=&#8220;full&#8220;][vc_column_text]<\/p>\n<p class=\"title\">Stellpl\u00e4tze<\/p>\n<p class=\"text\" style=\"font-size: 12px;\">F\u00fcr diejenigen, die das traditionelle Campingerlebnis bevorzugen, bieten wir ger\u00e4umige Stellpl\u00e4tze f\u00fcr Wohnwagen an. Mit Stromanschl\u00fcssen und Zugang zu neuen Einrichtungen haben Sie allen Komfort, den Sie brauchen. <\/p>\n<p><a class=\"btn\" href=\"https:\/\/kikopark.com\/de\/stellplaetze\/\" target=\"_blank\" rel=\"noopener\">Entdecken<\/a>[\/vc_column_text][\/vc_column][\/vc_row][vc_row align=&#8220;text-center&#8220; el_id=&#8220;section&#8211;escapada&#8220;][vc_column][vc_column_text el_class=&#8220;rooms_titles_premium_plus&#8220;]Sind Sie bereit f\u00fcr einen unvergesslichen Urlaub?[\/vc_column_text][vc_column_text el_class=&#8220;gastronomia_text&#8220;]Genie\u00dfen Sie einzigartige Weihnachtsaromen in einer gem\u00fctlichen Atmosph\u00e4re am Meer und machen Sie dieses Weihnachten unvergesslich!<br \/>\nLassen Sie sich von unserem Restaurant Kiko Port mit seinen au\u00dfergew\u00f6hnlichen Men\u00fcs begeistern.[\/vc_column_text][vc_gallery type=&#8220;image_grid&#8220; images=&#8220;52244,52248,52240,52260,52256,52252&#8243; img_size=&#8220;full&#8220; onclick=&#8220;&#8220;][vc_column_text]<\/p>\n<p style=\"text-align: center;\"><a class=\"btn btn-inv aventura_btn\" href=\"https:\/\/reservas.kampaoh.com\/property\/80?lang=de\" target=\"_blank\" rel=\"noopener\">Reservieren Sie<\/a><\/p>\n<p>[\/vc_column_text][\/vc_column][\/vc_row][vc_row full_width=&#8220;stretch_row&#8220; css=&#8220;.vc_custom_1710148166839{margin-top: 50px !important;padding-top: 30px !important;background-color: #edebe4 !important;}&#8220; el_id=&#8220;section&#8211;kikoport&#8220;][vc_column][vc_column_text el_class=&#8220;rooms_titles_premium_plus&#8220;]Genie\u00dfen Sie das Mittelmeer mit unserem gastronomischen Angebot[\/vc_column_text][vc_column_text el_class=&#8220;gastronomia_text&#8220;]Entdecken Sie unsere kulinarischen Highlights und erleben Sie mediterrane Aromen in verschiedenen Bereichen und Momenten \u2013 immer mit dem Meer als Kulisse.[\/vc_column_text][vc_single_image image=&#8220;52265&#8243; img_size=&#8220;large&#8220; alignment=&#8220;center&#8220;][vc_column_text]<\/p>\n<p style=\"text-align: center;\"><a class=\"btn btn-inv aventura_btn\" href=\"https:\/\/kikoport.es\/reservas\" target=\"_blank\" rel=\"noopener\">Buchung bei Kiko Port<\/a><\/p>\n<p>[\/vc_column_text][\/vc_column][\/vc_row][vc_row full_width=&#8220;stretch_row&#8220; css=&#8220;.vc_custom_1710148111910{padding-top: 30px !important;padding-bottom: 50px !important;background-color: #dde6d8 !important;}&#8220; el_id=&#8220;section&#8211;kikoparkrural&#8220;][vc_column width=&#8220;1\/2&#8243;][vc_column_text]<\/p>\n<div class=\"kampexperience_aventura_izq\">\n<p class=\"aventura_title\">Warum zwischen Strand und Bergen w\u00e4hlen, wenn man alles haben kann?<\/p>\n<p class=\"aventura_text\">Wir bieten Ihnen das Beste aus beiden Welten: Sie k\u00f6nnen die Meeresbrise im Kikopark Playa genie\u00dfen oder die Ruhe der Berge im Kikopark Rural erkunden.<\/p>\n<p><a class=\"btn btn btn-inv aventura_btn\" href=\"https:\/\/kikoparkrural.com\/de\/\" target=\"_self\" rel=\"noopener\"><span class=\"aventura_btn_text\">Entdecken Sie den Kikopark Rural<\/span><\/a><\/p>\n<\/div>\n<p>[\/vc_column_text][\/vc_column][vc_column width=&#8220;1\/2&#8243;][vc_single_image image=&#8220;52305&#8243; img_size=&#8220;full&#8220;][\/vc_column][\/vc_row]<\/p>\n","protected":false},"excerpt":{"rendered":"<p>[vc_row][vc_column][vc_column_text el_class=&#8220;reserva_ahora&#8220;]Buchen Sie jetzt[\/vc_column_text][\/vc_column][\/vc_row][vc_row el_id=&#8220;section&#8211;video&#8220;][vc_column][vc_column_text el_class=&#8220;rooms_titles_premium_plus&#8220; el_id=&#8220;main-title&#8220;]This Easter live the Camping Way[\/vc_column_text][vc_column_text el_class=&#8220;gastronomia_text&#8220;]Erleben Sie dieses Ostern eine Auszeit vom Alltag im Kikopark Playa unter freiem Himmel. Vom 27. M\u00e4rz bis 13. April genie\u00dfen Sie Tage voller Natur, Entspannung und Familienmomente in einer einzigartigen Umgebung direkt am Meer.[\/vc_column_text][vc_column_text] Reservieren Sie [\/vc_column_text][\/vc_column][\/vc_row][vc_row full_width=&#8220;stretch_row&#8220; gap=&#8220;10&#8243; css=&#8220;.vc_custom_1710147979279{padding-right: 10px !important;padding-left: [&hellip;]<\/p>\n","protected":false},"author":8,"featured_media":52236,"parent":0,"menu_order":0,"comment_status":"closed","ping_status":"closed","template":"","meta":{"footnotes":""},"yoast_head":"<!-- This site is optimized with the Yoast SEO plugin v22.1 - https:\/\/yoast.com\/wordpress\/plugins\/seo\/ -->\n<title>Osterfest 2026 - KIKOPARK<\/title>\n<meta name=\"robots\" content=\"index, follow, max-snippet:-1, max-image-preview:large, max-video-preview:-1\" \/>\n<link rel=\"canonical\" href=\"https:\/\/kikopark.com\/de\/osterfest-2026\/\" \/>\n<meta property=\"og:locale\" content=\"de_DE\" \/>\n<meta property=\"og:type\" content=\"article\" \/>\n<meta property=\"og:title\" content=\"Osterfest 2026 - KIKOPARK\" \/>\n<meta property=\"og:description\" content=\"[vc_row][vc_column][vc_column_text el_class=&#8220;reserva_ahora&#8220;]Buchen Sie jetzt[\/vc_column_text][\/vc_column][\/vc_row][vc_row el_id=&#8220;section&#8211;video&#8220;][vc_column][vc_column_text el_class=&#8220;rooms_titles_premium_plus&#8220; el_id=&#8220;main-title&#8220;]This Easter live the Camping Way[\/vc_column_text][vc_column_text el_class=&#8220;gastronomia_text&#8220;]Erleben Sie dieses Ostern eine Auszeit vom Alltag im Kikopark Playa unter freiem Himmel. Vom 27. M\u00e4rz bis 13. April genie\u00dfen Sie Tage voller Natur, Entspannung und Familienmomente in einer einzigartigen Umgebung direkt am Meer.[\/vc_column_text][vc_column_text] Reservieren Sie [\/vc_column_text][\/vc_column][\/vc_row][vc_row full_width=&#8220;stretch_row&#8220; gap=&#8220;10&#8243; css=&#8220;.vc_custom_1710147979279{padding-right: 10px !important;padding-left: [&hellip;]\" \/>\n<meta property=\"og:url\" content=\"https:\/\/kikopark.com\/de\/osterfest-2026\/\" \/>\n<meta property=\"og:site_name\" content=\"KIKOPARK\" \/>\n<meta property=\"article:modified_time\" content=\"2026-04-16T12:25:15+00:00\" \/>\n<meta property=\"og:image\" content=\"https:\/\/kikopark.com\/wp-content\/uploads\/2026\/03\/JR68098.jpg\" \/>\n\t<meta property=\"og:image:width\" content=\"2560\" \/>\n\t<meta property=\"og:image:height\" content=\"780\" \/>\n\t<meta property=\"og:image:type\" content=\"image\/jpeg\" \/>\n<meta name=\"twitter:card\" content=\"summary_large_image\" \/>\n<meta name=\"twitter:label1\" content=\"Gesch\u00e4tzte Lesezeit\" \/>\n\t<meta name=\"twitter:data1\" content=\"6 Minuten\" \/>\n<script type=\"application\/ld+json\" class=\"yoast-schema-graph\">{\"@context\":\"https:\/\/schema.org\",\"@graph\":[{\"@type\":\"WebPage\",\"@id\":\"https:\/\/kikopark.com\/de\/osterfest-2026\/\",\"url\":\"https:\/\/kikopark.com\/de\/osterfest-2026\/\",\"name\":\"Osterfest 2026 - KIKOPARK\",\"isPartOf\":{\"@id\":\"https:\/\/kikopark.com\/de\/#website\"},\"datePublished\":\"2026-03-25T06:57:25+00:00\",\"dateModified\":\"2026-04-16T12:25:15+00:00\",\"breadcrumb\":{\"@id\":\"https:\/\/kikopark.com\/de\/osterfest-2026\/#breadcrumb\"},\"inLanguage\":\"de-DE\",\"potentialAction\":[{\"@type\":\"ReadAction\",\"target\":[\"https:\/\/kikopark.com\/de\/osterfest-2026\/\"]}]},{\"@type\":\"BreadcrumbList\",\"@id\":\"https:\/\/kikopark.com\/de\/osterfest-2026\/#breadcrumb\",\"itemListElement\":[{\"@type\":\"ListItem\",\"position\":1,\"name\":\"Portada\",\"item\":\"https:\/\/kikopark.com\/de\/\"},{\"@type\":\"ListItem\",\"position\":2,\"name\":\"Osterfest 2026\"}]},{\"@type\":\"WebSite\",\"@id\":\"https:\/\/kikopark.com\/de\/#website\",\"url\":\"https:\/\/kikopark.com\/de\/\",\"name\":\"KIKOPARK\",\"description\":\"[:es]Website del complejo tur\u00edstico KIKOPARK en la playa de Oliva (Valencia)[:en]Website of the KIKOPARK tourist complex on the beach of Oliva (Valencia)[:de]Website des KIKOPARK Touristenkomplexes am Strand von Oliva (Valencia)[:ca]Website del complexe tur\u00edstic KIKOPARK a la platja d&#039;Oliva (Val\u00e8ncia)[:fr]Site du complexe touristique KIKOPARK sur la plage d&#039;Oliva (Valence)[:]\",\"potentialAction\":[{\"@type\":\"SearchAction\",\"target\":{\"@type\":\"EntryPoint\",\"urlTemplate\":\"https:\/\/kikopark.com\/de\/?s={search_term_string}\"},\"query-input\":\"required name=search_term_string\"}],\"inLanguage\":\"de-DE\"}]}<\/script>\n<!-- \/ Yoast SEO plugin. -->","yoast_head_json":{"title":"Osterfest 2026 - KIKOPARK","robots":{"index":"index","follow":"follow","max-snippet":"max-snippet:-1","max-image-preview":"max-image-preview:large","max-video-preview":"max-video-preview:-1"},"canonical":"https:\/\/kikopark.com\/de\/osterfest-2026\/","og_locale":"de_DE","og_type":"article","og_title":"Osterfest 2026 - KIKOPARK","og_description":"[vc_row][vc_column][vc_column_text el_class=&#8220;reserva_ahora&#8220;]Buchen Sie jetzt[\/vc_column_text][\/vc_column][\/vc_row][vc_row el_id=&#8220;section&#8211;video&#8220;][vc_column][vc_column_text el_class=&#8220;rooms_titles_premium_plus&#8220; el_id=&#8220;main-title&#8220;]This Easter live the Camping Way[\/vc_column_text][vc_column_text el_class=&#8220;gastronomia_text&#8220;]Erleben Sie dieses Ostern eine Auszeit vom Alltag im Kikopark Playa unter freiem Himmel. Vom 27. M\u00e4rz bis 13. April genie\u00dfen Sie Tage voller Natur, Entspannung und Familienmomente in einer einzigartigen Umgebung direkt am Meer.[\/vc_column_text][vc_column_text] Reservieren Sie [\/vc_column_text][\/vc_column][\/vc_row][vc_row full_width=&#8220;stretch_row&#8220; gap=&#8220;10&#8243; css=&#8220;.vc_custom_1710147979279{padding-right: 10px !important;padding-left: [&hellip;]","og_url":"https:\/\/kikopark.com\/de\/osterfest-2026\/","og_site_name":"KIKOPARK","article_modified_time":"2026-04-16T12:25:15+00:00","og_image":[{"width":2560,"height":780,"url":"https:\/\/kikopark.com\/wp-content\/uploads\/2026\/03\/JR68098.jpg","type":"image\/jpeg"}],"twitter_card":"summary_large_image","twitter_misc":{"Gesch\u00e4tzte Lesezeit":"6 Minuten"},"schema":{"@context":"https:\/\/schema.org","@graph":[{"@type":"WebPage","@id":"https:\/\/kikopark.com\/de\/osterfest-2026\/","url":"https:\/\/kikopark.com\/de\/osterfest-2026\/","name":"Osterfest 2026 - KIKOPARK","isPartOf":{"@id":"https:\/\/kikopark.com\/de\/#website"},"datePublished":"2026-03-25T06:57:25+00:00","dateModified":"2026-04-16T12:25:15+00:00","breadcrumb":{"@id":"https:\/\/kikopark.com\/de\/osterfest-2026\/#breadcrumb"},"inLanguage":"de-DE","potentialAction":[{"@type":"ReadAction","target":["https:\/\/kikopark.com\/de\/osterfest-2026\/"]}]},{"@type":"BreadcrumbList","@id":"https:\/\/kikopark.com\/de\/osterfest-2026\/#breadcrumb","itemListElement":[{"@type":"ListItem","position":1,"name":"Portada","item":"https:\/\/kikopark.com\/de\/"},{"@type":"ListItem","position":2,"name":"Osterfest 2026"}]},{"@type":"WebSite","@id":"https:\/\/kikopark.com\/de\/#website","url":"https:\/\/kikopark.com\/de\/","name":"KIKOPARK","description":"[:es]Website del complejo tur\u00edstico KIKOPARK en la playa de Oliva (Valencia)[:en]Website of the KIKOPARK tourist complex on the beach of Oliva (Valencia)[:de]Website des KIKOPARK Touristenkomplexes am Strand von Oliva (Valencia)[:ca]Website del complexe tur\u00edstic KIKOPARK a la platja d&#039;Oliva (Val\u00e8ncia)[:fr]Site du complexe touristique KIKOPARK sur la plage d&#039;Oliva (Valence)[:]","potentialAction":[{"@type":"SearchAction","target":{"@type":"EntryPoint","urlTemplate":"https:\/\/kikopark.com\/de\/?s={search_term_string}"},"query-input":"required name=search_term_string"}],"inLanguage":"de-DE"}]}},"_links":{"self":[{"href":"https:\/\/kikopark.com\/de\/wp-json\/wp\/v2\/pages\/52167"}],"collection":[{"href":"https:\/\/kikopark.com\/de\/wp-json\/wp\/v2\/pages"}],"about":[{"href":"https:\/\/kikopark.com\/de\/wp-json\/wp\/v2\/types\/page"}],"author":[{"embeddable":true,"href":"https:\/\/kikopark.com\/de\/wp-json\/wp\/v2\/users\/8"}],"replies":[{"embeddable":true,"href":"https:\/\/kikopark.com\/de\/wp-json\/wp\/v2\/comments?post=52167"}],"version-history":[{"count":26,"href":"https:\/\/kikopark.com\/de\/wp-json\/wp\/v2\/pages\/52167\/revisions"}],"predecessor-version":[{"id":52418,"href":"https:\/\/kikopark.com\/de\/wp-json\/wp\/v2\/pages\/52167\/revisions\/52418"}],"wp:featuredmedia":[{"embeddable":true,"href":"https:\/\/kikopark.com\/de\/wp-json\/wp\/v2\/media\/52236"}],"wp:attachment":[{"href":"https:\/\/kikopark.com\/de\/wp-json\/wp\/v2\/media?parent=52167"}],"curies":[{"name":"wp","href":"https:\/\/api.w.org\/{rel}","templated":true}]}}