{"id":8701,"date":"2021-12-09T18:20:55","date_gmt":"2021-12-09T16:20:55","guid":{"rendered":"https:\/\/kikopark.com\/terminos-y-condiciones\/"},"modified":"2025-02-11T12:37:21","modified_gmt":"2025-02-11T10:37:21","slug":"geschaeftsbedingungen","status":"publish","type":"page","link":"https:\/\/kikopark.com\/de\/geschaeftsbedingungen\/","title":{"rendered":"Gesch\u00e4ftsbedingungen"},"content":{"rendered":"<p>[vc_row el_class=&#8220;privacidad_container&#8220;][vc_column][vc_column_text]<\/p>\n<h2>ZWECK<\/h2>\n<p>Diese Allgemeinen Gesch\u00e4ftsbedingungen regeln den Erwerb der auf der Website www.kikopark.com angebotenen Dienste, die Eigentum von KIKO TUR, S.L. (im Folgenden Kikopark Playa) ist.<\/p>\n<p>Der Erwerb eines der Dienste setzt die vollst\u00e4ndige und vorbehaltlose Annahme aller angegebenen Allgemeinen Gesch\u00e4ftsbedingungen voraus, unbeschadet der Annahme der besonderen Gesch\u00e4ftsbedingungen, die beim Erwerb bestimmter Produkte gelten k\u00f6nnen.<\/p>\n<p>Diese Allgemeinen Gesch\u00e4ftsbedingungen k\u00f6nnen ohne vorherige Ank\u00fcndigung ge\u00e4ndert werden. Daher ist es ratsam, ihren Inhalt sorgf\u00e4ltig zu lesen, bevor Sie mit dem Erwerb eines der angebotenen Produkte fortfahren.<\/p>\n<h2>IDENTIFIZIERUNG<\/h2>\n<p>Kikopark Playa informiert Sie in \u00dcbereinstimmung mit dem Gesetz 34\/2002 vom 11. Juli \u00fcber Dienste der Informationsgesellschaft und elektronischen Handel, dass:<\/p>\n<p>Der Firmenname lautet: KIKO TUR, S.L. Der Handelsname lautet: Kikopark Playa<\/p>\n<p>Die Steuernummer lautet: B96625322<\/p>\n<p>Der eingetragene Firmensitz befindet sich in: C\/ ASSAGADOR DE CARRO, No2- 46780 OLIVA &#8211; VALENCIA (SPANIEN).<\/p>\n<h2>KOMMUNIKATION<\/h2>\n<p>Um mit uns zu kommunizieren, stellen wir Ihnen verschiedene Kontaktm\u00f6glichkeiten zur Verf\u00fcgung, die wir im Folgenden n\u00e4her beschreiben:<\/p>\n<p>Anruf unter der Telefonnummer: 96.285.09.05<\/p>\n<p>Senden einer E-Mail an info@kikopark.com<\/p>\n<p>Alle Benachrichtigungen und Mitteilungen zwischen Benutzern und Kikopark Playa gelten f\u00fcr alle Zwecke als wirksam, wenn sie \u00fcber eines der oben beschriebenen Mittel erfolgen.<\/p>\n<h2>DIENSTLEISTUNGEN<\/h2>\n<p>Die angebotenen Dienstleistungen werden zusammen mit ihren Hauptmerkmalen und ihrem Preis auf dem Bildschirm angezeigt. Kikopark Playa beh\u00e4lt sich das Recht vor, jederzeit zu entscheiden, welche Dienstleistungen den Kunden angeboten werden. Auf diese Weise kann Kikopark Playa jederzeit neue Dienstleistungen zu den derzeit angebotenen hinzuf\u00fcgen. Ebenso beh\u00e4lt sich Kikopark Playa das Recht vor, die angebotenen Dienste jederzeit und ohne Vorank\u00fcndigung zur\u00fcckzuziehen oder einzustellen.<\/p>\n<p>Sobald der Benutzer auf www.kikopark.com ist und auf die Reservierungsanfrage zugreifen kann, muss er alle angegebenen Anweisungen befolgen, was bedeutet, dass er alle allgemeinen und besonderen Bedingungen von www.kikopark.com liest und akzeptiert.<\/p>\n<h2>RESERVIERUNGSBEDINGUNGEN<\/h2>\n<p>Um eine Reservierung auf www.kikopark.com vorzunehmen, muss der Kunde vollj\u00e4hrig sein.<\/p>\n<p>Kikopark Playa bietet die M\u00f6glichkeit, die Reservierung \u00fcber ein Webformular sowie per E-Mail, telefonisch oder sogar pers\u00f6nlich vorzunehmen.<\/p>\n<p>Um die Reservierung \u00fcber das Webformular vorzunehmen, muss der Benutzer die folgenden Schritte befolgen:<\/p>\n<h3>VERTRAGSABSCHLUSSVERFAHREN<\/h3>\n<p>Schritt 1. Auswahl des Zimmers. Sie m\u00fcssen das Zimmer angeben, an dem Sie interessiert sind, den An- und Abreisetag, die Anzahl der N\u00e4chte, die Anzahl der Zimmer, die Anzahl der Personen pro Zimmer sowie den von Ihnen bevorzugten Verpflegungsplan aus den angebotenen. <\/p>\n<p>Schritt 2. Gastdaten. Unabh\u00e4ngig davon, ob Sie zus\u00e4tzliche Dienstleistungen gebucht haben oder nicht, m\u00fcssen Sie bei der Fortsetzung der Reservierung die angeforderten pers\u00f6nlichen Daten angeben. Sobald alle erforderlichen Felder ausgef\u00fcllt sind, m\u00fcssen Sie auf die Schaltfl\u00e4che \u201eReservierung best\u00e4tigen\u201c klicken, damit die eingegebenen Daten gesendet werden.  <\/p>\n<p>Schritt 3. Best\u00e4tigung der Reservierung. Sobald die Daten nach dem Klicken auf die Schaltfl\u00e4che \u201eReservierung best\u00e4tigen\u201c eingegangen sind, erhalten Sie eine E-Mail zur Best\u00e4tigung der Reservierung. <\/p>\n<h3>PREISE, KOSTEN UND STEUERN<\/h3>\n<p>Die Preise der auf www.kikopark.com aufgef\u00fchrten Reservierungen werden in Euro angegeben, sofern nicht anders angegeben, und sind w\u00e4hrend der G\u00fcltigkeitsdauer derselben garantiert, mit Ausnahme von Druckfehlern und unabh\u00e4ngig vom Bestimmungsort der Bestellung.<\/p>\n<p>Die Produkte enthalten die Mehrwertsteuer. Der Mehrwertsteuersatz betr\u00e4gt 21 %.<\/p>\n<p>Um die Reservierung wirksam zu machen, wird der Betrag in H\u00f6he von 30 % des Gesamtbetrags der Reservierung vom Konto oder der Bankkarte des Kunden abgebucht.<\/p>\n<h3>ZAHLUNGSMETHODEN<\/h3>\n<p>Sowohl pers\u00f6nliche als auch Bankdaten werden mit allen Sicherheitsma\u00dfnahmen gesch\u00fctzt, die in der Verordnung (EU) 2016\/679 des Europ\u00e4ischen Parlaments und des Rates vom 27. April 2016 zum Schutz nat\u00fcrlicher Personen (RGPD) und im Organgesetz 3\/2018 vom 6. Dezember zum Schutz personenbezogener Daten und zur Gew\u00e4hrleistung digitaler Rechte festgelegt sind.<\/p>\n<p>Wir bieten Ihnen die folgenden Zahlungsmethoden an:<\/p>\n<p><strong>Per Kredit- oder Debitkarte<\/strong><\/p>\n<p>Sie k\u00f6nnen die Zahlung sofort \u00fcber das sichere SSL-Zahlungsportal unserer Bank vornehmen. Sollte eine R\u00fcckgabe oder Stornierung der Bestellung erforderlich sein, wird der Betrag \u00fcber dieselbe Zahlungskarte zur\u00fcckerstattet. <\/p>\n<p>Kikopark Playa akzeptiert Zahlungen mit VISA, Verified by VISA, MasterCard und MasterCard SecureCode. Die Bank, die die Karte ausstellt, muss in Spanien ans\u00e4ssig sein. Bei der Bestellung gibt der Kunde seine Kartendaten an, die w\u00e4hrend des Kaufvorgangs direkt im 4B-Gateway gespeichert werden. Kikopark Playa speichert keine Kreditkarteninformationen. Aus internen Gr\u00fcnden der Organisation wird das Inkassomanagement \u00fcber die Banco Santander durchgef\u00fchrt, ohne dass dies Auswirkungen auf den Kunden hat.    <\/p>\n<p><strong>Per Bank\u00fcberweisung<\/strong><\/p>\n<p>Sie k\u00f6nnen die Zahlung per Bank\u00fcberweisung vornehmen. Dazu muss der Kunde innerhalb von 24 Stunden nach der Reservierung einen \u00dcberweisungsnachweis senden, damit diese wirksam wird. Falls Kikopark Playa innerhalb dieser Frist den oben genannten Beleg nicht erhalten hat, wird die Reservierung freigegeben.  <\/p>\n<h3>STORNIERUNGS-, R\u00dcCKGABE- UND WIDERRUFSBEDINGUNGEN<\/h3>\n<p>Gem\u00e4\u00df den Bestimmungen haben Verbraucher und Benutzer das Recht, innerhalb von maximal 14 Kalendertagen vom Vertrag zur\u00fcckzutreten, ohne einen Grund angeben zu m\u00fcssen und ohne dass Kosten entstehen, mit Ausnahme der in Art. 107.2 und 108 von RD1\/2007 vom 16. November vorgesehenen, die den oben genannten Text des Allgemeinen Gesetzes zum Schutz von Verbrauchern und Benutzern billigen.<\/p>\n<p>Die Stornierung der Reservierung bringt die folgenden m\u00f6glichen Kosten mit sich:<\/p>\n<p>Wenn die Stornierung weniger als 30 Tage vor dem Reservierungsdatum erfolgt, berechnet Kikopark Playa 5 % des Gesamtwerts des vereinbarten Aufenthalts.<\/p>\n<p>Bei einer Stornierung innerhalb von 7 Tagen vor dem Reservierungsdatum berechnet Kikopark Playa 15 % des Gesamtwerts des gebuchten Aufenthalts.<\/p>\n<p>Bei Stornierungen innerhalb von 7 Tagen vor dem Reservierungsdatum berechnet Kikopark Playa 30 % des Gesamtwerts des gebuchten Aufenthalts.<\/p>\n<h2>KUNDENDIENST UND BESCHWERDEN<\/h2>\n<p>Um eine Beschwerde oder Forderung an Kikopark Playa zu richten, muss der Kunde sich an das Kundenserviceb\u00fcro in C\/ Assagador de Carro, Nr. 2, 46780 Oliva (Valencia) wenden oder eine E-Mail an info@kikopark.com senden. Gem\u00e4\u00df der Online-Streitbeilegung f\u00fcr Verbraucher der EU und gem\u00e4\u00df Art. 14.1 der Verordnung (EU) 524\/2013 informieren wir Sie, dass die Europ\u00e4ische Kommission allen Verbrauchern eine Online-Streitbeilegungsplattform unter folgendem Link zur Verf\u00fcgung stellt: http:\/\/ec.europa.eu\/consumers\/odr\/.<\/p>\n<h2>GELTENDE GESETZGEBUNG<\/h2>\n<p>Diese Bedingungen unterliegen der geltenden spanischen Gesetzgebung. Die Parteien vereinbaren, etwaige Streitigkeiten nach eigenem Ermessen und unter ausdr\u00fccklichem Verzicht auf andere Gerichtsbarkeiten den Gerichten am Wohnsitz des Nutzers zuzuordnen. [\/vc_column_text][\/vc_column][\/vc_row]<\/p>\n","protected":false},"excerpt":{"rendered":"<p>[vc_row el_class=&#8220;privacidad_container&#8220;][vc_column][vc_column_text] ZWECK Diese Allgemeinen Gesch\u00e4ftsbedingungen regeln den Erwerb der auf der Website www.kikopark.com angebotenen Dienste, die Eigentum von KIKO TUR, S.L. (im Folgenden Kikopark Playa) ist. Der Erwerb eines der Dienste setzt die vollst\u00e4ndige und vorbehaltlose Annahme aller angegebenen Allgemeinen Gesch\u00e4ftsbedingungen voraus, unbeschadet der Annahme der besonderen Gesch\u00e4ftsbedingungen, die beim Erwerb bestimmter Produkte gelten [&hellip;]<\/p>\n","protected":false},"author":8,"featured_media":4460,"parent":0,"menu_order":0,"comment_status":"closed","ping_status":"closed","template":"","meta":{"footnotes":""},"yoast_head":"<!-- This site is optimized with the Yoast SEO plugin v22.1 - https:\/\/yoast.com\/wordpress\/plugins\/seo\/ -->\n<title>Gesch\u00e4ftsbedingungen - KIKOPARK<\/title>\n<meta name=\"robots\" content=\"noindex, nofollow\" \/>\n<meta property=\"og:locale\" content=\"de_DE\" \/>\n<meta property=\"og:type\" content=\"article\" \/>\n<meta property=\"og:title\" content=\"Gesch\u00e4ftsbedingungen - KIKOPARK\" \/>\n<meta property=\"og:description\" content=\"[vc_row el_class=&#8220;privacidad_container&#8220;][vc_column][vc_column_text] ZWECK Diese Allgemeinen Gesch\u00e4ftsbedingungen regeln den Erwerb der auf der Website www.kikopark.com angebotenen Dienste, die Eigentum von KIKO TUR, S.L. (im Folgenden Kikopark Playa) ist. Der Erwerb eines der Dienste setzt die vollst\u00e4ndige und vorbehaltlose Annahme aller angegebenen Allgemeinen Gesch\u00e4ftsbedingungen voraus, unbeschadet der Annahme der besonderen Gesch\u00e4ftsbedingungen, die beim Erwerb bestimmter Produkte gelten [&hellip;]\" \/>\n<meta property=\"og:url\" content=\"https:\/\/kikopark.com\/de\/geschaeftsbedingungen\/\" \/>\n<meta property=\"og:site_name\" content=\"KIKOPARK\" \/>\n<meta property=\"article:modified_time\" content=\"2025-02-11T10:37:21+00:00\" \/>\n<meta property=\"og:image\" content=\"https:\/\/kikopark.com\/wp-content\/uploads\/2021\/11\/Apartamentosx2_transparencia_negra.jpg\" \/>\n\t<meta property=\"og:image:width\" content=\"2560\" \/>\n\t<meta property=\"og:image:height\" content=\"1402\" \/>\n\t<meta property=\"og:image:type\" content=\"image\/jpeg\" \/>\n<meta name=\"twitter:card\" content=\"summary_large_image\" \/>\n<meta name=\"twitter:label1\" content=\"Gesch\u00e4tzte Lesezeit\" \/>\n\t<meta name=\"twitter:data1\" content=\"7 Minuten\" \/>\n<script type=\"application\/ld+json\" class=\"yoast-schema-graph\">{\"@context\":\"https:\/\/schema.org\",\"@graph\":[{\"@type\":\"WebPage\",\"@id\":\"https:\/\/kikopark.com\/de\/geschaeftsbedingungen\/\",\"url\":\"https:\/\/kikopark.com\/de\/geschaeftsbedingungen\/\",\"name\":\"Gesch\u00e4ftsbedingungen - KIKOPARK\",\"isPartOf\":{\"@id\":\"https:\/\/kikopark.com\/de\/#website\"},\"datePublished\":\"2021-12-09T16:20:55+00:00\",\"dateModified\":\"2025-02-11T10:37:21+00:00\",\"breadcrumb\":{\"@id\":\"https:\/\/kikopark.com\/de\/geschaeftsbedingungen\/#breadcrumb\"},\"inLanguage\":\"de-DE\",\"potentialAction\":[{\"@type\":\"ReadAction\",\"target\":[\"https:\/\/kikopark.com\/de\/geschaeftsbedingungen\/\"]}]},{\"@type\":\"BreadcrumbList\",\"@id\":\"https:\/\/kikopark.com\/de\/geschaeftsbedingungen\/#breadcrumb\",\"itemListElement\":[{\"@type\":\"ListItem\",\"position\":1,\"name\":\"Portada\",\"item\":\"https:\/\/kikopark.com\/de\/\"},{\"@type\":\"ListItem\",\"position\":2,\"name\":\"Gesch\u00e4ftsbedingungen\"}]},{\"@type\":\"WebSite\",\"@id\":\"https:\/\/kikopark.com\/de\/#website\",\"url\":\"https:\/\/kikopark.com\/de\/\",\"name\":\"KIKOPARK\",\"description\":\"[:es]Website del complejo tur\u00edstico KIKOPARK en la playa de Oliva (Valencia)[:en]Website of the KIKOPARK tourist complex on the beach of Oliva (Valencia)[:de]Website des KIKOPARK Touristenkomplexes am Strand von Oliva (Valencia)[:ca]Website del complexe tur\u00edstic KIKOPARK a la platja d&#039;Oliva (Val\u00e8ncia)[:fr]Site du complexe touristique KIKOPARK sur la plage d&#039;Oliva (Valence)[:]\",\"potentialAction\":[{\"@type\":\"SearchAction\",\"target\":{\"@type\":\"EntryPoint\",\"urlTemplate\":\"https:\/\/kikopark.com\/de\/?s={search_term_string}\"},\"query-input\":\"required name=search_term_string\"}],\"inLanguage\":\"de-DE\"}]}<\/script>\n<!-- \/ Yoast SEO plugin. -->","yoast_head_json":{"title":"Gesch\u00e4ftsbedingungen - KIKOPARK","robots":{"index":"noindex","follow":"nofollow"},"og_locale":"de_DE","og_type":"article","og_title":"Gesch\u00e4ftsbedingungen - KIKOPARK","og_description":"[vc_row el_class=&#8220;privacidad_container&#8220;][vc_column][vc_column_text] ZWECK Diese Allgemeinen Gesch\u00e4ftsbedingungen regeln den Erwerb der auf der Website www.kikopark.com angebotenen Dienste, die Eigentum von KIKO TUR, S.L. (im Folgenden Kikopark Playa) ist. Der Erwerb eines der Dienste setzt die vollst\u00e4ndige und vorbehaltlose Annahme aller angegebenen Allgemeinen Gesch\u00e4ftsbedingungen voraus, unbeschadet der Annahme der besonderen Gesch\u00e4ftsbedingungen, die beim Erwerb bestimmter Produkte gelten [&hellip;]","og_url":"https:\/\/kikopark.com\/de\/geschaeftsbedingungen\/","og_site_name":"KIKOPARK","article_modified_time":"2025-02-11T10:37:21+00:00","og_image":[{"width":2560,"height":1402,"url":"https:\/\/kikopark.com\/wp-content\/uploads\/2021\/11\/Apartamentosx2_transparencia_negra.jpg","type":"image\/jpeg"}],"twitter_card":"summary_large_image","twitter_misc":{"Gesch\u00e4tzte Lesezeit":"7 Minuten"},"schema":{"@context":"https:\/\/schema.org","@graph":[{"@type":"WebPage","@id":"https:\/\/kikopark.com\/de\/geschaeftsbedingungen\/","url":"https:\/\/kikopark.com\/de\/geschaeftsbedingungen\/","name":"Gesch\u00e4ftsbedingungen - KIKOPARK","isPartOf":{"@id":"https:\/\/kikopark.com\/de\/#website"},"datePublished":"2021-12-09T16:20:55+00:00","dateModified":"2025-02-11T10:37:21+00:00","breadcrumb":{"@id":"https:\/\/kikopark.com\/de\/geschaeftsbedingungen\/#breadcrumb"},"inLanguage":"de-DE","potentialAction":[{"@type":"ReadAction","target":["https:\/\/kikopark.com\/de\/geschaeftsbedingungen\/"]}]},{"@type":"BreadcrumbList","@id":"https:\/\/kikopark.com\/de\/geschaeftsbedingungen\/#breadcrumb","itemListElement":[{"@type":"ListItem","position":1,"name":"Portada","item":"https:\/\/kikopark.com\/de\/"},{"@type":"ListItem","position":2,"name":"Gesch\u00e4ftsbedingungen"}]},{"@type":"WebSite","@id":"https:\/\/kikopark.com\/de\/#website","url":"https:\/\/kikopark.com\/de\/","name":"KIKOPARK","description":"[:es]Website del complejo tur\u00edstico KIKOPARK en la playa de Oliva (Valencia)[:en]Website of the KIKOPARK tourist complex on the beach of Oliva (Valencia)[:de]Website des KIKOPARK Touristenkomplexes am Strand von Oliva (Valencia)[:ca]Website del complexe tur\u00edstic KIKOPARK a la platja d&#039;Oliva (Val\u00e8ncia)[:fr]Site du complexe touristique KIKOPARK sur la plage d&#039;Oliva (Valence)[:]","potentialAction":[{"@type":"SearchAction","target":{"@type":"EntryPoint","urlTemplate":"https:\/\/kikopark.com\/de\/?s={search_term_string}"},"query-input":"required name=search_term_string"}],"inLanguage":"de-DE"}]}},"_links":{"self":[{"href":"https:\/\/kikopark.com\/de\/wp-json\/wp\/v2\/pages\/8701"}],"collection":[{"href":"https:\/\/kikopark.com\/de\/wp-json\/wp\/v2\/pages"}],"about":[{"href":"https:\/\/kikopark.com\/de\/wp-json\/wp\/v2\/types\/page"}],"author":[{"embeddable":true,"href":"https:\/\/kikopark.com\/de\/wp-json\/wp\/v2\/users\/8"}],"replies":[{"embeddable":true,"href":"https:\/\/kikopark.com\/de\/wp-json\/wp\/v2\/comments?post=8701"}],"version-history":[{"count":10,"href":"https:\/\/kikopark.com\/de\/wp-json\/wp\/v2\/pages\/8701\/revisions"}],"predecessor-version":[{"id":50529,"href":"https:\/\/kikopark.com\/de\/wp-json\/wp\/v2\/pages\/8701\/revisions\/50529"}],"wp:featuredmedia":[{"embeddable":true,"href":"https:\/\/kikopark.com\/de\/wp-json\/wp\/v2\/media\/4460"}],"wp:attachment":[{"href":"https:\/\/kikopark.com\/de\/wp-json\/wp\/v2\/media?parent=8701"}],"curies":[{"name":"wp","href":"https:\/\/api.w.org\/{rel}","templated":true}]}}