{"id":23591,"date":"2023-02-13T14:08:01","date_gmt":"2023-02-13T12:08:01","guid":{"rendered":"https:\/\/kikopark.com\/surroundings\/"},"modified":"2024-09-30T17:29:59","modified_gmt":"2024-09-30T15:29:59","slug":"surroundings","status":"publish","type":"page","link":"https:\/\/kikopark.com\/en\/surroundings\/","title":{"rendered":"Surroundings"},"content":{"rendered":"<p>[vc_row el_class=&#8221;room_info&#8221;][vc_column width=&#8221;1\/2&#8243;][vc_column_text]<\/p>\n<h2 class=\"kampexperience_title\">A unique location<\/h2>\n<p class=\"kampexperience_text\">Breeze, calm and views of the Mediterranean Sea combine to offer you the perfect setting to unwind and enjoy quality time with your loved ones. Imagine relaxing on a sunbed, feeling the soft golden sand under your feet, while you feel the soothing sound of the waves and the sea breeze.<\/p>\n<p class=\"kampexperience_text\">The 9-kilometre-long Oliva coastline invites you to explore its magnificent beaches of fine, golden sand, characterised by clear, shallow water. The extensive dunes that protect the beach add a touch of natural beauty and create an immersive atmosphere. Fall in love with every corner of our surroundings, and enjoy a unique experience.<\/p>\n<p>[\/vc_column_text][\/vc_column][vc_column width=&#8221;1\/2&#8243; el_class=&#8221;kampexperience_img&#8221;][vc_single_image image=&#8221;47305&#8243; img_size=&#8221;full&#8221;][\/vc_column][\/vc_row][vc_row equal_height=&#8221;yes&#8221; el_class=&#8221;aventura_icon_container_par&#8221;][vc_column width=&#8221;1\/2&#8243; el_class=&#8221;kampexperience_img&#8221;][vc_single_image image=&#8221;47309&#8243; img_size=&#8221;full&#8221;][\/vc_column][vc_column width=&#8221;1\/2&#8243;][vc_column_text]<\/p>\n<div class=\"kampexperience_aventura_der\">\n<h2 class=\"aventura_title\">Oliva Town<\/h2>\n<p class=\"aventura_text\">Oliva is a Mediterranean town that offers a rich combination of traditions and modernity through its heritage, festivals, markets and gastronomy.<\/p>\n<p class=\"aventura_text\">One of the main attractions of Oliva is its old town. The town is located on the slopes of a mountain, dominated by the imposing ruins of a medieval fortress of Muslim origin, which offers panoramic views and a glimpse of the rich historical legacy of the region.<\/p>\n<p class=\"aventura_text\">In addition, Oliva stands out for its festivities, which form an essential part of the social and cultural fabric of the city, colorful parades, food festivals and cultural events.<\/p>\n<p class=\"aventura_text\">All in all, the mix of historical heritage, lively festivities and a rich gastronomic offer makes Oliva a unique and fascinating destination, ideal for those looking for an authentic experience on the Mediterranean coast.<\/p>\n<\/div>\n<p>[\/vc_column_text][\/vc_column][\/vc_row][vc_row equal_height=&#8221;yes&#8221; el_class=&#8221;entorno_icon_container&#8221;][vc_column width=&#8221;1\/2&#8243;][vc_column_text]<\/p>\n<div class=\"kampexperience_aventura_izq\">\n<h2 class=\"aventura_title\">Natural sites<\/h2>\n<p class=\"aventura_text\">The symbol of the city and the region is the La Marjal Pego-Oliva Natural Park, an exceptional wetland that houses a unique ecosystem. Just 5 km from Kikopark, this park offers a perfect excursion. Its biological and landscape diversity make it an ideal destination for nature lovers and bird watchers.<\/p>\n<p class=\"aventura_text\">Another must-see place is La Font Salada, an underground hot spring located near the La Marjal Pego-Oliva Natural Park. With a constant temperature of around 23\u00baC throughout the year, its waters are known for their beneficial properties for dermatological problems and for general well-being.<\/p>\n<p class=\"aventura_text\">In addition, the region offers a variety of hiking routes that will allow you to explore the beautiful surrounding landscapes. Don&#8217;t miss the opportunity to visit the Gallinera, Ebo or Alcal\u00e0 valley, as well as the majestic Montg\u00f3. These routes will give you stunning views and a deep connection with the surrounding environment.<\/p>\n<\/div>\n<p>[\/vc_column_text][\/vc_column][vc_column width=&#8221;1\/2&#8243; el_class=&#8221;kampexperience_img&#8221;][vc_single_image image=&#8221;47313&#8243; img_size=&#8221;full&#8221;][\/vc_column][\/vc_row]<\/p>\n","protected":false},"excerpt":{"rendered":"<p>[vc_row el_class=&#8221;room_info&#8221;][vc_column width=&#8221;1\/2&#8243;][vc_column_text] A unique location Breeze, calm and views of the Mediterranean Sea combine to offer you the perfect setting to unwind and enjoy quality time with your loved ones. Imagine relaxing on a sunbed, feeling the soft golden sand under your feet, while you feel the soothing sound of the waves and the [&hellip;]<\/p>\n","protected":false},"author":8,"featured_media":47317,"parent":0,"menu_order":0,"comment_status":"closed","ping_status":"closed","template":"","meta":{"footnotes":""},"yoast_head":"<!-- This site is optimized with the Yoast SEO plugin v22.1 - https:\/\/yoast.com\/wordpress\/plugins\/seo\/ -->\n<title>Historia, gastronom\u00eda, riqueza geogr\u00e1fica y tranquilidad. KIKOPARK.<\/title>\n<meta name=\"description\" content=\"Ven a conocernos y disfruta de nuestra historia, gastronom\u00eda, de su tranquilidad y de la zona geograf\u00eda que nos envuelve. KIKOPARK.\" \/>\n<meta name=\"robots\" content=\"index, follow, max-snippet:-1, max-image-preview:large, max-video-preview:-1\" \/>\n<link rel=\"canonical\" href=\"https:\/\/kikopark.com\/en\/surroundings\/\" \/>\n<meta property=\"og:locale\" content=\"en_US\" \/>\n<meta property=\"og:type\" content=\"article\" \/>\n<meta property=\"og:title\" content=\"Historia, gastronom\u00eda, riqueza geogr\u00e1fica y tranquilidad. KIKOPARK.\" \/>\n<meta property=\"og:description\" content=\"Ven a conocernos y disfruta de nuestra historia, gastronom\u00eda, de su tranquilidad y de la zona geograf\u00eda que nos envuelve. KIKOPARK.\" \/>\n<meta property=\"og:url\" content=\"https:\/\/kikopark.com\/en\/surroundings\/\" \/>\n<meta property=\"og:site_name\" content=\"KIKOPARK\" \/>\n<meta property=\"article:modified_time\" content=\"2024-09-30T15:29:59+00:00\" \/>\n<meta property=\"og:image\" content=\"https:\/\/kikopark.com\/wp-content\/uploads\/2024\/09\/CABECERA-4.jpg\" \/>\n\t<meta property=\"og:image:width\" content=\"2560\" \/>\n\t<meta property=\"og:image:height\" content=\"932\" \/>\n\t<meta property=\"og:image:type\" content=\"image\/jpeg\" \/>\n<meta name=\"twitter:card\" content=\"summary_large_image\" \/>\n<meta name=\"twitter:label1\" content=\"Est. reading time\" \/>\n\t<meta name=\"twitter:data1\" content=\"3 minutes\" \/>\n<script type=\"application\/ld+json\" class=\"yoast-schema-graph\">{\"@context\":\"https:\/\/schema.org\",\"@graph\":[{\"@type\":\"WebPage\",\"@id\":\"https:\/\/kikopark.com\/en\/surroundings\/\",\"url\":\"https:\/\/kikopark.com\/en\/surroundings\/\",\"name\":\"Historia, gastronom\u00eda, riqueza geogr\u00e1fica y tranquilidad. KIKOPARK.\",\"isPartOf\":{\"@id\":\"https:\/\/kikopark.com\/en\/#website\"},\"datePublished\":\"2023-02-13T12:08:01+00:00\",\"dateModified\":\"2024-09-30T15:29:59+00:00\",\"description\":\"Ven a conocernos y disfruta de nuestra historia, gastronom\u00eda, de su tranquilidad y de la zona geograf\u00eda que nos envuelve. KIKOPARK.\",\"breadcrumb\":{\"@id\":\"https:\/\/kikopark.com\/en\/surroundings\/#breadcrumb\"},\"inLanguage\":\"en-US\",\"potentialAction\":[{\"@type\":\"ReadAction\",\"target\":[\"https:\/\/kikopark.com\/en\/surroundings\/\"]}]},{\"@type\":\"BreadcrumbList\",\"@id\":\"https:\/\/kikopark.com\/en\/surroundings\/#breadcrumb\",\"itemListElement\":[{\"@type\":\"ListItem\",\"position\":1,\"name\":\"Portada\",\"item\":\"https:\/\/kikopark.com\/en\/\"},{\"@type\":\"ListItem\",\"position\":2,\"name\":\"Surroundings\"}]},{\"@type\":\"WebSite\",\"@id\":\"https:\/\/kikopark.com\/en\/#website\",\"url\":\"https:\/\/kikopark.com\/en\/\",\"name\":\"KIKOPARK\",\"description\":\"[:es]Website del complejo tur\u00edstico KIKOPARK en la playa de Oliva (Valencia)[:en]Website of the KIKOPARK tourist complex on the beach of Oliva (Valencia)[:de]Website des KIKOPARK Touristenkomplexes am Strand von Oliva (Valencia)[:ca]Website del complexe tur\u00edstic KIKOPARK a la platja d&#039;Oliva (Val\u00e8ncia)[:fr]Site du complexe touristique KIKOPARK sur la plage d&#039;Oliva (Valence)[:]\",\"potentialAction\":[{\"@type\":\"SearchAction\",\"target\":{\"@type\":\"EntryPoint\",\"urlTemplate\":\"https:\/\/kikopark.com\/en\/?s={search_term_string}\"},\"query-input\":\"required name=search_term_string\"}],\"inLanguage\":\"en-US\"}]}<\/script>\n<!-- \/ Yoast SEO plugin. -->","yoast_head_json":{"title":"Historia, gastronom\u00eda, riqueza geogr\u00e1fica y tranquilidad. KIKOPARK.","description":"Ven a conocernos y disfruta de nuestra historia, gastronom\u00eda, de su tranquilidad y de la zona geograf\u00eda que nos envuelve. KIKOPARK.","robots":{"index":"index","follow":"follow","max-snippet":"max-snippet:-1","max-image-preview":"max-image-preview:large","max-video-preview":"max-video-preview:-1"},"canonical":"https:\/\/kikopark.com\/en\/surroundings\/","og_locale":"en_US","og_type":"article","og_title":"Historia, gastronom\u00eda, riqueza geogr\u00e1fica y tranquilidad. KIKOPARK.","og_description":"Ven a conocernos y disfruta de nuestra historia, gastronom\u00eda, de su tranquilidad y de la zona geograf\u00eda que nos envuelve. KIKOPARK.","og_url":"https:\/\/kikopark.com\/en\/surroundings\/","og_site_name":"KIKOPARK","article_modified_time":"2024-09-30T15:29:59+00:00","og_image":[{"width":2560,"height":932,"url":"https:\/\/kikopark.com\/wp-content\/uploads\/2024\/09\/CABECERA-4.jpg","type":"image\/jpeg"}],"twitter_card":"summary_large_image","twitter_misc":{"Est. reading time":"3 minutes"},"schema":{"@context":"https:\/\/schema.org","@graph":[{"@type":"WebPage","@id":"https:\/\/kikopark.com\/en\/surroundings\/","url":"https:\/\/kikopark.com\/en\/surroundings\/","name":"Historia, gastronom\u00eda, riqueza geogr\u00e1fica y tranquilidad. KIKOPARK.","isPartOf":{"@id":"https:\/\/kikopark.com\/en\/#website"},"datePublished":"2023-02-13T12:08:01+00:00","dateModified":"2024-09-30T15:29:59+00:00","description":"Ven a conocernos y disfruta de nuestra historia, gastronom\u00eda, de su tranquilidad y de la zona geograf\u00eda que nos envuelve. KIKOPARK.","breadcrumb":{"@id":"https:\/\/kikopark.com\/en\/surroundings\/#breadcrumb"},"inLanguage":"en-US","potentialAction":[{"@type":"ReadAction","target":["https:\/\/kikopark.com\/en\/surroundings\/"]}]},{"@type":"BreadcrumbList","@id":"https:\/\/kikopark.com\/en\/surroundings\/#breadcrumb","itemListElement":[{"@type":"ListItem","position":1,"name":"Portada","item":"https:\/\/kikopark.com\/en\/"},{"@type":"ListItem","position":2,"name":"Surroundings"}]},{"@type":"WebSite","@id":"https:\/\/kikopark.com\/en\/#website","url":"https:\/\/kikopark.com\/en\/","name":"KIKOPARK","description":"[:es]Website del complejo tur\u00edstico KIKOPARK en la playa de Oliva (Valencia)[:en]Website of the KIKOPARK tourist complex on the beach of Oliva (Valencia)[:de]Website des KIKOPARK Touristenkomplexes am Strand von Oliva (Valencia)[:ca]Website del complexe tur\u00edstic KIKOPARK a la platja d&#039;Oliva (Val\u00e8ncia)[:fr]Site du complexe touristique KIKOPARK sur la plage d&#039;Oliva (Valence)[:]","potentialAction":[{"@type":"SearchAction","target":{"@type":"EntryPoint","urlTemplate":"https:\/\/kikopark.com\/en\/?s={search_term_string}"},"query-input":"required name=search_term_string"}],"inLanguage":"en-US"}]}},"_links":{"self":[{"href":"https:\/\/kikopark.com\/en\/wp-json\/wp\/v2\/pages\/23591"}],"collection":[{"href":"https:\/\/kikopark.com\/en\/wp-json\/wp\/v2\/pages"}],"about":[{"href":"https:\/\/kikopark.com\/en\/wp-json\/wp\/v2\/types\/page"}],"author":[{"embeddable":true,"href":"https:\/\/kikopark.com\/en\/wp-json\/wp\/v2\/users\/8"}],"replies":[{"embeddable":true,"href":"https:\/\/kikopark.com\/en\/wp-json\/wp\/v2\/comments?post=23591"}],"version-history":[{"count":6,"href":"https:\/\/kikopark.com\/en\/wp-json\/wp\/v2\/pages\/23591\/revisions"}],"predecessor-version":[{"id":48121,"href":"https:\/\/kikopark.com\/en\/wp-json\/wp\/v2\/pages\/23591\/revisions\/48121"}],"wp:featuredmedia":[{"embeddable":true,"href":"https:\/\/kikopark.com\/en\/wp-json\/wp\/v2\/media\/47317"}],"wp:attachment":[{"href":"https:\/\/kikopark.com\/en\/wp-json\/wp\/v2\/media?parent=23591"}],"curies":[{"name":"wp","href":"https:\/\/api.w.org\/{rel}","templated":true}]}}