{"id":4111,"date":"2018-07-18T08:57:05","date_gmt":"2018-07-18T06:57:05","guid":{"rendered":"https:\/\/kikopark.com\/privacy-policy\/"},"modified":"2026-04-30T11:34:49","modified_gmt":"2026-04-30T09:34:49","slug":"privacy-policy","status":"publish","type":"page","link":"https:\/\/kikopark.com\/en\/privacy-policy\/","title":{"rendered":"Privacy Policy"},"content":{"rendered":"<p>[vc_row el_class=&#8221;privacidad_container&#8221;][vc_column][vc_column_text]At www.kikopark.com (owned by KIKO TUR, S.L.), we care about privacy and transparency.<\/p>\n<p>Pursuant to the provisions of Regulation (EU) 2016\/679 of the European Parliament and of the Council of 27 April 2016 on the protection of natural persons with regard to the processing of personal data and on the free movement of such data (hereinafter, the \u201cGDPR\u201d), and Organic Law 3\/2018 of 5 December on the Protection of Personal Data and Guarantee of Digital Rights (LOPDGDD), we inform you in detail of the processing of personal data that we carry out, as well as all the information relating to them.<\/p>\n<h2>Who is responsible for the processing of your data?<\/h2>\n<p>KIKO TUR,S .L. (hereinafter, Kikopark Playa) B96625322<br \/>\nC\/ ASSAGADOR DE CARRO, No2 &#8211; 46780 &#8211; OLIVA &#8211; VALENCIA<\/p>\n<p>rgpd@kikopark.com<\/p>\n<h2>What are your rights when you provide us with your data?<\/h2>\n<p>Any person has the right to obtain confirmation as to whether or not Kikopark Playa is processing personal data that concerns them.<\/p>\n<p>Interested parties have the right to access their personal data, as well as to request the rectification of inaccurate data or, where appropriate, request its deletion when, among other reasons, the data is no longer necessary for the purposes for which it was collected. You also have the right to data portability.<\/p>\n<p>In certain circumstances, interested parties may request that the processing of their data be limited, in which case we will only retain it for the exercise or defence of claims.<\/p>\n<p>En determinadas circunstancias y por motivos relacionados con su situaci\u00f3n particular, los interesados podr\u00e1n oponerse al tratamiento de sus datos. En este caso, Kikopark Playa dejar\u00e1 de tratar los datos, salvo por motivos leg\u00edtimos imperiosos, o el ejercicio o la defensa de posibles reclamaciones.<br \/>\nPodr\u00e1 ejercitar materialmente sus derechos dirigi\u00e9ndose a rgpd@kikopark.com .<\/p>\n<p>Cuando se realice el env\u00edo de comunicaciones comerciales utilizando como base jur\u00eddica el inter\u00e9s leg\u00edtimo del responsable, el interesado podr\u00e1 oponerse al tratamiento de sus datos con ese fin.<\/p>\n<p>If you have given your consent for a specific purpose, you have the right to withdraw the consent given at any time, without affecting the legality of the processing based on the consent prior to its withdrawal.<br \/>\nIf you feel that your rights have been violated with regard to the protection of your personal data, especially when you have not obtained satisfaction in the exercise of your rights, you may file a claim with the competent Data Protection Control Authority through its website: www.aepd.es.<\/p>\n<p>&nbsp;<\/p>\n<hr>\n<h2>Processing of data from job candidates<\/h2>\n<h3>For what purpose do we process your personal data?<\/h3>\n<p>En Kikopark Playa tratamos la informaci\u00f3n que nos facilitan las personas interesadas en trabajar con nosotros, con el fin de gestionar los Curriculums Vitae recibidos y realizar los procesos de selecci\u00f3n de personal, entrevistas y dem\u00e1s tr\u00e1mites necesarios para la b\u00fasqueda del mejor candidato posible a un puesto de trabajo determinado. En el caso de que no facilite sus datos personales, no podremos cumplir con las finalidades descritas.  No automated decisions will be made based on the data provided.<\/p>\n<h3>How long will we keep your data?<\/h3>\n<p>Two years from the last interaction.<\/p>\n<h3>What is the legitimacy for the processing of your data?<\/h3>\n<p>La base legal para el tratamiento de sus datos es la ejecuci\u00f3n de un contrato o medidas precontractuales: Gesti\u00f3n de los Curriculums Vitae entregados por el candidato para realizar los procesos de selecci\u00f3n de personal para la b\u00fasqueda del mejor candidato posible a un puesto de trabajo determinado. (RGPD art. 6.1.b). <\/p>\n<h3>To which recipients will your data be communicated?<\/h3>\n<p>No data will be transferred to third parties, except under legal obligation.<\/p>\n<h3>Data transfers to third countries<\/h3>\n<p>No transfers of data to third countries are planned.<\/p>\n<h3>How have we obtained your data?<\/h3>\n<p>The personal data that we process at Kikopark Playa come from the interested party.<\/p>\n<p>Las categor\u00edas de datos que se tratan son: Datos identificativos; Direcciones postales y electr\u00f3nicas.<\/p>\n<p>&nbsp;<\/p>\n<hr>\n<h2>Processing of customer data<\/h2>\n<h3>For what purpose do we process your personal data?<\/h3>\n<p>En Kikopark Playa tratamos la informaci\u00f3n que nos facilitan nuestros clientes con el fin de realizar la gesti\u00f3n administrativa, contable y fiscal de los servicios solicitados, as\u00ed como enviar comunicaciones promocionales sobre nuestros productos y servicios. En el caso de que no facilite sus datos personales, no podremos cumplir con las finalidades descritas. No automated decisions will be made based on the data provided.  <\/p>\n<h3>How long will we keep your data?<\/h3>\n<p>The data will be kept as long as the interested party does not request its deletion, and where appropriate, for the years necessary to comply with legal obligations.<\/p>\n<h3>What is the legitimacy for the processing of your data?<\/h3>\n<p>La base legal para el tratamiento de sus datos es la ejecuci\u00f3n de un contrato o medidas precontractuales: Gesti\u00f3n fiscal, contable y administrativa de clientes. (RGPD art. 6.1.b); as\u00ed como el inter\u00e9s leg\u00edtimo del Responsable: Env\u00edo de comunicaciones promocionales incluso por v\u00eda electr\u00f3nica. (RGPD Considerando 47, LSSICE art. 21.2).  <\/p>\n<h3>To which recipients will your data be communicated?<\/h3>\n<p>The data will be communicated to the Tax Administration, in order to comply with legal obligations (legal requirement); as well as to financial entities, in order to issue the corresponding receipts (contractual requirement).<\/p>\n<h3>Data transfers to third countries<\/h3>\n<p>No transfers of data to third countries are planned.<\/p>\n<h3>How have we obtained your data?<\/h3>\n<p>The personal data that we process at Kikopark Playa come from the interested party. Las categor\u00edas de datos que se tratan son: Datos identificativos; Direcciones postales y electr\u00f3nicas; Informaci\u00f3n comercial; Datos econ\u00f3micos. <\/p>\n<p>&nbsp;<\/p>\n<hr>\n<h2>Processing of data of potential clients and contacts<\/h2>\n<h3>For what purpose do we process your personal data?<\/h3>\n<p>En Kikopark Playa. tratamos la informaci\u00f3n que nos facilitan las personas interesadas con el fin de realizar la gesti\u00f3n de potenciales clientes que se han interesado sobre nuestros productos y\/o servicios, as\u00ed como otros contactos comerciales y realizar, en su caso, el env\u00edo de comunicaciones promocionales, inclusive por v\u00eda electr\u00f3nica. En el caso de que no facilite sus datos personales, no podremos cumplir con las finalidades descritas. No automated decisions will be made based on the data provided.   <\/p>\n<h3>How long will we keep your data?<\/h3>\n<p>The data will be kept as long as the interested party does not request its deletion.<\/p>\n<h3>What is the legitimacy for the processing of your data?<\/h3>\n<p>La base legal para el tratamiento de sus datos es la ejecuci\u00f3n de un contrato o medidas precontractuales: Gesti\u00f3n de potenciales clientes que se han interesado sobre nuestros productos y\/o servicios. (RGPD, art. 6.1.b); as\u00ed como el consentimiento del interesado: Enviar comunicaciones promocionales, inclusive por v\u00eda electr\u00f3nica. (RGPD, art. 6.1.a, LSSICE art.21); y tambi\u00e9n el inter\u00e9s leg\u00edtimo del Responsable: Gesti\u00f3n de los datos de contacto profesionales (LOPDGDD art.19, RGPD art. 6.1.f).  <\/p>\n<h3>To which recipients will your data be communicated?<\/h3>\n<p>No data will be transferred to third parties, except under legal obligation.<\/p>\n<h3>Data transfers to third countries<\/h3>\n<p>No transfers of data to third countries are planned.<\/p>\n<h3>How have we obtained your data?<\/h3>\n<p>The personal data that we process at Kikopark Playa come from the interested party.<\/p>\n<p>Las categor\u00edas de datos que se tratan son: Datos identificativos; Direcciones postales y electr\u00f3nicas.<\/p>\n<p>&nbsp;<\/p>\n<hr>\n<h2>Processing of supplier data<\/h2>\n<h3>For what purpose do we process your personal data?<\/h3>\n<p>En Kikopark Playa tratamos la informaci\u00f3n que nos facilitan nuestros proveedores con el fin de realizar la gesti\u00f3n fiscal, contable y administrativa de proveedores as\u00ed como los datos de contacto profesionales. En el caso de que no facilite sus datos personales, no podremos cumplir con las finalidades descritas. No automated decisions will be made based on the data provided.  <\/p>\n<h3>How long will we keep your data?<\/h3>\n<p>The data will be kept as long as the interested party does not request its deletion, and where appropriate, for the years necessary to comply with legal obligations.<\/p>\n<h3>What is the legitimacy for the processing of your data?<\/h3>\n<p>La base legal para el tratamiento de sus datos es la ejecuci\u00f3n de un contrato o medidas precontractuales: Realizar la gesti\u00f3n administrativa, contable y fiscal de los servicios contratados. (RGPD art. 6.1.b); as\u00ed como el inter\u00e9s leg\u00edtimo del Responsable: Gesti\u00f3n de los datos de contacto profesionales. (LOPDGDD art.19, RGPD art. 6.1.f).  <\/p>\n<h3>To which recipients will your data be communicated?<\/h3>\n<p>The data will be communicated to the Tax Administration, in order to comply with legal obligations (legal requirement); as well as to financial entities, in order to make the corresponding payments (contractual requirement).<\/p>\n<h3>Data transfers to third countries<\/h3>\n<p>No transfers of data to third countries are planned.<\/p>\n<h3>How have we obtained your data?<\/h3>\n<p>The personal data that we process at Kikopark Playa come from the interested party.<\/p>\n<p>&nbsp;<\/p>\n<hr>\n<h2>Processing of newsletter subscriber data<\/h2>\n<h3>For what purpose do we process your personal data?<\/h3>\n<p>En Kikopark Playa tratamos la informaci\u00f3n que nos facilitan nuestros suscriptores con el fin de realizar el env\u00edo de nuestra newsletter y otras comunicaciones promocionales de inter\u00e9s para los suscriptores a la misma. En el caso de que no facilite sus datos personales, no podremos cumplir con las finalidades descritas. No automated decisions will be made based on the data provided.  <\/p>\n<h3>How long will we keep your data?<\/h3>\n<p>The data will be kept as long as the interested party does not request its deletion.<\/p>\n<h3>What is the legitimacy for the processing of your data?<\/h3>\n<p>The legal basis for the processing of your data is the consent of the interested party: to send our newsletter and other promotional communications of interest to subscribers to it (RGPD, art. 6.1.a, and LSSICE art.21)<\/p>\n<h3>To which recipients will your data be communicated?<\/h3>\n<p>No data will be transferred to third parties, except under legal obligation.<\/p>\n<h3>Data transfers to third countries<\/h3>\n<p>No transfers of data to third countries are planned.<\/p>\n<h3>How have we obtained your data?<\/h3>\n<p>The personal data that we process at Kikopark Playa come from the interested party. Las categor\u00edas de datos que se tratan son: Direcciones postales y electr\u00f3nicas. <\/p>\n<p>&nbsp;<\/p>\n<hr>\n<h2>Processing of video surveillance data (security)<\/h2>\n<h3>For what purpose do we process your personal data?<\/h3>\n<p>En Kikopark Playa tratamos las im\u00e1genes captadas por nuestros sistemas de videovigilancia con el fin de garantizar la seguridad de las personas, bienes e instalaciones usando los sistemas de videovigilancia. En el caso de que no facilite sus datos personales, no podremos cumplir con las finalidades descritas. No automated decisions will be made based on the data provided.  <\/p>\n<h3>How long will we keep your data?<\/h3>\n<p>The data will be kept for a maximum of 30 days, except for communication to the Security Forces and Bodies, and\/or Courts and Tribunals.<\/p>\n<h3>What is the legitimacy for the processing of your data?<\/h3>\n<p>The legal basis for the processing of your data is the mission in the Public Interest, that is, the processing necessary for the fulfilment of a mission carried out in the public interest or in the exercise of public powers conferred on the data controller (RGPD art. 6.1.e), as stated in the &#8220;Guide on the use of video cameras for security and other purposes&#8221;, published by the Spanish Data Protection Agency.<\/p>\n<h3>To which recipients will your data be communicated?<\/h3>\n<p>The data will be communicated, where appropriate, to the State security forces and bodies, as well as Courts and Tribunals, in order to provide the images if a crime has been committed (legal requirement).<\/p>\n<h3>Data transfers to third countries<\/h3>\n<p>No transfers of data to third countries are planned.<\/p>\n<h3>How have we obtained your data?<\/h3>\n<p>The personal data that we process at Kikopark Playa come from the interested party.<\/p>\n<p>The categories of data that are processed are: Identification data.<\/p>\n<p>&nbsp;<\/p>\n<hr>\n<h2>Processing of guest data<\/h2>\n<h3>For what purpose do we process your personal data?<\/h3>\n<p>En Kikopark Playa tratamos la informaci\u00f3n que nos facilitan nuestros hu\u00e9spedes con el fin de realizar la gesti\u00f3n y el registro de los hu\u00e9spedes. En el caso de que no facilite sus datos personales, no podremos cumplir con las finalidades descritas. <\/p>\n<h3>How long will we keep your data?<\/h3>\n<p>The period established for the conservation of guest registration data is three years, counted from the end of the contracted service or provision.<\/p>\n<h3>What is the legitimacy for the processing of your data?<\/h3>\n<p>The legal basis for the processing of your data is compliance with a legal obligation: Royal Decree 933\/2021, of October 26, which establishes the obligations of documentary registration and information of natural or legal persons who carry out accommodation and motor vehicle rental activities; as well as the execution of a contract or pre-contractual measures: Management of the accommodation by the data controller<\/p>\n<h3>To which recipients will your data be communicated?<\/h3>\n<p>The data will be communicated to the State Security Forces and Corps, in order to comply with a legal obligation<\/p>\n<h3>Data transfers to third countries<\/h3>\n<p>No transfers of data to third countries are planned.<\/p>\n<h3>How have we obtained your data?<\/h3>\n<p>The personal data that we process at Kikopark Playa come from the interested party. Las categor\u00edas de datos que se tratan son: Datos identificativos; Direcciones postales y electr\u00f3nicas; Datos econ\u00f3micos. <\/p>\n<p>&nbsp;<\/p>\n<hr>\n<h2>Formularios<\/h2>\n<p><a href=\"https:\/\/kikopark.com\/wp-content\/uploads\/2025\/02\/FORMULARIO-DE-DESISTIMIENTO-KIKO-PARK.docx\">Desestimiento<\/a><\/p>\n<p><a href=\"https:\/\/kikopark.com\/wp-content\/uploads\/2025\/02\/FORMULARIO-DE-RECLAMACIONES-KIKO-PARK.docx\" target=\"_blank\" rel=\"noopener\">Reclamaciones<\/a>[\/vc_column_text][\/vc_column][\/vc_row]<\/p>\n","protected":false},"excerpt":{"rendered":"<p>[vc_row el_class=&#8221;privacidad_container&#8221;][vc_column][vc_column_text]At www.kikopark.com (owned by KIKO TUR, S.L.), we care about privacy and transparency. Pursuant to the provisions of Regulation (EU) 2016\/679 of the European Parliament and of the Council of 27 April 2016 on the protection of natural persons with regard to the processing of personal data and on the free movement of such [&hellip;]<\/p>\n","protected":false},"author":5,"featured_media":4459,"parent":0,"menu_order":0,"comment_status":"closed","ping_status":"closed","template":"","meta":{"footnotes":""},"yoast_head":"<!-- This site is optimized with the Yoast SEO plugin v22.1 - https:\/\/yoast.com\/wordpress\/plugins\/seo\/ -->\n<title>Aspectos legales y condiciones del site KIKOPARK.<\/title>\n<meta name=\"description\" content=\"Bienvenido a KIKOPARK tu lugar en el #mediKIKOrraneo. Aqui podr\u00e1s consultar los aspectos legales y condiciones del site KIKOPARK.\" \/>\n<meta name=\"robots\" content=\"noindex, nofollow\" \/>\n<meta property=\"og:locale\" content=\"en_US\" \/>\n<meta property=\"og:type\" content=\"article\" \/>\n<meta property=\"og:title\" content=\"Privacy Policy\" \/>\n<meta property=\"og:description\" content=\"Bienvenido a KIKOPARK tu lugar en el #mediKIKOrraneo. Aqui podr\u00e1s consultar los aspectos legales y condiciones del site KIKOPARK.\" \/>\n<meta property=\"og:url\" content=\"https:\/\/kikopark.com\/en\/privacy-policy\/\" \/>\n<meta property=\"og:site_name\" content=\"KIKOPARK\" \/>\n<meta property=\"article:modified_time\" content=\"2026-04-30T09:34:49+00:00\" \/>\n<meta property=\"og:image\" content=\"https:\/\/kikopark.com\/wp-content\/uploads\/2021\/11\/Apartamentosx2_transparencia_negra.jpg\" \/>\n\t<meta property=\"og:image:width\" content=\"2560\" \/>\n\t<meta property=\"og:image:height\" content=\"1402\" \/>\n\t<meta property=\"og:image:type\" content=\"image\/jpeg\" \/>\n<meta name=\"twitter:card\" content=\"summary_large_image\" \/>\n<meta name=\"twitter:label1\" content=\"Est. reading time\" \/>\n\t<meta name=\"twitter:data1\" content=\"11 minutes\" \/>\n<script type=\"application\/ld+json\" class=\"yoast-schema-graph\">{\"@context\":\"https:\/\/schema.org\",\"@graph\":[{\"@type\":\"WebPage\",\"@id\":\"https:\/\/kikopark.com\/en\/privacy-policy\/\",\"url\":\"https:\/\/kikopark.com\/en\/privacy-policy\/\",\"name\":\"Aspectos legales y condiciones del site KIKOPARK.\",\"isPartOf\":{\"@id\":\"https:\/\/kikopark.com\/en\/#website\"},\"datePublished\":\"2018-07-18T06:57:05+00:00\",\"dateModified\":\"2026-04-30T09:34:49+00:00\",\"description\":\"Bienvenido a KIKOPARK tu lugar en el #mediKIKOrraneo. Aqui podr\u00e1s consultar los aspectos legales y condiciones del site KIKOPARK.\",\"breadcrumb\":{\"@id\":\"https:\/\/kikopark.com\/en\/privacy-policy\/#breadcrumb\"},\"inLanguage\":\"en-US\",\"potentialAction\":[{\"@type\":\"ReadAction\",\"target\":[\"https:\/\/kikopark.com\/en\/privacy-policy\/\"]}]},{\"@type\":\"BreadcrumbList\",\"@id\":\"https:\/\/kikopark.com\/en\/privacy-policy\/#breadcrumb\",\"itemListElement\":[{\"@type\":\"ListItem\",\"position\":1,\"name\":\"Portada\",\"item\":\"https:\/\/kikopark.com\/en\/\"},{\"@type\":\"ListItem\",\"position\":2,\"name\":\"Privacy Policy\"}]},{\"@type\":\"WebSite\",\"@id\":\"https:\/\/kikopark.com\/en\/#website\",\"url\":\"https:\/\/kikopark.com\/en\/\",\"name\":\"KIKOPARK\",\"description\":\"[:es]Website del complejo tur\u00edstico KIKOPARK en la playa de Oliva (Valencia)[:en]Website of the KIKOPARK tourist complex on the beach of Oliva (Valencia)[:de]Website des KIKOPARK Touristenkomplexes am Strand von Oliva (Valencia)[:ca]Website del complexe tur\u00edstic KIKOPARK a la platja d&#039;Oliva (Val\u00e8ncia)[:fr]Site du complexe touristique KIKOPARK sur la plage d&#039;Oliva (Valence)[:]\",\"potentialAction\":[{\"@type\":\"SearchAction\",\"target\":{\"@type\":\"EntryPoint\",\"urlTemplate\":\"https:\/\/kikopark.com\/en\/?s={search_term_string}\"},\"query-input\":\"required name=search_term_string\"}],\"inLanguage\":\"en-US\"}]}<\/script>\n<!-- \/ Yoast SEO plugin. -->","yoast_head_json":{"title":"Aspectos legales y condiciones del site KIKOPARK.","description":"Bienvenido a KIKOPARK tu lugar en el #mediKIKOrraneo. Aqui podr\u00e1s consultar los aspectos legales y condiciones del site KIKOPARK.","robots":{"index":"noindex","follow":"nofollow"},"og_locale":"en_US","og_type":"article","og_title":"Privacy Policy","og_description":"Bienvenido a KIKOPARK tu lugar en el #mediKIKOrraneo. Aqui podr\u00e1s consultar los aspectos legales y condiciones del site KIKOPARK.","og_url":"https:\/\/kikopark.com\/en\/privacy-policy\/","og_site_name":"KIKOPARK","article_modified_time":"2026-04-30T09:34:49+00:00","og_image":[{"width":2560,"height":1402,"url":"https:\/\/kikopark.com\/wp-content\/uploads\/2021\/11\/Apartamentosx2_transparencia_negra.jpg","type":"image\/jpeg"}],"twitter_card":"summary_large_image","twitter_misc":{"Est. reading time":"11 minutes"},"schema":{"@context":"https:\/\/schema.org","@graph":[{"@type":"WebPage","@id":"https:\/\/kikopark.com\/en\/privacy-policy\/","url":"https:\/\/kikopark.com\/en\/privacy-policy\/","name":"Aspectos legales y condiciones del site KIKOPARK.","isPartOf":{"@id":"https:\/\/kikopark.com\/en\/#website"},"datePublished":"2018-07-18T06:57:05+00:00","dateModified":"2026-04-30T09:34:49+00:00","description":"Bienvenido a KIKOPARK tu lugar en el #mediKIKOrraneo. Aqui podr\u00e1s consultar los aspectos legales y condiciones del site KIKOPARK.","breadcrumb":{"@id":"https:\/\/kikopark.com\/en\/privacy-policy\/#breadcrumb"},"inLanguage":"en-US","potentialAction":[{"@type":"ReadAction","target":["https:\/\/kikopark.com\/en\/privacy-policy\/"]}]},{"@type":"BreadcrumbList","@id":"https:\/\/kikopark.com\/en\/privacy-policy\/#breadcrumb","itemListElement":[{"@type":"ListItem","position":1,"name":"Portada","item":"https:\/\/kikopark.com\/en\/"},{"@type":"ListItem","position":2,"name":"Privacy Policy"}]},{"@type":"WebSite","@id":"https:\/\/kikopark.com\/en\/#website","url":"https:\/\/kikopark.com\/en\/","name":"KIKOPARK","description":"[:es]Website del complejo tur\u00edstico KIKOPARK en la playa de Oliva (Valencia)[:en]Website of the KIKOPARK tourist complex on the beach of Oliva (Valencia)[:de]Website des KIKOPARK Touristenkomplexes am Strand von Oliva (Valencia)[:ca]Website del complexe tur\u00edstic KIKOPARK a la platja d&#039;Oliva (Val\u00e8ncia)[:fr]Site du complexe touristique KIKOPARK sur la plage d&#039;Oliva (Valence)[:]","potentialAction":[{"@type":"SearchAction","target":{"@type":"EntryPoint","urlTemplate":"https:\/\/kikopark.com\/en\/?s={search_term_string}"},"query-input":"required name=search_term_string"}],"inLanguage":"en-US"}]}},"_links":{"self":[{"href":"https:\/\/kikopark.com\/en\/wp-json\/wp\/v2\/pages\/4111"}],"collection":[{"href":"https:\/\/kikopark.com\/en\/wp-json\/wp\/v2\/pages"}],"about":[{"href":"https:\/\/kikopark.com\/en\/wp-json\/wp\/v2\/types\/page"}],"author":[{"embeddable":true,"href":"https:\/\/kikopark.com\/en\/wp-json\/wp\/v2\/users\/5"}],"replies":[{"embeddable":true,"href":"https:\/\/kikopark.com\/en\/wp-json\/wp\/v2\/comments?post=4111"}],"version-history":[{"count":24,"href":"https:\/\/kikopark.com\/en\/wp-json\/wp\/v2\/pages\/4111\/revisions"}],"predecessor-version":[{"id":53512,"href":"https:\/\/kikopark.com\/en\/wp-json\/wp\/v2\/pages\/4111\/revisions\/53512"}],"wp:featuredmedia":[{"embeddable":true,"href":"https:\/\/kikopark.com\/en\/wp-json\/wp\/v2\/media\/4459"}],"wp:attachment":[{"href":"https:\/\/kikopark.com\/en\/wp-json\/wp\/v2\/media?parent=4111"}],"curies":[{"name":"wp","href":"https:\/\/api.w.org\/{rel}","templated":true}]}}