{"id":47247,"date":"2024-09-25T15:32:22","date_gmt":"2024-09-25T13:32:22","guid":{"rendered":"https:\/\/kikopark.com\/?page_id=47247"},"modified":"2024-09-30T17:13:15","modified_gmt":"2024-09-30T15:13:15","slug":"groups","status":"publish","type":"page","link":"https:\/\/kikopark.com\/en\/groups\/","title":{"rendered":"Groups"},"content":{"rendered":"<p>[vc_row][vc_column][vc_column_text el_class=&#8221;rooms_titles_premium_plus&#8221;]Unique group experiences to enjoy sharing moments[\/vc_column_text][\/vc_column][\/vc_row][vc_row el_class=&#8221;room_info&#8221;][vc_column width=&#8221;1\/2&#8243;][vc_column_text]<\/p>\n<h2 class=\"aventura_title\">Group activities<\/h2>\n<p class=\"kampexperience_text\">An accommodation located in the heart of the Mediterranean, Kikopark has everything you need for a group getaway, a work meeting, a sports meeting, an association meeting, school trips or any type of professional event.<\/p>\n<p class=\"kampexperience_text\">You can choose to stay in apartments, glamping or on plots.<\/p>\n<p class=\"kampexperience_text\">We organize the entire event, from breakfasts, lunches and dinners to show cooking, cocktails and catering. In addition, we love being able to develop sports activities, water activities, excursions, theme parties, live music, work meetings, themed events&#8230; Everything you need to make your stay as complete as possible!<\/p>\n<p>[\/vc_column_text][\/vc_column][vc_column width=&#8221;1\/2&#8243; el_class=&#8221;kampexperience_img&#8221;][vc_single_image image=&#8221;47278&#8243; img_size=&#8221;full&#8221;][\/vc_column][\/vc_row][vc_row el_class=&#8221;room_info_slider&#8221;][vc_column width=&#8221;1\/2&#8243; el_class=&#8221;kampexperience_carrusel&#8221;][vc_images_carousel images=&#8221;47269,47265,47261,47257&#8243; img_size=&#8221;full&#8221; onclick=&#8221;link_no&#8221; wrap=&#8221;yes&#8221;][\/vc_column][vc_column width=&#8221;1\/2&#8243; el_class=&#8221;kampexperience_texto_derecha&#8221;][vc_column_text el_class=&#8221;kampexperience_text_slider&#8221;]<\/p>\n<p class=\"kampexperience_text\">Organize a getaway and discover all the benefits it can bring. It strengthens cooperation, stimulates dialogue, develops leadership, increases the team&#8217;s sense of belonging while still enjoying an unparalleled experience. <\/p>\n<p class=\"kampexperience_text\">Increase productivity in a unique environment.<\/p>\n<p class=\"kampexperience_text\">Let the experience begin!<\/p>\n<p>[\/vc_column_text][\/vc_column][\/vc_row][vc_row full_width=&#8221;stretch_row_content&#8221; color_set=&#8221;black_section&#8221; transparent=&#8221;transparent&#8221; transparent_overlay=&#8221;transparent_film&#8221; el_class=&#8221;banner_kikopark&#8221; css=&#8221;.vc_custom_1727365450340{background: #303030 url(https:\/\/kikopark.com\/wp-content\/uploads\/2018\/08\/BANNER-2.jpg?id=47234) !important;}&#8221;][vc_column][vc_column_text el_class=&#8221;h1&#8243;]<\/p>\n<p style=\"text-align: center;\">Come and discover<br \/>\nour Glamping<\/p>\n<p style=\"text-align: center;\"><a class=\"btn-primary btn-inv\" href=\"https:\/\/kikopark.com\/en\/room\/glamping-kikopark\/\" target=\"_self\" rel=\"noopener\">Book<\/a><\/p>\n<p>[\/vc_column_text][\/vc_column][\/vc_row][vc_row][vc_column][vc_column_text el_class=&#8221;rooms_titles&#8221;]Connect with nature at Kikopark Rural and live your adventure[\/vc_column_text][\/vc_column][\/vc_row][vc_row equal_height=&#8221;yes&#8221; el_class=&#8221;confort_icon_ultimo_container&#8221;][vc_column width=&#8221;1\/2&#8243;][vc_column_text]<\/p>\n<div class=\"kampexperience_aventura_izq\">\n<p class=\"aventura_title\">Kikopark Rural<\/p>\n<p class=\"aventura_text\">Located next to the Contreras Reservoir, in the surroundings of the Hoces del Cabriel Natural Park. An idyllic space of pure nature, immersed in the heart of a region that is the land of wine and cava. <\/p>\n<p><a class=\"btn btn btn-inv aventura_btn\" href=\"https:\/\/kikoparkrural.com\/\" target=\"_self\" rel=\"noopener\"><span class=\"aventura_btn_text\">Discover<\/span><\/a><\/p>\n<\/div>\n<p>[\/vc_column_text][\/vc_column][vc_column width=&#8221;1\/2&#8243; el_class=&#8221;aventura_img_der&#8221;][vc_single_image image=&#8221;47096&#8243; img_size=&#8221;full&#8221;][\/vc_column][\/vc_row]<\/p>\n","protected":false},"excerpt":{"rendered":"<p>[vc_row][vc_column][vc_column_text el_class=&#8221;rooms_titles_premium_plus&#8221;]Unique group experiences to enjoy sharing moments[\/vc_column_text][\/vc_column][\/vc_row][vc_row el_class=&#8221;room_info&#8221;][vc_column width=&#8221;1\/2&#8243;][vc_column_text] Group activities An accommodation located in the heart of the Mediterranean, Kikopark has everything you need for a group getaway, a work meeting, a sports meeting, an association meeting, school trips or any type of professional event. You can choose to stay in apartments, glamping [&hellip;]<\/p>\n","protected":false},"author":8,"featured_media":47273,"parent":0,"menu_order":0,"comment_status":"closed","ping_status":"closed","template":"","meta":{"footnotes":""},"yoast_head":"<!-- This site is optimized with the Yoast SEO plugin v22.1 - https:\/\/yoast.com\/wordpress\/plugins\/seo\/ -->\n<title>ALOJAMIENTO KIKOPARK - ESPECIAL GRUPOS.<\/title>\n<meta name=\"description\" content=\"Sois un grupo y estais buscando alojamiento junto al mar para celebrar un evento, reuni\u00f3n de empresa, etc. no busques m\u00e1s, este es el lugar id\u00f3neo.\" \/>\n<meta name=\"robots\" content=\"index, follow, max-snippet:-1, max-image-preview:large, max-video-preview:-1\" \/>\n<link rel=\"canonical\" href=\"https:\/\/kikopark.com\/en\/groups\/\" \/>\n<meta property=\"og:locale\" content=\"en_US\" \/>\n<meta property=\"og:type\" content=\"article\" \/>\n<meta property=\"og:title\" content=\"ALOJAMIENTO KIKOPARK - ESPECIAL GRUPOS.\" \/>\n<meta property=\"og:description\" content=\"Sois un grupo y estais buscando alojamiento junto al mar para celebrar un evento, reuni\u00f3n de empresa, etc. no busques m\u00e1s, este es el lugar id\u00f3neo.\" \/>\n<meta property=\"og:url\" content=\"https:\/\/kikopark.com\/en\/groups\/\" \/>\n<meta property=\"og:site_name\" content=\"KIKOPARK\" \/>\n<meta property=\"article:modified_time\" content=\"2024-09-30T15:13:15+00:00\" \/>\n<meta property=\"og:image\" content=\"https:\/\/kikopark.com\/wp-content\/uploads\/2024\/09\/CABECERA-2.jpg\" \/>\n\t<meta property=\"og:image:width\" content=\"2560\" \/>\n\t<meta property=\"og:image:height\" content=\"932\" \/>\n\t<meta property=\"og:image:type\" content=\"image\/jpeg\" \/>\n<meta name=\"twitter:card\" content=\"summary_large_image\" \/>\n<meta name=\"twitter:label1\" content=\"Est. reading time\" \/>\n\t<meta name=\"twitter:data1\" content=\"2 minutes\" \/>\n<script type=\"application\/ld+json\" class=\"yoast-schema-graph\">{\"@context\":\"https:\/\/schema.org\",\"@graph\":[{\"@type\":\"WebPage\",\"@id\":\"https:\/\/kikopark.com\/en\/groups\/\",\"url\":\"https:\/\/kikopark.com\/en\/groups\/\",\"name\":\"ALOJAMIENTO KIKOPARK - ESPECIAL GRUPOS.\",\"isPartOf\":{\"@id\":\"https:\/\/kikopark.com\/en\/#website\"},\"datePublished\":\"2024-09-25T13:32:22+00:00\",\"dateModified\":\"2024-09-30T15:13:15+00:00\",\"description\":\"Sois un grupo y estais buscando alojamiento junto al mar para celebrar un evento, reuni\u00f3n de empresa, etc. no busques m\u00e1s, este es el lugar id\u00f3neo.\",\"breadcrumb\":{\"@id\":\"https:\/\/kikopark.com\/en\/groups\/#breadcrumb\"},\"inLanguage\":\"en-US\",\"potentialAction\":[{\"@type\":\"ReadAction\",\"target\":[\"https:\/\/kikopark.com\/en\/groups\/\"]}]},{\"@type\":\"BreadcrumbList\",\"@id\":\"https:\/\/kikopark.com\/en\/groups\/#breadcrumb\",\"itemListElement\":[{\"@type\":\"ListItem\",\"position\":1,\"name\":\"Portada\",\"item\":\"https:\/\/kikopark.com\/en\/\"},{\"@type\":\"ListItem\",\"position\":2,\"name\":\"Groups\"}]},{\"@type\":\"WebSite\",\"@id\":\"https:\/\/kikopark.com\/en\/#website\",\"url\":\"https:\/\/kikopark.com\/en\/\",\"name\":\"KIKOPARK\",\"description\":\"[:es]Website del complejo tur\u00edstico KIKOPARK en la playa de Oliva (Valencia)[:en]Website of the KIKOPARK tourist complex on the beach of Oliva (Valencia)[:de]Website des KIKOPARK Touristenkomplexes am Strand von Oliva (Valencia)[:ca]Website del complexe tur\u00edstic KIKOPARK a la platja d&#039;Oliva (Val\u00e8ncia)[:fr]Site du complexe touristique KIKOPARK sur la plage d&#039;Oliva (Valence)[:]\",\"potentialAction\":[{\"@type\":\"SearchAction\",\"target\":{\"@type\":\"EntryPoint\",\"urlTemplate\":\"https:\/\/kikopark.com\/en\/?s={search_term_string}\"},\"query-input\":\"required name=search_term_string\"}],\"inLanguage\":\"en-US\"}]}<\/script>\n<!-- \/ Yoast SEO plugin. -->","yoast_head_json":{"title":"ALOJAMIENTO KIKOPARK - ESPECIAL GRUPOS.","description":"Sois un grupo y estais buscando alojamiento junto al mar para celebrar un evento, reuni\u00f3n de empresa, etc. no busques m\u00e1s, este es el lugar id\u00f3neo.","robots":{"index":"index","follow":"follow","max-snippet":"max-snippet:-1","max-image-preview":"max-image-preview:large","max-video-preview":"max-video-preview:-1"},"canonical":"https:\/\/kikopark.com\/en\/groups\/","og_locale":"en_US","og_type":"article","og_title":"ALOJAMIENTO KIKOPARK - ESPECIAL GRUPOS.","og_description":"Sois un grupo y estais buscando alojamiento junto al mar para celebrar un evento, reuni\u00f3n de empresa, etc. no busques m\u00e1s, este es el lugar id\u00f3neo.","og_url":"https:\/\/kikopark.com\/en\/groups\/","og_site_name":"KIKOPARK","article_modified_time":"2024-09-30T15:13:15+00:00","og_image":[{"width":2560,"height":932,"url":"https:\/\/kikopark.com\/wp-content\/uploads\/2024\/09\/CABECERA-2.jpg","type":"image\/jpeg"}],"twitter_card":"summary_large_image","twitter_misc":{"Est. reading time":"2 minutes"},"schema":{"@context":"https:\/\/schema.org","@graph":[{"@type":"WebPage","@id":"https:\/\/kikopark.com\/en\/groups\/","url":"https:\/\/kikopark.com\/en\/groups\/","name":"ALOJAMIENTO KIKOPARK - ESPECIAL GRUPOS.","isPartOf":{"@id":"https:\/\/kikopark.com\/en\/#website"},"datePublished":"2024-09-25T13:32:22+00:00","dateModified":"2024-09-30T15:13:15+00:00","description":"Sois un grupo y estais buscando alojamiento junto al mar para celebrar un evento, reuni\u00f3n de empresa, etc. no busques m\u00e1s, este es el lugar id\u00f3neo.","breadcrumb":{"@id":"https:\/\/kikopark.com\/en\/groups\/#breadcrumb"},"inLanguage":"en-US","potentialAction":[{"@type":"ReadAction","target":["https:\/\/kikopark.com\/en\/groups\/"]}]},{"@type":"BreadcrumbList","@id":"https:\/\/kikopark.com\/en\/groups\/#breadcrumb","itemListElement":[{"@type":"ListItem","position":1,"name":"Portada","item":"https:\/\/kikopark.com\/en\/"},{"@type":"ListItem","position":2,"name":"Groups"}]},{"@type":"WebSite","@id":"https:\/\/kikopark.com\/en\/#website","url":"https:\/\/kikopark.com\/en\/","name":"KIKOPARK","description":"[:es]Website del complejo tur\u00edstico KIKOPARK en la playa de Oliva (Valencia)[:en]Website of the KIKOPARK tourist complex on the beach of Oliva (Valencia)[:de]Website des KIKOPARK Touristenkomplexes am Strand von Oliva (Valencia)[:ca]Website del complexe tur\u00edstic KIKOPARK a la platja d&#039;Oliva (Val\u00e8ncia)[:fr]Site du complexe touristique KIKOPARK sur la plage d&#039;Oliva (Valence)[:]","potentialAction":[{"@type":"SearchAction","target":{"@type":"EntryPoint","urlTemplate":"https:\/\/kikopark.com\/en\/?s={search_term_string}"},"query-input":"required name=search_term_string"}],"inLanguage":"en-US"}]}},"_links":{"self":[{"href":"https:\/\/kikopark.com\/en\/wp-json\/wp\/v2\/pages\/47247"}],"collection":[{"href":"https:\/\/kikopark.com\/en\/wp-json\/wp\/v2\/pages"}],"about":[{"href":"https:\/\/kikopark.com\/en\/wp-json\/wp\/v2\/types\/page"}],"author":[{"embeddable":true,"href":"https:\/\/kikopark.com\/en\/wp-json\/wp\/v2\/users\/8"}],"replies":[{"embeddable":true,"href":"https:\/\/kikopark.com\/en\/wp-json\/wp\/v2\/comments?post=47247"}],"version-history":[{"count":18,"href":"https:\/\/kikopark.com\/en\/wp-json\/wp\/v2\/pages\/47247\/revisions"}],"predecessor-version":[{"id":48084,"href":"https:\/\/kikopark.com\/en\/wp-json\/wp\/v2\/pages\/47247\/revisions\/48084"}],"wp:featuredmedia":[{"embeddable":true,"href":"https:\/\/kikopark.com\/en\/wp-json\/wp\/v2\/media\/47273"}],"wp:attachment":[{"href":"https:\/\/kikopark.com\/en\/wp-json\/wp\/v2\/media?parent=47247"}],"curies":[{"name":"wp","href":"https:\/\/api.w.org\/{rel}","templated":true}]}}