{"id":8695,"date":"2021-12-09T18:20:55","date_gmt":"2021-12-09T16:20:55","guid":{"rendered":"https:\/\/kikopark.com\/terminos-y-condiciones\/"},"modified":"2026-04-30T11:33:12","modified_gmt":"2026-04-30T09:33:12","slug":"terms-and-conditions","status":"publish","type":"page","link":"https:\/\/kikopark.com\/en\/terms-and-conditions\/","title":{"rendered":"Terms and Conditions"},"content":{"rendered":"<p>[vc_row el_class=&#8221;privacidad_container&#8221;][vc_column][vc_column_text]<\/p>\n<h2>PURPOSE<\/h2>\n<p>These General Conditions regulate the acquisition of the services offered on the website www.kikopark.com, owned by KIKO TUR, S.L. (hereinafter, Kikopark Playa).<\/p>\n<p>The acquisition of any of the services entails the full and unreserved acceptance of each and every one of the General Conditions indicated, without prejudice to the acceptance of the Particular Conditions that may be applicable when acquiring certain products.<\/p>\n<p>These General Conditions may be modified without prior notice, therefore, it is advisable to read their content carefully before proceeding to the acquisition of any of the products offered.<\/p>\n<h2>IDENTIFICATION<\/h2>\n<p>Kikopark Playa, in compliance with Law 34\/2002, of July 11, on Information Society Services and Electronic Commerce, informs you that:<\/p>\n<p>Its corporate name is: KIKO TUR, S.L. Its commercial name is: Kikopark Playa<\/p>\n<p>Its NIF is: B96625322<\/p>\n<p>Its registered office is at: C\/ ASSAGADOR DE CARRO, No2- 46780 OLIVA &#8211; VALENCIA (SPAIN).<\/p>\n<h2>COMMUNICATIONS<\/h2>\n<p>To communicate with us, we put at your disposal different means of contact that we detail below:<\/p>\n<p>Calling the phone number: 96.285.09.05<\/p>\n<p>Sending an email to info@kikopark.com<\/p>\n<p>All notifications and communications between Users and Kikopark Playa will be considered effective, for all purposes, when they are made through any of the means detailed above.<\/p>\n<h2>SERVICES<\/h2>\n<p>Los servicios ofertados, junto con las caracter\u00edsticas principales de los mismos y su precio aparecen en pantalla.<\/p>\n<p>Kikopark Playa se reserva el derecho de decidir, en cada momento, los servicios que se ofrecen a los Clientes. De este modo, Kikopark Playa podr\u00e1, en cualquier momento, a\u00f1adir nuevos servicios a los ofertados actualmente.<\/p>\n<p>Asimismo, Kikopark Playa se reserva el derecho a retirar o dejar de ofrecer, en cualquier momento, y sin previo aviso, cualesquiera de los servicios ofrecidos.<br \/>\nOnce inside www.kikopark.com, and to access the reservation request, the User must follow all the instructions indicated, which will imply reading and accepting all the general and specific conditions set out in www.kikopark.com.<\/p>\n<h2>RESERVATION CONDITIONS<\/h2>\n<p>To make any reservation at www.kikopark.com, it is necessary for the client to be of legal age.<\/p>\n<p>Kikopark Playa offers the possibility of making the reservation through a web form as well as by email, by phone or even in person.<\/p>\n<p>To make the reservation through the web form, the User must follow the following steps:<\/p>\n<h3>CONTRACTING PROCEDURE<\/h3>\n<p>Step 1. Selecci\u00f3n de la habitaci\u00f3n. Deber\u00e1 indicar la habitaci\u00f3n que le interese, el d\u00eda de llegada y salida, el n\u00famero de noches, n\u00famero de habitaciones, n\u00famero de personas por habitaci\u00f3n, as\u00ed como el r\u00e9gimen alimenticio que prefiere de los ofertados. <\/p>\n<p>Step 2. Detalle de hu\u00e9sped. Haya o no contratado alg\u00fan servicio adicional, al continuar con la reserva, deber\u00e1 facilitar los datos personales que se solicitan. Una vez rellenados todos los campos solicitados, deber\u00e1 pulsar el bot\u00f3n \u201cconfirmar reserva\u201d para que se env\u00eden los datos introducidos.  <\/p>\n<p>Step 3. Confirmaci\u00f3n de la reserva. Recibidos los datos despu\u00e9s de clicar el bot\u00f3n \u201cconfirmar reserva\u201d, recibir\u00e1 un correo electr\u00f3nico confirm\u00e1ndole la reserva. <\/p>\n<h3>PRICES, COSTS AND TAXES<\/h3>\n<p>The prices of the reservations listed on www.kikopark.com will be expressed in Euros unless otherwise stated and will be guaranteed during the period of validity of the same, except for printing errors and whatever the destination of the order.<\/p>\n<p>The products have VAT included. The VAT rate is 21%.<\/p>\n<p>To make the reservation effective, the amount corresponding to 30% of the total reservation will be charged to the account or bank card associated with the client.<\/p>\n<h3>PAYMENT METHODS<\/h3>\n<p>Both personal and bank details will be protected with all the security measures established by Regulation (EU) 2016\/679, of the European Parliament and of the Council, of April 27, 2016, regarding the protection of natural persons (RGPD) and Organic Law 3\/2018, of December 6, on the Protection of Personal Data and Guarantee of Digital Rights.<\/p>\n<p>We offer you the following payment methods:<\/p>\n<p><strong>By credit or debit card<\/strong><\/p>\n<p>Puede realizar el pago de manera inmediata a trav\u00e9s de la pasarela de pago seguro SSL de nuestro Banco. Si fuera necesario realizar cualquier devoluci\u00f3n o cancelaci\u00f3n del pedido, el importe se reembolsar\u00e1 a trav\u00e9s de la misma tarjeta de pago. <\/p>\n<p>Kikopark Playa acepta pagos con VISA, Verified by VISA, MasterCard y MasterCard SecureCode. La entidad bancaria que emite la tarjeta debe encontrarse en territorio espa\u00f1ol. Al hacer el pedido, el cliente facilitar\u00e1 los datos de su tarjeta, que ser\u00e1n almacenados directamente en la Pasarela 4B durante el proceso de compra. Kikopark Playa no almacena informaci\u00f3n referente a tarjeta de cr\u00e9dito. Por razones internas de la Organizaci\u00f3n, la gesti\u00f3n de cobro se realiza a trav\u00e9s del Banco Santander, sin que ello tenga trascendencia alguna para el cliente.    <\/p>\n<p><strong>By bank transfer<\/strong><\/p>\n<p>Puede realizar el pago mediante transferencia bancaria. Para ello, el cliente deber\u00e1 proceder al env\u00edo del justificante de transferencia en un plazo de 24 horas, desde la realizaci\u00f3n de la reserva, para que esta se haga efectiva. En caso de que Kikopark Playa no haya recibido dentro de este plazo el justificante mencionado, proceder\u00e1 al desbloqueo de la reserva realizada.  <\/p>\n<h3>CANCELLATION, RETURN AND WITHDRAWAL POLICY<\/h3>\n<p>As established by the regulations, the consumer and User will have the right to WITHDRAW from the contract during a maximum period of 14 calendar days without having to indicate the reason and without incurring any costs, except those provided for in art. 107.2 and 108 of RD1\/2007, of November 16, which approves the aforementioned text of the General Law for the Defense of Consumers and Users.<\/p>\n<p>The cancellation of the reservation entails the following possible expenses:<\/p>\n<p>If the cancellation occurs before 30 days prior to the reservation date, Kikopark Playa will proceed to charge 5% of the total value of the contracted stay.<\/p>\n<p>When cancellation occurs before 7 days prior to the reservation date, Kikopark Playa will charge 15% of the total value of the contracted stay.<\/p>\n<p>For cancellations made within 7 days prior to the reservation date, Kikopark Playa will charge 30% of the total value of the contracted stay.<\/p>\n<h2>CUSTOMER SERVICE AND COMPLAINTS<\/h2>\n<p>Para interponer cualquier queja o reclamaci\u00f3n ante Kikopark Playa el cliente deber\u00e1 dirigirse a la oficina de atenci\u00f3n al cliente, situada en C\/ Assagador de Carro, n\u00ba2 de 46780 Oliva (Valencia), o bien enviando un correo electr\u00f3nico a info@kikopark.com.<\/p>\n<p>Seg\u00fan la Resoluci\u00f3n de litigios en l\u00ednea en materia de consumo de la UE y conforme al Art. 14.1 del Reglamento (UE) 524\/2013, le informamos que la Comisi\u00f3n Europea facilita a todos los consumidores una plataforma de resoluci\u00f3n de litigios en l\u00ednea que se encuentra disponible en el siguiente enlace: http:\/\/ec.europa.eu\/consumers\/odr\/.<\/p>\n<h2>APPLICABLE LEGISLATION<\/h2>\n<p>Las condiciones presentes se regir\u00e1n por la legislaci\u00f3n espa\u00f1ola vigente. Las partes se someten, a su elecci\u00f3n, para la resoluci\u00f3n de los conflictos y con renuncia expresa a cualquier otro fuero, a los juzgados y tribunales del domicilio del Usuario [\/vc_column_text][\/vc_column][\/vc_row]<\/p>\n","protected":false},"excerpt":{"rendered":"<p>[vc_row el_class=&#8221;privacidad_container&#8221;][vc_column][vc_column_text] PURPOSE These General Conditions regulate the acquisition of the services offered on the website www.kikopark.com, owned by KIKO TUR, S.L. (hereinafter, Kikopark Playa). The acquisition of any of the services entails the full and unreserved acceptance of each and every one of the General Conditions indicated, without prejudice to the acceptance of the [&hellip;]<\/p>\n","protected":false},"author":8,"featured_media":4459,"parent":0,"menu_order":0,"comment_status":"closed","ping_status":"closed","template":"","meta":{"footnotes":""},"yoast_head":"<!-- This site is optimized with the Yoast SEO plugin v22.1 - https:\/\/yoast.com\/wordpress\/plugins\/seo\/ -->\n<title>Terms and Conditions - KIKOPARK<\/title>\n<meta name=\"robots\" content=\"noindex, nofollow\" \/>\n<meta property=\"og:locale\" content=\"en_US\" \/>\n<meta property=\"og:type\" content=\"article\" \/>\n<meta property=\"og:title\" content=\"Terms and Conditions - KIKOPARK\" \/>\n<meta property=\"og:description\" content=\"[vc_row el_class=&#8221;privacidad_container&#8221;][vc_column][vc_column_text] PURPOSE These General Conditions regulate the acquisition of the services offered on the website www.kikopark.com, owned by KIKO TUR, S.L. (hereinafter, Kikopark Playa). The acquisition of any of the services entails the full and unreserved acceptance of each and every one of the General Conditions indicated, without prejudice to the acceptance of the [&hellip;]\" \/>\n<meta property=\"og:url\" content=\"https:\/\/kikopark.com\/en\/terms-and-conditions\/\" \/>\n<meta property=\"og:site_name\" content=\"KIKOPARK\" \/>\n<meta property=\"article:modified_time\" content=\"2026-04-30T09:33:12+00:00\" \/>\n<meta property=\"og:image\" content=\"https:\/\/kikopark.com\/wp-content\/uploads\/2021\/11\/Apartamentosx2_transparencia_negra.jpg\" \/>\n\t<meta property=\"og:image:width\" content=\"2560\" \/>\n\t<meta property=\"og:image:height\" content=\"1402\" \/>\n\t<meta property=\"og:image:type\" content=\"image\/jpeg\" \/>\n<meta name=\"twitter:card\" content=\"summary_large_image\" \/>\n<meta name=\"twitter:label1\" content=\"Est. reading time\" \/>\n\t<meta name=\"twitter:data1\" content=\"6 minutes\" \/>\n<script type=\"application\/ld+json\" class=\"yoast-schema-graph\">{\"@context\":\"https:\/\/schema.org\",\"@graph\":[{\"@type\":\"WebPage\",\"@id\":\"https:\/\/kikopark.com\/en\/terms-and-conditions\/\",\"url\":\"https:\/\/kikopark.com\/en\/terms-and-conditions\/\",\"name\":\"Terms and Conditions - KIKOPARK\",\"isPartOf\":{\"@id\":\"https:\/\/kikopark.com\/en\/#website\"},\"datePublished\":\"2021-12-09T16:20:55+00:00\",\"dateModified\":\"2026-04-30T09:33:12+00:00\",\"breadcrumb\":{\"@id\":\"https:\/\/kikopark.com\/en\/terms-and-conditions\/#breadcrumb\"},\"inLanguage\":\"en-US\",\"potentialAction\":[{\"@type\":\"ReadAction\",\"target\":[\"https:\/\/kikopark.com\/en\/terms-and-conditions\/\"]}]},{\"@type\":\"BreadcrumbList\",\"@id\":\"https:\/\/kikopark.com\/en\/terms-and-conditions\/#breadcrumb\",\"itemListElement\":[{\"@type\":\"ListItem\",\"position\":1,\"name\":\"Portada\",\"item\":\"https:\/\/kikopark.com\/en\/\"},{\"@type\":\"ListItem\",\"position\":2,\"name\":\"Terms and Conditions\"}]},{\"@type\":\"WebSite\",\"@id\":\"https:\/\/kikopark.com\/en\/#website\",\"url\":\"https:\/\/kikopark.com\/en\/\",\"name\":\"KIKOPARK\",\"description\":\"[:es]Website del complejo tur\u00edstico KIKOPARK en la playa de Oliva (Valencia)[:en]Website of the KIKOPARK tourist complex on the beach of Oliva (Valencia)[:de]Website des KIKOPARK Touristenkomplexes am Strand von Oliva (Valencia)[:ca]Website del complexe tur\u00edstic KIKOPARK a la platja d&#039;Oliva (Val\u00e8ncia)[:fr]Site du complexe touristique KIKOPARK sur la plage d&#039;Oliva (Valence)[:]\",\"potentialAction\":[{\"@type\":\"SearchAction\",\"target\":{\"@type\":\"EntryPoint\",\"urlTemplate\":\"https:\/\/kikopark.com\/en\/?s={search_term_string}\"},\"query-input\":\"required name=search_term_string\"}],\"inLanguage\":\"en-US\"}]}<\/script>\n<!-- \/ Yoast SEO plugin. -->","yoast_head_json":{"title":"Terms and Conditions - KIKOPARK","robots":{"index":"noindex","follow":"nofollow"},"og_locale":"en_US","og_type":"article","og_title":"Terms and Conditions - KIKOPARK","og_description":"[vc_row el_class=&#8221;privacidad_container&#8221;][vc_column][vc_column_text] PURPOSE These General Conditions regulate the acquisition of the services offered on the website www.kikopark.com, owned by KIKO TUR, S.L. (hereinafter, Kikopark Playa). The acquisition of any of the services entails the full and unreserved acceptance of each and every one of the General Conditions indicated, without prejudice to the acceptance of the [&hellip;]","og_url":"https:\/\/kikopark.com\/en\/terms-and-conditions\/","og_site_name":"KIKOPARK","article_modified_time":"2026-04-30T09:33:12+00:00","og_image":[{"width":2560,"height":1402,"url":"https:\/\/kikopark.com\/wp-content\/uploads\/2021\/11\/Apartamentosx2_transparencia_negra.jpg","type":"image\/jpeg"}],"twitter_card":"summary_large_image","twitter_misc":{"Est. reading time":"6 minutes"},"schema":{"@context":"https:\/\/schema.org","@graph":[{"@type":"WebPage","@id":"https:\/\/kikopark.com\/en\/terms-and-conditions\/","url":"https:\/\/kikopark.com\/en\/terms-and-conditions\/","name":"Terms and Conditions - KIKOPARK","isPartOf":{"@id":"https:\/\/kikopark.com\/en\/#website"},"datePublished":"2021-12-09T16:20:55+00:00","dateModified":"2026-04-30T09:33:12+00:00","breadcrumb":{"@id":"https:\/\/kikopark.com\/en\/terms-and-conditions\/#breadcrumb"},"inLanguage":"en-US","potentialAction":[{"@type":"ReadAction","target":["https:\/\/kikopark.com\/en\/terms-and-conditions\/"]}]},{"@type":"BreadcrumbList","@id":"https:\/\/kikopark.com\/en\/terms-and-conditions\/#breadcrumb","itemListElement":[{"@type":"ListItem","position":1,"name":"Portada","item":"https:\/\/kikopark.com\/en\/"},{"@type":"ListItem","position":2,"name":"Terms and Conditions"}]},{"@type":"WebSite","@id":"https:\/\/kikopark.com\/en\/#website","url":"https:\/\/kikopark.com\/en\/","name":"KIKOPARK","description":"[:es]Website del complejo tur\u00edstico KIKOPARK en la playa de Oliva (Valencia)[:en]Website of the KIKOPARK tourist complex on the beach of Oliva (Valencia)[:de]Website des KIKOPARK Touristenkomplexes am Strand von Oliva (Valencia)[:ca]Website del complexe tur\u00edstic KIKOPARK a la platja d&#039;Oliva (Val\u00e8ncia)[:fr]Site du complexe touristique KIKOPARK sur la plage d&#039;Oliva (Valence)[:]","potentialAction":[{"@type":"SearchAction","target":{"@type":"EntryPoint","urlTemplate":"https:\/\/kikopark.com\/en\/?s={search_term_string}"},"query-input":"required name=search_term_string"}],"inLanguage":"en-US"}]}},"_links":{"self":[{"href":"https:\/\/kikopark.com\/en\/wp-json\/wp\/v2\/pages\/8695"}],"collection":[{"href":"https:\/\/kikopark.com\/en\/wp-json\/wp\/v2\/pages"}],"about":[{"href":"https:\/\/kikopark.com\/en\/wp-json\/wp\/v2\/types\/page"}],"author":[{"embeddable":true,"href":"https:\/\/kikopark.com\/en\/wp-json\/wp\/v2\/users\/8"}],"replies":[{"embeddable":true,"href":"https:\/\/kikopark.com\/en\/wp-json\/wp\/v2\/comments?post=8695"}],"version-history":[{"count":12,"href":"https:\/\/kikopark.com\/en\/wp-json\/wp\/v2\/pages\/8695\/revisions"}],"predecessor-version":[{"id":53506,"href":"https:\/\/kikopark.com\/en\/wp-json\/wp\/v2\/pages\/8695\/revisions\/53506"}],"wp:featuredmedia":[{"embeddable":true,"href":"https:\/\/kikopark.com\/en\/wp-json\/wp\/v2\/media\/4459"}],"wp:attachment":[{"href":"https:\/\/kikopark.com\/en\/wp-json\/wp\/v2\/media?parent=8695"}],"curies":[{"name":"wp","href":"https:\/\/api.w.org\/{rel}","templated":true}]}}